{"id":33772,"date":"2021-04-28T10:22:27","date_gmt":"2021-04-28T14:22:27","guid":{"rendered":"https:\/\/cna.ca\/a-propos-anc\/career-opportunities\/"},"modified":"2024-01-09T14:16:30","modified_gmt":"2024-01-09T19:16:30","slug":"opportunites-de-carriere","status":"publish","type":"page","link":"https:\/\/cna.ca\/fr\/a-propos-anc\/opportunites-de-carriere\/","title":{"rendered":"Opportunit\u00e9s de&nbsp;carri\u00e8re"},"content":{"rendered":"\n<p>\u00c0 l\u2019heure actuelle, aucune offre d\u2019emploi n\u2019est disponible au sein de notre entreprise.<br>\u00c0 mesure que notre entreprise grandit et \u00e9volue, de nouveaux postes peuvent devenir disponibles et nous mettrons \u00e0 jour notre page carri\u00e8re en cons\u00e9quence.<\/p>\n","protected":false},"excerpt":{"rendered":"<p>\u00c0 l\u2019heure actuelle, aucune offre d\u2019emploi n\u2019est disponible au sein de notre entreprise.\u00c0 mesure que notre entreprise grandit et \u00e9volue, de nouveaux postes peuvent devenir disponibles et nous mettrons \u00e0 jour notre page carri\u00e8re en cons\u00e9quence.<\/p>\n","protected":false},"author":8399,"featured_media":0,"parent":27267,"menu_order":3,"comment_status":"closed","ping_status":"closed","template":"","meta":{"_acf_changed":false,"footnotes":""},"topic":[],"class_list":["post-33772","page","type-page","status-publish","hentry"],"acf":[],"yoast_head":"<!-- This site is optimized with the Yoast SEO plugin v27.4 - https:\/\/yoast.com\/product\/yoast-seo-wordpress\/ -->\n<title>Opportunit\u00e9s de carri\u00e8re - Association nucl\u00e9aire canadienne<\/title>\n<meta name=\"robots\" content=\"index, follow, max-snippet:-1, max-image-preview:large, max-video-preview:-1\" \/>\n<link rel=\"canonical\" href=\"https:\/\/cna.ca\/fr\/a-propos-anc\/opportunites-de-carriere\/\" \/>\n<meta property=\"og:locale\" content=\"fr_FR\" \/>\n<meta property=\"og:type\" content=\"article\" \/>\n<meta property=\"og:title\" content=\"Opportunit\u00e9s de carri\u00e8re - Association nucl\u00e9aire canadienne\" \/>\n<meta property=\"og:description\" content=\"\u00c0 l\u2019heure actuelle, aucune offre d\u2019emploi n\u2019est disponible au sein de notre entreprise.\u00c0 mesure que notre entreprise grandit et \u00e9volue, de nouveaux postes peuvent devenir disponibles et nous mettrons \u00e0 jour notre page carri\u00e8re en cons\u00e9quence.\" \/>\n<meta property=\"og:url\" content=\"https:\/\/cna.ca\/fr\/a-propos-anc\/opportunites-de-carriere\/\" \/>\n<meta property=\"og:site_name\" content=\"Association nucl\u00e9aire canadienne\" \/>\n<meta property=\"article:publisher\" content=\"http:\/\/www.facebook.com\/canadanuclear\" \/>\n<meta property=\"article:modified_time\" content=\"2024-01-09T19:16:30+00:00\" \/>\n<meta name=\"twitter:label1\" content=\"Est. reading time\" \/>\n\t<meta name=\"twitter:data1\" content=\"1 minute\" \/>\n<script type=\"application\/ld+json\" class=\"yoast-schema-graph\">{\"@context\":\"https:\\\/\\\/schema.org\",\"@graph\":[{\"@type\":\"WebPage\",\"@id\":\"https:\\\/\\\/cna.ca\\\/fr\\\/a-propos-anc\\\/opportunites-de-carriere\\\/\",\"url\":\"https:\\\/\\\/cna.ca\\\/fr\\\/a-propos-anc\\\/opportunites-de-carriere\\\/\",\"name\":\"Opportunit\u00e9s de carri\u00e8re - Association nucl\u00e9aire canadienne\",\"isPartOf\":{\"@id\":\"https:\\\/\\\/cna.ca\\\/fr\\\/#website\"},\"datePublished\":\"2021-04-28T14:22:27+00:00\",\"dateModified\":\"2024-01-09T19:16:30+00:00\",\"breadcrumb\":{\"@id\":\"https:\\\/\\\/cna.ca\\\/fr\\\/a-propos-anc\\\/opportunites-de-carriere\\\/#breadcrumb\"},\"inLanguage\":\"fr-FR\",\"potentialAction\":[{\"@type\":\"ReadAction\",\"target\":[\"https:\\\/\\\/cna.ca\\\/fr\\\/a-propos-anc\\\/opportunites-de-carriere\\\/\"]}]},{\"@type\":\"BreadcrumbList\",\"@id\":\"https:\\\/\\\/cna.ca\\\/fr\\\/a-propos-anc\\\/opportunites-de-carriere\\\/#breadcrumb\",\"itemListElement\":[{\"@type\":\"ListItem\",\"position\":1,\"name\":\"Home\",\"item\":\"https:\\\/\\\/cna.ca\\\/fr\\\/\"},{\"@type\":\"ListItem\",\"position\":2,\"name\":\"\u00c0 propos&nbsp;l&#8217;ANC\",\"item\":\"https:\\\/\\\/cna.ca\\\/fr\\\/a-propos-anc\\\/\"},{\"@type\":\"ListItem\",\"position\":3,\"name\":\"Opportunit\u00e9s de&nbsp;carri\u00e8re\"}]},{\"@type\":\"WebSite\",\"@id\":\"https:\\\/\\\/cna.ca\\\/fr\\\/#website\",\"url\":\"https:\\\/\\\/cna.ca\\\/fr\\\/\",\"name\":\"Canadian Nuclear Association\",\"description\":\"The national voice of the Canadian nuclear industry since 1960\",\"publisher\":{\"@id\":\"https:\\\/\\\/cna.ca\\\/fr\\\/#organization\"},\"potentialAction\":[{\"@type\":\"SearchAction\",\"target\":{\"@type\":\"EntryPoint\",\"urlTemplate\":\"https:\\\/\\\/cna.ca\\\/fr\\\/?s={search_term_string}\"},\"query-input\":{\"@type\":\"PropertyValueSpecification\",\"valueRequired\":true,\"valueName\":\"search_term_string\"}}],\"inLanguage\":\"fr-FR\"},{\"@type\":\"Organization\",\"@id\":\"https:\\\/\\\/cna.ca\\\/fr\\\/#organization\",\"name\":\"Canadian Nuclear Association\",\"url\":\"https:\\\/\\\/cna.ca\\\/fr\\\/\",\"logo\":{\"@type\":\"ImageObject\",\"inLanguage\":\"fr-FR\",\"@id\":\"https:\\\/\\\/cna.ca\\\/fr\\\/#\\\/schema\\\/logo\\\/image\\\/\",\"url\":\"https:\\\/\\\/cna.ca\\\/wp-content\\\/uploads\\\/2023\\\/12\\\/cropped-cna-logo-only.png\",\"contentUrl\":\"https:\\\/\\\/cna.ca\\\/wp-content\\\/uploads\\\/2023\\\/12\\\/cropped-cna-logo-only.png\",\"width\":512,\"height\":512,\"caption\":\"Canadian Nuclear Association\"},\"image\":{\"@id\":\"https:\\\/\\\/cna.ca\\\/fr\\\/#\\\/schema\\\/logo\\\/image\\\/\"},\"sameAs\":[\"http:\\\/\\\/www.facebook.com\\\/canadanuclear\",\"https:\\\/\\\/x.com\\\/canadanuclear\",\"https:\\\/\\\/www.instagram.com\\\/canadanuclear\",\"https:\\\/\\\/www.youtube.com\\\/CanadaNuclear\",\"http:\\\/\\\/www.linkedin.com\\\/company\\\/canadian-nuclear-association\"]}]}<\/script>\n<!-- \/ Yoast SEO plugin. -->","yoast_head_json":{"title":"Opportunit\u00e9s de carri\u00e8re - Association nucl\u00e9aire canadienne","robots":{"index":"index","follow":"follow","max-snippet":"max-snippet:-1","max-image-preview":"max-image-preview:large","max-video-preview":"max-video-preview:-1"},"canonical":"https:\/\/cna.ca\/fr\/a-propos-anc\/opportunites-de-carriere\/","og_locale":"fr_FR","og_type":"article","og_title":"Opportunit\u00e9s de carri\u00e8re - Association nucl\u00e9aire canadienne","og_description":"\u00c0 l\u2019heure actuelle, aucune offre d\u2019emploi n\u2019est disponible au sein de notre entreprise.\u00c0 mesure que notre entreprise grandit et \u00e9volue, de nouveaux postes peuvent devenir disponibles et nous mettrons \u00e0 jour notre page carri\u00e8re en cons\u00e9quence.","og_url":"https:\/\/cna.ca\/fr\/a-propos-anc\/opportunites-de-carriere\/","og_site_name":"Association nucl\u00e9aire canadienne","article_publisher":"http:\/\/www.facebook.com\/canadanuclear","article_modified_time":"2024-01-09T19:16:30+00:00","twitter_misc":{"Est. reading time":"1 minute"},"schema":{"@context":"https:\/\/schema.org","@graph":[{"@type":"WebPage","@id":"https:\/\/cna.ca\/fr\/a-propos-anc\/opportunites-de-carriere\/","url":"https:\/\/cna.ca\/fr\/a-propos-anc\/opportunites-de-carriere\/","name":"Opportunit\u00e9s de carri\u00e8re - Association nucl\u00e9aire canadienne","isPartOf":{"@id":"https:\/\/cna.ca\/fr\/#website"},"datePublished":"2021-04-28T14:22:27+00:00","dateModified":"2024-01-09T19:16:30+00:00","breadcrumb":{"@id":"https:\/\/cna.ca\/fr\/a-propos-anc\/opportunites-de-carriere\/#breadcrumb"},"inLanguage":"fr-FR","potentialAction":[{"@type":"ReadAction","target":["https:\/\/cna.ca\/fr\/a-propos-anc\/opportunites-de-carriere\/"]}]},{"@type":"BreadcrumbList","@id":"https:\/\/cna.ca\/fr\/a-propos-anc\/opportunites-de-carriere\/#breadcrumb","itemListElement":[{"@type":"ListItem","position":1,"name":"Home","item":"https:\/\/cna.ca\/fr\/"},{"@type":"ListItem","position":2,"name":"\u00c0 propos&nbsp;l&#8217;ANC","item":"https:\/\/cna.ca\/fr\/a-propos-anc\/"},{"@type":"ListItem","position":3,"name":"Opportunit\u00e9s de&nbsp;carri\u00e8re"}]},{"@type":"WebSite","@id":"https:\/\/cna.ca\/fr\/#website","url":"https:\/\/cna.ca\/fr\/","name":"Canadian Nuclear Association","description":"The national voice of the Canadian nuclear industry since 1960","publisher":{"@id":"https:\/\/cna.ca\/fr\/#organization"},"potentialAction":[{"@type":"SearchAction","target":{"@type":"EntryPoint","urlTemplate":"https:\/\/cna.ca\/fr\/?s={search_term_string}"},"query-input":{"@type":"PropertyValueSpecification","valueRequired":true,"valueName":"search_term_string"}}],"inLanguage":"fr-FR"},{"@type":"Organization","@id":"https:\/\/cna.ca\/fr\/#organization","name":"Canadian Nuclear Association","url":"https:\/\/cna.ca\/fr\/","logo":{"@type":"ImageObject","inLanguage":"fr-FR","@id":"https:\/\/cna.ca\/fr\/#\/schema\/logo\/image\/","url":"https:\/\/cna.ca\/wp-content\/uploads\/2023\/12\/cropped-cna-logo-only.png","contentUrl":"https:\/\/cna.ca\/wp-content\/uploads\/2023\/12\/cropped-cna-logo-only.png","width":512,"height":512,"caption":"Canadian Nuclear Association"},"image":{"@id":"https:\/\/cna.ca\/fr\/#\/schema\/logo\/image\/"},"sameAs":["http:\/\/www.facebook.com\/canadanuclear","https:\/\/x.com\/canadanuclear","https:\/\/www.instagram.com\/canadanuclear","https:\/\/www.youtube.com\/CanadaNuclear","http:\/\/www.linkedin.com\/company\/canadian-nuclear-association"]}]}},"_links":{"self":[{"href":"https:\/\/cna.ca\/fr\/wp-json\/wp\/v2\/pages\/33772","targetHints":{"allow":["GET"]}}],"collection":[{"href":"https:\/\/cna.ca\/fr\/wp-json\/wp\/v2\/pages"}],"about":[{"href":"https:\/\/cna.ca\/fr\/wp-json\/wp\/v2\/types\/page"}],"author":[{"embeddable":true,"href":"https:\/\/cna.ca\/fr\/wp-json\/wp\/v2\/users\/8399"}],"replies":[{"embeddable":true,"href":"https:\/\/cna.ca\/fr\/wp-json\/wp\/v2\/comments?post=33772"}],"version-history":[{"count":1,"href":"https:\/\/cna.ca\/fr\/wp-json\/wp\/v2\/pages\/33772\/revisions"}],"predecessor-version":[{"id":33773,"href":"https:\/\/cna.ca\/fr\/wp-json\/wp\/v2\/pages\/33772\/revisions\/33773"}],"up":[{"embeddable":true,"href":"https:\/\/cna.ca\/fr\/wp-json\/wp\/v2\/pages\/27267"}],"wp:attachment":[{"href":"https:\/\/cna.ca\/fr\/wp-json\/wp\/v2\/media?parent=33772"}],"wp:term":[{"taxonomy":"topic","embeddable":true,"href":"https:\/\/cna.ca\/fr\/wp-json\/wp\/v2\/topic?post=33772"}],"curies":[{"name":"wp","href":"https:\/\/api.w.org\/{rel}","templated":true}]}}