{"id":33766,"date":"2023-11-01T16:32:16","date_gmt":"2023-11-01T20:32:16","guid":{"rendered":"https:\/\/cna.ca\/join-the-cna\/"},"modified":"2024-01-09T14:33:00","modified_gmt":"2024-01-09T19:33:00","slug":"adherer-a-lanc","status":"publish","type":"page","link":"https:\/\/cna.ca\/fr\/adherer-a-lanc\/","title":{"rendered":"Adh\u00e9rer \u00e0&nbsp;l\u2019ANC"},"content":{"rendered":"\n<p>L\u2019adh\u00e9sion \u00e0 l\u2019ANC pr\u00e9sente plusieurs avantages:<\/p>\n\n\n\n<ul class=\"wp-block-list\">\n<li>Diffusion de l\u2019information \u2013 Les membres ont la possibilit\u00e9 de regrouper et de diffuser des renseignements opportuns et faisant autorit\u00e9 sur tous les aspects de l\u2019\u00e9nergie nucl\u00e9aire. L\u2019ANC fournit \u00e9galement \u00e0 ses membres des analyses sur les possibilit\u00e9s offertes par le d\u00e9veloppement et l\u2019utilisation de l\u2019\u00e9nergie nucl\u00e9aire, ainsi que sur les probl\u00e8mes qui pourraient se poser \u00e0 cet \u00e9gard.<\/li>\n\n\n\n<li>Repr\u00e9sentation \u2013 L\u2019ANC pr\u00e9sente les points de vue de ses membres lors d\u2019enqu\u00eates publiques, ainsi qu\u2019aupr\u00e8s d\u2019organismes de r\u00e9glementation et d\u2019organisations gouvernementales.<\/li>\n\n\n\n<li>Sensibilisation \u2013 L\u2019ANC aide le public \u00e0 mieux comprendre comment l\u2019\u00e9nergie nucl\u00e9aire est utilis\u00e9e \u00e0 des fins pacifiques.<\/li>\n\n\n\n<li>Commandite \u2013 L\u2019ANC commandite des activit\u00e9s sur la r\u00e9ussite de la commercialisation des produits et services li\u00e9s au nucl\u00e9aire au Canada et ailleurs dans le monde, de m\u00eame que des conf\u00e9rences, des s\u00e9minaires et des cours sur le d\u00e9ploiement et l\u2019utilisation de l\u2019\u00e9nergie nucl\u00e9aire, la production d\u2019uranium et d\u2019autres sujets qui s\u2019y rapportent.<\/li>\n\n\n\n<li>R\u00e9seautage \u2013 Les organisations membres \u00e9tablissent des liens \u00e9troits avec d\u2019autres associations ayant des int\u00e9r\u00eats similaires et en assurent la p\u00e9rennit\u00e9.<\/li>\n<\/ul>\n\n\n\n<p>Si vous souhaitez devenir membre, n\u2019h\u00e9sitez pas \u00e0 nous en faire part. Pour toute question, veuillez vous adresser directement \u00e0 nous \u00e0 l\u2019adresse <a href=\"mailto:membership@cna.ca\">membership@cna.ca<\/a> ou remplir le formulaire ci-dessous pour entamer les d\u00e9marches.<\/p>\n\n\n\n<div class=\"wpcf7 no-js\" id=\"wpcf7-f33781-o1\" lang=\"fr-FR\" dir=\"ltr\" data-wpcf7-id=\"33781\">\n<div class=\"screen-reader-response\"><p role=\"status\" aria-live=\"polite\" aria-atomic=\"true\"><\/p> <ul><\/ul><\/div>\n<form action=\"\/fr\/wp-json\/wp\/v2\/pages\/33766#wpcf7-f33781-o1\" method=\"post\" class=\"wpcf7-form init\" aria-label=\"Contact form\" novalidate=\"novalidate\" data-status=\"init\">\n<fieldset class=\"hidden-fields-container\"><input type=\"hidden\" name=\"_wpcf7\" value=\"33781\" \/><input type=\"hidden\" name=\"_wpcf7_version\" value=\"6.1.5\" \/><input type=\"hidden\" name=\"_wpcf7_locale\" value=\"fr_FR\" \/><input type=\"hidden\" name=\"_wpcf7_unit_tag\" value=\"wpcf7-f33781-o1\" \/><input type=\"hidden\" name=\"_wpcf7_container_post\" value=\"0\" \/><input type=\"hidden\" name=\"_wpcf7_posted_data_hash\" value=\"\" \/><input type=\"hidden\" name=\"_wpcf7_recaptcha_response\" value=\"\" \/>\n<\/fieldset>\n<p><label> Nom<br \/>\n<span class=\"wpcf7-form-control-wrap\" data-name=\"your-name\"><input size=\"40\" maxlength=\"400\" class=\"wpcf7-form-control wpcf7-text wpcf7-validates-as-required form-control\" autocomplete=\"name\" aria-required=\"true\" aria-invalid=\"false\" value=\"\" type=\"text\" name=\"your-name\" \/><\/span> <\/label>\n<\/p>\n<p><label> E-mail<br \/>\n<span class=\"wpcf7-form-control-wrap\" data-name=\"your-email\"><input size=\"40\" maxlength=\"400\" class=\"wpcf7-form-control wpcf7-email wpcf7-validates-as-required wpcf7-text wpcf7-validates-as-email form-control\" autocomplete=\"email\" aria-required=\"true\" aria-invalid=\"false\" value=\"\" type=\"email\" name=\"your-email\" \/><\/span> <\/label>\n<\/p>\n<p><label> Nom de l'organisation<br \/>\n<span class=\"wpcf7-form-control-wrap\" data-name=\"organization\"><input size=\"40\" maxlength=\"400\" class=\"wpcf7-form-control wpcf7-text wpcf7-validates-as-required form-control\" aria-required=\"true\" aria-invalid=\"false\" value=\"\" type=\"text\" name=\"organization\" \/><\/span> <\/label>\n<\/p>\n<p><label class=\"w-100\"> Parlez-nous de votre int\u00e9r\u00eat \u00e0 vous joindre au l\u2019ANC<br \/>\n<span class=\"wpcf7-form-control-wrap\" data-name=\"your-message\"><textarea cols=\"40\" rows=\"10\" maxlength=\"2000\" class=\"wpcf7-form-control wpcf7-textarea form-control\" aria-invalid=\"false\" name=\"your-message\"><\/textarea><\/span> <\/label>\n<\/p>\n<p><input class=\"wpcf7-form-control wpcf7-submit has-spinner btn btn--primary btn-lg\" type=\"submit\" value=\"Envoyer\" \/>\n<\/p><div class=\"wpcf7-response-output\" aria-hidden=\"true\"><\/div>\n<\/form>\n<\/div>\n\n","protected":false},"excerpt":{"rendered":"<p>L\u2019adh\u00e9sion \u00e0 l\u2019ANC pr\u00e9sente plusieurs avantages: Si vous souhaitez devenir membre, n\u2019h\u00e9sitez pas \u00e0 nous en faire part. Pour toute question, veuillez vous adresser directement \u00e0 nous \u00e0 l\u2019adresse membership@cna.ca ou remplir le formulaire ci-dessous pour entamer les d\u00e9marches.<\/p>\n","protected":false},"author":8480,"featured_media":0,"parent":0,"menu_order":34,"comment_status":"closed","ping_status":"closed","template":"","meta":{"_acf_changed":false,"footnotes":""},"topic":[],"class_list":["post-33766","page","type-page","status-publish","hentry"],"acf":[],"yoast_head":"<!-- This site is optimized with the Yoast SEO plugin v27.3 - https:\/\/yoast.com\/product\/yoast-seo-wordpress\/ -->\n<title>Adh\u00e9rer \u00e0 l\u2019ANC - Association nucl\u00e9aire canadienne<\/title>\n<meta name=\"robots\" content=\"index, follow, max-snippet:-1, max-image-preview:large, max-video-preview:-1\" \/>\n<link rel=\"canonical\" href=\"https:\/\/cna.ca\/fr\/adherer-a-lanc\/\" \/>\n<meta property=\"og:locale\" content=\"fr_FR\" \/>\n<meta property=\"og:type\" content=\"article\" \/>\n<meta property=\"og:title\" content=\"Adh\u00e9rer \u00e0 l\u2019ANC - Association nucl\u00e9aire canadienne\" \/>\n<meta property=\"og:description\" content=\"L\u2019adh\u00e9sion \u00e0 l\u2019ANC pr\u00e9sente plusieurs avantages: Si vous souhaitez devenir membre, n\u2019h\u00e9sitez pas \u00e0 nous en faire part. Pour toute question, veuillez vous adresser directement \u00e0 nous \u00e0 l\u2019adresse membership@cna.ca ou remplir le formulaire ci-dessous pour entamer les d\u00e9marches.\" \/>\n<meta property=\"og:url\" content=\"https:\/\/cna.ca\/fr\/adherer-a-lanc\/\" \/>\n<meta property=\"og:site_name\" content=\"Association nucl\u00e9aire canadienne\" \/>\n<meta property=\"article:publisher\" content=\"http:\/\/www.facebook.com\/canadanuclear\" \/>\n<meta property=\"article:modified_time\" content=\"2024-01-09T19:33:00+00:00\" \/>\n<meta name=\"twitter:label1\" content=\"Est. reading time\" \/>\n\t<meta name=\"twitter:data1\" content=\"2 minutes\" \/>\n<script type=\"application\/ld+json\" class=\"yoast-schema-graph\">{\"@context\":\"https:\\\/\\\/schema.org\",\"@graph\":[{\"@type\":\"WebPage\",\"@id\":\"https:\\\/\\\/cna.ca\\\/fr\\\/adherer-a-lanc\\\/\",\"url\":\"https:\\\/\\\/cna.ca\\\/fr\\\/adherer-a-lanc\\\/\",\"name\":\"Adh\u00e9rer \u00e0 l\u2019ANC - Association nucl\u00e9aire canadienne\",\"isPartOf\":{\"@id\":\"https:\\\/\\\/cna.ca\\\/fr\\\/#website\"},\"datePublished\":\"2023-11-01T20:32:16+00:00\",\"dateModified\":\"2024-01-09T19:33:00+00:00\",\"breadcrumb\":{\"@id\":\"https:\\\/\\\/cna.ca\\\/fr\\\/adherer-a-lanc\\\/#breadcrumb\"},\"inLanguage\":\"fr-FR\",\"potentialAction\":[{\"@type\":\"ReadAction\",\"target\":[\"https:\\\/\\\/cna.ca\\\/fr\\\/adherer-a-lanc\\\/\"]}]},{\"@type\":\"BreadcrumbList\",\"@id\":\"https:\\\/\\\/cna.ca\\\/fr\\\/adherer-a-lanc\\\/#breadcrumb\",\"itemListElement\":[{\"@type\":\"ListItem\",\"position\":1,\"name\":\"Home\",\"item\":\"https:\\\/\\\/cna.ca\\\/fr\\\/\"},{\"@type\":\"ListItem\",\"position\":2,\"name\":\"Adh\u00e9rer \u00e0&nbsp;l\u2019ANC\"}]},{\"@type\":\"WebSite\",\"@id\":\"https:\\\/\\\/cna.ca\\\/fr\\\/#website\",\"url\":\"https:\\\/\\\/cna.ca\\\/fr\\\/\",\"name\":\"Canadian Nuclear Association\",\"description\":\"The national voice of the Canadian nuclear industry since 1960\",\"publisher\":{\"@id\":\"https:\\\/\\\/cna.ca\\\/fr\\\/#organization\"},\"potentialAction\":[{\"@type\":\"SearchAction\",\"target\":{\"@type\":\"EntryPoint\",\"urlTemplate\":\"https:\\\/\\\/cna.ca\\\/fr\\\/?s={search_term_string}\"},\"query-input\":{\"@type\":\"PropertyValueSpecification\",\"valueRequired\":true,\"valueName\":\"search_term_string\"}}],\"inLanguage\":\"fr-FR\"},{\"@type\":\"Organization\",\"@id\":\"https:\\\/\\\/cna.ca\\\/fr\\\/#organization\",\"name\":\"Canadian Nuclear Association\",\"url\":\"https:\\\/\\\/cna.ca\\\/fr\\\/\",\"logo\":{\"@type\":\"ImageObject\",\"inLanguage\":\"fr-FR\",\"@id\":\"https:\\\/\\\/cna.ca\\\/fr\\\/#\\\/schema\\\/logo\\\/image\\\/\",\"url\":\"https:\\\/\\\/cna.ca\\\/wp-content\\\/uploads\\\/2023\\\/12\\\/cropped-cna-logo-only.png\",\"contentUrl\":\"https:\\\/\\\/cna.ca\\\/wp-content\\\/uploads\\\/2023\\\/12\\\/cropped-cna-logo-only.png\",\"width\":512,\"height\":512,\"caption\":\"Canadian Nuclear Association\"},\"image\":{\"@id\":\"https:\\\/\\\/cna.ca\\\/fr\\\/#\\\/schema\\\/logo\\\/image\\\/\"},\"sameAs\":[\"http:\\\/\\\/www.facebook.com\\\/canadanuclear\",\"https:\\\/\\\/x.com\\\/canadanuclear\",\"https:\\\/\\\/www.instagram.com\\\/canadanuclear\",\"https:\\\/\\\/www.youtube.com\\\/CanadaNuclear\",\"http:\\\/\\\/www.linkedin.com\\\/company\\\/canadian-nuclear-association\"]}]}<\/script>\n<!-- \/ Yoast SEO plugin. -->","yoast_head_json":{"title":"Adh\u00e9rer \u00e0 l\u2019ANC - Association nucl\u00e9aire canadienne","robots":{"index":"index","follow":"follow","max-snippet":"max-snippet:-1","max-image-preview":"max-image-preview:large","max-video-preview":"max-video-preview:-1"},"canonical":"https:\/\/cna.ca\/fr\/adherer-a-lanc\/","og_locale":"fr_FR","og_type":"article","og_title":"Adh\u00e9rer \u00e0 l\u2019ANC - Association nucl\u00e9aire canadienne","og_description":"L\u2019adh\u00e9sion \u00e0 l\u2019ANC pr\u00e9sente plusieurs avantages: Si vous souhaitez devenir membre, n\u2019h\u00e9sitez pas \u00e0 nous en faire part. Pour toute question, veuillez vous adresser directement \u00e0 nous \u00e0 l\u2019adresse membership@cna.ca ou remplir le formulaire ci-dessous pour entamer les d\u00e9marches.","og_url":"https:\/\/cna.ca\/fr\/adherer-a-lanc\/","og_site_name":"Association nucl\u00e9aire canadienne","article_publisher":"http:\/\/www.facebook.com\/canadanuclear","article_modified_time":"2024-01-09T19:33:00+00:00","twitter_misc":{"Est. reading time":"2 minutes"},"schema":{"@context":"https:\/\/schema.org","@graph":[{"@type":"WebPage","@id":"https:\/\/cna.ca\/fr\/adherer-a-lanc\/","url":"https:\/\/cna.ca\/fr\/adherer-a-lanc\/","name":"Adh\u00e9rer \u00e0 l\u2019ANC - Association nucl\u00e9aire canadienne","isPartOf":{"@id":"https:\/\/cna.ca\/fr\/#website"},"datePublished":"2023-11-01T20:32:16+00:00","dateModified":"2024-01-09T19:33:00+00:00","breadcrumb":{"@id":"https:\/\/cna.ca\/fr\/adherer-a-lanc\/#breadcrumb"},"inLanguage":"fr-FR","potentialAction":[{"@type":"ReadAction","target":["https:\/\/cna.ca\/fr\/adherer-a-lanc\/"]}]},{"@type":"BreadcrumbList","@id":"https:\/\/cna.ca\/fr\/adherer-a-lanc\/#breadcrumb","itemListElement":[{"@type":"ListItem","position":1,"name":"Home","item":"https:\/\/cna.ca\/fr\/"},{"@type":"ListItem","position":2,"name":"Adh\u00e9rer \u00e0&nbsp;l\u2019ANC"}]},{"@type":"WebSite","@id":"https:\/\/cna.ca\/fr\/#website","url":"https:\/\/cna.ca\/fr\/","name":"Canadian Nuclear Association","description":"The national voice of the Canadian nuclear industry since 1960","publisher":{"@id":"https:\/\/cna.ca\/fr\/#organization"},"potentialAction":[{"@type":"SearchAction","target":{"@type":"EntryPoint","urlTemplate":"https:\/\/cna.ca\/fr\/?s={search_term_string}"},"query-input":{"@type":"PropertyValueSpecification","valueRequired":true,"valueName":"search_term_string"}}],"inLanguage":"fr-FR"},{"@type":"Organization","@id":"https:\/\/cna.ca\/fr\/#organization","name":"Canadian Nuclear Association","url":"https:\/\/cna.ca\/fr\/","logo":{"@type":"ImageObject","inLanguage":"fr-FR","@id":"https:\/\/cna.ca\/fr\/#\/schema\/logo\/image\/","url":"https:\/\/cna.ca\/wp-content\/uploads\/2023\/12\/cropped-cna-logo-only.png","contentUrl":"https:\/\/cna.ca\/wp-content\/uploads\/2023\/12\/cropped-cna-logo-only.png","width":512,"height":512,"caption":"Canadian Nuclear Association"},"image":{"@id":"https:\/\/cna.ca\/fr\/#\/schema\/logo\/image\/"},"sameAs":["http:\/\/www.facebook.com\/canadanuclear","https:\/\/x.com\/canadanuclear","https:\/\/www.instagram.com\/canadanuclear","https:\/\/www.youtube.com\/CanadaNuclear","http:\/\/www.linkedin.com\/company\/canadian-nuclear-association"]}]}},"_links":{"self":[{"href":"https:\/\/cna.ca\/fr\/wp-json\/wp\/v2\/pages\/33766","targetHints":{"allow":["GET"]}}],"collection":[{"href":"https:\/\/cna.ca\/fr\/wp-json\/wp\/v2\/pages"}],"about":[{"href":"https:\/\/cna.ca\/fr\/wp-json\/wp\/v2\/types\/page"}],"author":[{"embeddable":true,"href":"https:\/\/cna.ca\/fr\/wp-json\/wp\/v2\/users\/8480"}],"replies":[{"embeddable":true,"href":"https:\/\/cna.ca\/fr\/wp-json\/wp\/v2\/comments?post=33766"}],"version-history":[{"count":2,"href":"https:\/\/cna.ca\/fr\/wp-json\/wp\/v2\/pages\/33766\/revisions"}],"predecessor-version":[{"id":33782,"href":"https:\/\/cna.ca\/fr\/wp-json\/wp\/v2\/pages\/33766\/revisions\/33782"}],"wp:attachment":[{"href":"https:\/\/cna.ca\/fr\/wp-json\/wp\/v2\/media?parent=33766"}],"wp:term":[{"taxonomy":"topic","embeddable":true,"href":"https:\/\/cna.ca\/fr\/wp-json\/wp\/v2\/topic?post=33766"}],"curies":[{"name":"wp","href":"https:\/\/api.w.org\/{rel}","templated":true}]}}