{"id":33740,"date":"2023-11-01T11:22:30","date_gmt":"2023-11-01T15:28:50","guid":{"rendered":"https:\/\/cna.ca\/ongoing-projects\/"},"modified":"2024-01-09T10:41:09","modified_gmt":"2024-01-09T15:41:09","slug":"ongoing-projects","status":"publish","type":"page","link":"https:\/\/cna.ca\/fr\/ongoing-projects\/","title":{"rendered":"Projets en&nbsp;cours"},"content":{"rendered":"\n<h2 class=\"wp-block-heading\">La centrale nucl\u00e9aire de Bruce<\/h2>\n\n\n\n<figure class=\"wp-block-image size-large\"><img loading=\"lazy\" decoding=\"async\" width=\"1024\" height=\"705\" src=\"https:\/\/cna.ca\/wp-content\/uploads\/2023\/12\/Bruce-ISO-1-1024x705.png\" alt=\"\" class=\"wp-image-33549\" srcset=\"https:\/\/cna.ca\/wp-content\/uploads\/2023\/12\/Bruce-ISO-1-1024x705.png 1024w, https:\/\/cna.ca\/wp-content\/uploads\/2023\/12\/Bruce-ISO-1-500x344.png 500w, https:\/\/cna.ca\/wp-content\/uploads\/2023\/12\/Bruce-ISO-1-768x528.png 768w, https:\/\/cna.ca\/wp-content\/uploads\/2023\/12\/Bruce-ISO-1-1536x1057.png 1536w, https:\/\/cna.ca\/wp-content\/uploads\/2023\/12\/Bruce-ISO-1.png 1978w\" sizes=\"auto, (max-width: 1024px) 100vw, 1024px\" \/><\/figure>\n\n\n\n<ul class=\"wp-block-list\">\n<li>Programme de r\u00e9fection visant \u00e0 prolonger la dur\u00e9e de vie des r\u00e9acteurs et projet de remplacement de composants majeurs (RCM)\n<ul class=\"wp-block-list\">\n<li>\u00adEn 2019, Bruce Power et la Soci\u00e9t\u00e9 ind\u00e9pendante d\u2019exploitation du r\u00e9seau d\u2019\u00e9lectricit\u00e9 (SIERE) ont convenu de remettre \u00e0 neuf son parc nucl\u00e9aire et de garantir les activit\u00e9s du site jusqu\u2019en 2064.<\/li>\n\n\n\n<li>\u00adLe projet de r\u00e9fection pr\u00e9voit le remplacement progressif des anciens syst\u00e8mes des huit r\u00e9acteurs de l\u2019entreprise dans le cadre d\u2019arr\u00eats programm\u00e9s \u00e0 des fins d\u2019entretien.<\/li>\n\n\n\n<li>\u00adEn outre, Bruce Power met en \u0153uvre son projet intensif de RCM qui consiste \u00e0 remplacer les principaux composants des r\u00e9acteurs des unit\u00e9s 3 \u00e0 8, notamment les g\u00e9n\u00e9rateurs de vapeur, les tubes de force, les tubes de calandre et les tubes d\u2019alimentation.<\/li>\n\n\n\n<li>\u00adLe projet de RCM a d\u00e9marr\u00e9 avec l\u2019unit\u00e9 6 en janvier 2020 et se poursuivra avec l\u2019unit\u00e9 3 en 2023 et l\u2019unit\u00e9 4 en 2025. Chaque remise \u00e0 neuf doit \u00eatre effectu\u00e9e dans les r\u00e8gles de l\u2019art, sur une dur\u00e9e plus courte et, \u00e0 terme, de mani\u00e8re plus rentable que la pr\u00e9c\u00e9dente.<\/li>\n\n\n\n<li>\u00adLa prolongation de la dur\u00e9e de vie de chaque unit\u00e9 permettra d\u2019ajouter environ 30 \u00e0 35 ans de vie op\u00e9rationnelle, et les autres investissements contribueront \u00e0 ajouter 30 ann\u00e9es-r\u00e9acteurs \u00e0 la dur\u00e9e de vie op\u00e9rationnelle des unit\u00e9s.<\/li>\n<\/ul>\n<\/li>\n\n\n\n<li>Planification en Ontario pour la plus grande centrale nucl\u00e9aire au monde\n<ul class=\"wp-block-list\">\n<li>\u00ad\u00c0 la suite de l\u2019annonce par le gouvernement de l\u2019Ontario concernant la construction d\u2019une nouvelle centrale nucl\u00e9aire de grande envergure en 2023, Bruce Power r\u00e9alisera une \u00e9valuation environnementale et m\u00e8nera des consultations afin de r\u00e9pondre aux exigences r\u00e9glementaires f\u00e9d\u00e9rales. Ce processus deviendra un outil de planification et de mobilisation en amont pour d\u2019\u00e9ventuels projets d\u2019infrastructure \u00e0 grande \u00e9chelle \u00e0 l\u2019avenir.<\/li>\n\n\n\n<li>\u00adLe nouveau projet nucl\u00e9aire \u00e0 grande \u00e9chelle pr\u00e9vu ajoutera une capacit\u00e9 de 4,8 gigawatts \u00e0 sa centrale situ\u00e9e dans la province canadienne la plus peupl\u00e9e.<\/li>\n<\/ul>\n<\/li>\n<\/ul>\n\n\n\n<p><\/p>\n\n\n\n<h2 class=\"wp-block-heading\">La centrale nucl\u00e9aire de Darlington<\/h2>\n\n\n\n<figure class=\"wp-block-image size-large\"><img loading=\"lazy\" decoding=\"async\" width=\"1024\" height=\"619\" src=\"https:\/\/cna.ca\/wp-content\/uploads\/2023\/12\/Darlington-ISO-1-1024x619.png\" alt=\"\" class=\"wp-image-33551\" srcset=\"https:\/\/cna.ca\/wp-content\/uploads\/2023\/12\/Darlington-ISO-1-1024x619.png 1024w, https:\/\/cna.ca\/wp-content\/uploads\/2023\/12\/Darlington-ISO-1-500x302.png 500w, https:\/\/cna.ca\/wp-content\/uploads\/2023\/12\/Darlington-ISO-1-768x465.png 768w, https:\/\/cna.ca\/wp-content\/uploads\/2023\/12\/Darlington-ISO-1.png 1536w\" sizes=\"auto, (max-width: 1024px) 100vw, 1024px\" \/><\/figure>\n\n\n\n<ul class=\"wp-block-list\">\n<li>Projet de remise \u00e0 neuf de Darlington\n<ul class=\"wp-block-list\">\n<li>\u00adLe projet de remise \u00e0 neuf de Darlington, repr\u00e9sentant une enveloppe de 12,8 milliards de dollars canadiens, a d\u00e9but\u00e9 en 2016 et vise \u00e0 remettre en \u00e9tat les quatre r\u00e9acteurs CANDU du site.<\/li>\n\n\n\n<li>\u00adLe projet de remise \u00e0 neuf consiste \u00e0 retirer tout le combustible et l\u2019eau lourde du r\u00e9acteur, puis \u00e0 l\u2019isoler du reste de la centrale avant de le d\u00e9manteler. Des milliers de composants, \u00e0 commencer par ceux qui ne sont pas accessibles lorsque le r\u00e9acteur est assembl\u00e9, sont inspect\u00e9s, et les 480 canaux de combustible et 960 tubes d\u2019alimentation sont remplac\u00e9s pendant la reconstruction ultra-pr\u00e9cise.<\/li>\n\n\n\n<li>\u00adLes travaux portant sur l\u2019unit\u00e9 2, le premier des quatre r\u00e9acteurs \u00e0 \u00eatre remis \u00e0 neuf, ont commenc\u00e9 en octobre 2016. Apr\u00e8s plus de trois ans consacr\u00e9s aux travaux d\u2019ex\u00e9cution, OPG a r\u00e9ussi \u00e0 rebrancher l\u2019unit\u00e9 2 au r\u00e9seau \u00e9lectrique ontarien \u00e0 100 % de sa puissance en juin 2020, remettant ainsi en service le premier r\u00e9acteur nouvellement remis \u00e0 neuf, et ce, en avance d\u2019un mois par rapport \u00e0 notre calendrier r\u00e9vis\u00e9.<\/li>\n\n\n\n<li>\u00adLa remise \u00e0 neuf du r\u00e9acteur de l\u2019unit\u00e9 3 a commenc\u00e9 en septembre 2020 et il \u00e9tait pr\u00e9vu de la terminer au premier trimestre de 2024. Cependant, en d\u00e9cembre 2022, la Commission canadienne de s\u00fbret\u00e9 nucl\u00e9aire (CCSN) a autoris\u00e9 OPG \u00e0 proc\u00e9der au chargement du combustible et, en mai 2023 de cette ann\u00e9e, elle a donn\u00e9 le feu vert au red\u00e9marrage du r\u00e9acteur. Ainsi, l\u2019unit\u00e9 3 fonctionne maintenant \u00e0 100 % de sa capacit\u00e9.<\/li>\n\n\n\n<li>\u00adLa date d\u2019ach\u00e8vement de la remise \u00e0 neuf de l\u2019unit\u00e9 1 est pr\u00e9vue pour 2025 et celle de l\u2019unit\u00e9 4 pour 2026.<\/li>\n<\/ul>\n<\/li>\n\n\n\n<li>Petits r\u00e9acteurs modulaires de Darlington\n<ul class=\"wp-block-list\">\n<li>\u00adEn novembre 2020, OPG a annonc\u00e9 son projet de construction d\u2019un PRM \u00e0 la centrale nucl\u00e9aire de Darlington.<\/li>\n\n\n\n<li>\u00adL\u2019ann\u00e9e suivante, OPG a s\u00e9lectionn\u00e9 le PRM BWRX-300 et travaillera avec GE Hitachi Nuclear Energy (GEH) pour d\u00e9ployer le r\u00e9acteur. Ce projet, qui est appel\u00e9 \u00e0 devenir le premier PRM commercial du Canada \u00e0 l\u2019\u00e9chelle du r\u00e9seau, pourrait \u00eatre achev\u00e9 d\u00e8s 2028.<\/li>\n\n\n\n<li>\u00adLe mod\u00e8le BWRX-300 est un PRM de 300 MWe \u00e0 circulation naturelle, qui est refroidi \u00e0 l\u2019eau et dot\u00e9 de syst\u00e8mes de s\u00fbret\u00e9 passifs, et qui s\u2019appuie sur la base de conception et de licence du r\u00e9acteur \u00e0 eau bouillante ESBWR de GEH, lequel a \u00e9t\u00e9 homologu\u00e9 par la Nuclear Regulatory Commission des \u00c9tats-Unis.<\/li>\n\n\n\n<li>\u00adVers la fin de l\u2019ann\u00e9e 2022, la Banque de l\u2019infrastructure du Canada (BIC) a \u00e9tabli un accord avec OPG et s\u2019est engag\u00e9e \u00e0 verser 970 millions de dollars canadiens pour la construction du premier PRM au pays. Il s\u2019agit de l\u2019investissement le plus important de la BIC dans l\u2019\u00e9nergie propre \u00e0 ce jour.<\/li>\n\n\n\n<li>\u00adLa premi\u00e8re \u00e9tape des travaux financ\u00e9s par la BIC couvre tous les pr\u00e9paratifs exig\u00e9s avant toute construction nucl\u00e9aire \u2014 \u00e0 savoir la conception du projet, la pr\u00e9paration de l\u2019emplacement, l\u2019acquisition d\u2019\u00e9quipements \u00e0 long d\u00e9lai de livraison, les raccordements aux services publics, la mise en \u0153uvre d\u2019une strat\u00e9gie num\u00e9rique et les co\u00fbts aff\u00e9rents \u00e0 la gestion du projet.<\/li>\n\n\n\n<li>\u00adAu milieu de l\u2019ann\u00e9e 2023, le gouvernement de l\u2019Ontario et OPG ont annonc\u00e9 leur intention d\u2019ajouter trois autres PRM sur le nouveau site nucl\u00e9aire de Darlington.<\/li>\n\n\n\n<li>\u00adLes quatre projets de PRM fourniraient une puissance de 1200 m\u00e9gawatts au r\u00e9seau, soit suffisamment d\u2019\u00e9lectricit\u00e9 pour alimenter de mani\u00e8re fiable et s\u00fbre environ 1,2 million de foyers, tout en permettant \u00e0 la province de r\u00e9pondre \u00e0 la demande croissante \u00e9manant de l\u2019\u00e9lectrification.<\/li>\n<\/ul>\n<\/li>\n<\/ul>\n\n\n\n<p><\/p>\n\n\n\n<h2 class=\"wp-block-heading\">La centrale nucl\u00e9aire de Pickering<\/h2>\n\n\n\n<figure class=\"wp-block-image size-large\"><img loading=\"lazy\" decoding=\"async\" width=\"1024\" height=\"632\" src=\"https:\/\/cna.ca\/wp-content\/uploads\/2023\/12\/Pickering-ISO-1-1024x632.png\" alt=\"\" class=\"wp-image-33553\" srcset=\"https:\/\/cna.ca\/wp-content\/uploads\/2023\/12\/Pickering-ISO-1-1024x632.png 1024w, https:\/\/cna.ca\/wp-content\/uploads\/2023\/12\/Pickering-ISO-1-500x309.png 500w, https:\/\/cna.ca\/wp-content\/uploads\/2023\/12\/Pickering-ISO-1-768x474.png 768w, https:\/\/cna.ca\/wp-content\/uploads\/2023\/12\/Pickering-ISO-1-1536x948.png 1536w, https:\/\/cna.ca\/wp-content\/uploads\/2023\/12\/Pickering-ISO-1-2048x1264.png 2048w\" sizes=\"auto, (max-width: 1024px) 100vw, 1024px\" \/><\/figure>\n\n\n\n<ul class=\"wp-block-list\">\n<li>Proposition de remise \u00e0 neuf\n<ul class=\"wp-block-list\">\n<li>\u00adEn 2022, le gouvernement de l\u2019Ontario a annonc\u00e9 au public qu\u2019il envisageait de remettre \u00e0 neuf les centrales nucl\u00e9aires de Pickering afin de prolonger leurs activit\u00e9s op\u00e9rationnelles pour une p\u00e9riode de 30 ans.<\/li>\n\n\n\n<li>\u00ad \u00c0 l\u2019origine, la centrale de Pickering devait \u00eatre ferm\u00e9e en 2025. Cependant, compte tenu de la hausse de la demande \u00e9nerg\u00e9tique, le gouvernement souhaite que Pickering puisse continuer \u00e0 alimenter une partie de la province en \u00e9lectricit\u00e9 pendant encore plusieurs d\u00e9cennies.<\/li>\n<\/ul>\n<\/li>\n<\/ul>\n","protected":false},"excerpt":{"rendered":"<p>La centrale nucl\u00e9aire de Bruce La centrale nucl\u00e9aire de Darlington La centrale nucl\u00e9aire de Pickering<\/p>\n","protected":false},"author":8480,"featured_media":0,"parent":0,"menu_order":22,"comment_status":"closed","ping_status":"closed","template":"","meta":{"_acf_changed":false,"footnotes":""},"topic":[],"class_list":["post-33740","page","type-page","status-publish","hentry"],"acf":[],"yoast_head":"<!-- This site is optimized with the Yoast SEO plugin v27.3 - https:\/\/yoast.com\/product\/yoast-seo-wordpress\/ -->\n<title>Projets en cours - Association nucl\u00e9aire canadienne<\/title>\n<meta name=\"robots\" content=\"index, follow, max-snippet:-1, max-image-preview:large, max-video-preview:-1\" \/>\n<link rel=\"canonical\" href=\"https:\/\/cna.ca\/fr\/ongoing-projects\/\" \/>\n<meta property=\"og:locale\" content=\"fr_FR\" \/>\n<meta property=\"og:type\" content=\"article\" \/>\n<meta property=\"og:title\" content=\"Projets en cours - Association nucl\u00e9aire canadienne\" \/>\n<meta property=\"og:description\" content=\"La centrale nucl\u00e9aire de Bruce La centrale nucl\u00e9aire de Darlington La centrale nucl\u00e9aire de Pickering\" \/>\n<meta property=\"og:url\" content=\"https:\/\/cna.ca\/fr\/ongoing-projects\/\" \/>\n<meta property=\"og:site_name\" content=\"Association nucl\u00e9aire canadienne\" \/>\n<meta property=\"article:publisher\" content=\"http:\/\/www.facebook.com\/canadanuclear\" \/>\n<meta property=\"article:modified_time\" content=\"2024-01-09T15:41:09+00:00\" \/>\n<meta property=\"og:image\" content=\"https:\/\/cna.ca\/wp-content\/uploads\/2023\/12\/Bruce-ISO-1-1024x705.png\" \/>\n<meta name=\"twitter:label1\" content=\"Est. reading time\" \/>\n\t<meta name=\"twitter:data1\" content=\"5 minutes\" \/>\n<script type=\"application\/ld+json\" class=\"yoast-schema-graph\">{\"@context\":\"https:\\\/\\\/schema.org\",\"@graph\":[{\"@type\":\"WebPage\",\"@id\":\"https:\\\/\\\/cna.ca\\\/fr\\\/ongoing-projects\\\/\",\"url\":\"https:\\\/\\\/cna.ca\\\/fr\\\/ongoing-projects\\\/\",\"name\":\"Projets en cours - Association nucl\u00e9aire canadienne\",\"isPartOf\":{\"@id\":\"https:\\\/\\\/cna.ca\\\/fr\\\/#website\"},\"primaryImageOfPage\":{\"@id\":\"https:\\\/\\\/cna.ca\\\/fr\\\/ongoing-projects\\\/#primaryimage\"},\"image\":{\"@id\":\"https:\\\/\\\/cna.ca\\\/fr\\\/ongoing-projects\\\/#primaryimage\"},\"thumbnailUrl\":\"https:\\\/\\\/cna.ca\\\/wp-content\\\/uploads\\\/2023\\\/12\\\/Bruce-ISO-1-1024x705.png\",\"datePublished\":\"2023-11-01T15:28:50+00:00\",\"dateModified\":\"2024-01-09T15:41:09+00:00\",\"breadcrumb\":{\"@id\":\"https:\\\/\\\/cna.ca\\\/fr\\\/ongoing-projects\\\/#breadcrumb\"},\"inLanguage\":\"fr-FR\",\"potentialAction\":[{\"@type\":\"ReadAction\",\"target\":[\"https:\\\/\\\/cna.ca\\\/fr\\\/ongoing-projects\\\/\"]}]},{\"@type\":\"ImageObject\",\"inLanguage\":\"fr-FR\",\"@id\":\"https:\\\/\\\/cna.ca\\\/fr\\\/ongoing-projects\\\/#primaryimage\",\"url\":\"https:\\\/\\\/cna.ca\\\/wp-content\\\/uploads\\\/2023\\\/12\\\/Bruce-ISO-1-1024x705.png\",\"contentUrl\":\"https:\\\/\\\/cna.ca\\\/wp-content\\\/uploads\\\/2023\\\/12\\\/Bruce-ISO-1-1024x705.png\"},{\"@type\":\"BreadcrumbList\",\"@id\":\"https:\\\/\\\/cna.ca\\\/fr\\\/ongoing-projects\\\/#breadcrumb\",\"itemListElement\":[{\"@type\":\"ListItem\",\"position\":1,\"name\":\"Home\",\"item\":\"https:\\\/\\\/cna.ca\\\/fr\\\/\"},{\"@type\":\"ListItem\",\"position\":2,\"name\":\"Projets en&nbsp;cours\"}]},{\"@type\":\"WebSite\",\"@id\":\"https:\\\/\\\/cna.ca\\\/fr\\\/#website\",\"url\":\"https:\\\/\\\/cna.ca\\\/fr\\\/\",\"name\":\"Canadian Nuclear Association\",\"description\":\"The national voice of the Canadian nuclear industry since 1960\",\"publisher\":{\"@id\":\"https:\\\/\\\/cna.ca\\\/fr\\\/#organization\"},\"potentialAction\":[{\"@type\":\"SearchAction\",\"target\":{\"@type\":\"EntryPoint\",\"urlTemplate\":\"https:\\\/\\\/cna.ca\\\/fr\\\/?s={search_term_string}\"},\"query-input\":{\"@type\":\"PropertyValueSpecification\",\"valueRequired\":true,\"valueName\":\"search_term_string\"}}],\"inLanguage\":\"fr-FR\"},{\"@type\":\"Organization\",\"@id\":\"https:\\\/\\\/cna.ca\\\/fr\\\/#organization\",\"name\":\"Canadian Nuclear Association\",\"url\":\"https:\\\/\\\/cna.ca\\\/fr\\\/\",\"logo\":{\"@type\":\"ImageObject\",\"inLanguage\":\"fr-FR\",\"@id\":\"https:\\\/\\\/cna.ca\\\/fr\\\/#\\\/schema\\\/logo\\\/image\\\/\",\"url\":\"https:\\\/\\\/cna.ca\\\/wp-content\\\/uploads\\\/2023\\\/12\\\/cropped-cna-logo-only.png\",\"contentUrl\":\"https:\\\/\\\/cna.ca\\\/wp-content\\\/uploads\\\/2023\\\/12\\\/cropped-cna-logo-only.png\",\"width\":512,\"height\":512,\"caption\":\"Canadian Nuclear Association\"},\"image\":{\"@id\":\"https:\\\/\\\/cna.ca\\\/fr\\\/#\\\/schema\\\/logo\\\/image\\\/\"},\"sameAs\":[\"http:\\\/\\\/www.facebook.com\\\/canadanuclear\",\"https:\\\/\\\/x.com\\\/canadanuclear\",\"https:\\\/\\\/www.instagram.com\\\/canadanuclear\",\"https:\\\/\\\/www.youtube.com\\\/CanadaNuclear\",\"http:\\\/\\\/www.linkedin.com\\\/company\\\/canadian-nuclear-association\"]}]}<\/script>\n<!-- \/ Yoast SEO plugin. -->","yoast_head_json":{"title":"Projets en cours - Association nucl\u00e9aire canadienne","robots":{"index":"index","follow":"follow","max-snippet":"max-snippet:-1","max-image-preview":"max-image-preview:large","max-video-preview":"max-video-preview:-1"},"canonical":"https:\/\/cna.ca\/fr\/ongoing-projects\/","og_locale":"fr_FR","og_type":"article","og_title":"Projets en cours - Association nucl\u00e9aire canadienne","og_description":"La centrale nucl\u00e9aire de Bruce La centrale nucl\u00e9aire de Darlington La centrale nucl\u00e9aire de Pickering","og_url":"https:\/\/cna.ca\/fr\/ongoing-projects\/","og_site_name":"Association nucl\u00e9aire canadienne","article_publisher":"http:\/\/www.facebook.com\/canadanuclear","article_modified_time":"2024-01-09T15:41:09+00:00","og_image":[{"url":"https:\/\/cna.ca\/wp-content\/uploads\/2023\/12\/Bruce-ISO-1-1024x705.png","type":"","width":"","height":""}],"twitter_misc":{"Est. reading time":"5 minutes"},"schema":{"@context":"https:\/\/schema.org","@graph":[{"@type":"WebPage","@id":"https:\/\/cna.ca\/fr\/ongoing-projects\/","url":"https:\/\/cna.ca\/fr\/ongoing-projects\/","name":"Projets en cours - Association nucl\u00e9aire canadienne","isPartOf":{"@id":"https:\/\/cna.ca\/fr\/#website"},"primaryImageOfPage":{"@id":"https:\/\/cna.ca\/fr\/ongoing-projects\/#primaryimage"},"image":{"@id":"https:\/\/cna.ca\/fr\/ongoing-projects\/#primaryimage"},"thumbnailUrl":"https:\/\/cna.ca\/wp-content\/uploads\/2023\/12\/Bruce-ISO-1-1024x705.png","datePublished":"2023-11-01T15:28:50+00:00","dateModified":"2024-01-09T15:41:09+00:00","breadcrumb":{"@id":"https:\/\/cna.ca\/fr\/ongoing-projects\/#breadcrumb"},"inLanguage":"fr-FR","potentialAction":[{"@type":"ReadAction","target":["https:\/\/cna.ca\/fr\/ongoing-projects\/"]}]},{"@type":"ImageObject","inLanguage":"fr-FR","@id":"https:\/\/cna.ca\/fr\/ongoing-projects\/#primaryimage","url":"https:\/\/cna.ca\/wp-content\/uploads\/2023\/12\/Bruce-ISO-1-1024x705.png","contentUrl":"https:\/\/cna.ca\/wp-content\/uploads\/2023\/12\/Bruce-ISO-1-1024x705.png"},{"@type":"BreadcrumbList","@id":"https:\/\/cna.ca\/fr\/ongoing-projects\/#breadcrumb","itemListElement":[{"@type":"ListItem","position":1,"name":"Home","item":"https:\/\/cna.ca\/fr\/"},{"@type":"ListItem","position":2,"name":"Projets en&nbsp;cours"}]},{"@type":"WebSite","@id":"https:\/\/cna.ca\/fr\/#website","url":"https:\/\/cna.ca\/fr\/","name":"Canadian Nuclear Association","description":"The national voice of the Canadian nuclear industry since 1960","publisher":{"@id":"https:\/\/cna.ca\/fr\/#organization"},"potentialAction":[{"@type":"SearchAction","target":{"@type":"EntryPoint","urlTemplate":"https:\/\/cna.ca\/fr\/?s={search_term_string}"},"query-input":{"@type":"PropertyValueSpecification","valueRequired":true,"valueName":"search_term_string"}}],"inLanguage":"fr-FR"},{"@type":"Organization","@id":"https:\/\/cna.ca\/fr\/#organization","name":"Canadian Nuclear Association","url":"https:\/\/cna.ca\/fr\/","logo":{"@type":"ImageObject","inLanguage":"fr-FR","@id":"https:\/\/cna.ca\/fr\/#\/schema\/logo\/image\/","url":"https:\/\/cna.ca\/wp-content\/uploads\/2023\/12\/cropped-cna-logo-only.png","contentUrl":"https:\/\/cna.ca\/wp-content\/uploads\/2023\/12\/cropped-cna-logo-only.png","width":512,"height":512,"caption":"Canadian Nuclear Association"},"image":{"@id":"https:\/\/cna.ca\/fr\/#\/schema\/logo\/image\/"},"sameAs":["http:\/\/www.facebook.com\/canadanuclear","https:\/\/x.com\/canadanuclear","https:\/\/www.instagram.com\/canadanuclear","https:\/\/www.youtube.com\/CanadaNuclear","http:\/\/www.linkedin.com\/company\/canadian-nuclear-association"]}]}},"_links":{"self":[{"href":"https:\/\/cna.ca\/fr\/wp-json\/wp\/v2\/pages\/33740","targetHints":{"allow":["GET"]}}],"collection":[{"href":"https:\/\/cna.ca\/fr\/wp-json\/wp\/v2\/pages"}],"about":[{"href":"https:\/\/cna.ca\/fr\/wp-json\/wp\/v2\/types\/page"}],"author":[{"embeddable":true,"href":"https:\/\/cna.ca\/fr\/wp-json\/wp\/v2\/users\/8480"}],"replies":[{"embeddable":true,"href":"https:\/\/cna.ca\/fr\/wp-json\/wp\/v2\/comments?post=33740"}],"version-history":[{"count":1,"href":"https:\/\/cna.ca\/fr\/wp-json\/wp\/v2\/pages\/33740\/revisions"}],"predecessor-version":[{"id":33742,"href":"https:\/\/cna.ca\/fr\/wp-json\/wp\/v2\/pages\/33740\/revisions\/33742"}],"wp:attachment":[{"href":"https:\/\/cna.ca\/fr\/wp-json\/wp\/v2\/media?parent=33740"}],"wp:term":[{"taxonomy":"topic","embeddable":true,"href":"https:\/\/cna.ca\/fr\/wp-json\/wp\/v2\/topic?post=33740"}],"curies":[{"name":"wp","href":"https:\/\/api.w.org\/{rel}","templated":true}]}}