{"id":33733,"date":"2023-11-01T11:22:30","date_gmt":"2023-11-01T15:24:10","guid":{"rendered":"https:\/\/cna.ca\/operating-power-plants\/"},"modified":"2024-01-09T10:30:03","modified_gmt":"2024-01-09T15:30:03","slug":"operating-power-plants","status":"publish","type":"page","link":"https:\/\/cna.ca\/fr\/operating-power-plants\/","title":{"rendered":"Centrales \u00e9nerg\u00e9tiques en&nbsp;activit\u00e9"},"content":{"rendered":"\n<p>Il existe 19 r\u00e9acteurs de puissance exploitables dans quatre centrales de production d\u2019\u00e9nergie nucl\u00e9aire au Canada. En 2019, l\u2019\u00e9nergie nucl\u00e9aire a r\u00e9pondu \u00e0 environ 15 % des besoins en \u00e9lectricit\u00e9 au pays.<\/p>\n\n\n\n<h2 class=\"wp-block-heading\">La centrale nucl\u00e9aire de Bruce<\/h2>\n\n\n\n<p>La centrale nucl\u00e9aire de Bruce est la plus grande centrale nucl\u00e9aire en activit\u00e9 au monde \u2013 elle est \u00e9quip\u00e9e de huit r\u00e9acteurs d\u2019une puissance de 6288 MWe. Elle est situ\u00e9e sur la rive du lac Huron, \u00e0 190 km du centre-ville de Toronto, en Ontario, et elle alimente le r\u00e9seau d\u2019\u00e9lectricit\u00e9 depuis 1976. Elle est exploit\u00e9e par Bruce Power, mais appartient \u00e0 Ontario Power Generation (OPG).<\/p>\n\n\n\n<p><br>En 2016, Bruce Power a amorc\u00e9 des travaux de remise \u00e0 neuf \u00e0 mi-vie des r\u00e9acteurs 3 \u00e0 8. Les principaux composants ont \u00e9t\u00e9 remplac\u00e9s de fa\u00e7on \u00e0 en assurer le fonctionnement pour plusieurs d\u00e9cennies. Le r\u00e9acteur 6, l\u2019un des premiers \u00e0 faire l\u2019objet d\u2019une remise \u00e0 neuf, a \u00e9t\u00e9 mis hors service en janvier 2020. La prolongation de la dur\u00e9e de vie de chaque unit\u00e9 permettra d\u2019ajouter environ 30 \u00e0 35 ans de vie op\u00e9rationnelle, et les autres investissements contribueront \u00e0 ajouter 30 ann\u00e9es-r\u00e9acteurs \u00e0 la dur\u00e9e de vie op\u00e9rationnelle des unit\u00e9s.<\/p>\n\n\n\n<p><br>En 2023, la province de l\u2019Ontario a annonc\u00e9 son intention d\u2019ajouter une troisi\u00e8me centrale \u00e0 Bruce Power, qui, si elle \u00e9tait construite, deviendrait la premi\u00e8re installation nucl\u00e9aire de grande envergure \u00e0 \u00eatre b\u00e2tie au Canada depuis trois d\u00e9cennies. La nouvelle construction permettrait de produire jusqu\u2019\u00e0 4800 m\u00e9gawatts, soit suffisamment pour alimenter 4,8 millions de foyers, et de presque doubler la production de la centrale. Les projets retenus feront l\u2019objet d\u2019une \u00e9valuation d\u2019impact (EI) f\u00e9d\u00e9rale par l\u2019Agence canadienne d\u2019\u00e9valuation d\u2019impact (ACEI), avec le soutien de la Commission canadienne de s\u00fbret\u00e9 nucl\u00e9aire (CCSN) et le concours de Bruce Power. L\u2019ACEI consultera les collectivit\u00e9s autochtones et impliquera le public tout au long du processus relatif \u00e0 l\u2019EI.<\/p>\n\n\n\n<h2 class=\"wp-block-heading\">La centrale nucl\u00e9aire de Darlington<\/h2>\n\n\n\n<p>La centrale nucl\u00e9aire de Darlington est la deuxi\u00e8me plus grande installation nucl\u00e9aire du Canada en termes de production totale d\u2019\u00e9nergie. Ses r\u00e9acteurs CANDU sont d\u00e9tenus et exploit\u00e9s par OPG. Capable de produire jusqu\u2019\u00e0 31 millions de MWh par an, la centrale de Darlington alimente quelque 2,5 millions de m\u00e9nages. Les quatre r\u00e9acteurs de Darlington font l\u2019objet d\u2019une remise \u00e0 neuf \u00e0 mi-vie, afin de produire une \u00e9lectricit\u00e9 propre et fiable au cours des d\u00e9cennies \u00e0 venir. Le projet de remise \u00e0 neuf en cours est en avance sur le calendrier et respecte le budget; il sera achev\u00e9 en 2026.<\/p>\n\n\n\n<p><br>En 2022, OPG et la province de l\u2019Ontario ont soulign\u00e9 le d\u00e9but des activit\u00e9s de pr\u00e9paration de l\u2019emplacement pour le projet de petits r\u00e9acteurs modulaires (PRM) sur le site nucl\u00e9aire Darlington d\u2019OPG situ\u00e9 \u00e0 Clarington. La construction du PRM BWRX-300 de 300 m\u00e9gawatts (MW) pr\u00e9vu \u00e0 Darlington marquerait la premi\u00e8re structure du genre en Ontario en l\u2019espace d\u2019une g\u00e9n\u00e9ration. Vers le milieu de l\u2019ann\u00e9e 2023, le gouvernement de l\u2019Ontario et OPG ont annonc\u00e9 leur intention d\u2019ajouter trois autres PRM sur le nouveau site nucl\u00e9aire de Darlington. Les quatre projets de PRM fourniraient une puissance de 1200 m\u00e9gawatts au r\u00e9seau, soit suffisamment d\u2019\u00e9lectricit\u00e9 pour alimenter de mani\u00e8re fiable et s\u00fbre environ 1,2 million de foyers, tout en permettant \u00e0 la province de r\u00e9pondre \u00e0 la demande croissante \u00e9manant de l\u2019\u00e9lectrification.<\/p>\n\n\n\n<h2 class=\"wp-block-heading\">La centrale nucl\u00e9aire de Pickering<\/h2>\n\n\n\n<p>La centrale nucl\u00e9aire de Pickering est la plus petite installation nucl\u00e9aire commerciale de l\u2019Ontario. Ses quatre r\u00e9acteurs CANDU sont d\u00e9tenus et exploit\u00e9s par OPG. Malgr\u00e9 sa petite taille, la centrale de Pickering n\u2019alimente pas moins de 2,5 millions de foyers. Avec les six r\u00e9acteurs en service \u00e0 Pickering A et B qui produisent 3100 MWe, la centrale nucl\u00e9aire de Pickering r\u00e9pond \u00e0 environ 14 % des besoins \u00e9nerg\u00e9tiques de l\u2019Ontario.<\/p>\n\n\n\n<p><br>En 2022, le gouvernement de l\u2019Ontario a demand\u00e9 \u00e0 OPG de mener une analyse de faisabilit\u00e9 sur une \u00e9ventuelle remise \u00e0 neuf des unit\u00e9s 5 \u00e0 8. OPG effectuera un examen technique approfondi et compte pr\u00e9senter ses recommandations d\u00e9finitives \u00e0 la province d\u2019ici la fin de l\u2019ann\u00e9e 2023.<\/p>\n\n\n\n<h2 class=\"wp-block-heading\">La centrale nucl\u00e9aire de Point Lepreau<\/h2>\n\n\n\n<p>La centrale nucl\u00e9aire de Point Lepreau est situ\u00e9e au Nouveau-Brunswick, \u00e0 une trentaine de kilom\u00e8tres au sud-ouest de Saint John. Elle a permis au premier r\u00e9acteur CANDU 6 de produire de l\u2019\u00e9lectricit\u00e9 \u00e0 des fins commerciales. Elle est d\u00e9tenue et exploit\u00e9e par \u00c9nergie Nouveau-Brunswick. Apr\u00e8s des travaux de r\u00e9fection visant \u00e0 prolonger sa dur\u00e9e de vie utile, la centrale nucl\u00e9aire de Point Lepreau a \u00e9t\u00e9 remise en exploitation en novembre 2012.<\/p>\n\n\n\n<p><br>Dot\u00e9e d\u2019une puissance de 660 MWe, cette centrale a produit 5,8 milliards de kWh en 2019, assez pour alimenter 333\u2009000 m\u00e9nages au Nouveau-Brunswick. Aujourd\u2019hui, elle assure environ 38 % de la production d\u2019\u00e9lectricit\u00e9 de la province.<\/p>\n\n\n\n<p><br>\u00c9nergie NB, avec le soutien d\u2019ARC Clean Technology Inc. (ARC), planifie la construction et l\u2019exploitation d\u2019un petit r\u00e9acteur modulaire avanc\u00e9 (PRM) sur le site d\u2019\u00c9nergie NB, lequel est situ\u00e9 sur la p\u00e9ninsule de Lepreau au Nouveau-Brunswick, \u00e0 l\u2019ouest de l\u2019actuelle centrale nucl\u00e9aire de Point Lepreau. Le PRM de la soci\u00e9t\u00e9 ARC est un r\u00e9acteur modulaire \u00e0 neutrons rapides refroidi au sodium qui produira au moins 100 m\u00e9gawatts d\u2019\u00e9lectricit\u00e9 pour le r\u00e9seau \u00e9nerg\u00e9tique. L\u2019unit\u00e9 devrait \u00eatre raccord\u00e9e au r\u00e9seau du Nouveau-Brunswick en 2030 et \u00eatre op\u00e9rationnelle pendant 60 ans. En 2023, \u00c9nergie NB a soumis un document d\u2019enregistrement pour une \u00e9valuation environnementale (EE) au minist\u00e8re de l\u2019Environnement et des Gouvernements locaux, ainsi qu\u2019une demande de permis de pr\u00e9paration de l\u2019emplacement \u00e0 la Commission canadienne de s\u00fbret\u00e9 nucl\u00e9aire (CCSN).<\/p>\n","protected":false},"excerpt":{"rendered":"<p>Il existe 19 r\u00e9acteurs de puissance exploitables dans quatre centrales de production d\u2019\u00e9nergie nucl\u00e9aire au Canada. En 2019, l\u2019\u00e9nergie nucl\u00e9aire a r\u00e9pondu \u00e0 environ 15 % des besoins en \u00e9lectricit\u00e9 au pays. La centrale nucl\u00e9aire de Bruce La centrale nucl\u00e9aire de Bruce est la plus grande centrale nucl\u00e9aire en activit\u00e9 au monde \u2013 elle est [&hellip;]<\/p>\n","protected":false},"author":8480,"featured_media":0,"parent":0,"menu_order":22,"comment_status":"closed","ping_status":"closed","template":"","meta":{"_acf_changed":false,"footnotes":""},"topic":[],"class_list":["post-33733","page","type-page","status-publish","hentry"],"acf":[],"yoast_head":"<!-- This site is optimized with the Yoast SEO plugin v27.3 - https:\/\/yoast.com\/product\/yoast-seo-wordpress\/ -->\n<title>Centrales \u00e9nerg\u00e9tiques en activit\u00e9 - Association nucl\u00e9aire canadienne<\/title>\n<meta name=\"robots\" content=\"index, follow, max-snippet:-1, max-image-preview:large, max-video-preview:-1\" \/>\n<link rel=\"canonical\" href=\"https:\/\/cna.ca\/fr\/operating-power-plants\/\" \/>\n<meta property=\"og:locale\" content=\"fr_FR\" \/>\n<meta property=\"og:type\" content=\"article\" \/>\n<meta property=\"og:title\" content=\"Centrales \u00e9nerg\u00e9tiques en activit\u00e9 - Association nucl\u00e9aire canadienne\" \/>\n<meta property=\"og:description\" content=\"Il existe 19 r\u00e9acteurs de puissance exploitables dans quatre centrales de production d\u2019\u00e9nergie nucl\u00e9aire au Canada. En 2019, l\u2019\u00e9nergie nucl\u00e9aire a r\u00e9pondu \u00e0 environ 15 % des besoins en \u00e9lectricit\u00e9 au pays. La centrale nucl\u00e9aire de Bruce La centrale nucl\u00e9aire de Bruce est la plus grande centrale nucl\u00e9aire en activit\u00e9 au monde \u2013 elle est [&hellip;]\" \/>\n<meta property=\"og:url\" content=\"https:\/\/cna.ca\/fr\/operating-power-plants\/\" \/>\n<meta property=\"og:site_name\" content=\"Association nucl\u00e9aire canadienne\" \/>\n<meta property=\"article:publisher\" content=\"http:\/\/www.facebook.com\/canadanuclear\" \/>\n<meta property=\"article:modified_time\" content=\"2024-01-09T15:30:03+00:00\" \/>\n<meta name=\"twitter:label1\" content=\"Est. reading time\" \/>\n\t<meta name=\"twitter:data1\" content=\"4 minutes\" \/>\n<script type=\"application\/ld+json\" class=\"yoast-schema-graph\">{\"@context\":\"https:\\\/\\\/schema.org\",\"@graph\":[{\"@type\":\"WebPage\",\"@id\":\"https:\\\/\\\/cna.ca\\\/fr\\\/operating-power-plants\\\/\",\"url\":\"https:\\\/\\\/cna.ca\\\/fr\\\/operating-power-plants\\\/\",\"name\":\"Centrales \u00e9nerg\u00e9tiques en activit\u00e9 - Association nucl\u00e9aire canadienne\",\"isPartOf\":{\"@id\":\"https:\\\/\\\/cna.ca\\\/fr\\\/#website\"},\"datePublished\":\"2023-11-01T15:24:10+00:00\",\"dateModified\":\"2024-01-09T15:30:03+00:00\",\"breadcrumb\":{\"@id\":\"https:\\\/\\\/cna.ca\\\/fr\\\/operating-power-plants\\\/#breadcrumb\"},\"inLanguage\":\"fr-FR\",\"potentialAction\":[{\"@type\":\"ReadAction\",\"target\":[\"https:\\\/\\\/cna.ca\\\/fr\\\/operating-power-plants\\\/\"]}]},{\"@type\":\"BreadcrumbList\",\"@id\":\"https:\\\/\\\/cna.ca\\\/fr\\\/operating-power-plants\\\/#breadcrumb\",\"itemListElement\":[{\"@type\":\"ListItem\",\"position\":1,\"name\":\"Home\",\"item\":\"https:\\\/\\\/cna.ca\\\/fr\\\/\"},{\"@type\":\"ListItem\",\"position\":2,\"name\":\"Centrales \u00e9nerg\u00e9tiques en&nbsp;activit\u00e9\"}]},{\"@type\":\"WebSite\",\"@id\":\"https:\\\/\\\/cna.ca\\\/fr\\\/#website\",\"url\":\"https:\\\/\\\/cna.ca\\\/fr\\\/\",\"name\":\"Canadian Nuclear Association\",\"description\":\"The national voice of the Canadian nuclear industry since 1960\",\"publisher\":{\"@id\":\"https:\\\/\\\/cna.ca\\\/fr\\\/#organization\"},\"potentialAction\":[{\"@type\":\"SearchAction\",\"target\":{\"@type\":\"EntryPoint\",\"urlTemplate\":\"https:\\\/\\\/cna.ca\\\/fr\\\/?s={search_term_string}\"},\"query-input\":{\"@type\":\"PropertyValueSpecification\",\"valueRequired\":true,\"valueName\":\"search_term_string\"}}],\"inLanguage\":\"fr-FR\"},{\"@type\":\"Organization\",\"@id\":\"https:\\\/\\\/cna.ca\\\/fr\\\/#organization\",\"name\":\"Canadian Nuclear Association\",\"url\":\"https:\\\/\\\/cna.ca\\\/fr\\\/\",\"logo\":{\"@type\":\"ImageObject\",\"inLanguage\":\"fr-FR\",\"@id\":\"https:\\\/\\\/cna.ca\\\/fr\\\/#\\\/schema\\\/logo\\\/image\\\/\",\"url\":\"https:\\\/\\\/cna.ca\\\/wp-content\\\/uploads\\\/2023\\\/12\\\/cropped-cna-logo-only.png\",\"contentUrl\":\"https:\\\/\\\/cna.ca\\\/wp-content\\\/uploads\\\/2023\\\/12\\\/cropped-cna-logo-only.png\",\"width\":512,\"height\":512,\"caption\":\"Canadian Nuclear Association\"},\"image\":{\"@id\":\"https:\\\/\\\/cna.ca\\\/fr\\\/#\\\/schema\\\/logo\\\/image\\\/\"},\"sameAs\":[\"http:\\\/\\\/www.facebook.com\\\/canadanuclear\",\"https:\\\/\\\/x.com\\\/canadanuclear\",\"https:\\\/\\\/www.instagram.com\\\/canadanuclear\",\"https:\\\/\\\/www.youtube.com\\\/CanadaNuclear\",\"http:\\\/\\\/www.linkedin.com\\\/company\\\/canadian-nuclear-association\"]}]}<\/script>\n<!-- \/ Yoast SEO plugin. -->","yoast_head_json":{"title":"Centrales \u00e9nerg\u00e9tiques en activit\u00e9 - Association nucl\u00e9aire canadienne","robots":{"index":"index","follow":"follow","max-snippet":"max-snippet:-1","max-image-preview":"max-image-preview:large","max-video-preview":"max-video-preview:-1"},"canonical":"https:\/\/cna.ca\/fr\/operating-power-plants\/","og_locale":"fr_FR","og_type":"article","og_title":"Centrales \u00e9nerg\u00e9tiques en activit\u00e9 - Association nucl\u00e9aire canadienne","og_description":"Il existe 19 r\u00e9acteurs de puissance exploitables dans quatre centrales de production d\u2019\u00e9nergie nucl\u00e9aire au Canada. En 2019, l\u2019\u00e9nergie nucl\u00e9aire a r\u00e9pondu \u00e0 environ 15 % des besoins en \u00e9lectricit\u00e9 au pays. La centrale nucl\u00e9aire de Bruce La centrale nucl\u00e9aire de Bruce est la plus grande centrale nucl\u00e9aire en activit\u00e9 au monde \u2013 elle est [&hellip;]","og_url":"https:\/\/cna.ca\/fr\/operating-power-plants\/","og_site_name":"Association nucl\u00e9aire canadienne","article_publisher":"http:\/\/www.facebook.com\/canadanuclear","article_modified_time":"2024-01-09T15:30:03+00:00","twitter_misc":{"Est. reading time":"4 minutes"},"schema":{"@context":"https:\/\/schema.org","@graph":[{"@type":"WebPage","@id":"https:\/\/cna.ca\/fr\/operating-power-plants\/","url":"https:\/\/cna.ca\/fr\/operating-power-plants\/","name":"Centrales \u00e9nerg\u00e9tiques en activit\u00e9 - Association nucl\u00e9aire canadienne","isPartOf":{"@id":"https:\/\/cna.ca\/fr\/#website"},"datePublished":"2023-11-01T15:24:10+00:00","dateModified":"2024-01-09T15:30:03+00:00","breadcrumb":{"@id":"https:\/\/cna.ca\/fr\/operating-power-plants\/#breadcrumb"},"inLanguage":"fr-FR","potentialAction":[{"@type":"ReadAction","target":["https:\/\/cna.ca\/fr\/operating-power-plants\/"]}]},{"@type":"BreadcrumbList","@id":"https:\/\/cna.ca\/fr\/operating-power-plants\/#breadcrumb","itemListElement":[{"@type":"ListItem","position":1,"name":"Home","item":"https:\/\/cna.ca\/fr\/"},{"@type":"ListItem","position":2,"name":"Centrales \u00e9nerg\u00e9tiques en&nbsp;activit\u00e9"}]},{"@type":"WebSite","@id":"https:\/\/cna.ca\/fr\/#website","url":"https:\/\/cna.ca\/fr\/","name":"Canadian Nuclear Association","description":"The national voice of the Canadian nuclear industry since 1960","publisher":{"@id":"https:\/\/cna.ca\/fr\/#organization"},"potentialAction":[{"@type":"SearchAction","target":{"@type":"EntryPoint","urlTemplate":"https:\/\/cna.ca\/fr\/?s={search_term_string}"},"query-input":{"@type":"PropertyValueSpecification","valueRequired":true,"valueName":"search_term_string"}}],"inLanguage":"fr-FR"},{"@type":"Organization","@id":"https:\/\/cna.ca\/fr\/#organization","name":"Canadian Nuclear Association","url":"https:\/\/cna.ca\/fr\/","logo":{"@type":"ImageObject","inLanguage":"fr-FR","@id":"https:\/\/cna.ca\/fr\/#\/schema\/logo\/image\/","url":"https:\/\/cna.ca\/wp-content\/uploads\/2023\/12\/cropped-cna-logo-only.png","contentUrl":"https:\/\/cna.ca\/wp-content\/uploads\/2023\/12\/cropped-cna-logo-only.png","width":512,"height":512,"caption":"Canadian Nuclear Association"},"image":{"@id":"https:\/\/cna.ca\/fr\/#\/schema\/logo\/image\/"},"sameAs":["http:\/\/www.facebook.com\/canadanuclear","https:\/\/x.com\/canadanuclear","https:\/\/www.instagram.com\/canadanuclear","https:\/\/www.youtube.com\/CanadaNuclear","http:\/\/www.linkedin.com\/company\/canadian-nuclear-association"]}]}},"_links":{"self":[{"href":"https:\/\/cna.ca\/fr\/wp-json\/wp\/v2\/pages\/33733","targetHints":{"allow":["GET"]}}],"collection":[{"href":"https:\/\/cna.ca\/fr\/wp-json\/wp\/v2\/pages"}],"about":[{"href":"https:\/\/cna.ca\/fr\/wp-json\/wp\/v2\/types\/page"}],"author":[{"embeddable":true,"href":"https:\/\/cna.ca\/fr\/wp-json\/wp\/v2\/users\/8480"}],"replies":[{"embeddable":true,"href":"https:\/\/cna.ca\/fr\/wp-json\/wp\/v2\/comments?post=33733"}],"version-history":[{"count":1,"href":"https:\/\/cna.ca\/fr\/wp-json\/wp\/v2\/pages\/33733\/revisions"}],"predecessor-version":[{"id":33736,"href":"https:\/\/cna.ca\/fr\/wp-json\/wp\/v2\/pages\/33733\/revisions\/33736"}],"wp:attachment":[{"href":"https:\/\/cna.ca\/fr\/wp-json\/wp\/v2\/media?parent=33733"}],"wp:term":[{"taxonomy":"topic","embeddable":true,"href":"https:\/\/cna.ca\/fr\/wp-json\/wp\/v2\/topic?post=33733"}],"curies":[{"name":"wp","href":"https:\/\/api.w.org\/{rel}","templated":true}]}}