{"id":33727,"date":"2023-11-01T11:08:05","date_gmt":"2023-11-01T15:08:05","guid":{"rendered":"https:\/\/cna.ca\/history-of-nuclear-in-canada\/"},"modified":"2024-01-09T10:20:00","modified_gmt":"2024-01-09T15:20:00","slug":"history-of-nuclear-in-canada","status":"publish","type":"page","link":"https:\/\/cna.ca\/fr\/history-of-nuclear-in-canada\/","title":{"rendered":"Historique du nucl\u00e9aire au&nbsp;Canada\u00a0"},"content":{"rendered":"\n<h2 class=\"wp-block-heading\">1900 \u2013 1910<\/h2>\n\n\n\n<ul class=\"wp-block-list\">\n<li>Le prix Nobel de chimie est d\u00e9cern\u00e9 \u00e0 Ernest Rutherford pour son travail sur la d\u00e9croissance radioactive r\u00e9alis\u00e9 \u00e0 l\u2019Universit\u00e9 McGill de Montr\u00e9al au Qu\u00e9bec.<\/li>\n<\/ul>\n\n\n\n<h2 class=\"wp-block-heading\">1921 \u2013 1930<\/h2>\n\n\n\n<ul class=\"wp-block-list\">\n<li>Gilbert A. Labine d\u00e9couvre le premier gisement d\u2019uranium au Canada, au Grand lac de l\u2019Ours dans les Territoires du Nord-Ouest.<\/li>\n<\/ul>\n\n\n\n<h2 class=\"wp-block-heading\">1931 \u2013 1940<\/h2>\n\n\n\n<ul class=\"wp-block-list\">\n<li>George C. Laurence con\u00e7oit l\u2019un des premiers r\u00e9acteurs nucl\u00e9aires au monde, au Conseil national de recherches du Canada (CNRC) \u00e0 Ottawa, en Ontario.<\/li>\n<\/ul>\n\n\n\n<h2 class=\"wp-block-heading\">1941 \u2013 1950<\/h2>\n\n\n\n<ul class=\"wp-block-list\">\n<li>Le CNRC commence \u00e0 construire la premi\u00e8re installation de recherche nucl\u00e9aire \u00e0 Chalk River, en Ontario.<\/li>\n\n\n\n<li>La pile exp\u00e9rimentale d\u2019\u00e9nergie z\u00e9ro (ZEEP \u2013 Zero Energy Experimental Pile) fait du Canada le deuxi\u00e8me pays \u00e0 contr\u00f4ler la r\u00e9action de fission nucl\u00e9aire.<\/li>\n\n\n\n<li>La Commission de contr\u00f4le de l\u2019\u00e9nergie atomique (CCEA) est \u00e9tablie comme l\u2019organisme f\u00e9d\u00e9ral de r\u00e9glementation nucl\u00e9aire du Canada.<\/li>\n\n\n\n<li>Le r\u00e9acteur national de recherche exp\u00e9rimental (NRX \u2013 National Research Experimental), le plus puissant du monde, entre en service \u00e0 Chalk River.<\/li>\n<\/ul>\n\n\n\n<h2 class=\"wp-block-heading\">1951 \u2013 1960<\/h2>\n\n\n\n<ul class=\"wp-block-list\">\n<li>Deux \u00e9quipes distinctes dirig\u00e9es par Harold E. Johns et Roy Errington construisent les deux premiers appareils de radioth\u00e9rapie au cobalt 60 dans le monde. Le premier traitement contre le cancer par radioth\u00e9rapie externe est administr\u00e9 \u00e0 London, en Ontario. Onze jours plus tard, on administre le second \u00e0 Saskatoon, en Saskatchewan.<\/li>\n\n\n\n<li>\u00c9nergie atomique du Canada Limit\u00e9e (EACL) est cr\u00e9\u00e9e en tant que soci\u00e9t\u00e9 d\u2019\u00c9tat f\u00e9d\u00e9rale.<\/li>\n\n\n\n<li>Le c\u0153ur du r\u00e9acteur NRX subit des dommages lors d\u2019un accident \u2013 il s\u2019agit du premier accident du genre. Quatorze mois plus tard, on proc\u00e8de au red\u00e9marrage du r\u00e9acteur qui a \u00e9t\u00e9 d\u00e9contamin\u00e9 et reconstruit.<\/li>\n\n\n\n<li>Wilfrid B. Lewis amorce le d\u00e9veloppement du r\u00e9acteur nucl\u00e9aire CANDU en collaboration avec EACL, Ontario Hydro et la Compagnie g\u00e9n\u00e9rale \u00e9lectrique du Canada.<\/li>\n\n\n\n<li>Le r\u00e9acteur national de recherche universel (NRU \u2013 National Research Universal) entre en service \u00e0 Chalk River.<\/li>\n<\/ul>\n\n\n\n<h2 class=\"wp-block-heading\">1961 \u2013 1970<\/h2>\n\n\n\n<ul class=\"wp-block-list\">\n<li>Le r\u00e9acteur nucl\u00e9aire de d\u00e9monstration (NPD \u2013 Nuclear Power Demonstration), premier r\u00e9acteur canadien de production \u00e9lectrique et prototype des r\u00e9acteurs CANDU, entre en exploitation \u00e0 Rolphton, en Ontario. Il a une puissance de 20 MWe.<\/li>\n\n\n\n<li>EACL met au point le premier st\u00e9rilisateur commercial au cobalt 60 pour les aliments et les fournitures m\u00e9dicales.<\/li>\n\n\n\n<li>La centrale Douglas Point, premi\u00e8re centrale nucl\u00e9aire canadienne \u00e0 grande \u00e9chelle, entre en exploitation \u00e0 Kincardine, en Ontario. Elle a une puissance de 220 MWe.<\/li>\n<\/ul>\n\n\n\n<h2 class=\"wp-block-heading\">1971 \u2013 1980<\/h2>\n\n\n\n<ul class=\"wp-block-list\">\n<li>Le premier r\u00e9acteur CANDU \u00e0 l\u2019ext\u00e9rieur du Canada entre en exploitation \u00e0 la centrale Rajasthan\u00a01 en Inde.<\/li>\n\n\n\n<li>Les quatre r\u00e9acteurs de la centrale Pickering\u00a0A entrent en exploitation. Leur puissance totalise 2060\u00a0MWe, ce qui en fait la centrale nucl\u00e9aire la plus puissante du monde \u00e0 l\u2019\u00e9poque.<\/li>\n\n\n\n<li>EACL con\u00e7oit et construit le premier r\u00e9acteur de recherche SLOWPOKE.<\/li>\n<\/ul>\n\n\n\n<h2 class=\"wp-block-heading\">1981 \u2013 1990<\/h2>\n\n\n\n<ul class=\"wp-block-list\">\n<li>Les centrales Pointe Lepreau au Nouveau-Brunswick et Gentilly 2 au Qu\u00e9bec entrent en exploitation. Elles ont chacune une puissance de 635 MWe.<\/li>\n\n\n\n<li>Le prix Nobel de physique est d\u00e9cern\u00e9 \u00e0 Bertram N. Brockhouse pour ses recherches sur la diffusion neutronique men\u00e9es \u00e0 Chalk River.<\/li>\n<\/ul>\n\n\n\n<h2 class=\"wp-block-heading\">1991 &#8211; 2000<\/h2>\n\n\n\n<ul class=\"wp-block-list\">\n<li>La Chine acquiert deux r\u00e9acteurs CANDU. \u00c0 l\u2019\u00e9poque, il s\u2019agit du plus important contrat commercial pass\u00e9 entre deux pays.<\/li>\n\n\n\n<li>La Commission canadienne de s\u00fbret\u00e9 nucl\u00e9aire (CCSN), cr\u00e9\u00e9e en vertu de la Loi sur la s\u00fbret\u00e9 et la r\u00e9glementation nucl\u00e9aires, remplace la CCEA en tant qu\u2019organisme de r\u00e9glementation nucl\u00e9aire au Canada.<\/li>\n<\/ul>\n\n\n\n<h2 class=\"wp-block-heading\">2001 \u2013 2010<\/h2>\n\n\n\n<ul class=\"wp-block-list\">\n<li>La Loi sur les d\u00e9chets de combustible nucl\u00e9aire est adopt\u00e9e. Elle pr\u00e9voit la cr\u00e9ation de la Soci\u00e9t\u00e9 de gestion des d\u00e9chets nucl\u00e9aires (SGDN). Le gouvernement f\u00e9d\u00e9ral approuvera en 2007 la m\u00e9thode de gestion adaptative progressive propos\u00e9e par la SGDN pour l\u2019entreposage \u00e0 long terme du combustible nucl\u00e9aire \u00e9puis\u00e9.<\/li>\n\n\n\n<li>Les actifs de la Division des r\u00e9acteurs CANDU d\u2019EACL sont acquis par CANDU \u00c9nergie Inc., filiale appartenant en propri\u00e9t\u00e9 exclusive \u00e0 AtkinsR\u00e9alis (anciennement connu sous le nom de SNC-Lavalin). EACL demeure une soci\u00e9t\u00e9 d\u2019\u00c9tat f\u00e9d\u00e9rale.<\/li>\n<\/ul>\n\n\n\n<h2 class=\"wp-block-heading\">2011 \u2013 2020<\/h2>\n\n\n\n<ul class=\"wp-block-list\">\n<li>Deux r\u00e9acteurs nucl\u00e9aires de la centrale de Bruce A sont remis en service apr\u00e8s avoir \u00e9t\u00e9 r\u00e9nov\u00e9s. La centrale nucl\u00e9aire de Bruce devient alors la plus grande centrale nucl\u00e9aire en exploitation au monde.<\/li>\n\n\n\n<li>Le prix Nobel de physique est d\u00e9cern\u00e9 \u00e0 Arthur B. McDonald de l\u2019Observatoire de neutrinos de Sudbury, en Ontario, pour avoir d\u00e9montr\u00e9 que les neutrinos poss\u00e8dent une masse.<\/li>\n\n\n\n<li>La soci\u00e9t\u00e9 d\u2019\u00c9tat \u00c9nergie atomique du Canada Limit\u00e9e (\u00c9ACL) s\u2019engage par contrat \u00e0 ce que ses sites et ses installations soient g\u00e9r\u00e9s et exploit\u00e9s par les Laboratoires nucl\u00e9aires canadiens.<\/li>\n\n\n\n<li>L\u2019Ontario commence la r\u00e9fection de 10 de ses 18 r\u00e9acteurs nucl\u00e9aires \u2013 le plus gros projet en mati\u00e8re d\u2019\u00e9nergie propre en Am\u00e9rique du Nord.<\/li>\n\n\n\n<li>Arr\u00eat d\u00e9finitif du r\u00e9acteur national de recherche universel (NRU), en service depuis plus de 60 ans<\/li>\n\n\n\n<li>Le Premier ministre du Canada annonce la cr\u00e9ation d\u2019un nouvel institut d\u2019isotopes m\u00e9dicaux (Institute for Advanced Medical Isotopes) dans l\u2019installation TRIUMF de l\u2019Universit\u00e9 de la Colombie-Britannique.<\/li>\n\n\n\n<li>Un groupe diversifi\u00e9, compos\u00e9 de parties prenantes des secteurs de l\u2019industrie, de la recherche et des gouvernements f\u00e9d\u00e9ral et provinciaux, collabore \u00e0 la r\u00e9alisation du rapport Appel \u00e0 l\u2019action : Feuille de route des petits r\u00e9acteurs modulaires.<\/li>\n\n\n\n<li>Les premiers ministres de la Saskatchewan, de l\u2019Ontario et du Nouveau-Brunswick signent un protocole d\u2019entente visant la mise au point de petits r\u00e9acteurs modulaires, en vue de contribuer \u00e0 la lutte contre les changements climatiques. En 2021, l\u2019Alberta signe le protocole \u00e0 son tour.<\/li>\n<\/ul>\n\n\n\n<h2 class=\"wp-block-heading\">2021 \u2013 Present<\/h2>\n\n\n\n<ul class=\"wp-block-list\">\n<li>Ressources naturelles Canada coordonne la mise sur pied du Plan d\u2019action national sur les petits r\u00e9acteurs modulaires.<\/li>\n\n\n\n<li>La soci\u00e9t\u00e9 Ontario Power Generation (OPG) a choisi GE Hitachi Nuclear Energy pour d\u00e9ployer un petit r\u00e9acteur modulaire sur le nouveau site nucl\u00e9aire de Darlington \u2013 unique site au Canada actuellement autoris\u00e9 \u00e0 construire un nouveau r\u00e9acteur nucl\u00e9aire.<\/li>\n\n\n\n<li>L\u2019entreprise de services SaskPower a choisi le petit r\u00e9acteur modulaire de GE Hitachi Nuclear Energy pour un \u00e9ventuel d\u00e9ploiement dans la province de la Saskatchewan au milieu des ann\u00e9es 2030. Cette s\u00e9lection fait suite \u00e0 un processus d\u2019\u00e9valuation ind\u00e9pendant et exhaustif, lequel pr\u00e9voyait \u00e9galement une \u00e9troite collaboration avec Ontario Power Generation, quant \u00e0 l\u2019\u00e9ventualit\u00e9 d\u2019un d\u00e9ploiement pancanadien de l\u2019\u00e9nergie nucl\u00e9aire \u00e0 partir d\u2019un parc de r\u00e9acteurs.<\/li>\n\n\n\n<li>L\u2019Ontario a d\u00e9cid\u00e9 de prolonger la dur\u00e9e de vie de la centrale nucl\u00e9aire de Pickering jusqu\u2019en 2026. Les repr\u00e9sentants de la province cherchent \u00e0 savoir s\u2019il est possible de la remettre \u00e0 neuf en vue de prolonger sa dur\u00e9e de vie de 30 ans et ainsi combler le d\u00e9ficit \u00e9nerg\u00e9tique anticip\u00e9.<\/li>\n\n\n\n<li>L\u2019Agence internationale de l\u2019\u00e9nergie atomique (AIEA) a particip\u00e9 \u00e0 la 27e conf\u00e9rence des Nations unies sur le changement climatique \u00e0 Sharm El Sheik, en \u00c9gypte \u2013 plus connue sous le nom de la COP27 \u2013, et organise plusieurs \u00e9v\u00e9nements pour d\u00e9montrer comment la technologie et les applications nucl\u00e9aires contribuent aux efforts de lutte aux changements climatiques.<\/li>\n\n\n\n<li>L\u2019\u00c9nonc\u00e9 \u00e9conomique de l\u2019automne 2022 a \u00e9voqu\u00e9 le cr\u00e9dit d\u2019imp\u00f4t pour l\u2019investissement dans les technologies propres (Clean Tech ITC), qui accorde un cr\u00e9dit d\u2019imp\u00f4t remboursable \u00e9gal \u00e0 30 % pour les petits r\u00e9acteurs nucl\u00e9aires modulaires.<\/li>\n<\/ul>\n","protected":false},"excerpt":{"rendered":"<p>1900 \u2013 1910 1921 \u2013 1930 1931 \u2013 1940 1941 \u2013 1950 1951 \u2013 1960 1961 \u2013 1970 1971 \u2013 1980 1981 \u2013 1990 1991 &#8211; 2000 2001 \u2013 2010 2011 \u2013 2020 2021 \u2013 Present<\/p>\n","protected":false},"author":8480,"featured_media":0,"parent":0,"menu_order":0,"comment_status":"closed","ping_status":"closed","template":"","meta":{"_acf_changed":false,"footnotes":""},"topic":[],"class_list":["post-33727","page","type-page","status-publish","hentry"],"acf":[],"yoast_head":"<!-- This site is optimized with the Yoast SEO plugin v27.4 - https:\/\/yoast.com\/product\/yoast-seo-wordpress\/ -->\n<title>Historique du nucl\u00e9aire au Canada\u00a0 - Association nucl\u00e9aire canadienne<\/title>\n<meta name=\"robots\" content=\"index, follow, max-snippet:-1, max-image-preview:large, max-video-preview:-1\" \/>\n<link rel=\"canonical\" href=\"https:\/\/cna.ca\/fr\/history-of-nuclear-in-canada\/\" \/>\n<meta property=\"og:locale\" content=\"fr_FR\" \/>\n<meta property=\"og:type\" content=\"article\" \/>\n<meta property=\"og:title\" content=\"Historique du nucl\u00e9aire au Canada\u00a0 - Association nucl\u00e9aire canadienne\" \/>\n<meta property=\"og:description\" content=\"1900 \u2013 1910 1921 \u2013 1930 1931 \u2013 1940 1941 \u2013 1950 1951 \u2013 1960 1961 \u2013 1970 1971 \u2013 1980 1981 \u2013 1990 1991 &#8211; 2000 2001 \u2013 2010 2011 \u2013 2020 2021 \u2013 Present\" \/>\n<meta property=\"og:url\" content=\"https:\/\/cna.ca\/fr\/history-of-nuclear-in-canada\/\" \/>\n<meta property=\"og:site_name\" content=\"Association nucl\u00e9aire canadienne\" \/>\n<meta property=\"article:publisher\" content=\"http:\/\/www.facebook.com\/canadanuclear\" \/>\n<meta property=\"article:modified_time\" content=\"2024-01-09T15:20:00+00:00\" \/>\n<meta name=\"twitter:label1\" content=\"Est. reading time\" \/>\n\t<meta name=\"twitter:data1\" content=\"5 minutes\" \/>\n<script type=\"application\/ld+json\" class=\"yoast-schema-graph\">{\"@context\":\"https:\\\/\\\/schema.org\",\"@graph\":[{\"@type\":\"WebPage\",\"@id\":\"https:\\\/\\\/cna.ca\\\/fr\\\/history-of-nuclear-in-canada\\\/\",\"url\":\"https:\\\/\\\/cna.ca\\\/fr\\\/history-of-nuclear-in-canada\\\/\",\"name\":\"Historique du nucl\u00e9aire au Canada\u00a0 - Association nucl\u00e9aire canadienne\",\"isPartOf\":{\"@id\":\"https:\\\/\\\/cna.ca\\\/fr\\\/#website\"},\"datePublished\":\"2023-11-01T15:08:05+00:00\",\"dateModified\":\"2024-01-09T15:20:00+00:00\",\"breadcrumb\":{\"@id\":\"https:\\\/\\\/cna.ca\\\/fr\\\/history-of-nuclear-in-canada\\\/#breadcrumb\"},\"inLanguage\":\"fr-FR\",\"potentialAction\":[{\"@type\":\"ReadAction\",\"target\":[\"https:\\\/\\\/cna.ca\\\/fr\\\/history-of-nuclear-in-canada\\\/\"]}]},{\"@type\":\"BreadcrumbList\",\"@id\":\"https:\\\/\\\/cna.ca\\\/fr\\\/history-of-nuclear-in-canada\\\/#breadcrumb\",\"itemListElement\":[{\"@type\":\"ListItem\",\"position\":1,\"name\":\"Home\",\"item\":\"https:\\\/\\\/cna.ca\\\/fr\\\/\"},{\"@type\":\"ListItem\",\"position\":2,\"name\":\"Historique du nucl\u00e9aire au&nbsp;Canada\u00a0\"}]},{\"@type\":\"WebSite\",\"@id\":\"https:\\\/\\\/cna.ca\\\/fr\\\/#website\",\"url\":\"https:\\\/\\\/cna.ca\\\/fr\\\/\",\"name\":\"Canadian Nuclear Association\",\"description\":\"The national voice of the Canadian nuclear industry since 1960\",\"publisher\":{\"@id\":\"https:\\\/\\\/cna.ca\\\/fr\\\/#organization\"},\"potentialAction\":[{\"@type\":\"SearchAction\",\"target\":{\"@type\":\"EntryPoint\",\"urlTemplate\":\"https:\\\/\\\/cna.ca\\\/fr\\\/?s={search_term_string}\"},\"query-input\":{\"@type\":\"PropertyValueSpecification\",\"valueRequired\":true,\"valueName\":\"search_term_string\"}}],\"inLanguage\":\"fr-FR\"},{\"@type\":\"Organization\",\"@id\":\"https:\\\/\\\/cna.ca\\\/fr\\\/#organization\",\"name\":\"Canadian Nuclear Association\",\"url\":\"https:\\\/\\\/cna.ca\\\/fr\\\/\",\"logo\":{\"@type\":\"ImageObject\",\"inLanguage\":\"fr-FR\",\"@id\":\"https:\\\/\\\/cna.ca\\\/fr\\\/#\\\/schema\\\/logo\\\/image\\\/\",\"url\":\"https:\\\/\\\/cna.ca\\\/wp-content\\\/uploads\\\/2023\\\/12\\\/cropped-cna-logo-only.png\",\"contentUrl\":\"https:\\\/\\\/cna.ca\\\/wp-content\\\/uploads\\\/2023\\\/12\\\/cropped-cna-logo-only.png\",\"width\":512,\"height\":512,\"caption\":\"Canadian Nuclear Association\"},\"image\":{\"@id\":\"https:\\\/\\\/cna.ca\\\/fr\\\/#\\\/schema\\\/logo\\\/image\\\/\"},\"sameAs\":[\"http:\\\/\\\/www.facebook.com\\\/canadanuclear\",\"https:\\\/\\\/x.com\\\/canadanuclear\",\"https:\\\/\\\/www.instagram.com\\\/canadanuclear\",\"https:\\\/\\\/www.youtube.com\\\/CanadaNuclear\",\"http:\\\/\\\/www.linkedin.com\\\/company\\\/canadian-nuclear-association\"]}]}<\/script>\n<!-- \/ Yoast SEO plugin. -->","yoast_head_json":{"title":"Historique du nucl\u00e9aire au Canada\u00a0 - Association nucl\u00e9aire canadienne","robots":{"index":"index","follow":"follow","max-snippet":"max-snippet:-1","max-image-preview":"max-image-preview:large","max-video-preview":"max-video-preview:-1"},"canonical":"https:\/\/cna.ca\/fr\/history-of-nuclear-in-canada\/","og_locale":"fr_FR","og_type":"article","og_title":"Historique du nucl\u00e9aire au Canada\u00a0 - Association nucl\u00e9aire canadienne","og_description":"1900 \u2013 1910 1921 \u2013 1930 1931 \u2013 1940 1941 \u2013 1950 1951 \u2013 1960 1961 \u2013 1970 1971 \u2013 1980 1981 \u2013 1990 1991 &#8211; 2000 2001 \u2013 2010 2011 \u2013 2020 2021 \u2013 Present","og_url":"https:\/\/cna.ca\/fr\/history-of-nuclear-in-canada\/","og_site_name":"Association nucl\u00e9aire canadienne","article_publisher":"http:\/\/www.facebook.com\/canadanuclear","article_modified_time":"2024-01-09T15:20:00+00:00","twitter_misc":{"Est. reading time":"5 minutes"},"schema":{"@context":"https:\/\/schema.org","@graph":[{"@type":"WebPage","@id":"https:\/\/cna.ca\/fr\/history-of-nuclear-in-canada\/","url":"https:\/\/cna.ca\/fr\/history-of-nuclear-in-canada\/","name":"Historique du nucl\u00e9aire au Canada\u00a0 - Association nucl\u00e9aire canadienne","isPartOf":{"@id":"https:\/\/cna.ca\/fr\/#website"},"datePublished":"2023-11-01T15:08:05+00:00","dateModified":"2024-01-09T15:20:00+00:00","breadcrumb":{"@id":"https:\/\/cna.ca\/fr\/history-of-nuclear-in-canada\/#breadcrumb"},"inLanguage":"fr-FR","potentialAction":[{"@type":"ReadAction","target":["https:\/\/cna.ca\/fr\/history-of-nuclear-in-canada\/"]}]},{"@type":"BreadcrumbList","@id":"https:\/\/cna.ca\/fr\/history-of-nuclear-in-canada\/#breadcrumb","itemListElement":[{"@type":"ListItem","position":1,"name":"Home","item":"https:\/\/cna.ca\/fr\/"},{"@type":"ListItem","position":2,"name":"Historique du nucl\u00e9aire au&nbsp;Canada\u00a0"}]},{"@type":"WebSite","@id":"https:\/\/cna.ca\/fr\/#website","url":"https:\/\/cna.ca\/fr\/","name":"Canadian Nuclear Association","description":"The national voice of the Canadian nuclear industry since 1960","publisher":{"@id":"https:\/\/cna.ca\/fr\/#organization"},"potentialAction":[{"@type":"SearchAction","target":{"@type":"EntryPoint","urlTemplate":"https:\/\/cna.ca\/fr\/?s={search_term_string}"},"query-input":{"@type":"PropertyValueSpecification","valueRequired":true,"valueName":"search_term_string"}}],"inLanguage":"fr-FR"},{"@type":"Organization","@id":"https:\/\/cna.ca\/fr\/#organization","name":"Canadian Nuclear Association","url":"https:\/\/cna.ca\/fr\/","logo":{"@type":"ImageObject","inLanguage":"fr-FR","@id":"https:\/\/cna.ca\/fr\/#\/schema\/logo\/image\/","url":"https:\/\/cna.ca\/wp-content\/uploads\/2023\/12\/cropped-cna-logo-only.png","contentUrl":"https:\/\/cna.ca\/wp-content\/uploads\/2023\/12\/cropped-cna-logo-only.png","width":512,"height":512,"caption":"Canadian Nuclear Association"},"image":{"@id":"https:\/\/cna.ca\/fr\/#\/schema\/logo\/image\/"},"sameAs":["http:\/\/www.facebook.com\/canadanuclear","https:\/\/x.com\/canadanuclear","https:\/\/www.instagram.com\/canadanuclear","https:\/\/www.youtube.com\/CanadaNuclear","http:\/\/www.linkedin.com\/company\/canadian-nuclear-association"]}]}},"_links":{"self":[{"href":"https:\/\/cna.ca\/fr\/wp-json\/wp\/v2\/pages\/33727","targetHints":{"allow":["GET"]}}],"collection":[{"href":"https:\/\/cna.ca\/fr\/wp-json\/wp\/v2\/pages"}],"about":[{"href":"https:\/\/cna.ca\/fr\/wp-json\/wp\/v2\/types\/page"}],"author":[{"embeddable":true,"href":"https:\/\/cna.ca\/fr\/wp-json\/wp\/v2\/users\/8480"}],"replies":[{"embeddable":true,"href":"https:\/\/cna.ca\/fr\/wp-json\/wp\/v2\/comments?post=33727"}],"version-history":[{"count":1,"href":"https:\/\/cna.ca\/fr\/wp-json\/wp\/v2\/pages\/33727\/revisions"}],"predecessor-version":[{"id":33729,"href":"https:\/\/cna.ca\/fr\/wp-json\/wp\/v2\/pages\/33727\/revisions\/33729"}],"wp:attachment":[{"href":"https:\/\/cna.ca\/fr\/wp-json\/wp\/v2\/media?parent=33727"}],"wp:term":[{"taxonomy":"topic","embeddable":true,"href":"https:\/\/cna.ca\/fr\/wp-json\/wp\/v2\/topic?post=33727"}],"curies":[{"name":"wp","href":"https:\/\/api.w.org\/{rel}","templated":true}]}}