{"id":33159,"date":"2023-11-01T11:22:30","date_gmt":"2023-11-01T15:36:30","guid":{"rendered":"https:\/\/cna.ca\/canadian-nuclear-factbook\/"},"modified":"2024-01-09T11:09:04","modified_gmt":"2024-01-09T16:09:04","slug":"canadian-nuclear-factbook","status":"publish","type":"page","link":"https:\/\/cna.ca\/fr\/canadian-nuclear-factbook\/","title":{"rendered":"Aide-m\u00e9moire du nucl\u00e9aire&nbsp;au\u00a0Canada"},"content":{"rendered":"\n<p>L\u2019industrie nucl\u00e9aire joue un r\u00f4le primordial au Canada, car elle procure aux foyers et aux entreprises du pays une \u00e9nergie fiable, abordable et \u00e0 faible teneur en carbone. Alors que le monde entier s\u2019interroge sur la mani\u00e8re de pr\u00e9server la vigueur et la r\u00e9silience des \u00e9conomies face \u00e0 l\u2019instabilit\u00e9 g\u00e9opolitique et \u00e0 la menace omnipr\u00e9sente du changement climatique, l\u2019\u00e9nergie nucl\u00e9aire constitue une solution \u00e0 bon nombre des probl\u00e9matiques que nous avons en commun.<\/p>\n\n\n\n<p>Notre Aide-m\u00e9moire offre un aper\u00e7u du r\u00f4le et des r\u00e9alisations de l\u2019\u00e9nergie nucl\u00e9aire et des technologies qui s\u2019y rattachent, au Canada comme partout dans le monde.<\/p>\n\n\n\n<figure class=\"wp-block-image size-full\"><a href=\"\/wp-content\/uploads\/2024\/01\/CNA-Factbook-2023-French.pdf\"><img loading=\"lazy\" decoding=\"async\" width=\"800\" height=\"503\" src=\"https:\/\/cna.ca\/wp-content\/uploads\/2023\/11\/CNA-Factbook-2023-cover-French.jpg\" alt=\"\" class=\"wp-image-33161\" srcset=\"https:\/\/cna.ca\/wp-content\/uploads\/2023\/11\/CNA-Factbook-2023-cover-French.jpg 800w, https:\/\/cna.ca\/wp-content\/uploads\/2023\/11\/CNA-Factbook-2023-cover-French-500x314.jpg 500w, https:\/\/cna.ca\/wp-content\/uploads\/2023\/11\/CNA-Factbook-2023-cover-French-768x483.jpg 768w\" sizes=\"auto, (max-width: 800px) 100vw, 800px\" \/><\/a><\/figure>\n","protected":false},"excerpt":{"rendered":"<p>L\u2019industrie nucl\u00e9aire joue un r\u00f4le primordial au Canada, car elle procure aux foyers et aux entreprises du pays une \u00e9nergie fiable, abordable et \u00e0 faible teneur en carbone. Alors que le monde entier s\u2019interroge sur la mani\u00e8re de pr\u00e9server la vigueur et la r\u00e9silience des \u00e9conomies face \u00e0 l\u2019instabilit\u00e9 g\u00e9opolitique et \u00e0 la menace omnipr\u00e9sente [&hellip;]<\/p>\n","protected":false},"author":8480,"featured_media":0,"parent":0,"menu_order":22,"comment_status":"closed","ping_status":"closed","template":"","meta":{"_acf_changed":false,"footnotes":""},"topic":[],"class_list":["post-33159","page","type-page","status-publish","hentry"],"acf":[],"yoast_head":"<!-- This site is optimized with the Yoast SEO plugin v27.3 - https:\/\/yoast.com\/product\/yoast-seo-wordpress\/ -->\n<title>Aide-m\u00e9moire du nucl\u00e9aire au\u00a0Canada - Association nucl\u00e9aire canadienne<\/title>\n<meta name=\"robots\" content=\"index, follow, max-snippet:-1, max-image-preview:large, max-video-preview:-1\" \/>\n<link rel=\"canonical\" href=\"https:\/\/cna.ca\/fr\/canadian-nuclear-factbook\/\" \/>\n<meta property=\"og:locale\" content=\"fr_FR\" \/>\n<meta property=\"og:type\" content=\"article\" \/>\n<meta property=\"og:title\" content=\"Aide-m\u00e9moire du nucl\u00e9aire au\u00a0Canada - Association nucl\u00e9aire canadienne\" \/>\n<meta property=\"og:description\" content=\"L\u2019industrie nucl\u00e9aire joue un r\u00f4le primordial au Canada, car elle procure aux foyers et aux entreprises du pays une \u00e9nergie fiable, abordable et \u00e0 faible teneur en carbone. Alors que le monde entier s\u2019interroge sur la mani\u00e8re de pr\u00e9server la vigueur et la r\u00e9silience des \u00e9conomies face \u00e0 l\u2019instabilit\u00e9 g\u00e9opolitique et \u00e0 la menace omnipr\u00e9sente [&hellip;]\" \/>\n<meta property=\"og:url\" content=\"https:\/\/cna.ca\/fr\/canadian-nuclear-factbook\/\" \/>\n<meta property=\"og:site_name\" content=\"Association nucl\u00e9aire canadienne\" \/>\n<meta property=\"article:publisher\" content=\"http:\/\/www.facebook.com\/canadanuclear\" \/>\n<meta property=\"article:modified_time\" content=\"2024-01-09T16:09:04+00:00\" \/>\n<meta property=\"og:image\" content=\"https:\/\/cna.ca\/wp-content\/uploads\/2023\/11\/CNA-Factbook-2023-cover-French.jpg\" \/>\n<meta name=\"twitter:label1\" content=\"Est. reading time\" \/>\n\t<meta name=\"twitter:data1\" content=\"1 minute\" \/>\n<script type=\"application\/ld+json\" class=\"yoast-schema-graph\">{\"@context\":\"https:\\\/\\\/schema.org\",\"@graph\":[{\"@type\":\"WebPage\",\"@id\":\"https:\\\/\\\/cna.ca\\\/fr\\\/canadian-nuclear-factbook\\\/\",\"url\":\"https:\\\/\\\/cna.ca\\\/fr\\\/canadian-nuclear-factbook\\\/\",\"name\":\"Aide-m\u00e9moire du nucl\u00e9aire au\u00a0Canada - Association nucl\u00e9aire canadienne\",\"isPartOf\":{\"@id\":\"https:\\\/\\\/cna.ca\\\/fr\\\/#website\"},\"primaryImageOfPage\":{\"@id\":\"https:\\\/\\\/cna.ca\\\/fr\\\/canadian-nuclear-factbook\\\/#primaryimage\"},\"image\":{\"@id\":\"https:\\\/\\\/cna.ca\\\/fr\\\/canadian-nuclear-factbook\\\/#primaryimage\"},\"thumbnailUrl\":\"https:\\\/\\\/cna.ca\\\/wp-content\\\/uploads\\\/2023\\\/11\\\/CNA-Factbook-2023-cover-French.jpg\",\"datePublished\":\"2023-11-01T15:36:30+00:00\",\"dateModified\":\"2024-01-09T16:09:04+00:00\",\"breadcrumb\":{\"@id\":\"https:\\\/\\\/cna.ca\\\/fr\\\/canadian-nuclear-factbook\\\/#breadcrumb\"},\"inLanguage\":\"fr-FR\",\"potentialAction\":[{\"@type\":\"ReadAction\",\"target\":[\"https:\\\/\\\/cna.ca\\\/fr\\\/canadian-nuclear-factbook\\\/\"]}]},{\"@type\":\"ImageObject\",\"inLanguage\":\"fr-FR\",\"@id\":\"https:\\\/\\\/cna.ca\\\/fr\\\/canadian-nuclear-factbook\\\/#primaryimage\",\"url\":\"https:\\\/\\\/cna.ca\\\/wp-content\\\/uploads\\\/2023\\\/11\\\/CNA-Factbook-2023-cover-French.jpg\",\"contentUrl\":\"https:\\\/\\\/cna.ca\\\/wp-content\\\/uploads\\\/2023\\\/11\\\/CNA-Factbook-2023-cover-French.jpg\"},{\"@type\":\"BreadcrumbList\",\"@id\":\"https:\\\/\\\/cna.ca\\\/fr\\\/canadian-nuclear-factbook\\\/#breadcrumb\",\"itemListElement\":[{\"@type\":\"ListItem\",\"position\":1,\"name\":\"Home\",\"item\":\"https:\\\/\\\/cna.ca\\\/fr\\\/\"},{\"@type\":\"ListItem\",\"position\":2,\"name\":\"Aide-m\u00e9moire du nucl\u00e9aire&nbsp;au\u00a0Canada\"}]},{\"@type\":\"WebSite\",\"@id\":\"https:\\\/\\\/cna.ca\\\/fr\\\/#website\",\"url\":\"https:\\\/\\\/cna.ca\\\/fr\\\/\",\"name\":\"Canadian Nuclear Association\",\"description\":\"The national voice of the Canadian nuclear industry since 1960\",\"publisher\":{\"@id\":\"https:\\\/\\\/cna.ca\\\/fr\\\/#organization\"},\"potentialAction\":[{\"@type\":\"SearchAction\",\"target\":{\"@type\":\"EntryPoint\",\"urlTemplate\":\"https:\\\/\\\/cna.ca\\\/fr\\\/?s={search_term_string}\"},\"query-input\":{\"@type\":\"PropertyValueSpecification\",\"valueRequired\":true,\"valueName\":\"search_term_string\"}}],\"inLanguage\":\"fr-FR\"},{\"@type\":\"Organization\",\"@id\":\"https:\\\/\\\/cna.ca\\\/fr\\\/#organization\",\"name\":\"Canadian Nuclear Association\",\"url\":\"https:\\\/\\\/cna.ca\\\/fr\\\/\",\"logo\":{\"@type\":\"ImageObject\",\"inLanguage\":\"fr-FR\",\"@id\":\"https:\\\/\\\/cna.ca\\\/fr\\\/#\\\/schema\\\/logo\\\/image\\\/\",\"url\":\"https:\\\/\\\/cna.ca\\\/wp-content\\\/uploads\\\/2023\\\/12\\\/cropped-cna-logo-only.png\",\"contentUrl\":\"https:\\\/\\\/cna.ca\\\/wp-content\\\/uploads\\\/2023\\\/12\\\/cropped-cna-logo-only.png\",\"width\":512,\"height\":512,\"caption\":\"Canadian Nuclear Association\"},\"image\":{\"@id\":\"https:\\\/\\\/cna.ca\\\/fr\\\/#\\\/schema\\\/logo\\\/image\\\/\"},\"sameAs\":[\"http:\\\/\\\/www.facebook.com\\\/canadanuclear\",\"https:\\\/\\\/x.com\\\/canadanuclear\",\"https:\\\/\\\/www.instagram.com\\\/canadanuclear\",\"https:\\\/\\\/www.youtube.com\\\/CanadaNuclear\",\"http:\\\/\\\/www.linkedin.com\\\/company\\\/canadian-nuclear-association\"]}]}<\/script>\n<!-- \/ Yoast SEO plugin. -->","yoast_head_json":{"title":"Aide-m\u00e9moire du nucl\u00e9aire au\u00a0Canada - Association nucl\u00e9aire canadienne","robots":{"index":"index","follow":"follow","max-snippet":"max-snippet:-1","max-image-preview":"max-image-preview:large","max-video-preview":"max-video-preview:-1"},"canonical":"https:\/\/cna.ca\/fr\/canadian-nuclear-factbook\/","og_locale":"fr_FR","og_type":"article","og_title":"Aide-m\u00e9moire du nucl\u00e9aire au\u00a0Canada - Association nucl\u00e9aire canadienne","og_description":"L\u2019industrie nucl\u00e9aire joue un r\u00f4le primordial au Canada, car elle procure aux foyers et aux entreprises du pays une \u00e9nergie fiable, abordable et \u00e0 faible teneur en carbone. Alors que le monde entier s\u2019interroge sur la mani\u00e8re de pr\u00e9server la vigueur et la r\u00e9silience des \u00e9conomies face \u00e0 l\u2019instabilit\u00e9 g\u00e9opolitique et \u00e0 la menace omnipr\u00e9sente [&hellip;]","og_url":"https:\/\/cna.ca\/fr\/canadian-nuclear-factbook\/","og_site_name":"Association nucl\u00e9aire canadienne","article_publisher":"http:\/\/www.facebook.com\/canadanuclear","article_modified_time":"2024-01-09T16:09:04+00:00","og_image":[{"url":"https:\/\/cna.ca\/wp-content\/uploads\/2023\/11\/CNA-Factbook-2023-cover-French.jpg","type":"","width":"","height":""}],"twitter_misc":{"Est. reading time":"1 minute"},"schema":{"@context":"https:\/\/schema.org","@graph":[{"@type":"WebPage","@id":"https:\/\/cna.ca\/fr\/canadian-nuclear-factbook\/","url":"https:\/\/cna.ca\/fr\/canadian-nuclear-factbook\/","name":"Aide-m\u00e9moire du nucl\u00e9aire au\u00a0Canada - Association nucl\u00e9aire canadienne","isPartOf":{"@id":"https:\/\/cna.ca\/fr\/#website"},"primaryImageOfPage":{"@id":"https:\/\/cna.ca\/fr\/canadian-nuclear-factbook\/#primaryimage"},"image":{"@id":"https:\/\/cna.ca\/fr\/canadian-nuclear-factbook\/#primaryimage"},"thumbnailUrl":"https:\/\/cna.ca\/wp-content\/uploads\/2023\/11\/CNA-Factbook-2023-cover-French.jpg","datePublished":"2023-11-01T15:36:30+00:00","dateModified":"2024-01-09T16:09:04+00:00","breadcrumb":{"@id":"https:\/\/cna.ca\/fr\/canadian-nuclear-factbook\/#breadcrumb"},"inLanguage":"fr-FR","potentialAction":[{"@type":"ReadAction","target":["https:\/\/cna.ca\/fr\/canadian-nuclear-factbook\/"]}]},{"@type":"ImageObject","inLanguage":"fr-FR","@id":"https:\/\/cna.ca\/fr\/canadian-nuclear-factbook\/#primaryimage","url":"https:\/\/cna.ca\/wp-content\/uploads\/2023\/11\/CNA-Factbook-2023-cover-French.jpg","contentUrl":"https:\/\/cna.ca\/wp-content\/uploads\/2023\/11\/CNA-Factbook-2023-cover-French.jpg"},{"@type":"BreadcrumbList","@id":"https:\/\/cna.ca\/fr\/canadian-nuclear-factbook\/#breadcrumb","itemListElement":[{"@type":"ListItem","position":1,"name":"Home","item":"https:\/\/cna.ca\/fr\/"},{"@type":"ListItem","position":2,"name":"Aide-m\u00e9moire du nucl\u00e9aire&nbsp;au\u00a0Canada"}]},{"@type":"WebSite","@id":"https:\/\/cna.ca\/fr\/#website","url":"https:\/\/cna.ca\/fr\/","name":"Canadian Nuclear Association","description":"The national voice of the Canadian nuclear industry since 1960","publisher":{"@id":"https:\/\/cna.ca\/fr\/#organization"},"potentialAction":[{"@type":"SearchAction","target":{"@type":"EntryPoint","urlTemplate":"https:\/\/cna.ca\/fr\/?s={search_term_string}"},"query-input":{"@type":"PropertyValueSpecification","valueRequired":true,"valueName":"search_term_string"}}],"inLanguage":"fr-FR"},{"@type":"Organization","@id":"https:\/\/cna.ca\/fr\/#organization","name":"Canadian Nuclear Association","url":"https:\/\/cna.ca\/fr\/","logo":{"@type":"ImageObject","inLanguage":"fr-FR","@id":"https:\/\/cna.ca\/fr\/#\/schema\/logo\/image\/","url":"https:\/\/cna.ca\/wp-content\/uploads\/2023\/12\/cropped-cna-logo-only.png","contentUrl":"https:\/\/cna.ca\/wp-content\/uploads\/2023\/12\/cropped-cna-logo-only.png","width":512,"height":512,"caption":"Canadian Nuclear Association"},"image":{"@id":"https:\/\/cna.ca\/fr\/#\/schema\/logo\/image\/"},"sameAs":["http:\/\/www.facebook.com\/canadanuclear","https:\/\/x.com\/canadanuclear","https:\/\/www.instagram.com\/canadanuclear","https:\/\/www.youtube.com\/CanadaNuclear","http:\/\/www.linkedin.com\/company\/canadian-nuclear-association"]}]}},"_links":{"self":[{"href":"https:\/\/cna.ca\/fr\/wp-json\/wp\/v2\/pages\/33159","targetHints":{"allow":["GET"]}}],"collection":[{"href":"https:\/\/cna.ca\/fr\/wp-json\/wp\/v2\/pages"}],"about":[{"href":"https:\/\/cna.ca\/fr\/wp-json\/wp\/v2\/types\/page"}],"author":[{"embeddable":true,"href":"https:\/\/cna.ca\/fr\/wp-json\/wp\/v2\/users\/8480"}],"replies":[{"embeddable":true,"href":"https:\/\/cna.ca\/fr\/wp-json\/wp\/v2\/comments?post=33159"}],"version-history":[{"count":6,"href":"https:\/\/cna.ca\/fr\/wp-json\/wp\/v2\/pages\/33159\/revisions"}],"predecessor-version":[{"id":33754,"href":"https:\/\/cna.ca\/fr\/wp-json\/wp\/v2\/pages\/33159\/revisions\/33754"}],"wp:attachment":[{"href":"https:\/\/cna.ca\/fr\/wp-json\/wp\/v2\/media?parent=33159"}],"wp:term":[{"taxonomy":"topic","embeddable":true,"href":"https:\/\/cna.ca\/fr\/wp-json\/wp\/v2\/topic?post=33159"}],"curies":[{"name":"wp","href":"https:\/\/api.w.org\/{rel}","templated":true}]}}