{"id":33155,"date":"2023-11-23T10:32:26","date_gmt":"2023-11-23T15:32:26","guid":{"rendered":"https:\/\/cna.ca\/?page_id=33155"},"modified":"2024-01-10T09:30:12","modified_gmt":"2024-01-10T14:30:12","slug":"recherche-et-politiques","status":"publish","type":"page","link":"https:\/\/cna.ca\/fr\/recherche-et-politiques\/","title":{"rendered":"Recherche et&nbsp;politiques"},"content":{"rendered":"\n<p>L\u2019Association nucl\u00e9aire canadienne effectue des recherches et fournit des conseils sur tous les aspects de l\u2019\u00e9nergie nucl\u00e9aire dans le cadre d\u2019une collaboration nationale et internationale impliquant diverses parties prenantes \u2014 notamment l\u2019industrie, les gouvernements, la soci\u00e9t\u00e9 civile, ainsi que les nations et les collectivit\u00e9s autochtones. Notre action consiste \u00e9galement \u00e0 favoriser la concertation avec les organisations nationales et internationales du secteur \u00e9nerg\u00e9tique, compte tenu de l\u2019interd\u00e9pendance des cha\u00eenes d\u2019approvisionnement, du financement, des r\u00e9glementations et d\u2019autres \u00e9l\u00e9ments relatifs au nucl\u00e9aire.<\/p>\n\n\n\n\n\n\n\n\n\n\n\n\n","protected":false},"excerpt":{"rendered":"<p>L\u2019Association nucl\u00e9aire canadienne effectue des recherches et fournit des conseils sur tous les aspects de l\u2019\u00e9nergie nucl\u00e9aire dans le cadre d\u2019une collaboration nationale et internationale impliquant diverses parties prenantes \u2014 notamment l\u2019industrie, les gouvernements, la soci\u00e9t\u00e9 civile, ainsi que les nations et les collectivit\u00e9s autochtones. Notre action consiste \u00e9galement \u00e0 favoriser la concertation avec les [&hellip;]<\/p>\n","protected":false},"author":8480,"featured_media":0,"parent":0,"menu_order":22,"comment_status":"closed","ping_status":"closed","template":"","meta":{"_acf_changed":false,"footnotes":""},"topic":[],"class_list":["post-33155","page","type-page","status-publish","hentry"],"acf":[],"yoast_head":"<!-- This site is optimized with the Yoast SEO plugin v27.3 - https:\/\/yoast.com\/product\/yoast-seo-wordpress\/ -->\n<title>Recherche et politiques - Association nucl\u00e9aire canadienne<\/title>\n<meta name=\"robots\" content=\"index, follow, max-snippet:-1, max-image-preview:large, max-video-preview:-1\" \/>\n<link rel=\"canonical\" href=\"https:\/\/cna.ca\/fr\/recherche-et-politiques\/\" \/>\n<meta property=\"og:locale\" content=\"fr_FR\" \/>\n<meta property=\"og:type\" content=\"article\" \/>\n<meta property=\"og:title\" content=\"Recherche et politiques - Association nucl\u00e9aire canadienne\" \/>\n<meta property=\"og:description\" content=\"L\u2019Association nucl\u00e9aire canadienne effectue des recherches et fournit des conseils sur tous les aspects de l\u2019\u00e9nergie nucl\u00e9aire dans le cadre d\u2019une collaboration nationale et internationale impliquant diverses parties prenantes \u2014 notamment l\u2019industrie, les gouvernements, la soci\u00e9t\u00e9 civile, ainsi que les nations et les collectivit\u00e9s autochtones. Notre action consiste \u00e9galement \u00e0 favoriser la concertation avec les [&hellip;]\" \/>\n<meta property=\"og:url\" content=\"https:\/\/cna.ca\/fr\/recherche-et-politiques\/\" \/>\n<meta property=\"og:site_name\" content=\"Association nucl\u00e9aire canadienne\" \/>\n<meta property=\"article:publisher\" content=\"http:\/\/www.facebook.com\/canadanuclear\" \/>\n<meta property=\"article:modified_time\" content=\"2024-01-10T14:30:12+00:00\" \/>\n<meta name=\"twitter:label1\" content=\"Est. reading time\" \/>\n\t<meta name=\"twitter:data1\" content=\"1 minute\" \/>\n<script type=\"application\/ld+json\" class=\"yoast-schema-graph\">{\"@context\":\"https:\\\/\\\/schema.org\",\"@graph\":[{\"@type\":\"WebPage\",\"@id\":\"https:\\\/\\\/cna.ca\\\/fr\\\/recherche-et-politiques\\\/\",\"url\":\"https:\\\/\\\/cna.ca\\\/fr\\\/recherche-et-politiques\\\/\",\"name\":\"Recherche et politiques - Association nucl\u00e9aire canadienne\",\"isPartOf\":{\"@id\":\"https:\\\/\\\/cna.ca\\\/fr\\\/#website\"},\"datePublished\":\"2023-11-23T15:32:26+00:00\",\"dateModified\":\"2024-01-10T14:30:12+00:00\",\"breadcrumb\":{\"@id\":\"https:\\\/\\\/cna.ca\\\/fr\\\/recherche-et-politiques\\\/#breadcrumb\"},\"inLanguage\":\"fr-FR\",\"potentialAction\":[{\"@type\":\"ReadAction\",\"target\":[\"https:\\\/\\\/cna.ca\\\/fr\\\/recherche-et-politiques\\\/\"]}]},{\"@type\":\"BreadcrumbList\",\"@id\":\"https:\\\/\\\/cna.ca\\\/fr\\\/recherche-et-politiques\\\/#breadcrumb\",\"itemListElement\":[{\"@type\":\"ListItem\",\"position\":1,\"name\":\"Home\",\"item\":\"https:\\\/\\\/cna.ca\\\/fr\\\/\"},{\"@type\":\"ListItem\",\"position\":2,\"name\":\"Recherche et&nbsp;politiques\"}]},{\"@type\":\"WebSite\",\"@id\":\"https:\\\/\\\/cna.ca\\\/fr\\\/#website\",\"url\":\"https:\\\/\\\/cna.ca\\\/fr\\\/\",\"name\":\"Canadian Nuclear Association\",\"description\":\"The national voice of the Canadian nuclear industry since 1960\",\"publisher\":{\"@id\":\"https:\\\/\\\/cna.ca\\\/fr\\\/#organization\"},\"potentialAction\":[{\"@type\":\"SearchAction\",\"target\":{\"@type\":\"EntryPoint\",\"urlTemplate\":\"https:\\\/\\\/cna.ca\\\/fr\\\/?s={search_term_string}\"},\"query-input\":{\"@type\":\"PropertyValueSpecification\",\"valueRequired\":true,\"valueName\":\"search_term_string\"}}],\"inLanguage\":\"fr-FR\"},{\"@type\":\"Organization\",\"@id\":\"https:\\\/\\\/cna.ca\\\/fr\\\/#organization\",\"name\":\"Canadian Nuclear Association\",\"url\":\"https:\\\/\\\/cna.ca\\\/fr\\\/\",\"logo\":{\"@type\":\"ImageObject\",\"inLanguage\":\"fr-FR\",\"@id\":\"https:\\\/\\\/cna.ca\\\/fr\\\/#\\\/schema\\\/logo\\\/image\\\/\",\"url\":\"https:\\\/\\\/cna.ca\\\/wp-content\\\/uploads\\\/2023\\\/12\\\/cropped-cna-logo-only.png\",\"contentUrl\":\"https:\\\/\\\/cna.ca\\\/wp-content\\\/uploads\\\/2023\\\/12\\\/cropped-cna-logo-only.png\",\"width\":512,\"height\":512,\"caption\":\"Canadian Nuclear Association\"},\"image\":{\"@id\":\"https:\\\/\\\/cna.ca\\\/fr\\\/#\\\/schema\\\/logo\\\/image\\\/\"},\"sameAs\":[\"http:\\\/\\\/www.facebook.com\\\/canadanuclear\",\"https:\\\/\\\/x.com\\\/canadanuclear\",\"https:\\\/\\\/www.instagram.com\\\/canadanuclear\",\"https:\\\/\\\/www.youtube.com\\\/CanadaNuclear\",\"http:\\\/\\\/www.linkedin.com\\\/company\\\/canadian-nuclear-association\"]}]}<\/script>\n<!-- \/ Yoast SEO plugin. -->","yoast_head_json":{"title":"Recherche et politiques - Association nucl\u00e9aire canadienne","robots":{"index":"index","follow":"follow","max-snippet":"max-snippet:-1","max-image-preview":"max-image-preview:large","max-video-preview":"max-video-preview:-1"},"canonical":"https:\/\/cna.ca\/fr\/recherche-et-politiques\/","og_locale":"fr_FR","og_type":"article","og_title":"Recherche et politiques - Association nucl\u00e9aire canadienne","og_description":"L\u2019Association nucl\u00e9aire canadienne effectue des recherches et fournit des conseils sur tous les aspects de l\u2019\u00e9nergie nucl\u00e9aire dans le cadre d\u2019une collaboration nationale et internationale impliquant diverses parties prenantes \u2014 notamment l\u2019industrie, les gouvernements, la soci\u00e9t\u00e9 civile, ainsi que les nations et les collectivit\u00e9s autochtones. Notre action consiste \u00e9galement \u00e0 favoriser la concertation avec les [&hellip;]","og_url":"https:\/\/cna.ca\/fr\/recherche-et-politiques\/","og_site_name":"Association nucl\u00e9aire canadienne","article_publisher":"http:\/\/www.facebook.com\/canadanuclear","article_modified_time":"2024-01-10T14:30:12+00:00","twitter_misc":{"Est. reading time":"1 minute"},"schema":{"@context":"https:\/\/schema.org","@graph":[{"@type":"WebPage","@id":"https:\/\/cna.ca\/fr\/recherche-et-politiques\/","url":"https:\/\/cna.ca\/fr\/recherche-et-politiques\/","name":"Recherche et politiques - Association nucl\u00e9aire canadienne","isPartOf":{"@id":"https:\/\/cna.ca\/fr\/#website"},"datePublished":"2023-11-23T15:32:26+00:00","dateModified":"2024-01-10T14:30:12+00:00","breadcrumb":{"@id":"https:\/\/cna.ca\/fr\/recherche-et-politiques\/#breadcrumb"},"inLanguage":"fr-FR","potentialAction":[{"@type":"ReadAction","target":["https:\/\/cna.ca\/fr\/recherche-et-politiques\/"]}]},{"@type":"BreadcrumbList","@id":"https:\/\/cna.ca\/fr\/recherche-et-politiques\/#breadcrumb","itemListElement":[{"@type":"ListItem","position":1,"name":"Home","item":"https:\/\/cna.ca\/fr\/"},{"@type":"ListItem","position":2,"name":"Recherche et&nbsp;politiques"}]},{"@type":"WebSite","@id":"https:\/\/cna.ca\/fr\/#website","url":"https:\/\/cna.ca\/fr\/","name":"Canadian Nuclear Association","description":"The national voice of the Canadian nuclear industry since 1960","publisher":{"@id":"https:\/\/cna.ca\/fr\/#organization"},"potentialAction":[{"@type":"SearchAction","target":{"@type":"EntryPoint","urlTemplate":"https:\/\/cna.ca\/fr\/?s={search_term_string}"},"query-input":{"@type":"PropertyValueSpecification","valueRequired":true,"valueName":"search_term_string"}}],"inLanguage":"fr-FR"},{"@type":"Organization","@id":"https:\/\/cna.ca\/fr\/#organization","name":"Canadian Nuclear Association","url":"https:\/\/cna.ca\/fr\/","logo":{"@type":"ImageObject","inLanguage":"fr-FR","@id":"https:\/\/cna.ca\/fr\/#\/schema\/logo\/image\/","url":"https:\/\/cna.ca\/wp-content\/uploads\/2023\/12\/cropped-cna-logo-only.png","contentUrl":"https:\/\/cna.ca\/wp-content\/uploads\/2023\/12\/cropped-cna-logo-only.png","width":512,"height":512,"caption":"Canadian Nuclear Association"},"image":{"@id":"https:\/\/cna.ca\/fr\/#\/schema\/logo\/image\/"},"sameAs":["http:\/\/www.facebook.com\/canadanuclear","https:\/\/x.com\/canadanuclear","https:\/\/www.instagram.com\/canadanuclear","https:\/\/www.youtube.com\/CanadaNuclear","http:\/\/www.linkedin.com\/company\/canadian-nuclear-association"]}]}},"_links":{"self":[{"href":"https:\/\/cna.ca\/fr\/wp-json\/wp\/v2\/pages\/33155","targetHints":{"allow":["GET"]}}],"collection":[{"href":"https:\/\/cna.ca\/fr\/wp-json\/wp\/v2\/pages"}],"about":[{"href":"https:\/\/cna.ca\/fr\/wp-json\/wp\/v2\/types\/page"}],"author":[{"embeddable":true,"href":"https:\/\/cna.ca\/fr\/wp-json\/wp\/v2\/users\/8480"}],"replies":[{"embeddable":true,"href":"https:\/\/cna.ca\/fr\/wp-json\/wp\/v2\/comments?post=33155"}],"version-history":[{"count":5,"href":"https:\/\/cna.ca\/fr\/wp-json\/wp\/v2\/pages\/33155\/revisions"}],"predecessor-version":[{"id":33810,"href":"https:\/\/cna.ca\/fr\/wp-json\/wp\/v2\/pages\/33155\/revisions\/33810"}],"wp:attachment":[{"href":"https:\/\/cna.ca\/fr\/wp-json\/wp\/v2\/media?parent=33155"}],"wp:term":[{"taxonomy":"topic","embeddable":true,"href":"https:\/\/cna.ca\/fr\/wp-json\/wp\/v2\/topic?post=33155"}],"curies":[{"name":"wp","href":"https:\/\/api.w.org\/{rel}","templated":true}]}}