{"id":33153,"date":"2023-11-23T10:31:23","date_gmt":"2023-11-23T15:31:23","guid":{"rendered":"https:\/\/cna.ca\/?page_id=33153"},"modified":"2023-11-23T10:31:23","modified_gmt":"2023-11-23T15:31:23","slug":"profils-des-provinces","status":"publish","type":"page","link":"https:\/\/cna.ca\/fr\/profils-des-provinces\/","title":{"rendered":"Profils des&nbsp;provinces"},"content":{"rendered":"\n<h2 class=\"wp-block-heading\">Ontario<\/h2>\n\n\n\n<p>Le nucl\u00e9aire joue un r\u00f4le essentiel sur la sc\u00e8ne \u00e9nerg\u00e9tique ontarienne, car il contribue de mani\u00e8re significative \u00e0 la production \u00e9lectrique de la province. L\u2019Ontario poss\u00e8de l\u2019un des plus grands parcs nucl\u00e9aires d\u2019Am\u00e9rique du Nord, compos\u00e9 de plusieurs centrales nucl\u00e9aires, dont celles de Bruce et de Darlington. L\u2019\u00e9nergie nucl\u00e9aire g\u00e9n\u00e8re une quantit\u00e9 abondante et constante d\u2019\u00e9lectricit\u00e9, contribuant \u00e0 hauteur d\u2019environ 60&nbsp;% \u00e0 la production totale d\u2019\u00e9lectricit\u00e9 de la province. Cette source d\u2019\u00e9nergie fiable a aid\u00e9 l\u2019Ontario \u00e0 r\u00e9duire ses \u00e9missions de gaz \u00e0 effet de serre et \u00e0 maintenir un r\u00e9seau \u00e9lectrique stable et s\u00e9curitaire. La province continue d\u2019investir dans la r\u00e9fection et la modernisation de son infrastructure nucl\u00e9aire de mani\u00e8re \u00e0 garantir la s\u00e9curit\u00e9 et le fonctionnement durable de ces installations pour les ann\u00e9es \u00e0 venir, ce qui fait de l\u2019\u00e9nergie nucl\u00e9aire une pierre angulaire de la strat\u00e9gie de l\u2019Ontario en mati\u00e8re d\u2019\u00e9nergie propre.<\/p>\n\n\n\n<h2 class=\"wp-block-heading\">Nouveau-Brunswick<\/h2>\n\n\n\n<p>Au Nouveau-Brunswick, l\u2019\u00e9nergie nucl\u00e9aire joue un r\u00f4le pr\u00e9pond\u00e9rant dans le portefeuille \u00e9nerg\u00e9tique de la province. La centrale nucl\u00e9aire de Point Lepreau, la seule installation nucl\u00e9aire du Nouveau-Brunswick, apporte une contribution essentielle \u00e0 l\u2019approvisionnement \u00e9lectrique sur le territoire. Ce r\u00e9acteur CanDU fournit une source d\u2019\u00e9lectricit\u00e9 stable et fiable, repr\u00e9sentant une proportion appr\u00e9ciable de la production d\u2019\u00e9nergie du Nouveau-Brunswick. La province a \u00e9galement sond\u00e9 le potentiel de futurs d\u00e9veloppements nucl\u00e9aires, en consid\u00e9rant des technologies de r\u00e9acteurs avanc\u00e9s qui pourraient renforcer sa durabilit\u00e9 \u00e9nerg\u00e9tique, en plus de soutenir la transition vers un avenir \u00e9nerg\u00e9tique plus vert et plus r\u00e9silient.<\/p>\n\n\n\n<h2 class=\"wp-block-heading\">Alberta<\/h2>\n\n\n\n<p>Dans un contexte o\u00f9 la province souhaite diversifier ses sources \u00e9nerg\u00e9tiques, la question du nucl\u00e9aire suscite de l\u2019int\u00e9r\u00eat en Alberta et fait l\u2019objet d\u2019\u00e9tudes. \u00c0 l\u2019heure actuelle, l\u2019Alberta ne dispose pas de centrales nucl\u00e9aires op\u00e9rationnelles; en revanche, de nombreuses discussions autour de la contribution \u00e9ventuelle du nucl\u00e9aire au bouquet \u00e9nerg\u00e9tique de la province ont fait surface. La province b\u00e9n\u00e9ficie d\u2019abondantes ressources en uranium, ce qui pourrait favoriser le d\u00e9ploiement prochain de cette forme d\u2019\u00e9nergie. L\u2019int\u00e9r\u00eat de l\u2019Alberta \u00e0 l\u2019\u00e9gard du nucl\u00e9aire est motiv\u00e9 par son souci de r\u00e9duire les \u00e9missions de gaz \u00e0 effet de serre et de r\u00e9aliser la transition vers des sources d\u2019\u00e9nergie plus propres.<\/p>\n\n\n\n<h2 class=\"wp-block-heading\">Saskatchewan<\/h2>\n\n\n\n<p>L\u2019\u00e9nergie nucl\u00e9aire en Saskatchewan continue de faire l\u2019objet de discussions et d\u2019\u00e9valuations. La province n\u2019exploite actuellement aucune centrale nucl\u00e9aire, mais a manifest\u00e9 son int\u00e9r\u00eat \u00e0 \u00e9tudier les avantages \u00e9ventuels du nucl\u00e9aire comme composante de son portefeuille \u00e9nerg\u00e9tique. La Saskatchewan est une province riche en ressources d\u2019uranium, ce qui en fait une r\u00e9gion bien adapt\u00e9e \u00e0 la production d\u2019\u00e9nergie nucl\u00e9aire. Le gouvernement provincial a effectu\u00e9 des analyses pour \u00e9valuer la faisabilit\u00e9 et la s\u00e9curit\u00e9 de l\u2019\u00e9nergie nucl\u00e9aire en tant que source d\u2019\u00e9lectricit\u00e9 propre et fiable. Les principales questions \u00e0 prendre en compte sont la r\u00e9duction des \u00e9missions de gaz \u00e0 effet de serre, la s\u00e9curit\u00e9 \u00e9nerg\u00e9tique, ainsi que la satisfaction durable de la demande croissante d\u2019\u00e9lectricit\u00e9.<\/p>\n\n\n\n<h2 class=\"wp-block-heading\">Nouveaut\u00e9s<\/h2>\n\n\n\n<p>Les provinces de l\u2019Ontario, de la Saskatchewan, du Nouveau-Brunswick et de l\u2019Alberta ont \u00e9labor\u00e9 de concert un plan strat\u00e9gique permettant d\u2019\u00e9tablir la marche \u00e0 suivre pour les petits r\u00e9acteurs modulaires (PRM).<\/p>\n","protected":false},"excerpt":{"rendered":"<p>Ontario Le nucl\u00e9aire joue un r\u00f4le essentiel sur la sc\u00e8ne \u00e9nerg\u00e9tique ontarienne, car il contribue de mani\u00e8re significative \u00e0 la production \u00e9lectrique de la province. L\u2019Ontario poss\u00e8de l\u2019un des plus grands parcs nucl\u00e9aires d\u2019Am\u00e9rique du Nord, compos\u00e9 de plusieurs centrales nucl\u00e9aires, dont celles de Bruce et de Darlington. L\u2019\u00e9nergie nucl\u00e9aire g\u00e9n\u00e8re une quantit\u00e9 abondante et [&hellip;]<\/p>\n","protected":false},"author":8480,"featured_media":0,"parent":0,"menu_order":22,"comment_status":"closed","ping_status":"closed","template":"","meta":{"_acf_changed":false,"footnotes":""},"topic":[],"class_list":["post-33153","page","type-page","status-publish","hentry"],"acf":[],"yoast_head":"<!-- This site is optimized with the Yoast SEO plugin v27.4 - https:\/\/yoast.com\/product\/yoast-seo-wordpress\/ -->\n<title>Profils des provinces - Association nucl\u00e9aire canadienne<\/title>\n<meta name=\"robots\" content=\"index, follow, max-snippet:-1, max-image-preview:large, max-video-preview:-1\" \/>\n<link rel=\"canonical\" href=\"https:\/\/cna.ca\/fr\/profils-des-provinces\/\" \/>\n<meta property=\"og:locale\" content=\"fr_FR\" \/>\n<meta property=\"og:type\" content=\"article\" \/>\n<meta property=\"og:title\" content=\"Profils des provinces - Association nucl\u00e9aire canadienne\" \/>\n<meta property=\"og:description\" content=\"Ontario Le nucl\u00e9aire joue un r\u00f4le essentiel sur la sc\u00e8ne \u00e9nerg\u00e9tique ontarienne, car il contribue de mani\u00e8re significative \u00e0 la production \u00e9lectrique de la province. L\u2019Ontario poss\u00e8de l\u2019un des plus grands parcs nucl\u00e9aires d\u2019Am\u00e9rique du Nord, compos\u00e9 de plusieurs centrales nucl\u00e9aires, dont celles de Bruce et de Darlington. L\u2019\u00e9nergie nucl\u00e9aire g\u00e9n\u00e8re une quantit\u00e9 abondante et [&hellip;]\" \/>\n<meta property=\"og:url\" content=\"https:\/\/cna.ca\/fr\/profils-des-provinces\/\" \/>\n<meta property=\"og:site_name\" content=\"Association nucl\u00e9aire canadienne\" \/>\n<meta property=\"article:publisher\" content=\"http:\/\/www.facebook.com\/canadanuclear\" \/>\n<meta name=\"twitter:label1\" content=\"Est. reading time\" \/>\n\t<meta name=\"twitter:data1\" content=\"3 minutes\" \/>\n<script type=\"application\/ld+json\" class=\"yoast-schema-graph\">{\"@context\":\"https:\\\/\\\/schema.org\",\"@graph\":[{\"@type\":\"WebPage\",\"@id\":\"https:\\\/\\\/cna.ca\\\/fr\\\/profils-des-provinces\\\/\",\"url\":\"https:\\\/\\\/cna.ca\\\/fr\\\/profils-des-provinces\\\/\",\"name\":\"Profils des provinces - Association nucl\u00e9aire canadienne\",\"isPartOf\":{\"@id\":\"https:\\\/\\\/cna.ca\\\/fr\\\/#website\"},\"datePublished\":\"2023-11-23T15:31:23+00:00\",\"breadcrumb\":{\"@id\":\"https:\\\/\\\/cna.ca\\\/fr\\\/profils-des-provinces\\\/#breadcrumb\"},\"inLanguage\":\"fr-FR\",\"potentialAction\":[{\"@type\":\"ReadAction\",\"target\":[\"https:\\\/\\\/cna.ca\\\/fr\\\/profils-des-provinces\\\/\"]}]},{\"@type\":\"BreadcrumbList\",\"@id\":\"https:\\\/\\\/cna.ca\\\/fr\\\/profils-des-provinces\\\/#breadcrumb\",\"itemListElement\":[{\"@type\":\"ListItem\",\"position\":1,\"name\":\"Home\",\"item\":\"https:\\\/\\\/cna.ca\\\/fr\\\/\"},{\"@type\":\"ListItem\",\"position\":2,\"name\":\"Profils des&nbsp;provinces\"}]},{\"@type\":\"WebSite\",\"@id\":\"https:\\\/\\\/cna.ca\\\/fr\\\/#website\",\"url\":\"https:\\\/\\\/cna.ca\\\/fr\\\/\",\"name\":\"Canadian Nuclear Association\",\"description\":\"The national voice of the Canadian nuclear industry since 1960\",\"publisher\":{\"@id\":\"https:\\\/\\\/cna.ca\\\/fr\\\/#organization\"},\"potentialAction\":[{\"@type\":\"SearchAction\",\"target\":{\"@type\":\"EntryPoint\",\"urlTemplate\":\"https:\\\/\\\/cna.ca\\\/fr\\\/?s={search_term_string}\"},\"query-input\":{\"@type\":\"PropertyValueSpecification\",\"valueRequired\":true,\"valueName\":\"search_term_string\"}}],\"inLanguage\":\"fr-FR\"},{\"@type\":\"Organization\",\"@id\":\"https:\\\/\\\/cna.ca\\\/fr\\\/#organization\",\"name\":\"Canadian Nuclear Association\",\"url\":\"https:\\\/\\\/cna.ca\\\/fr\\\/\",\"logo\":{\"@type\":\"ImageObject\",\"inLanguage\":\"fr-FR\",\"@id\":\"https:\\\/\\\/cna.ca\\\/fr\\\/#\\\/schema\\\/logo\\\/image\\\/\",\"url\":\"https:\\\/\\\/cna.ca\\\/wp-content\\\/uploads\\\/2023\\\/12\\\/cropped-cna-logo-only.png\",\"contentUrl\":\"https:\\\/\\\/cna.ca\\\/wp-content\\\/uploads\\\/2023\\\/12\\\/cropped-cna-logo-only.png\",\"width\":512,\"height\":512,\"caption\":\"Canadian Nuclear Association\"},\"image\":{\"@id\":\"https:\\\/\\\/cna.ca\\\/fr\\\/#\\\/schema\\\/logo\\\/image\\\/\"},\"sameAs\":[\"http:\\\/\\\/www.facebook.com\\\/canadanuclear\",\"https:\\\/\\\/x.com\\\/canadanuclear\",\"https:\\\/\\\/www.instagram.com\\\/canadanuclear\",\"https:\\\/\\\/www.youtube.com\\\/CanadaNuclear\",\"http:\\\/\\\/www.linkedin.com\\\/company\\\/canadian-nuclear-association\"]}]}<\/script>\n<!-- \/ Yoast SEO plugin. -->","yoast_head_json":{"title":"Profils des provinces - Association nucl\u00e9aire canadienne","robots":{"index":"index","follow":"follow","max-snippet":"max-snippet:-1","max-image-preview":"max-image-preview:large","max-video-preview":"max-video-preview:-1"},"canonical":"https:\/\/cna.ca\/fr\/profils-des-provinces\/","og_locale":"fr_FR","og_type":"article","og_title":"Profils des provinces - Association nucl\u00e9aire canadienne","og_description":"Ontario Le nucl\u00e9aire joue un r\u00f4le essentiel sur la sc\u00e8ne \u00e9nerg\u00e9tique ontarienne, car il contribue de mani\u00e8re significative \u00e0 la production \u00e9lectrique de la province. L\u2019Ontario poss\u00e8de l\u2019un des plus grands parcs nucl\u00e9aires d\u2019Am\u00e9rique du Nord, compos\u00e9 de plusieurs centrales nucl\u00e9aires, dont celles de Bruce et de Darlington. L\u2019\u00e9nergie nucl\u00e9aire g\u00e9n\u00e8re une quantit\u00e9 abondante et [&hellip;]","og_url":"https:\/\/cna.ca\/fr\/profils-des-provinces\/","og_site_name":"Association nucl\u00e9aire canadienne","article_publisher":"http:\/\/www.facebook.com\/canadanuclear","twitter_misc":{"Est. reading time":"3 minutes"},"schema":{"@context":"https:\/\/schema.org","@graph":[{"@type":"WebPage","@id":"https:\/\/cna.ca\/fr\/profils-des-provinces\/","url":"https:\/\/cna.ca\/fr\/profils-des-provinces\/","name":"Profils des provinces - Association nucl\u00e9aire canadienne","isPartOf":{"@id":"https:\/\/cna.ca\/fr\/#website"},"datePublished":"2023-11-23T15:31:23+00:00","breadcrumb":{"@id":"https:\/\/cna.ca\/fr\/profils-des-provinces\/#breadcrumb"},"inLanguage":"fr-FR","potentialAction":[{"@type":"ReadAction","target":["https:\/\/cna.ca\/fr\/profils-des-provinces\/"]}]},{"@type":"BreadcrumbList","@id":"https:\/\/cna.ca\/fr\/profils-des-provinces\/#breadcrumb","itemListElement":[{"@type":"ListItem","position":1,"name":"Home","item":"https:\/\/cna.ca\/fr\/"},{"@type":"ListItem","position":2,"name":"Profils des&nbsp;provinces"}]},{"@type":"WebSite","@id":"https:\/\/cna.ca\/fr\/#website","url":"https:\/\/cna.ca\/fr\/","name":"Canadian Nuclear Association","description":"The national voice of the Canadian nuclear industry since 1960","publisher":{"@id":"https:\/\/cna.ca\/fr\/#organization"},"potentialAction":[{"@type":"SearchAction","target":{"@type":"EntryPoint","urlTemplate":"https:\/\/cna.ca\/fr\/?s={search_term_string}"},"query-input":{"@type":"PropertyValueSpecification","valueRequired":true,"valueName":"search_term_string"}}],"inLanguage":"fr-FR"},{"@type":"Organization","@id":"https:\/\/cna.ca\/fr\/#organization","name":"Canadian Nuclear Association","url":"https:\/\/cna.ca\/fr\/","logo":{"@type":"ImageObject","inLanguage":"fr-FR","@id":"https:\/\/cna.ca\/fr\/#\/schema\/logo\/image\/","url":"https:\/\/cna.ca\/wp-content\/uploads\/2023\/12\/cropped-cna-logo-only.png","contentUrl":"https:\/\/cna.ca\/wp-content\/uploads\/2023\/12\/cropped-cna-logo-only.png","width":512,"height":512,"caption":"Canadian Nuclear Association"},"image":{"@id":"https:\/\/cna.ca\/fr\/#\/schema\/logo\/image\/"},"sameAs":["http:\/\/www.facebook.com\/canadanuclear","https:\/\/x.com\/canadanuclear","https:\/\/www.instagram.com\/canadanuclear","https:\/\/www.youtube.com\/CanadaNuclear","http:\/\/www.linkedin.com\/company\/canadian-nuclear-association"]}]}},"_links":{"self":[{"href":"https:\/\/cna.ca\/fr\/wp-json\/wp\/v2\/pages\/33153","targetHints":{"allow":["GET"]}}],"collection":[{"href":"https:\/\/cna.ca\/fr\/wp-json\/wp\/v2\/pages"}],"about":[{"href":"https:\/\/cna.ca\/fr\/wp-json\/wp\/v2\/types\/page"}],"author":[{"embeddable":true,"href":"https:\/\/cna.ca\/fr\/wp-json\/wp\/v2\/users\/8480"}],"replies":[{"embeddable":true,"href":"https:\/\/cna.ca\/fr\/wp-json\/wp\/v2\/comments?post=33153"}],"version-history":[{"count":1,"href":"https:\/\/cna.ca\/fr\/wp-json\/wp\/v2\/pages\/33153\/revisions"}],"predecessor-version":[{"id":33154,"href":"https:\/\/cna.ca\/fr\/wp-json\/wp\/v2\/pages\/33153\/revisions\/33154"}],"wp:attachment":[{"href":"https:\/\/cna.ca\/fr\/wp-json\/wp\/v2\/media?parent=33153"}],"wp:term":[{"taxonomy":"topic","embeddable":true,"href":"https:\/\/cna.ca\/fr\/wp-json\/wp\/v2\/topic?post=33153"}],"curies":[{"name":"wp","href":"https:\/\/api.w.org\/{rel}","templated":true}]}}