{"id":33151,"date":"2023-11-23T10:28:28","date_gmt":"2023-11-23T15:28:28","guid":{"rendered":"https:\/\/cna.ca\/?page_id=33151"},"modified":"2023-11-23T10:28:29","modified_gmt":"2023-11-23T15:28:29","slug":"dechets-nucleaires","status":"publish","type":"page","link":"https:\/\/cna.ca\/fr\/dechets-nucleaires\/","title":{"rendered":"D\u00e9chets&nbsp;nucl\u00e9aires"},"content":{"rendered":"\n<p>Au Canada, tout le combustible nucl\u00e9aire \u00e9puis\u00e9 est stock\u00e9 de mani\u00e8re s\u00e9curitaire dans des installations d\u2019entreposage autoris\u00e9es.&nbsp;<\/p>\n\n\n\n<p>Des mesures de s\u00e9curit\u00e9 rigoureuses sont en place de fa\u00e7on \u00e0 garantir que l\u2019entreposage des grappes de combustible \u00e9puis\u00e9 ne pr\u00e9sente aucun danger pour la sant\u00e9 publique.\u00a0<\/p>\n\n\n\n<p>L\u2019entreposage du combustible nucl\u00e9aire \u00e9puis\u00e9 est g\u00e9r\u00e9 par les services publics et les laboratoires qui en sont propri\u00e9taires. Il est r\u00e9glement\u00e9, autoris\u00e9 et surveill\u00e9 de pr\u00e8s par la Commission canadienne de s\u00fbret\u00e9 nucl\u00e9aire (CCSN) en \u00e9troite collaboration avec l\u2019Agence internationale de l\u2019\u00e9nergie atomique (AIEA).\u00a0<\/p>\n\n\n\n<p>La <a href=\"https:\/\/www.nwmo.ca\/fr\">Soci\u00e9t\u00e9 de gestion des d\u00e9chets nucl\u00e9aires (SGDN)<\/a> est responsable de l\u2019entreposage \u00e0 long terme du combustible nucl\u00e9aire \u00e9puis\u00e9 au Canada.<\/p>\n","protected":false},"excerpt":{"rendered":"<p>Au Canada, tout le combustible nucl\u00e9aire \u00e9puis\u00e9 est stock\u00e9 de mani\u00e8re s\u00e9curitaire dans des installations d\u2019entreposage autoris\u00e9es.&nbsp; Des mesures de s\u00e9curit\u00e9 rigoureuses sont en place de fa\u00e7on \u00e0 garantir que l\u2019entreposage des grappes de combustible \u00e9puis\u00e9 ne pr\u00e9sente aucun danger pour la sant\u00e9 publique.\u00a0 L\u2019entreposage du combustible nucl\u00e9aire \u00e9puis\u00e9 est g\u00e9r\u00e9 par les services publics [&hellip;]<\/p>\n","protected":false},"author":8480,"featured_media":0,"parent":0,"menu_order":22,"comment_status":"closed","ping_status":"closed","template":"","meta":{"_acf_changed":false,"footnotes":""},"topic":[],"class_list":["post-33151","page","type-page","status-publish","hentry"],"acf":[],"yoast_head":"<!-- This site is optimized with the Yoast SEO plugin v27.3 - https:\/\/yoast.com\/product\/yoast-seo-wordpress\/ -->\n<title>D\u00e9chets nucl\u00e9aires - Association nucl\u00e9aire canadienne<\/title>\n<meta name=\"robots\" content=\"index, follow, max-snippet:-1, max-image-preview:large, max-video-preview:-1\" \/>\n<link rel=\"canonical\" href=\"https:\/\/cna.ca\/fr\/dechets-nucleaires\/\" \/>\n<meta property=\"og:locale\" content=\"fr_FR\" \/>\n<meta property=\"og:type\" content=\"article\" \/>\n<meta property=\"og:title\" content=\"D\u00e9chets nucl\u00e9aires - Association nucl\u00e9aire canadienne\" \/>\n<meta property=\"og:description\" content=\"Au Canada, tout le combustible nucl\u00e9aire \u00e9puis\u00e9 est stock\u00e9 de mani\u00e8re s\u00e9curitaire dans des installations d\u2019entreposage autoris\u00e9es.&nbsp; Des mesures de s\u00e9curit\u00e9 rigoureuses sont en place de fa\u00e7on \u00e0 garantir que l\u2019entreposage des grappes de combustible \u00e9puis\u00e9 ne pr\u00e9sente aucun danger pour la sant\u00e9 publique.\u00a0 L\u2019entreposage du combustible nucl\u00e9aire \u00e9puis\u00e9 est g\u00e9r\u00e9 par les services publics [&hellip;]\" \/>\n<meta property=\"og:url\" content=\"https:\/\/cna.ca\/fr\/dechets-nucleaires\/\" \/>\n<meta property=\"og:site_name\" content=\"Association nucl\u00e9aire canadienne\" \/>\n<meta property=\"article:publisher\" content=\"http:\/\/www.facebook.com\/canadanuclear\" \/>\n<meta property=\"article:modified_time\" content=\"2023-11-23T15:28:29+00:00\" \/>\n<meta name=\"twitter:label1\" content=\"Est. reading time\" \/>\n\t<meta name=\"twitter:data1\" content=\"1 minute\" \/>\n<script type=\"application\/ld+json\" class=\"yoast-schema-graph\">{\"@context\":\"https:\\\/\\\/schema.org\",\"@graph\":[{\"@type\":\"WebPage\",\"@id\":\"https:\\\/\\\/cna.ca\\\/fr\\\/dechets-nucleaires\\\/\",\"url\":\"https:\\\/\\\/cna.ca\\\/fr\\\/dechets-nucleaires\\\/\",\"name\":\"D\u00e9chets nucl\u00e9aires - Association nucl\u00e9aire canadienne\",\"isPartOf\":{\"@id\":\"https:\\\/\\\/cna.ca\\\/fr\\\/#website\"},\"datePublished\":\"2023-11-23T15:28:28+00:00\",\"dateModified\":\"2023-11-23T15:28:29+00:00\",\"breadcrumb\":{\"@id\":\"https:\\\/\\\/cna.ca\\\/fr\\\/dechets-nucleaires\\\/#breadcrumb\"},\"inLanguage\":\"fr-FR\",\"potentialAction\":[{\"@type\":\"ReadAction\",\"target\":[\"https:\\\/\\\/cna.ca\\\/fr\\\/dechets-nucleaires\\\/\"]}]},{\"@type\":\"BreadcrumbList\",\"@id\":\"https:\\\/\\\/cna.ca\\\/fr\\\/dechets-nucleaires\\\/#breadcrumb\",\"itemListElement\":[{\"@type\":\"ListItem\",\"position\":1,\"name\":\"Home\",\"item\":\"https:\\\/\\\/cna.ca\\\/fr\\\/\"},{\"@type\":\"ListItem\",\"position\":2,\"name\":\"D\u00e9chets&nbsp;nucl\u00e9aires\"}]},{\"@type\":\"WebSite\",\"@id\":\"https:\\\/\\\/cna.ca\\\/fr\\\/#website\",\"url\":\"https:\\\/\\\/cna.ca\\\/fr\\\/\",\"name\":\"Canadian Nuclear Association\",\"description\":\"The national voice of the Canadian nuclear industry since 1960\",\"publisher\":{\"@id\":\"https:\\\/\\\/cna.ca\\\/fr\\\/#organization\"},\"potentialAction\":[{\"@type\":\"SearchAction\",\"target\":{\"@type\":\"EntryPoint\",\"urlTemplate\":\"https:\\\/\\\/cna.ca\\\/fr\\\/?s={search_term_string}\"},\"query-input\":{\"@type\":\"PropertyValueSpecification\",\"valueRequired\":true,\"valueName\":\"search_term_string\"}}],\"inLanguage\":\"fr-FR\"},{\"@type\":\"Organization\",\"@id\":\"https:\\\/\\\/cna.ca\\\/fr\\\/#organization\",\"name\":\"Canadian Nuclear Association\",\"url\":\"https:\\\/\\\/cna.ca\\\/fr\\\/\",\"logo\":{\"@type\":\"ImageObject\",\"inLanguage\":\"fr-FR\",\"@id\":\"https:\\\/\\\/cna.ca\\\/fr\\\/#\\\/schema\\\/logo\\\/image\\\/\",\"url\":\"https:\\\/\\\/cna.ca\\\/wp-content\\\/uploads\\\/2023\\\/12\\\/cropped-cna-logo-only.png\",\"contentUrl\":\"https:\\\/\\\/cna.ca\\\/wp-content\\\/uploads\\\/2023\\\/12\\\/cropped-cna-logo-only.png\",\"width\":512,\"height\":512,\"caption\":\"Canadian Nuclear Association\"},\"image\":{\"@id\":\"https:\\\/\\\/cna.ca\\\/fr\\\/#\\\/schema\\\/logo\\\/image\\\/\"},\"sameAs\":[\"http:\\\/\\\/www.facebook.com\\\/canadanuclear\",\"https:\\\/\\\/x.com\\\/canadanuclear\",\"https:\\\/\\\/www.instagram.com\\\/canadanuclear\",\"https:\\\/\\\/www.youtube.com\\\/CanadaNuclear\",\"http:\\\/\\\/www.linkedin.com\\\/company\\\/canadian-nuclear-association\"]}]}<\/script>\n<!-- \/ Yoast SEO plugin. -->","yoast_head_json":{"title":"D\u00e9chets nucl\u00e9aires - Association nucl\u00e9aire canadienne","robots":{"index":"index","follow":"follow","max-snippet":"max-snippet:-1","max-image-preview":"max-image-preview:large","max-video-preview":"max-video-preview:-1"},"canonical":"https:\/\/cna.ca\/fr\/dechets-nucleaires\/","og_locale":"fr_FR","og_type":"article","og_title":"D\u00e9chets nucl\u00e9aires - Association nucl\u00e9aire canadienne","og_description":"Au Canada, tout le combustible nucl\u00e9aire \u00e9puis\u00e9 est stock\u00e9 de mani\u00e8re s\u00e9curitaire dans des installations d\u2019entreposage autoris\u00e9es.&nbsp; Des mesures de s\u00e9curit\u00e9 rigoureuses sont en place de fa\u00e7on \u00e0 garantir que l\u2019entreposage des grappes de combustible \u00e9puis\u00e9 ne pr\u00e9sente aucun danger pour la sant\u00e9 publique.\u00a0 L\u2019entreposage du combustible nucl\u00e9aire \u00e9puis\u00e9 est g\u00e9r\u00e9 par les services publics [&hellip;]","og_url":"https:\/\/cna.ca\/fr\/dechets-nucleaires\/","og_site_name":"Association nucl\u00e9aire canadienne","article_publisher":"http:\/\/www.facebook.com\/canadanuclear","article_modified_time":"2023-11-23T15:28:29+00:00","twitter_misc":{"Est. reading time":"1 minute"},"schema":{"@context":"https:\/\/schema.org","@graph":[{"@type":"WebPage","@id":"https:\/\/cna.ca\/fr\/dechets-nucleaires\/","url":"https:\/\/cna.ca\/fr\/dechets-nucleaires\/","name":"D\u00e9chets nucl\u00e9aires - Association nucl\u00e9aire canadienne","isPartOf":{"@id":"https:\/\/cna.ca\/fr\/#website"},"datePublished":"2023-11-23T15:28:28+00:00","dateModified":"2023-11-23T15:28:29+00:00","breadcrumb":{"@id":"https:\/\/cna.ca\/fr\/dechets-nucleaires\/#breadcrumb"},"inLanguage":"fr-FR","potentialAction":[{"@type":"ReadAction","target":["https:\/\/cna.ca\/fr\/dechets-nucleaires\/"]}]},{"@type":"BreadcrumbList","@id":"https:\/\/cna.ca\/fr\/dechets-nucleaires\/#breadcrumb","itemListElement":[{"@type":"ListItem","position":1,"name":"Home","item":"https:\/\/cna.ca\/fr\/"},{"@type":"ListItem","position":2,"name":"D\u00e9chets&nbsp;nucl\u00e9aires"}]},{"@type":"WebSite","@id":"https:\/\/cna.ca\/fr\/#website","url":"https:\/\/cna.ca\/fr\/","name":"Canadian Nuclear Association","description":"The national voice of the Canadian nuclear industry since 1960","publisher":{"@id":"https:\/\/cna.ca\/fr\/#organization"},"potentialAction":[{"@type":"SearchAction","target":{"@type":"EntryPoint","urlTemplate":"https:\/\/cna.ca\/fr\/?s={search_term_string}"},"query-input":{"@type":"PropertyValueSpecification","valueRequired":true,"valueName":"search_term_string"}}],"inLanguage":"fr-FR"},{"@type":"Organization","@id":"https:\/\/cna.ca\/fr\/#organization","name":"Canadian Nuclear Association","url":"https:\/\/cna.ca\/fr\/","logo":{"@type":"ImageObject","inLanguage":"fr-FR","@id":"https:\/\/cna.ca\/fr\/#\/schema\/logo\/image\/","url":"https:\/\/cna.ca\/wp-content\/uploads\/2023\/12\/cropped-cna-logo-only.png","contentUrl":"https:\/\/cna.ca\/wp-content\/uploads\/2023\/12\/cropped-cna-logo-only.png","width":512,"height":512,"caption":"Canadian Nuclear Association"},"image":{"@id":"https:\/\/cna.ca\/fr\/#\/schema\/logo\/image\/"},"sameAs":["http:\/\/www.facebook.com\/canadanuclear","https:\/\/x.com\/canadanuclear","https:\/\/www.instagram.com\/canadanuclear","https:\/\/www.youtube.com\/CanadaNuclear","http:\/\/www.linkedin.com\/company\/canadian-nuclear-association"]}]}},"_links":{"self":[{"href":"https:\/\/cna.ca\/fr\/wp-json\/wp\/v2\/pages\/33151","targetHints":{"allow":["GET"]}}],"collection":[{"href":"https:\/\/cna.ca\/fr\/wp-json\/wp\/v2\/pages"}],"about":[{"href":"https:\/\/cna.ca\/fr\/wp-json\/wp\/v2\/types\/page"}],"author":[{"embeddable":true,"href":"https:\/\/cna.ca\/fr\/wp-json\/wp\/v2\/users\/8480"}],"replies":[{"embeddable":true,"href":"https:\/\/cna.ca\/fr\/wp-json\/wp\/v2\/comments?post=33151"}],"version-history":[{"count":1,"href":"https:\/\/cna.ca\/fr\/wp-json\/wp\/v2\/pages\/33151\/revisions"}],"predecessor-version":[{"id":33152,"href":"https:\/\/cna.ca\/fr\/wp-json\/wp\/v2\/pages\/33151\/revisions\/33152"}],"wp:attachment":[{"href":"https:\/\/cna.ca\/fr\/wp-json\/wp\/v2\/media?parent=33151"}],"wp:term":[{"taxonomy":"topic","embeddable":true,"href":"https:\/\/cna.ca\/fr\/wp-json\/wp\/v2\/topic?post=33151"}],"curies":[{"name":"wp","href":"https:\/\/api.w.org\/{rel}","templated":true}]}}