{"id":33149,"date":"2023-11-23T10:27:17","date_gmt":"2023-11-23T15:27:17","guid":{"rendered":"https:\/\/cna.ca\/?page_id=33149"},"modified":"2023-11-23T10:27:18","modified_gmt":"2023-11-23T15:27:18","slug":"surete-et-securite","status":"publish","type":"page","link":"https:\/\/cna.ca\/fr\/surete-et-securite\/","title":{"rendered":"S\u00fbret\u00e9 et&nbsp;s\u00e9curit\u00e9"},"content":{"rendered":"\n<p>Au Canada, la s\u00e9curit\u00e9 nucl\u00e9aire est r\u00e9glement\u00e9e par la CCSN, qui fixe des exigences de s\u00e9curit\u00e9 rigoureuses pour les installations nucl\u00e9aires autoris\u00e9es.&nbsp;<\/p>\n\n\n\n<p>Les exigences de s\u00e9curit\u00e9 sont \u00e9tablies de fa\u00e7on \u00e0 prot\u00e9ger les installations nucl\u00e9aires contre toute infiltration ou attaque, ainsi que pour garantir que le mat\u00e9riel nucl\u00e9aire demeure entre bonnes mains.&nbsp;<\/p>\n\n\n\n<p>Les principales exigences en mati\u00e8re de s\u00e9curit\u00e9 incluent les \u00e9l\u00e9ments suivants\u00a0:\u00a0<\/p>\n\n\n\n<ul class=\"wp-block-list\">\n<li>\u00c9valuations annuelles relatives aux menaces et risques&nbsp;<\/li>\n\n\n\n<li>Forces d\u2019intervention arm\u00e9es sur place, \u00e0 disposition 24&nbsp;heures sur 24 et 7&nbsp;jours sur 7 sur les sites \u00e0 haute s\u00e9curit\u00e9&nbsp;<\/li>\n\n\n\n<li>Contr\u00f4les de s\u00e9curit\u00e9 renforc\u00e9s pour le personnel et les entrepreneurs, impliquant des v\u00e9rifications minutieuses (ant\u00e9c\u00e9dents, casier judiciaire, validations polici\u00e8res et enqu\u00eates de s\u00e9curit\u00e9)&nbsp;<\/li>\n\n\n\n<li>Renforcement des contr\u00f4les d\u2019acc\u00e8s aux installations nucl\u00e9aires&nbsp;<\/li>\n\n\n\n<li>Analyses des risques pour les installations nucl\u00e9aires sur la base de leur conception&nbsp;<\/li>\n\n\n\n<li>Mise en place d\u2019une alimentation \u00e9lectrique ininterrompue pour les syst\u00e8mes de surveillance d\u2019alarme et les autres syst\u00e8mes de s\u00e9curit\u00e9&nbsp;<\/li>\n\n\n\n<li>Planification des mesures d\u2019urgence, exercices et entra\u00eenements\u00a0<\/li>\n<\/ul>\n\n\n\n<h2 class=\"wp-block-heading\">La cybers\u00e9curit\u00e9\u00a0<\/h2>\n\n\n\n<p>La cybers\u00e9curit\u00e9 est une pratique qui consiste \u00e0 prot\u00e9ger les syst\u00e8mes, les r\u00e9seaux et les programmes contre les attaques num\u00e9riques.&nbsp;<\/p>\n\n\n\n<p>Toutes les infrastructures essentielles, y compris celles des centrales nucl\u00e9aires, s\u2019appuient sur des mesures de cybers\u00e9curit\u00e9 efficaces visant \u00e0 se prot\u00e9ger contre les attaques.&nbsp;<\/p>\n\n\n\n<p>La CCSN requiert que les titulaires de permis de centrale nucl\u00e9aire instaurent un programme de cybers\u00e9curit\u00e9 qui r\u00e9pond aux exigences de la norme&nbsp;CSA&nbsp;N290.7-14, intitul\u00e9e <em>Cybers\u00e9curit\u00e9 pour les centrales nucl\u00e9aires et les installations dot\u00e9es de petits r\u00e9acteurs<\/em>. La CCSN m\u00e8ne des inspections visant \u00e0 confirmer la conformit\u00e9 aux exigences et le caract\u00e8re ad\u00e9quat du programme. Les syst\u00e8mes de s\u00e9curit\u00e9 et de contr\u00f4le des r\u00e9acteurs nucl\u00e9aires canadiens et des autres composants strat\u00e9giques de la centrale ne sont pas directement branch\u00e9s sur des r\u00e9seaux d\u2019entreprise ou sur Internet.&nbsp;&nbsp;<\/p>\n","protected":false},"excerpt":{"rendered":"<p>Au Canada, la s\u00e9curit\u00e9 nucl\u00e9aire est r\u00e9glement\u00e9e par la CCSN, qui fixe des exigences de s\u00e9curit\u00e9 rigoureuses pour les installations nucl\u00e9aires autoris\u00e9es.&nbsp; Les exigences de s\u00e9curit\u00e9 sont \u00e9tablies de fa\u00e7on \u00e0 prot\u00e9ger les installations nucl\u00e9aires contre toute infiltration ou attaque, ainsi que pour garantir que le mat\u00e9riel nucl\u00e9aire demeure entre bonnes mains.&nbsp; Les principales exigences [&hellip;]<\/p>\n","protected":false},"author":8480,"featured_media":0,"parent":0,"menu_order":22,"comment_status":"closed","ping_status":"closed","template":"","meta":{"_acf_changed":false,"footnotes":""},"topic":[],"class_list":["post-33149","page","type-page","status-publish","hentry"],"acf":[],"yoast_head":"<!-- This site is optimized with the Yoast SEO plugin v27.4 - https:\/\/yoast.com\/product\/yoast-seo-wordpress\/ -->\n<title>S\u00fbret\u00e9 et s\u00e9curit\u00e9 - Association nucl\u00e9aire canadienne<\/title>\n<meta name=\"robots\" content=\"index, follow, max-snippet:-1, max-image-preview:large, max-video-preview:-1\" \/>\n<link rel=\"canonical\" href=\"https:\/\/cna.ca\/fr\/surete-et-securite\/\" \/>\n<meta property=\"og:locale\" content=\"fr_FR\" \/>\n<meta property=\"og:type\" content=\"article\" \/>\n<meta property=\"og:title\" content=\"S\u00fbret\u00e9 et s\u00e9curit\u00e9 - Association nucl\u00e9aire canadienne\" \/>\n<meta property=\"og:description\" content=\"Au Canada, la s\u00e9curit\u00e9 nucl\u00e9aire est r\u00e9glement\u00e9e par la CCSN, qui fixe des exigences de s\u00e9curit\u00e9 rigoureuses pour les installations nucl\u00e9aires autoris\u00e9es.&nbsp; Les exigences de s\u00e9curit\u00e9 sont \u00e9tablies de fa\u00e7on \u00e0 prot\u00e9ger les installations nucl\u00e9aires contre toute infiltration ou attaque, ainsi que pour garantir que le mat\u00e9riel nucl\u00e9aire demeure entre bonnes mains.&nbsp; Les principales exigences [&hellip;]\" \/>\n<meta property=\"og:url\" content=\"https:\/\/cna.ca\/fr\/surete-et-securite\/\" \/>\n<meta property=\"og:site_name\" content=\"Association nucl\u00e9aire canadienne\" \/>\n<meta property=\"article:publisher\" content=\"http:\/\/www.facebook.com\/canadanuclear\" \/>\n<meta property=\"article:modified_time\" content=\"2023-11-23T15:27:18+00:00\" \/>\n<meta name=\"twitter:label1\" content=\"Est. reading time\" \/>\n\t<meta name=\"twitter:data1\" content=\"2 minutes\" \/>\n<script type=\"application\/ld+json\" class=\"yoast-schema-graph\">{\"@context\":\"https:\\\/\\\/schema.org\",\"@graph\":[{\"@type\":\"WebPage\",\"@id\":\"https:\\\/\\\/cna.ca\\\/fr\\\/surete-et-securite\\\/\",\"url\":\"https:\\\/\\\/cna.ca\\\/fr\\\/surete-et-securite\\\/\",\"name\":\"S\u00fbret\u00e9 et s\u00e9curit\u00e9 - Association nucl\u00e9aire canadienne\",\"isPartOf\":{\"@id\":\"https:\\\/\\\/cna.ca\\\/fr\\\/#website\"},\"datePublished\":\"2023-11-23T15:27:17+00:00\",\"dateModified\":\"2023-11-23T15:27:18+00:00\",\"breadcrumb\":{\"@id\":\"https:\\\/\\\/cna.ca\\\/fr\\\/surete-et-securite\\\/#breadcrumb\"},\"inLanguage\":\"fr-FR\",\"potentialAction\":[{\"@type\":\"ReadAction\",\"target\":[\"https:\\\/\\\/cna.ca\\\/fr\\\/surete-et-securite\\\/\"]}]},{\"@type\":\"BreadcrumbList\",\"@id\":\"https:\\\/\\\/cna.ca\\\/fr\\\/surete-et-securite\\\/#breadcrumb\",\"itemListElement\":[{\"@type\":\"ListItem\",\"position\":1,\"name\":\"Home\",\"item\":\"https:\\\/\\\/cna.ca\\\/fr\\\/\"},{\"@type\":\"ListItem\",\"position\":2,\"name\":\"S\u00fbret\u00e9 et&nbsp;s\u00e9curit\u00e9\"}]},{\"@type\":\"WebSite\",\"@id\":\"https:\\\/\\\/cna.ca\\\/fr\\\/#website\",\"url\":\"https:\\\/\\\/cna.ca\\\/fr\\\/\",\"name\":\"Canadian Nuclear Association\",\"description\":\"The national voice of the Canadian nuclear industry since 1960\",\"publisher\":{\"@id\":\"https:\\\/\\\/cna.ca\\\/fr\\\/#organization\"},\"potentialAction\":[{\"@type\":\"SearchAction\",\"target\":{\"@type\":\"EntryPoint\",\"urlTemplate\":\"https:\\\/\\\/cna.ca\\\/fr\\\/?s={search_term_string}\"},\"query-input\":{\"@type\":\"PropertyValueSpecification\",\"valueRequired\":true,\"valueName\":\"search_term_string\"}}],\"inLanguage\":\"fr-FR\"},{\"@type\":\"Organization\",\"@id\":\"https:\\\/\\\/cna.ca\\\/fr\\\/#organization\",\"name\":\"Canadian Nuclear Association\",\"url\":\"https:\\\/\\\/cna.ca\\\/fr\\\/\",\"logo\":{\"@type\":\"ImageObject\",\"inLanguage\":\"fr-FR\",\"@id\":\"https:\\\/\\\/cna.ca\\\/fr\\\/#\\\/schema\\\/logo\\\/image\\\/\",\"url\":\"https:\\\/\\\/cna.ca\\\/wp-content\\\/uploads\\\/2023\\\/12\\\/cropped-cna-logo-only.png\",\"contentUrl\":\"https:\\\/\\\/cna.ca\\\/wp-content\\\/uploads\\\/2023\\\/12\\\/cropped-cna-logo-only.png\",\"width\":512,\"height\":512,\"caption\":\"Canadian Nuclear Association\"},\"image\":{\"@id\":\"https:\\\/\\\/cna.ca\\\/fr\\\/#\\\/schema\\\/logo\\\/image\\\/\"},\"sameAs\":[\"http:\\\/\\\/www.facebook.com\\\/canadanuclear\",\"https:\\\/\\\/x.com\\\/canadanuclear\",\"https:\\\/\\\/www.instagram.com\\\/canadanuclear\",\"https:\\\/\\\/www.youtube.com\\\/CanadaNuclear\",\"http:\\\/\\\/www.linkedin.com\\\/company\\\/canadian-nuclear-association\"]}]}<\/script>\n<!-- \/ Yoast SEO plugin. -->","yoast_head_json":{"title":"S\u00fbret\u00e9 et s\u00e9curit\u00e9 - Association nucl\u00e9aire canadienne","robots":{"index":"index","follow":"follow","max-snippet":"max-snippet:-1","max-image-preview":"max-image-preview:large","max-video-preview":"max-video-preview:-1"},"canonical":"https:\/\/cna.ca\/fr\/surete-et-securite\/","og_locale":"fr_FR","og_type":"article","og_title":"S\u00fbret\u00e9 et s\u00e9curit\u00e9 - Association nucl\u00e9aire canadienne","og_description":"Au Canada, la s\u00e9curit\u00e9 nucl\u00e9aire est r\u00e9glement\u00e9e par la CCSN, qui fixe des exigences de s\u00e9curit\u00e9 rigoureuses pour les installations nucl\u00e9aires autoris\u00e9es.&nbsp; Les exigences de s\u00e9curit\u00e9 sont \u00e9tablies de fa\u00e7on \u00e0 prot\u00e9ger les installations nucl\u00e9aires contre toute infiltration ou attaque, ainsi que pour garantir que le mat\u00e9riel nucl\u00e9aire demeure entre bonnes mains.&nbsp; Les principales exigences [&hellip;]","og_url":"https:\/\/cna.ca\/fr\/surete-et-securite\/","og_site_name":"Association nucl\u00e9aire canadienne","article_publisher":"http:\/\/www.facebook.com\/canadanuclear","article_modified_time":"2023-11-23T15:27:18+00:00","twitter_misc":{"Est. reading time":"2 minutes"},"schema":{"@context":"https:\/\/schema.org","@graph":[{"@type":"WebPage","@id":"https:\/\/cna.ca\/fr\/surete-et-securite\/","url":"https:\/\/cna.ca\/fr\/surete-et-securite\/","name":"S\u00fbret\u00e9 et s\u00e9curit\u00e9 - Association nucl\u00e9aire canadienne","isPartOf":{"@id":"https:\/\/cna.ca\/fr\/#website"},"datePublished":"2023-11-23T15:27:17+00:00","dateModified":"2023-11-23T15:27:18+00:00","breadcrumb":{"@id":"https:\/\/cna.ca\/fr\/surete-et-securite\/#breadcrumb"},"inLanguage":"fr-FR","potentialAction":[{"@type":"ReadAction","target":["https:\/\/cna.ca\/fr\/surete-et-securite\/"]}]},{"@type":"BreadcrumbList","@id":"https:\/\/cna.ca\/fr\/surete-et-securite\/#breadcrumb","itemListElement":[{"@type":"ListItem","position":1,"name":"Home","item":"https:\/\/cna.ca\/fr\/"},{"@type":"ListItem","position":2,"name":"S\u00fbret\u00e9 et&nbsp;s\u00e9curit\u00e9"}]},{"@type":"WebSite","@id":"https:\/\/cna.ca\/fr\/#website","url":"https:\/\/cna.ca\/fr\/","name":"Canadian Nuclear Association","description":"The national voice of the Canadian nuclear industry since 1960","publisher":{"@id":"https:\/\/cna.ca\/fr\/#organization"},"potentialAction":[{"@type":"SearchAction","target":{"@type":"EntryPoint","urlTemplate":"https:\/\/cna.ca\/fr\/?s={search_term_string}"},"query-input":{"@type":"PropertyValueSpecification","valueRequired":true,"valueName":"search_term_string"}}],"inLanguage":"fr-FR"},{"@type":"Organization","@id":"https:\/\/cna.ca\/fr\/#organization","name":"Canadian Nuclear Association","url":"https:\/\/cna.ca\/fr\/","logo":{"@type":"ImageObject","inLanguage":"fr-FR","@id":"https:\/\/cna.ca\/fr\/#\/schema\/logo\/image\/","url":"https:\/\/cna.ca\/wp-content\/uploads\/2023\/12\/cropped-cna-logo-only.png","contentUrl":"https:\/\/cna.ca\/wp-content\/uploads\/2023\/12\/cropped-cna-logo-only.png","width":512,"height":512,"caption":"Canadian Nuclear Association"},"image":{"@id":"https:\/\/cna.ca\/fr\/#\/schema\/logo\/image\/"},"sameAs":["http:\/\/www.facebook.com\/canadanuclear","https:\/\/x.com\/canadanuclear","https:\/\/www.instagram.com\/canadanuclear","https:\/\/www.youtube.com\/CanadaNuclear","http:\/\/www.linkedin.com\/company\/canadian-nuclear-association"]}]}},"_links":{"self":[{"href":"https:\/\/cna.ca\/fr\/wp-json\/wp\/v2\/pages\/33149","targetHints":{"allow":["GET"]}}],"collection":[{"href":"https:\/\/cna.ca\/fr\/wp-json\/wp\/v2\/pages"}],"about":[{"href":"https:\/\/cna.ca\/fr\/wp-json\/wp\/v2\/types\/page"}],"author":[{"embeddable":true,"href":"https:\/\/cna.ca\/fr\/wp-json\/wp\/v2\/users\/8480"}],"replies":[{"embeddable":true,"href":"https:\/\/cna.ca\/fr\/wp-json\/wp\/v2\/comments?post=33149"}],"version-history":[{"count":1,"href":"https:\/\/cna.ca\/fr\/wp-json\/wp\/v2\/pages\/33149\/revisions"}],"predecessor-version":[{"id":33150,"href":"https:\/\/cna.ca\/fr\/wp-json\/wp\/v2\/pages\/33149\/revisions\/33150"}],"wp:attachment":[{"href":"https:\/\/cna.ca\/fr\/wp-json\/wp\/v2\/media?parent=33149"}],"wp:term":[{"taxonomy":"topic","embeddable":true,"href":"https:\/\/cna.ca\/fr\/wp-json\/wp\/v2\/topic?post=33149"}],"curies":[{"name":"wp","href":"https:\/\/api.w.org\/{rel}","templated":true}]}}