{"id":33139,"date":"2023-11-23T10:14:22","date_gmt":"2023-11-23T15:14:22","guid":{"rendered":"https:\/\/cna.ca\/?page_id=33139"},"modified":"2023-11-23T12:07:37","modified_gmt":"2023-11-23T17:07:37","slug":"affaires-reglementaires","status":"publish","type":"page","link":"https:\/\/cna.ca\/fr\/affaires-reglementaires\/","title":{"rendered":"Affaires&nbsp;r\u00e9glementaires"},"content":{"rendered":"\n<p>L\u2019\u00e9quipe des Affaires r\u00e9glementaires de l\u2019ANC collabore avec l\u2019industrie et le gouvernement pour assurer l\u2019efficacit\u00e9 et la s\u00e9curit\u00e9 des activit\u00e9s et des progr\u00e8s du secteur nucl\u00e9aire au Canada. Bien que l\u2019\u00e9quipe assume diverses responsabilit\u00e9s, son principal objectif est de fournir aux organisations membres de l\u2019ANC des renseignements et des conseils strat\u00e9giques en mati\u00e8re de r\u00e9glementation.<\/p>\n\n\n\n<p>Cela implique, par exemple, de suivre de pr\u00e8s et de s\u2019engager dans des activit\u00e9s nationales et internationales auxquelles participent des non-membres, de mani\u00e8re \u00e0 mieux faire valoir les int\u00e9r\u00eats des membres de l\u2019ANC et de l\u2019ensemble de l\u2019industrie nucl\u00e9aire. Cet engagement proactif permet de faire entendre la cause de l\u2019industrie et de la prendre en compte dans le cadre des discussions et des d\u00e9cisions r\u00e9glementaires aff\u00e9rentes.<\/p>\n\n\n\n<p>L\u2019\u00e9quipe est \u00e9galement \u00e0 l\u2019\u00e9coute des demandes sp\u00e9cifiques formul\u00e9es par les membres, offrant des orientations r\u00e9glementaires sur mesure et une assistance en cas de n\u00e9cessit\u00e9. Cette approche personnalis\u00e9e t\u00e9moigne de notre engagement collectif \u00e0 r\u00e9pondre aux besoins propres \u00e0 chaque organisation membre de l\u2019ANC, qu\u2019il s\u2019agisse du plus petit fabricant ou de la plus puissante compagnie d\u2019\u00e9lectricit\u00e9.<\/p>\n\n\n\n\n\n\n\n\n\n\n\n\n\n\n\n<p><\/p>\n","protected":false},"excerpt":{"rendered":"<p>L\u2019\u00e9quipe des Affaires r\u00e9glementaires de l\u2019ANC collabore avec l\u2019industrie et le gouvernement pour assurer l\u2019efficacit\u00e9 et la s\u00e9curit\u00e9 des activit\u00e9s et des progr\u00e8s du secteur nucl\u00e9aire au Canada. Bien que l\u2019\u00e9quipe assume diverses responsabilit\u00e9s, son principal objectif est de fournir aux organisations membres de l\u2019ANC des renseignements et des conseils strat\u00e9giques en mati\u00e8re de r\u00e9glementation. [&hellip;]<\/p>\n","protected":false},"author":8480,"featured_media":0,"parent":0,"menu_order":22,"comment_status":"closed","ping_status":"closed","template":"","meta":{"_acf_changed":false,"footnotes":""},"topic":[],"class_list":["post-33139","page","type-page","status-publish","hentry"],"acf":[],"yoast_head":"<!-- This site is optimized with the Yoast SEO plugin v27.4 - https:\/\/yoast.com\/product\/yoast-seo-wordpress\/ -->\n<title>Affaires r\u00e9glementaires - Association nucl\u00e9aire canadienne<\/title>\n<meta name=\"robots\" content=\"index, follow, max-snippet:-1, max-image-preview:large, max-video-preview:-1\" \/>\n<link rel=\"canonical\" href=\"https:\/\/cna.ca\/fr\/affaires-reglementaires\/\" \/>\n<meta property=\"og:locale\" content=\"fr_FR\" \/>\n<meta property=\"og:type\" content=\"article\" \/>\n<meta property=\"og:title\" content=\"Affaires r\u00e9glementaires - Association nucl\u00e9aire canadienne\" \/>\n<meta property=\"og:description\" content=\"L\u2019\u00e9quipe des Affaires r\u00e9glementaires de l\u2019ANC collabore avec l\u2019industrie et le gouvernement pour assurer l\u2019efficacit\u00e9 et la s\u00e9curit\u00e9 des activit\u00e9s et des progr\u00e8s du secteur nucl\u00e9aire au Canada. Bien que l\u2019\u00e9quipe assume diverses responsabilit\u00e9s, son principal objectif est de fournir aux organisations membres de l\u2019ANC des renseignements et des conseils strat\u00e9giques en mati\u00e8re de r\u00e9glementation. [&hellip;]\" \/>\n<meta property=\"og:url\" content=\"https:\/\/cna.ca\/fr\/affaires-reglementaires\/\" \/>\n<meta property=\"og:site_name\" content=\"Association nucl\u00e9aire canadienne\" \/>\n<meta property=\"article:publisher\" content=\"http:\/\/www.facebook.com\/canadanuclear\" \/>\n<meta property=\"article:modified_time\" content=\"2023-11-23T17:07:37+00:00\" \/>\n<meta name=\"twitter:label1\" content=\"Est. reading time\" \/>\n\t<meta name=\"twitter:data1\" content=\"1 minute\" \/>\n<script type=\"application\/ld+json\" class=\"yoast-schema-graph\">{\"@context\":\"https:\\\/\\\/schema.org\",\"@graph\":[{\"@type\":\"WebPage\",\"@id\":\"https:\\\/\\\/cna.ca\\\/fr\\\/affaires-reglementaires\\\/\",\"url\":\"https:\\\/\\\/cna.ca\\\/fr\\\/affaires-reglementaires\\\/\",\"name\":\"Affaires r\u00e9glementaires - Association nucl\u00e9aire canadienne\",\"isPartOf\":{\"@id\":\"https:\\\/\\\/cna.ca\\\/fr\\\/#website\"},\"datePublished\":\"2023-11-23T15:14:22+00:00\",\"dateModified\":\"2023-11-23T17:07:37+00:00\",\"breadcrumb\":{\"@id\":\"https:\\\/\\\/cna.ca\\\/fr\\\/affaires-reglementaires\\\/#breadcrumb\"},\"inLanguage\":\"fr-FR\",\"potentialAction\":[{\"@type\":\"ReadAction\",\"target\":[\"https:\\\/\\\/cna.ca\\\/fr\\\/affaires-reglementaires\\\/\"]}]},{\"@type\":\"BreadcrumbList\",\"@id\":\"https:\\\/\\\/cna.ca\\\/fr\\\/affaires-reglementaires\\\/#breadcrumb\",\"itemListElement\":[{\"@type\":\"ListItem\",\"position\":1,\"name\":\"Home\",\"item\":\"https:\\\/\\\/cna.ca\\\/fr\\\/\"},{\"@type\":\"ListItem\",\"position\":2,\"name\":\"Affaires&nbsp;r\u00e9glementaires\"}]},{\"@type\":\"WebSite\",\"@id\":\"https:\\\/\\\/cna.ca\\\/fr\\\/#website\",\"url\":\"https:\\\/\\\/cna.ca\\\/fr\\\/\",\"name\":\"Canadian Nuclear Association\",\"description\":\"The national voice of the Canadian nuclear industry since 1960\",\"publisher\":{\"@id\":\"https:\\\/\\\/cna.ca\\\/fr\\\/#organization\"},\"potentialAction\":[{\"@type\":\"SearchAction\",\"target\":{\"@type\":\"EntryPoint\",\"urlTemplate\":\"https:\\\/\\\/cna.ca\\\/fr\\\/?s={search_term_string}\"},\"query-input\":{\"@type\":\"PropertyValueSpecification\",\"valueRequired\":true,\"valueName\":\"search_term_string\"}}],\"inLanguage\":\"fr-FR\"},{\"@type\":\"Organization\",\"@id\":\"https:\\\/\\\/cna.ca\\\/fr\\\/#organization\",\"name\":\"Canadian Nuclear Association\",\"url\":\"https:\\\/\\\/cna.ca\\\/fr\\\/\",\"logo\":{\"@type\":\"ImageObject\",\"inLanguage\":\"fr-FR\",\"@id\":\"https:\\\/\\\/cna.ca\\\/fr\\\/#\\\/schema\\\/logo\\\/image\\\/\",\"url\":\"https:\\\/\\\/cna.ca\\\/wp-content\\\/uploads\\\/2023\\\/12\\\/cropped-cna-logo-only.png\",\"contentUrl\":\"https:\\\/\\\/cna.ca\\\/wp-content\\\/uploads\\\/2023\\\/12\\\/cropped-cna-logo-only.png\",\"width\":512,\"height\":512,\"caption\":\"Canadian Nuclear Association\"},\"image\":{\"@id\":\"https:\\\/\\\/cna.ca\\\/fr\\\/#\\\/schema\\\/logo\\\/image\\\/\"},\"sameAs\":[\"http:\\\/\\\/www.facebook.com\\\/canadanuclear\",\"https:\\\/\\\/x.com\\\/canadanuclear\",\"https:\\\/\\\/www.instagram.com\\\/canadanuclear\",\"https:\\\/\\\/www.youtube.com\\\/CanadaNuclear\",\"http:\\\/\\\/www.linkedin.com\\\/company\\\/canadian-nuclear-association\"]}]}<\/script>\n<!-- \/ Yoast SEO plugin. -->","yoast_head_json":{"title":"Affaires r\u00e9glementaires - Association nucl\u00e9aire canadienne","robots":{"index":"index","follow":"follow","max-snippet":"max-snippet:-1","max-image-preview":"max-image-preview:large","max-video-preview":"max-video-preview:-1"},"canonical":"https:\/\/cna.ca\/fr\/affaires-reglementaires\/","og_locale":"fr_FR","og_type":"article","og_title":"Affaires r\u00e9glementaires - Association nucl\u00e9aire canadienne","og_description":"L\u2019\u00e9quipe des Affaires r\u00e9glementaires de l\u2019ANC collabore avec l\u2019industrie et le gouvernement pour assurer l\u2019efficacit\u00e9 et la s\u00e9curit\u00e9 des activit\u00e9s et des progr\u00e8s du secteur nucl\u00e9aire au Canada. Bien que l\u2019\u00e9quipe assume diverses responsabilit\u00e9s, son principal objectif est de fournir aux organisations membres de l\u2019ANC des renseignements et des conseils strat\u00e9giques en mati\u00e8re de r\u00e9glementation. [&hellip;]","og_url":"https:\/\/cna.ca\/fr\/affaires-reglementaires\/","og_site_name":"Association nucl\u00e9aire canadienne","article_publisher":"http:\/\/www.facebook.com\/canadanuclear","article_modified_time":"2023-11-23T17:07:37+00:00","twitter_misc":{"Est. reading time":"1 minute"},"schema":{"@context":"https:\/\/schema.org","@graph":[{"@type":"WebPage","@id":"https:\/\/cna.ca\/fr\/affaires-reglementaires\/","url":"https:\/\/cna.ca\/fr\/affaires-reglementaires\/","name":"Affaires r\u00e9glementaires - Association nucl\u00e9aire canadienne","isPartOf":{"@id":"https:\/\/cna.ca\/fr\/#website"},"datePublished":"2023-11-23T15:14:22+00:00","dateModified":"2023-11-23T17:07:37+00:00","breadcrumb":{"@id":"https:\/\/cna.ca\/fr\/affaires-reglementaires\/#breadcrumb"},"inLanguage":"fr-FR","potentialAction":[{"@type":"ReadAction","target":["https:\/\/cna.ca\/fr\/affaires-reglementaires\/"]}]},{"@type":"BreadcrumbList","@id":"https:\/\/cna.ca\/fr\/affaires-reglementaires\/#breadcrumb","itemListElement":[{"@type":"ListItem","position":1,"name":"Home","item":"https:\/\/cna.ca\/fr\/"},{"@type":"ListItem","position":2,"name":"Affaires&nbsp;r\u00e9glementaires"}]},{"@type":"WebSite","@id":"https:\/\/cna.ca\/fr\/#website","url":"https:\/\/cna.ca\/fr\/","name":"Canadian Nuclear Association","description":"The national voice of the Canadian nuclear industry since 1960","publisher":{"@id":"https:\/\/cna.ca\/fr\/#organization"},"potentialAction":[{"@type":"SearchAction","target":{"@type":"EntryPoint","urlTemplate":"https:\/\/cna.ca\/fr\/?s={search_term_string}"},"query-input":{"@type":"PropertyValueSpecification","valueRequired":true,"valueName":"search_term_string"}}],"inLanguage":"fr-FR"},{"@type":"Organization","@id":"https:\/\/cna.ca\/fr\/#organization","name":"Canadian Nuclear Association","url":"https:\/\/cna.ca\/fr\/","logo":{"@type":"ImageObject","inLanguage":"fr-FR","@id":"https:\/\/cna.ca\/fr\/#\/schema\/logo\/image\/","url":"https:\/\/cna.ca\/wp-content\/uploads\/2023\/12\/cropped-cna-logo-only.png","contentUrl":"https:\/\/cna.ca\/wp-content\/uploads\/2023\/12\/cropped-cna-logo-only.png","width":512,"height":512,"caption":"Canadian Nuclear Association"},"image":{"@id":"https:\/\/cna.ca\/fr\/#\/schema\/logo\/image\/"},"sameAs":["http:\/\/www.facebook.com\/canadanuclear","https:\/\/x.com\/canadanuclear","https:\/\/www.instagram.com\/canadanuclear","https:\/\/www.youtube.com\/CanadaNuclear","http:\/\/www.linkedin.com\/company\/canadian-nuclear-association"]}]}},"_links":{"self":[{"href":"https:\/\/cna.ca\/fr\/wp-json\/wp\/v2\/pages\/33139","targetHints":{"allow":["GET"]}}],"collection":[{"href":"https:\/\/cna.ca\/fr\/wp-json\/wp\/v2\/pages"}],"about":[{"href":"https:\/\/cna.ca\/fr\/wp-json\/wp\/v2\/types\/page"}],"author":[{"embeddable":true,"href":"https:\/\/cna.ca\/fr\/wp-json\/wp\/v2\/users\/8480"}],"replies":[{"embeddable":true,"href":"https:\/\/cna.ca\/fr\/wp-json\/wp\/v2\/comments?post=33139"}],"version-history":[{"count":3,"href":"https:\/\/cna.ca\/fr\/wp-json\/wp\/v2\/pages\/33139\/revisions"}],"predecessor-version":[{"id":33166,"href":"https:\/\/cna.ca\/fr\/wp-json\/wp\/v2\/pages\/33139\/revisions\/33166"}],"wp:attachment":[{"href":"https:\/\/cna.ca\/fr\/wp-json\/wp\/v2\/media?parent=33139"}],"wp:term":[{"taxonomy":"topic","embeddable":true,"href":"https:\/\/cna.ca\/fr\/wp-json\/wp\/v2\/topic?post=33139"}],"curies":[{"name":"wp","href":"https:\/\/api.w.org\/{rel}","templated":true}]}}