{"id":32651,"date":"2023-04-27T17:18:36","date_gmt":"2023-04-27T21:18:36","guid":{"rendered":"https:\/\/cna.ca\/?page_id=32651"},"modified":"2024-01-09T11:10:36","modified_gmt":"2024-01-09T16:10:36","slug":"association-nucleaire-canadienne","status":"publish","type":"page","link":"https:\/\/cna.ca\/fr\/","title":{"rendered":"Association nucl\u00e9aire&nbsp;canadienne"},"content":{"rendered":"\n<p>L\u2019\u00e9nergie nucl\u00e9aire est de loin la plus grande source potentielle de nouvelle \u00e9nergie propre au Canada, ce qui s\u2019av\u00e8re prometteur pour notre lutte contre le changement climatique, l\u2019\u00e9puration de notre air et le renforcement de notre \u00e9conomie.<\/p>\n","protected":false},"excerpt":{"rendered":"<p>L\u2019\u00e9nergie nucl\u00e9aire est de loin la plus grande source potentielle de nouvelle \u00e9nergie propre au Canada, ce qui s\u2019av\u00e8re prometteur pour notre lutte contre le changement climatique, l\u2019\u00e9puration de notre air et le renforcement de notre \u00e9conomie.<\/p>\n","protected":false},"author":8480,"featured_media":0,"parent":0,"menu_order":0,"comment_status":"closed","ping_status":"open","template":"page-homepage.php","meta":{"_acf_changed":false,"footnotes":""},"topic":[],"class_list":["post-32651","page","type-page","status-publish","hentry"],"acf":[],"yoast_head":"<!-- This site is optimized with the Yoast SEO plugin v27.4 - https:\/\/yoast.com\/product\/yoast-seo-wordpress\/ -->\n<title>Association nucl\u00e9aire canadienne - Association nucl\u00e9aire canadienne<\/title>\n<meta name=\"robots\" content=\"index, follow, max-snippet:-1, max-image-preview:large, max-video-preview:-1\" \/>\n<link rel=\"canonical\" href=\"https:\/\/cna.ca\/fr\/\" \/>\n<meta property=\"og:locale\" content=\"fr_FR\" \/>\n<meta property=\"og:type\" content=\"article\" \/>\n<meta property=\"og:title\" content=\"Association nucl\u00e9aire canadienne - Association nucl\u00e9aire canadienne\" \/>\n<meta property=\"og:description\" content=\"L\u2019\u00e9nergie nucl\u00e9aire est de loin la plus grande source potentielle de nouvelle \u00e9nergie propre au Canada, ce qui s\u2019av\u00e8re prometteur pour notre lutte contre le changement climatique, l\u2019\u00e9puration de notre air et le renforcement de notre \u00e9conomie.\" \/>\n<meta property=\"og:url\" content=\"https:\/\/cna.ca\/fr\/\" \/>\n<meta property=\"og:site_name\" content=\"Association nucl\u00e9aire canadienne\" \/>\n<meta property=\"article:publisher\" content=\"http:\/\/www.facebook.com\/canadanuclear\" \/>\n<meta property=\"article:modified_time\" content=\"2024-01-09T16:10:36+00:00\" \/>\n<meta name=\"twitter:label1\" content=\"Est. reading time\" \/>\n\t<meta name=\"twitter:data1\" content=\"1 minute\" \/>\n<script type=\"application\/ld+json\" class=\"yoast-schema-graph\">{\"@context\":\"https:\\\/\\\/schema.org\",\"@graph\":[{\"@type\":\"WebPage\",\"@id\":\"https:\\\/\\\/cna.ca\\\/fr\\\/\",\"url\":\"https:\\\/\\\/cna.ca\\\/fr\\\/\",\"name\":\"Association nucl\u00e9aire canadienne - Association nucl\u00e9aire canadienne\",\"isPartOf\":{\"@id\":\"https:\\\/\\\/cna.ca\\\/fr\\\/#website\"},\"datePublished\":\"2023-04-27T21:18:36+00:00\",\"dateModified\":\"2024-01-09T16:10:36+00:00\",\"breadcrumb\":{\"@id\":\"https:\\\/\\\/cna.ca\\\/fr\\\/#breadcrumb\"},\"inLanguage\":\"fr-FR\",\"potentialAction\":[{\"@type\":\"ReadAction\",\"target\":[\"https:\\\/\\\/cna.ca\\\/fr\\\/\"]}]},{\"@type\":\"BreadcrumbList\",\"@id\":\"https:\\\/\\\/cna.ca\\\/fr\\\/#breadcrumb\",\"itemListElement\":[{\"@type\":\"ListItem\",\"position\":1,\"name\":\"Home\",\"item\":\"https:\\\/\\\/cna.ca\\\/fr\\\/\"},{\"@type\":\"ListItem\",\"position\":2,\"name\":\"Association nucl\u00e9aire&nbsp;canadienne\"}]},{\"@type\":\"WebSite\",\"@id\":\"https:\\\/\\\/cna.ca\\\/fr\\\/#website\",\"url\":\"https:\\\/\\\/cna.ca\\\/fr\\\/\",\"name\":\"Canadian Nuclear Association\",\"description\":\"The national voice of the Canadian nuclear industry since 1960\",\"publisher\":{\"@id\":\"https:\\\/\\\/cna.ca\\\/fr\\\/#organization\"},\"potentialAction\":[{\"@type\":\"SearchAction\",\"target\":{\"@type\":\"EntryPoint\",\"urlTemplate\":\"https:\\\/\\\/cna.ca\\\/fr\\\/?s={search_term_string}\"},\"query-input\":{\"@type\":\"PropertyValueSpecification\",\"valueRequired\":true,\"valueName\":\"search_term_string\"}}],\"inLanguage\":\"fr-FR\"},{\"@type\":\"Organization\",\"@id\":\"https:\\\/\\\/cna.ca\\\/fr\\\/#organization\",\"name\":\"Canadian Nuclear Association\",\"url\":\"https:\\\/\\\/cna.ca\\\/fr\\\/\",\"logo\":{\"@type\":\"ImageObject\",\"inLanguage\":\"fr-FR\",\"@id\":\"https:\\\/\\\/cna.ca\\\/fr\\\/#\\\/schema\\\/logo\\\/image\\\/\",\"url\":\"https:\\\/\\\/cna.ca\\\/wp-content\\\/uploads\\\/2023\\\/12\\\/cropped-cna-logo-only.png\",\"contentUrl\":\"https:\\\/\\\/cna.ca\\\/wp-content\\\/uploads\\\/2023\\\/12\\\/cropped-cna-logo-only.png\",\"width\":512,\"height\":512,\"caption\":\"Canadian Nuclear Association\"},\"image\":{\"@id\":\"https:\\\/\\\/cna.ca\\\/fr\\\/#\\\/schema\\\/logo\\\/image\\\/\"},\"sameAs\":[\"http:\\\/\\\/www.facebook.com\\\/canadanuclear\",\"https:\\\/\\\/x.com\\\/canadanuclear\",\"https:\\\/\\\/www.instagram.com\\\/canadanuclear\",\"https:\\\/\\\/www.youtube.com\\\/CanadaNuclear\",\"http:\\\/\\\/www.linkedin.com\\\/company\\\/canadian-nuclear-association\"]}]}<\/script>\n<!-- \/ Yoast SEO plugin. -->","yoast_head_json":{"title":"Association nucl\u00e9aire canadienne - Association nucl\u00e9aire canadienne","robots":{"index":"index","follow":"follow","max-snippet":"max-snippet:-1","max-image-preview":"max-image-preview:large","max-video-preview":"max-video-preview:-1"},"canonical":"https:\/\/cna.ca\/fr\/","og_locale":"fr_FR","og_type":"article","og_title":"Association nucl\u00e9aire canadienne - Association nucl\u00e9aire canadienne","og_description":"L\u2019\u00e9nergie nucl\u00e9aire est de loin la plus grande source potentielle de nouvelle \u00e9nergie propre au Canada, ce qui s\u2019av\u00e8re prometteur pour notre lutte contre le changement climatique, l\u2019\u00e9puration de notre air et le renforcement de notre \u00e9conomie.","og_url":"https:\/\/cna.ca\/fr\/","og_site_name":"Association nucl\u00e9aire canadienne","article_publisher":"http:\/\/www.facebook.com\/canadanuclear","article_modified_time":"2024-01-09T16:10:36+00:00","twitter_misc":{"Est. reading time":"1 minute"},"schema":{"@context":"https:\/\/schema.org","@graph":[{"@type":"WebPage","@id":"https:\/\/cna.ca\/fr\/","url":"https:\/\/cna.ca\/fr\/","name":"Association nucl\u00e9aire canadienne - Association nucl\u00e9aire canadienne","isPartOf":{"@id":"https:\/\/cna.ca\/fr\/#website"},"datePublished":"2023-04-27T21:18:36+00:00","dateModified":"2024-01-09T16:10:36+00:00","breadcrumb":{"@id":"https:\/\/cna.ca\/fr\/#breadcrumb"},"inLanguage":"fr-FR","potentialAction":[{"@type":"ReadAction","target":["https:\/\/cna.ca\/fr\/"]}]},{"@type":"BreadcrumbList","@id":"https:\/\/cna.ca\/fr\/#breadcrumb","itemListElement":[{"@type":"ListItem","position":1,"name":"Home","item":"https:\/\/cna.ca\/fr\/"},{"@type":"ListItem","position":2,"name":"Association nucl\u00e9aire&nbsp;canadienne"}]},{"@type":"WebSite","@id":"https:\/\/cna.ca\/fr\/#website","url":"https:\/\/cna.ca\/fr\/","name":"Canadian Nuclear Association","description":"The national voice of the Canadian nuclear industry since 1960","publisher":{"@id":"https:\/\/cna.ca\/fr\/#organization"},"potentialAction":[{"@type":"SearchAction","target":{"@type":"EntryPoint","urlTemplate":"https:\/\/cna.ca\/fr\/?s={search_term_string}"},"query-input":{"@type":"PropertyValueSpecification","valueRequired":true,"valueName":"search_term_string"}}],"inLanguage":"fr-FR"},{"@type":"Organization","@id":"https:\/\/cna.ca\/fr\/#organization","name":"Canadian Nuclear Association","url":"https:\/\/cna.ca\/fr\/","logo":{"@type":"ImageObject","inLanguage":"fr-FR","@id":"https:\/\/cna.ca\/fr\/#\/schema\/logo\/image\/","url":"https:\/\/cna.ca\/wp-content\/uploads\/2023\/12\/cropped-cna-logo-only.png","contentUrl":"https:\/\/cna.ca\/wp-content\/uploads\/2023\/12\/cropped-cna-logo-only.png","width":512,"height":512,"caption":"Canadian Nuclear Association"},"image":{"@id":"https:\/\/cna.ca\/fr\/#\/schema\/logo\/image\/"},"sameAs":["http:\/\/www.facebook.com\/canadanuclear","https:\/\/x.com\/canadanuclear","https:\/\/www.instagram.com\/canadanuclear","https:\/\/www.youtube.com\/CanadaNuclear","http:\/\/www.linkedin.com\/company\/canadian-nuclear-association"]}]}},"_links":{"self":[{"href":"https:\/\/cna.ca\/fr\/wp-json\/wp\/v2\/pages\/32651","targetHints":{"allow":["GET"]}}],"collection":[{"href":"https:\/\/cna.ca\/fr\/wp-json\/wp\/v2\/pages"}],"about":[{"href":"https:\/\/cna.ca\/fr\/wp-json\/wp\/v2\/types\/page"}],"author":[{"embeddable":true,"href":"https:\/\/cna.ca\/fr\/wp-json\/wp\/v2\/users\/8480"}],"replies":[{"embeddable":true,"href":"https:\/\/cna.ca\/fr\/wp-json\/wp\/v2\/comments?post=32651"}],"version-history":[{"count":15,"href":"https:\/\/cna.ca\/fr\/wp-json\/wp\/v2\/pages\/32651\/revisions"}],"predecessor-version":[{"id":33755,"href":"https:\/\/cna.ca\/fr\/wp-json\/wp\/v2\/pages\/32651\/revisions\/33755"}],"wp:attachment":[{"href":"https:\/\/cna.ca\/fr\/wp-json\/wp\/v2\/media?parent=32651"}],"wp:term":[{"taxonomy":"topic","embeddable":true,"href":"https:\/\/cna.ca\/fr\/wp-json\/wp\/v2\/topic?post=32651"}],"curies":[{"name":"wp","href":"https:\/\/api.w.org\/{rel}","templated":true}]}}