{"id":28248,"date":"2020-08-12T13:19:18","date_gmt":"2020-08-12T17:19:18","guid":{"rendered":"https:\/\/cna.ca\/privacy-policy\/"},"modified":"2020-08-24T17:00:37","modified_gmt":"2020-08-24T21:00:37","slug":"politique-de-confidentialite","status":"publish","type":"page","link":"https:\/\/cna.ca\/fr\/politique-de-confidentialite\/","title":{"rendered":"Politique de&nbsp;confidentialit\u00e9"},"content":{"rendered":"\n<p>L\u2019Association nucl\u00e9aire canadienne (ANC) poss\u00e8de et administre le site Web <a href=\"https:\/\/cna.ca\/fr\/\">www.CNA.ca<\/a>. Ce site Web vise \u00e0 fournir de l\u2019information aux personnes qui souhaitent en savoir davantage sur l\u2019ANC et sur l\u2019industrie nucl\u00e9aire au\u00a0Canada.<\/p>\n\n\n\n<p>Cette page d\u00e9crit la politique de confidentialit\u00e9 (la \u00ab&nbsp;Politique&nbsp;\u00bb) qui r\u00e9git votre utilisation du site Web. L\u2019information et les modalit\u00e9s d\u00e9crites sur cette page constituent un contrat juridique entre vous et l\u2019ANC. Vous devez examiner attentivement cette politique, y compris avec un conseiller juridique si vous le souhaitez.<\/p>\n\n\n\n<p>Si vous n\u2019\u00eates pas d\u2019accord avec les modalit\u00e9s d\u00e9crites ci-dessous, vous devez vous abstenir d\u2019utiliser ce site Web.<\/p>\n\n\n\n<h2 class=\"wp-block-heading\">T\u00e9moins<\/h2>\n\n\n\n<p>Les t\u00e9moins sont des fichiers contenant une petite quantit\u00e9 de donn\u00e9es, qui peuvent comprendre un identificateur unique anonyme. Les t\u00e9moins sont envoy\u00e9s \u00e0 votre navigateur \u00e0 partir de ce site Web et stock\u00e9s sur le disque dur de votre ordinateur.<\/p>\n\n\n\n<p>Comme c\u2019est le cas pour de nombreux sites Web, nous utilisons des t\u00e9moins pour recueillir de l\u2019information dans le seul but de fournir un contenu appropri\u00e9 et d\u2019am\u00e9liorer le site Web. Vous pouvez param\u00e9trer votre navigateur pour qu\u2019il refuse tous les t\u00e9moins ou indique quand un t\u00e9moin est envoy\u00e9. Toutefois, si vous n\u2019acceptez pas les t\u00e9moins, vous ne pourrez peut-\u00eatre pas utiliser certaines parties de notre site.<\/p>\n\n\n\n<p>En utilisant ce site Web, vous acceptez la collecte et l\u2019utilisation de vos renseignements conform\u00e9ment \u00e0 cette Politique.<\/p>\n\n\n\n<h2 class=\"wp-block-heading\">Donn\u00e9es sur l\u2019utilisation<\/h2>\n\n\n\n<p>Comme c\u2019est le cas pour de nombreux exploitants de sites Web, nous recueillons des renseignements que votre navigateur envoie chaque fois que vous visitez notre site.<\/p>\n\n\n\n<p>Ces donn\u00e9es peuvent comprendre des renseignements comme l\u2019adresse de protocole Internet (IP) de votre ordinateur, le type de navigateur, la version du navigateur, les pages de notre site Web que vous visitez, l\u2019heure et la date de votre visite, le temps pass\u00e9 sur ces pages et d\u2019autres statistiques.<\/p>\n\n\n\n<p>De plus, nous pouvons utiliser des services tiers, comme Google Analytics, qui recueillent, surveillent et analysent ces donn\u00e9es.<\/p>\n\n\n\n<h2 class=\"wp-block-heading\">Collecte et utilisation des donn\u00e9es<\/h2>\n\n\n\n<p>L\u2019ANC obtiendra des renseignements permettant de vous identifier si vous choisissez de communiquer avec nous par l\u2019entremise de ce site Web, y compris en vous inscrivant \u00e0 notre bulletin d\u2019information. La collecte de vos renseignements personnels dans de telles situations sera limit\u00e9e \u00e0 la nature de vos communications.<\/p>\n\n\n\n<p>L\u2019ANC utilisera ces renseignements personnels uniquement pour r\u00e9pondre \u00e0 vos demandes de renseignements, et \u00e0 des fins statistiques, de recherche et d\u2019entretien du syst\u00e8me. Par ailleurs, l\u2019ANC peut communiquer vos renseignements personnels \u00e0 des consultants et \u00e0 des entreprises dont elle a retenu les services pour s\u2019acquitter de son mandat et qui sont aussi li\u00e9s par la pr\u00e9sente Politique.<\/p>\n\n\n\n<p>L\u2019ANC ne divulguera pas de renseignements personnels permettant de vous identifier \u00e0 des tiers, sauf si la loi l\u2019exige, \u00e0 des fins statistiques, de recherche et d\u2019entretien du syst\u00e8me. Dans tous les autres cas, l\u2019ANC obtiendra votre consentement avant toute divulgation.<\/p>\n\n\n\n<h2 class=\"wp-block-heading\">Liens vers d\u2019autres sites Web<\/h2>\n\n\n\n<p>Ce site Web contient des liens vers d\u2019autres sites Web et d\u2019autres outils \u00e9lectroniques. La pr\u00e9sence de tels liens ne constitue pas une approbation, une autorisation ou une repr\u00e9sentation de notre affiliation ou de notre association avec la personne ou l\u2019entit\u00e9 qui poss\u00e8dent ou g\u00e8rent ces sites Web ou autres outils \u00e9lectroniques. Les liens sont fournis \u00e0 titre indicatif seulement.<\/p>\n\n\n\n<p>\u00c9tant donn\u00e9 que l\u2019ANC n\u2019exerce aucun contr\u00f4le sur le contenu de ces sites Web et de ces outils \u00e9lectroniques, la pr\u00e9sente Politique ne s\u2019appliquera pas \u00e0 ce contenu. Vous devez examiner les politiques de confidentialit\u00e9 de ces entit\u00e9s pour obtenir de plus amples renseignements.<\/p>\n\n\n\n<h2 class=\"wp-block-heading\">S\u00e9curit\u00e9<\/h2>\n\n\n\n<p>La s\u00e9curit\u00e9 de vos renseignements personnels est importante pour nous. Toutefois, il convient de se rappeler qu\u2019aucun mode de transmission par Internet ou de stockage \u00e9lectronique n\u2019est enti\u00e8rement s\u00fbr. Bien que nous nous efforcions d\u2019utiliser des moyens commercialement acceptables pour prot\u00e9ger vos renseignements personnels, nous ne pouvons pas garantir leur s\u00e9curit\u00e9 absolue.<\/p>\n\n\n\n<h2 class=\"wp-block-heading\">Modifications \u00e0 la pr\u00e9sente Politique de confidentialit\u00e9<\/h2>\n\n\n\n<p>La pr\u00e9sente Politique de confidentialit\u00e9 prend effet le vendredi 21&nbsp;ao\u00fbt&nbsp;2020 et demeurera en vigueur, sauf en ce qui concerne toute modification future de ses dispositions, laquelle prendra effet imm\u00e9diatement apr\u00e8s avoir \u00e9t\u00e9 publi\u00e9e sur cette page.<\/p>\n\n\n\n<p>L\u2019ANC se r\u00e9serve le droit de modifier ou d\u2019am\u00e9liorer ce site Web, ce qui pourrait avoir une incidence sur la fa\u00e7on dont ce site Web recueille, le cas \u00e9ch\u00e9ant, des renseignements personnels permettant de vous identifier. Par cons\u00e9quent, vous devez consulter p\u00e9riodiquement la pr\u00e9sente Politique pour vous informer de ces changements.<\/p>\n\n\n\n<p>Si vous continuez d\u2019utiliser ce site Web apr\u00e8s que nous aurons publi\u00e9 les modifications \u00e0 la Politique de confidentialit\u00e9 affich\u00e9e sur cette page, ce faisant, vous reconna\u00eetrez les modifications et consentirez \u00e0 vous conformer \u00e0 la version modifi\u00e9e de la Politique de confidentialit\u00e9.<\/p>\n\n\n\n<p>Si nous apportons des changements importants \u00e0 la pr\u00e9sente Politique de confidentialit\u00e9, nous vous en informerons par courriel au moyen de l\u2019adresse \u00e9lectronique que vous nous avez fournie ou en affichant un avis bien en vue sur notre site Web.<\/p>\n\n\n\n<h2 class=\"wp-block-heading\">Communiquer avec nous<\/h2>\n\n\n\n<p>Si vous avez des questions au sujet de cette Politique, veuillez communiquer avec l\u2019ANC \u00e0 <a href=\"file:\/\/\/C:\/Users\/Floriane\/Downloads\/mailto&nbsp;:%20info@cna.ca\">info@cna.ca<\/a>.<\/p>\n","protected":false},"excerpt":{"rendered":"<p>L\u2019Association nucl\u00e9aire canadienne (ANC) poss\u00e8de et administre le site Web www.CNA.ca. Ce site Web vise \u00e0 fournir de l\u2019information aux personnes qui souhaitent en savoir davantage sur l\u2019ANC et sur l\u2019industrie nucl\u00e9aire au\u00a0Canada. Cette page d\u00e9crit la politique de confidentialit\u00e9 (la \u00ab&nbsp;Politique&nbsp;\u00bb) qui r\u00e9git votre utilisation du site Web. L\u2019information et les modalit\u00e9s d\u00e9crites sur [&hellip;]<\/p>\n","protected":false},"author":1,"featured_media":0,"parent":0,"menu_order":15,"comment_status":"closed","ping_status":"closed","template":"","meta":{"_acf_changed":false,"footnotes":""},"topic":[],"class_list":["post-28248","page","type-page","status-publish","hentry"],"acf":[],"yoast_head":"<!-- This site is optimized with the Yoast SEO plugin v27.3 - https:\/\/yoast.com\/product\/yoast-seo-wordpress\/ -->\n<title>Politique de confidentialit\u00e9 - Association nucl\u00e9aire canadienne<\/title>\n<meta name=\"robots\" content=\"index, follow, max-snippet:-1, max-image-preview:large, max-video-preview:-1\" \/>\n<link rel=\"canonical\" href=\"https:\/\/cna.ca\/fr\/politique-de-confidentialite\/\" \/>\n<meta property=\"og:locale\" content=\"fr_FR\" \/>\n<meta property=\"og:type\" content=\"article\" \/>\n<meta property=\"og:title\" content=\"Politique de confidentialit\u00e9 - Association nucl\u00e9aire canadienne\" \/>\n<meta property=\"og:description\" content=\"L\u2019Association nucl\u00e9aire canadienne (ANC) poss\u00e8de et administre le site Web www.CNA.ca. Ce site Web vise \u00e0 fournir de l\u2019information aux personnes qui souhaitent en savoir davantage sur l\u2019ANC et sur l\u2019industrie nucl\u00e9aire au\u00a0Canada. Cette page d\u00e9crit la politique de confidentialit\u00e9 (la \u00ab&nbsp;Politique&nbsp;\u00bb) qui r\u00e9git votre utilisation du site Web. L\u2019information et les modalit\u00e9s d\u00e9crites sur [&hellip;]\" \/>\n<meta property=\"og:url\" content=\"https:\/\/cna.ca\/fr\/politique-de-confidentialite\/\" \/>\n<meta property=\"og:site_name\" content=\"Association nucl\u00e9aire canadienne\" \/>\n<meta property=\"article:publisher\" content=\"http:\/\/www.facebook.com\/canadanuclear\" \/>\n<meta property=\"article:modified_time\" content=\"2020-08-24T21:00:37+00:00\" \/>\n<meta name=\"twitter:label1\" content=\"Est. reading time\" \/>\n\t<meta name=\"twitter:data1\" content=\"5 minutes\" \/>\n<script type=\"application\/ld+json\" class=\"yoast-schema-graph\">{\"@context\":\"https:\\\/\\\/schema.org\",\"@graph\":[{\"@type\":\"WebPage\",\"@id\":\"https:\\\/\\\/cna.ca\\\/fr\\\/politique-de-confidentialite\\\/\",\"url\":\"https:\\\/\\\/cna.ca\\\/fr\\\/politique-de-confidentialite\\\/\",\"name\":\"Politique de confidentialit\u00e9 - Association nucl\u00e9aire canadienne\",\"isPartOf\":{\"@id\":\"https:\\\/\\\/cna.ca\\\/fr\\\/#website\"},\"datePublished\":\"2020-08-12T17:19:18+00:00\",\"dateModified\":\"2020-08-24T21:00:37+00:00\",\"breadcrumb\":{\"@id\":\"https:\\\/\\\/cna.ca\\\/fr\\\/politique-de-confidentialite\\\/#breadcrumb\"},\"inLanguage\":\"fr-FR\",\"potentialAction\":[{\"@type\":\"ReadAction\",\"target\":[\"https:\\\/\\\/cna.ca\\\/fr\\\/politique-de-confidentialite\\\/\"]}]},{\"@type\":\"BreadcrumbList\",\"@id\":\"https:\\\/\\\/cna.ca\\\/fr\\\/politique-de-confidentialite\\\/#breadcrumb\",\"itemListElement\":[{\"@type\":\"ListItem\",\"position\":1,\"name\":\"Home\",\"item\":\"https:\\\/\\\/cna.ca\\\/fr\\\/\"},{\"@type\":\"ListItem\",\"position\":2,\"name\":\"Politique de&nbsp;confidentialit\u00e9\"}]},{\"@type\":\"WebSite\",\"@id\":\"https:\\\/\\\/cna.ca\\\/fr\\\/#website\",\"url\":\"https:\\\/\\\/cna.ca\\\/fr\\\/\",\"name\":\"Canadian Nuclear Association\",\"description\":\"The national voice of the Canadian nuclear industry since 1960\",\"publisher\":{\"@id\":\"https:\\\/\\\/cna.ca\\\/fr\\\/#organization\"},\"potentialAction\":[{\"@type\":\"SearchAction\",\"target\":{\"@type\":\"EntryPoint\",\"urlTemplate\":\"https:\\\/\\\/cna.ca\\\/fr\\\/?s={search_term_string}\"},\"query-input\":{\"@type\":\"PropertyValueSpecification\",\"valueRequired\":true,\"valueName\":\"search_term_string\"}}],\"inLanguage\":\"fr-FR\"},{\"@type\":\"Organization\",\"@id\":\"https:\\\/\\\/cna.ca\\\/fr\\\/#organization\",\"name\":\"Canadian Nuclear Association\",\"url\":\"https:\\\/\\\/cna.ca\\\/fr\\\/\",\"logo\":{\"@type\":\"ImageObject\",\"inLanguage\":\"fr-FR\",\"@id\":\"https:\\\/\\\/cna.ca\\\/fr\\\/#\\\/schema\\\/logo\\\/image\\\/\",\"url\":\"https:\\\/\\\/cna.ca\\\/wp-content\\\/uploads\\\/2023\\\/12\\\/cropped-cna-logo-only.png\",\"contentUrl\":\"https:\\\/\\\/cna.ca\\\/wp-content\\\/uploads\\\/2023\\\/12\\\/cropped-cna-logo-only.png\",\"width\":512,\"height\":512,\"caption\":\"Canadian Nuclear Association\"},\"image\":{\"@id\":\"https:\\\/\\\/cna.ca\\\/fr\\\/#\\\/schema\\\/logo\\\/image\\\/\"},\"sameAs\":[\"http:\\\/\\\/www.facebook.com\\\/canadanuclear\",\"https:\\\/\\\/x.com\\\/canadanuclear\",\"https:\\\/\\\/www.instagram.com\\\/canadanuclear\",\"https:\\\/\\\/www.youtube.com\\\/CanadaNuclear\",\"http:\\\/\\\/www.linkedin.com\\\/company\\\/canadian-nuclear-association\"]}]}<\/script>\n<!-- \/ Yoast SEO plugin. -->","yoast_head_json":{"title":"Politique de confidentialit\u00e9 - Association nucl\u00e9aire canadienne","robots":{"index":"index","follow":"follow","max-snippet":"max-snippet:-1","max-image-preview":"max-image-preview:large","max-video-preview":"max-video-preview:-1"},"canonical":"https:\/\/cna.ca\/fr\/politique-de-confidentialite\/","og_locale":"fr_FR","og_type":"article","og_title":"Politique de confidentialit\u00e9 - Association nucl\u00e9aire canadienne","og_description":"L\u2019Association nucl\u00e9aire canadienne (ANC) poss\u00e8de et administre le site Web www.CNA.ca. Ce site Web vise \u00e0 fournir de l\u2019information aux personnes qui souhaitent en savoir davantage sur l\u2019ANC et sur l\u2019industrie nucl\u00e9aire au\u00a0Canada. Cette page d\u00e9crit la politique de confidentialit\u00e9 (la \u00ab&nbsp;Politique&nbsp;\u00bb) qui r\u00e9git votre utilisation du site Web. L\u2019information et les modalit\u00e9s d\u00e9crites sur [&hellip;]","og_url":"https:\/\/cna.ca\/fr\/politique-de-confidentialite\/","og_site_name":"Association nucl\u00e9aire canadienne","article_publisher":"http:\/\/www.facebook.com\/canadanuclear","article_modified_time":"2020-08-24T21:00:37+00:00","twitter_misc":{"Est. reading time":"5 minutes"},"schema":{"@context":"https:\/\/schema.org","@graph":[{"@type":"WebPage","@id":"https:\/\/cna.ca\/fr\/politique-de-confidentialite\/","url":"https:\/\/cna.ca\/fr\/politique-de-confidentialite\/","name":"Politique de confidentialit\u00e9 - Association nucl\u00e9aire canadienne","isPartOf":{"@id":"https:\/\/cna.ca\/fr\/#website"},"datePublished":"2020-08-12T17:19:18+00:00","dateModified":"2020-08-24T21:00:37+00:00","breadcrumb":{"@id":"https:\/\/cna.ca\/fr\/politique-de-confidentialite\/#breadcrumb"},"inLanguage":"fr-FR","potentialAction":[{"@type":"ReadAction","target":["https:\/\/cna.ca\/fr\/politique-de-confidentialite\/"]}]},{"@type":"BreadcrumbList","@id":"https:\/\/cna.ca\/fr\/politique-de-confidentialite\/#breadcrumb","itemListElement":[{"@type":"ListItem","position":1,"name":"Home","item":"https:\/\/cna.ca\/fr\/"},{"@type":"ListItem","position":2,"name":"Politique de&nbsp;confidentialit\u00e9"}]},{"@type":"WebSite","@id":"https:\/\/cna.ca\/fr\/#website","url":"https:\/\/cna.ca\/fr\/","name":"Canadian Nuclear Association","description":"The national voice of the Canadian nuclear industry since 1960","publisher":{"@id":"https:\/\/cna.ca\/fr\/#organization"},"potentialAction":[{"@type":"SearchAction","target":{"@type":"EntryPoint","urlTemplate":"https:\/\/cna.ca\/fr\/?s={search_term_string}"},"query-input":{"@type":"PropertyValueSpecification","valueRequired":true,"valueName":"search_term_string"}}],"inLanguage":"fr-FR"},{"@type":"Organization","@id":"https:\/\/cna.ca\/fr\/#organization","name":"Canadian Nuclear Association","url":"https:\/\/cna.ca\/fr\/","logo":{"@type":"ImageObject","inLanguage":"fr-FR","@id":"https:\/\/cna.ca\/fr\/#\/schema\/logo\/image\/","url":"https:\/\/cna.ca\/wp-content\/uploads\/2023\/12\/cropped-cna-logo-only.png","contentUrl":"https:\/\/cna.ca\/wp-content\/uploads\/2023\/12\/cropped-cna-logo-only.png","width":512,"height":512,"caption":"Canadian Nuclear Association"},"image":{"@id":"https:\/\/cna.ca\/fr\/#\/schema\/logo\/image\/"},"sameAs":["http:\/\/www.facebook.com\/canadanuclear","https:\/\/x.com\/canadanuclear","https:\/\/www.instagram.com\/canadanuclear","https:\/\/www.youtube.com\/CanadaNuclear","http:\/\/www.linkedin.com\/company\/canadian-nuclear-association"]}]}},"_links":{"self":[{"href":"https:\/\/cna.ca\/fr\/wp-json\/wp\/v2\/pages\/28248","targetHints":{"allow":["GET"]}}],"collection":[{"href":"https:\/\/cna.ca\/fr\/wp-json\/wp\/v2\/pages"}],"about":[{"href":"https:\/\/cna.ca\/fr\/wp-json\/wp\/v2\/types\/page"}],"author":[{"embeddable":true,"href":"https:\/\/cna.ca\/fr\/wp-json\/wp\/v2\/users\/1"}],"replies":[{"embeddable":true,"href":"https:\/\/cna.ca\/fr\/wp-json\/wp\/v2\/comments?post=28248"}],"version-history":[{"count":2,"href":"https:\/\/cna.ca\/fr\/wp-json\/wp\/v2\/pages\/28248\/revisions"}],"predecessor-version":[{"id":28320,"href":"https:\/\/cna.ca\/fr\/wp-json\/wp\/v2\/pages\/28248\/revisions\/28320"}],"wp:attachment":[{"href":"https:\/\/cna.ca\/fr\/wp-json\/wp\/v2\/media?parent=28248"}],"wp:term":[{"taxonomy":"topic","embeddable":true,"href":"https:\/\/cna.ca\/fr\/wp-json\/wp\/v2\/topic?post=28248"}],"curies":[{"name":"wp","href":"https:\/\/api.w.org\/{rel}","templated":true}]}}