{"id":28207,"date":"2020-08-21T16:46:25","date_gmt":"2020-08-21T20:46:25","guid":{"rendered":"http:\/\/cna.flywheelsites.com\/?page_id=28207"},"modified":"2020-08-21T17:27:43","modified_gmt":"2020-08-21T21:27:43","slug":"membres","status":"publish","type":"page","link":"https:\/\/cna.ca\/fr\/a-propos-anc\/membres\/","title":{"rendered":"Membres"},"content":{"rendered":"\n<h2 class=\"wp-block-heading\">Avantages offerts aux membres<\/h2>\n\n\n\n<p>Les membres de l\u2019Association nucl\u00e9aire canadienne b\u00e9n\u00e9ficient de plusieurs avantages :<\/p>\n\n\n\n<ul class=\"wp-block-list\"><li><strong>\u00c9change d\u2019information<\/strong>&nbsp;\u2013 Les organisations membres ont la possibilit\u00e9 d\u2019obtenir et de diffuser de l\u2019information fiable \u00e0 jour concernant tous les aspects de l\u2019\u00e9nergie nucl\u00e9aire. L\u2019ANC fournit \u00e9galement aux membres des analyses des possibilit\u00e9s et des probl\u00e8mes en lien avec la valorisation et l\u2019utilisation de l\u2019\u00e9nergie nucl\u00e9aire.<\/li><li><strong>Repr\u00e9sentation<\/strong>&nbsp;\u2013 L\u2019ANC pr\u00e9sente le point de vue des membres dans le cadre des enqu\u00eates publiques et \u00e0 l\u2019intention des organismes de r\u00e9glementation et des organisations gouvernementales.<\/li><li><strong>Sensibilisation<\/strong>&nbsp;\u2013 L\u2019ANC aide \u00e0 mieux faire conna\u00eetre au public les utilisations de l\u2019\u00e9nergie nucl\u00e9aire \u00e0 des fins pacifiques.<\/li><li><strong>Commandites<\/strong>&nbsp;\u2013 L\u2019ANC parraine des activit\u00e9s visant \u00e0 assurer un marketing fructueux des produits et services du secteur nucl\u00e9aire au Canada et ailleurs dans le monde ainsi que des conf\u00e9rences, des s\u00e9minaires et des cours sur la valorisation et l\u2019utilisation de l\u2019\u00e9nergie nucl\u00e9aire, la production d\u2019uranium et les sujets connexes.<\/li><li><strong>R\u00e9seautage<\/strong>&nbsp;\u2013 Les organisations membres \u00e9tablissent et maintiennent des liens \u00e9troits avec d\u2019autres associations ayant des int\u00e9r\u00eats similaires.<\/li><\/ul>\n","protected":false},"excerpt":{"rendered":"<p>Avantages offerts aux membres Les membres de l\u2019Association nucl\u00e9aire canadienne b\u00e9n\u00e9ficient de plusieurs avantages : \u00c9change d\u2019information&nbsp;\u2013 Les organisations membres ont la possibilit\u00e9 d\u2019obtenir et de diffuser de l\u2019information fiable \u00e0 jour concernant tous les aspects de l\u2019\u00e9nergie nucl\u00e9aire. L\u2019ANC fournit \u00e9galement aux membres des analyses des possibilit\u00e9s et des probl\u00e8mes en lien avec la [&hellip;]<\/p>\n","protected":false},"author":1,"featured_media":0,"parent":27267,"menu_order":1,"comment_status":"closed","ping_status":"closed","template":"page-members.php","meta":{"_acf_changed":false,"footnotes":""},"topic":[],"class_list":["post-28207","page","type-page","status-publish","hentry"],"acf":[],"yoast_head":"<!-- This site is optimized with the Yoast SEO plugin v27.3 - https:\/\/yoast.com\/product\/yoast-seo-wordpress\/ -->\n<title>Membres - Association nucl\u00e9aire canadienne<\/title>\n<meta name=\"robots\" content=\"index, follow, max-snippet:-1, max-image-preview:large, max-video-preview:-1\" \/>\n<link rel=\"canonical\" href=\"https:\/\/cna.ca\/fr\/a-propos-anc\/membres\/\" \/>\n<meta property=\"og:locale\" content=\"fr_FR\" \/>\n<meta property=\"og:type\" content=\"article\" \/>\n<meta property=\"og:title\" content=\"Membres - Association nucl\u00e9aire canadienne\" \/>\n<meta property=\"og:description\" content=\"Avantages offerts aux membres Les membres de l\u2019Association nucl\u00e9aire canadienne b\u00e9n\u00e9ficient de plusieurs avantages : \u00c9change d\u2019information&nbsp;\u2013 Les organisations membres ont la possibilit\u00e9 d\u2019obtenir et de diffuser de l\u2019information fiable \u00e0 jour concernant tous les aspects de l\u2019\u00e9nergie nucl\u00e9aire. L\u2019ANC fournit \u00e9galement aux membres des analyses des possibilit\u00e9s et des probl\u00e8mes en lien avec la [&hellip;]\" \/>\n<meta property=\"og:url\" content=\"https:\/\/cna.ca\/fr\/a-propos-anc\/membres\/\" \/>\n<meta property=\"og:site_name\" content=\"Association nucl\u00e9aire canadienne\" \/>\n<meta property=\"article:publisher\" content=\"http:\/\/www.facebook.com\/canadanuclear\" \/>\n<meta property=\"article:modified_time\" content=\"2020-08-21T21:27:43+00:00\" \/>\n<meta name=\"twitter:label1\" content=\"Est. reading time\" \/>\n\t<meta name=\"twitter:data1\" content=\"1 minute\" \/>\n<script type=\"application\/ld+json\" class=\"yoast-schema-graph\">{\"@context\":\"https:\\\/\\\/schema.org\",\"@graph\":[{\"@type\":\"WebPage\",\"@id\":\"https:\\\/\\\/cna.ca\\\/fr\\\/a-propos-anc\\\/membres\\\/\",\"url\":\"https:\\\/\\\/cna.ca\\\/fr\\\/a-propos-anc\\\/membres\\\/\",\"name\":\"Membres - Association nucl\u00e9aire canadienne\",\"isPartOf\":{\"@id\":\"https:\\\/\\\/cna.ca\\\/fr\\\/#website\"},\"datePublished\":\"2020-08-21T20:46:25+00:00\",\"dateModified\":\"2020-08-21T21:27:43+00:00\",\"breadcrumb\":{\"@id\":\"https:\\\/\\\/cna.ca\\\/fr\\\/a-propos-anc\\\/membres\\\/#breadcrumb\"},\"inLanguage\":\"fr-FR\",\"potentialAction\":[{\"@type\":\"ReadAction\",\"target\":[\"https:\\\/\\\/cna.ca\\\/fr\\\/a-propos-anc\\\/membres\\\/\"]}]},{\"@type\":\"BreadcrumbList\",\"@id\":\"https:\\\/\\\/cna.ca\\\/fr\\\/a-propos-anc\\\/membres\\\/#breadcrumb\",\"itemListElement\":[{\"@type\":\"ListItem\",\"position\":1,\"name\":\"Home\",\"item\":\"https:\\\/\\\/cna.ca\\\/fr\\\/\"},{\"@type\":\"ListItem\",\"position\":2,\"name\":\"\u00c0 propos&nbsp;l&#8217;ANC\",\"item\":\"https:\\\/\\\/cna.ca\\\/fr\\\/a-propos-anc\\\/\"},{\"@type\":\"ListItem\",\"position\":3,\"name\":\"Membres\"}]},{\"@type\":\"WebSite\",\"@id\":\"https:\\\/\\\/cna.ca\\\/fr\\\/#website\",\"url\":\"https:\\\/\\\/cna.ca\\\/fr\\\/\",\"name\":\"Canadian Nuclear Association\",\"description\":\"The national voice of the Canadian nuclear industry since 1960\",\"publisher\":{\"@id\":\"https:\\\/\\\/cna.ca\\\/fr\\\/#organization\"},\"potentialAction\":[{\"@type\":\"SearchAction\",\"target\":{\"@type\":\"EntryPoint\",\"urlTemplate\":\"https:\\\/\\\/cna.ca\\\/fr\\\/?s={search_term_string}\"},\"query-input\":{\"@type\":\"PropertyValueSpecification\",\"valueRequired\":true,\"valueName\":\"search_term_string\"}}],\"inLanguage\":\"fr-FR\"},{\"@type\":\"Organization\",\"@id\":\"https:\\\/\\\/cna.ca\\\/fr\\\/#organization\",\"name\":\"Canadian Nuclear Association\",\"url\":\"https:\\\/\\\/cna.ca\\\/fr\\\/\",\"logo\":{\"@type\":\"ImageObject\",\"inLanguage\":\"fr-FR\",\"@id\":\"https:\\\/\\\/cna.ca\\\/fr\\\/#\\\/schema\\\/logo\\\/image\\\/\",\"url\":\"https:\\\/\\\/cna.ca\\\/wp-content\\\/uploads\\\/2023\\\/12\\\/cropped-cna-logo-only.png\",\"contentUrl\":\"https:\\\/\\\/cna.ca\\\/wp-content\\\/uploads\\\/2023\\\/12\\\/cropped-cna-logo-only.png\",\"width\":512,\"height\":512,\"caption\":\"Canadian Nuclear Association\"},\"image\":{\"@id\":\"https:\\\/\\\/cna.ca\\\/fr\\\/#\\\/schema\\\/logo\\\/image\\\/\"},\"sameAs\":[\"http:\\\/\\\/www.facebook.com\\\/canadanuclear\",\"https:\\\/\\\/x.com\\\/canadanuclear\",\"https:\\\/\\\/www.instagram.com\\\/canadanuclear\",\"https:\\\/\\\/www.youtube.com\\\/CanadaNuclear\",\"http:\\\/\\\/www.linkedin.com\\\/company\\\/canadian-nuclear-association\"]}]}<\/script>\n<!-- \/ Yoast SEO plugin. -->","yoast_head_json":{"title":"Membres - Association nucl\u00e9aire canadienne","robots":{"index":"index","follow":"follow","max-snippet":"max-snippet:-1","max-image-preview":"max-image-preview:large","max-video-preview":"max-video-preview:-1"},"canonical":"https:\/\/cna.ca\/fr\/a-propos-anc\/membres\/","og_locale":"fr_FR","og_type":"article","og_title":"Membres - Association nucl\u00e9aire canadienne","og_description":"Avantages offerts aux membres Les membres de l\u2019Association nucl\u00e9aire canadienne b\u00e9n\u00e9ficient de plusieurs avantages : \u00c9change d\u2019information&nbsp;\u2013 Les organisations membres ont la possibilit\u00e9 d\u2019obtenir et de diffuser de l\u2019information fiable \u00e0 jour concernant tous les aspects de l\u2019\u00e9nergie nucl\u00e9aire. L\u2019ANC fournit \u00e9galement aux membres des analyses des possibilit\u00e9s et des probl\u00e8mes en lien avec la [&hellip;]","og_url":"https:\/\/cna.ca\/fr\/a-propos-anc\/membres\/","og_site_name":"Association nucl\u00e9aire canadienne","article_publisher":"http:\/\/www.facebook.com\/canadanuclear","article_modified_time":"2020-08-21T21:27:43+00:00","twitter_misc":{"Est. reading time":"1 minute"},"schema":{"@context":"https:\/\/schema.org","@graph":[{"@type":"WebPage","@id":"https:\/\/cna.ca\/fr\/a-propos-anc\/membres\/","url":"https:\/\/cna.ca\/fr\/a-propos-anc\/membres\/","name":"Membres - Association nucl\u00e9aire canadienne","isPartOf":{"@id":"https:\/\/cna.ca\/fr\/#website"},"datePublished":"2020-08-21T20:46:25+00:00","dateModified":"2020-08-21T21:27:43+00:00","breadcrumb":{"@id":"https:\/\/cna.ca\/fr\/a-propos-anc\/membres\/#breadcrumb"},"inLanguage":"fr-FR","potentialAction":[{"@type":"ReadAction","target":["https:\/\/cna.ca\/fr\/a-propos-anc\/membres\/"]}]},{"@type":"BreadcrumbList","@id":"https:\/\/cna.ca\/fr\/a-propos-anc\/membres\/#breadcrumb","itemListElement":[{"@type":"ListItem","position":1,"name":"Home","item":"https:\/\/cna.ca\/fr\/"},{"@type":"ListItem","position":2,"name":"\u00c0 propos&nbsp;l&#8217;ANC","item":"https:\/\/cna.ca\/fr\/a-propos-anc\/"},{"@type":"ListItem","position":3,"name":"Membres"}]},{"@type":"WebSite","@id":"https:\/\/cna.ca\/fr\/#website","url":"https:\/\/cna.ca\/fr\/","name":"Canadian Nuclear Association","description":"The national voice of the Canadian nuclear industry since 1960","publisher":{"@id":"https:\/\/cna.ca\/fr\/#organization"},"potentialAction":[{"@type":"SearchAction","target":{"@type":"EntryPoint","urlTemplate":"https:\/\/cna.ca\/fr\/?s={search_term_string}"},"query-input":{"@type":"PropertyValueSpecification","valueRequired":true,"valueName":"search_term_string"}}],"inLanguage":"fr-FR"},{"@type":"Organization","@id":"https:\/\/cna.ca\/fr\/#organization","name":"Canadian Nuclear Association","url":"https:\/\/cna.ca\/fr\/","logo":{"@type":"ImageObject","inLanguage":"fr-FR","@id":"https:\/\/cna.ca\/fr\/#\/schema\/logo\/image\/","url":"https:\/\/cna.ca\/wp-content\/uploads\/2023\/12\/cropped-cna-logo-only.png","contentUrl":"https:\/\/cna.ca\/wp-content\/uploads\/2023\/12\/cropped-cna-logo-only.png","width":512,"height":512,"caption":"Canadian Nuclear Association"},"image":{"@id":"https:\/\/cna.ca\/fr\/#\/schema\/logo\/image\/"},"sameAs":["http:\/\/www.facebook.com\/canadanuclear","https:\/\/x.com\/canadanuclear","https:\/\/www.instagram.com\/canadanuclear","https:\/\/www.youtube.com\/CanadaNuclear","http:\/\/www.linkedin.com\/company\/canadian-nuclear-association"]}]}},"_links":{"self":[{"href":"https:\/\/cna.ca\/fr\/wp-json\/wp\/v2\/pages\/28207","targetHints":{"allow":["GET"]}}],"collection":[{"href":"https:\/\/cna.ca\/fr\/wp-json\/wp\/v2\/pages"}],"about":[{"href":"https:\/\/cna.ca\/fr\/wp-json\/wp\/v2\/types\/page"}],"author":[{"embeddable":true,"href":"https:\/\/cna.ca\/fr\/wp-json\/wp\/v2\/users\/1"}],"replies":[{"embeddable":true,"href":"https:\/\/cna.ca\/fr\/wp-json\/wp\/v2\/comments?post=28207"}],"version-history":[{"count":3,"href":"https:\/\/cna.ca\/fr\/wp-json\/wp\/v2\/pages\/28207\/revisions"}],"predecessor-version":[{"id":28221,"href":"https:\/\/cna.ca\/fr\/wp-json\/wp\/v2\/pages\/28207\/revisions\/28221"}],"up":[{"embeddable":true,"href":"https:\/\/cna.ca\/fr\/wp-json\/wp\/v2\/pages\/27267"}],"wp:attachment":[{"href":"https:\/\/cna.ca\/fr\/wp-json\/wp\/v2\/media?parent=28207"}],"wp:term":[{"taxonomy":"topic","embeddable":true,"href":"https:\/\/cna.ca\/fr\/wp-json\/wp\/v2\/topic?post=28207"}],"curies":[{"name":"wp","href":"https:\/\/api.w.org\/{rel}","templated":true}]}}