{"id":27387,"date":"2020-02-20T17:31:25","date_gmt":"2020-02-20T22:31:25","guid":{"rendered":"http:\/\/cna.flywheelsites.com\/programs\/"},"modified":"2020-08-27T15:50:10","modified_gmt":"2020-08-27T19:50:10","slug":"programmes","status":"publish","type":"page","link":"https:\/\/cna.ca\/fr\/programmes\/","title":{"rendered":"Programmes"},"content":{"rendered":"\n<div class=\"wp-block-media-text alignwide has-media-on-the-right is-stacked-on-mobile is-vertically-aligned-center\"><figure class=\"wp-block-media-text__media\"><img loading=\"lazy\" decoding=\"async\" width=\"332\" height=\"97\" src=\"https:\/\/cna.ca\/wp-content\/uploads\/2020\/08\/ONA-Logo.png\" alt=\"\" class=\"wp-image-27138\"\/><\/figure><div class=\"wp-block-media-text__content\">\n<h2 class=\"wp-block-heading\">L\u2019avantage nucl\u00e9aire de l\u2019Ontario<\/h2>\n\n\n\n<p>L\u2019Ontario est une plaque tournante d\u2019envergure mondiale en mati\u00e8re d\u2019\u00e9nergie, de recherche et de technologie nucl\u00e9aires. <a href=\"http:\/\/www.ontariosnuclearadvantage.com\/\">D\u00e9couvrez comment chacun tire parti de l\u2019industrie nucl\u00e9aire dans la province de l\u2019Ontario.<\/a><\/p>\n<\/div><\/div>\n\n\n\n<h2 class=\"wp-block-heading\">Feuille de route des PRM<\/h2>\n\n\n\n<p>Ressources naturelles Canada a \u00e9labor\u00e9 une feuille de route pour faire participer les intervenants au sujet de l\u2019avenir des petits r\u00e9acteurs modulaires au Canada. <a href=\"https:\/\/feuillederouteprm.ca\/\">Lire le rapport<\/a>.<\/p>\n\n\n\n<div class=\"wp-block-media-text alignwide has-media-on-the-right is-stacked-on-mobile\"><figure class=\"wp-block-media-text__media\"><img loading=\"lazy\" decoding=\"async\" width=\"320\" height=\"231\" src=\"https:\/\/cna.ca\/wp-content\/uploads\/2018\/08\/eb30-logo-fr.png\" alt=\"\" class=\"wp-image-22309\" srcset=\"https:\/\/cna.ca\/wp-content\/uploads\/2018\/08\/eb30-logo-fr.png 320w, https:\/\/cna.ca\/wp-content\/uploads\/2018\/08\/eb30-logo-fr-300x217.png 300w\" sizes=\"auto, (max-width: 320px) 100vw, 320px\" \/><\/figure><div class=\"wp-block-media-text__content\">\n<h2 class=\"wp-block-heading\">Parit\u00e9 d\u2019ici 30<\/h2>\n\n\n\n<p>La campagne Parit\u00e9 d\u2019ici 30 fait partie de <a href=\"https:\/\/www.cleanenergyministerial.org\/initiative-clean-energy-ministerial\/clean-energy-education-and-empowerment-c3e\">l\u2019initiative sur l\u2019\u00e9nergie propre, l\u2019\u00e9ducation et l\u2019habilitation<\/a>\u00a0(C3E), qui vise \u00e0 promouvoir la participation des femmes dans la transition vers les \u00e9nergies propres et \u00e0 \u00e9liminer l\u2019\u00e9cart entre les sexes. Il s\u2019agit d\u2019une initiative conjointe du\u00a0<a href=\"http:\/\/cmep-mi-vancouver2019.ca\/\">Groupe minist\u00e9riel sur l\u2019\u00e9nergie propre\u00a0(CEM) et de l\u2019Agence internationale de l\u2019\u00e9nergie\u00a0(AIE). En savoir plus.<\/a><\/p>\n<\/div><\/div>\n\n\n\n<h2 class=\"wp-block-heading\">\u00c9duNucl\u00e9aire<\/h2>\n\n\n\n<p><a href=\"https:\/\/teachnuclear.ca\/fr\/\">Ressources p\u00e9dagogiques gratuites \u00e0 l\u2019intention des enseignants<\/a> pour aider les \u00e9l\u00e8ves \u00e0 comprendre le r\u00f4le important que joue la science nucl\u00e9aire dans la m\u00e9decine, l\u2019\u00e9nergie, l\u2019environnement et m\u00eame l\u2019alimentation et l\u2019eau.<\/p>\n\n\n\n<div class=\"wp-block-image\"><figure class=\"aligncenter size-full is-resized\"><img loading=\"lazy\" decoding=\"async\" src=\"https:\/\/cna.ca\/wp-content\/uploads\/2020\/08\/edunucleaire-FR-\u2013-full-colour-2000px.jpg\" alt=\"\" class=\"wp-image-27389\" width=\"500\" height=\"96\" srcset=\"https:\/\/cna.ca\/wp-content\/uploads\/2020\/08\/edunucleaire-FR-\u2013-full-colour-2000px.jpg 2000w, https:\/\/cna.ca\/wp-content\/uploads\/2020\/08\/edunucleaire-FR-\u2013-full-colour-2000px-500x96.jpg 500w, https:\/\/cna.ca\/wp-content\/uploads\/2020\/08\/edunucleaire-FR-\u2013-full-colour-2000px-1024x196.jpg 1024w, https:\/\/cna.ca\/wp-content\/uploads\/2020\/08\/edunucleaire-FR-\u2013-full-colour-2000px-768x147.jpg 768w, https:\/\/cna.ca\/wp-content\/uploads\/2020\/08\/edunucleaire-FR-\u2013-full-colour-2000px-1536x293.jpg 1536w\" sizes=\"auto, (max-width: 500px) 100vw, 500px\" \/><\/figure><\/div>\n","protected":false},"excerpt":{"rendered":"<p>L\u2019industrie nucl\u00e9aire se d\u00e9veloppe et change, tout en tirant parti des technologies \u00e9mergentes. Cette technologie passionnante r\u00e9pond \u00e0 une grande diversit\u00e9 des besoins de la soci\u00e9t\u00e9, du traitement du cancer \u00e0 l\u2019alimentation de nos foyers et de nos entreprises et aux missions spatiales. Pour faciliter ce changement, il existe plusieurs campagnes visant \u00e0 \u00e9duquer le public sur l\u2019\u00e9nergie et la technologie nucl\u00e9aires, et \u00e0 remodeler l\u2019industrie pour l\u2019avenir.<\/p>\n","protected":false},"author":1,"featured_media":0,"parent":0,"menu_order":9,"comment_status":"closed","ping_status":"closed","template":"","meta":{"_acf_changed":false,"footnotes":""},"topic":[],"class_list":["post-27387","page","type-page","status-publish","hentry"],"acf":[],"yoast_head":"<!-- This site is optimized with the Yoast SEO plugin v27.3 - https:\/\/yoast.com\/product\/yoast-seo-wordpress\/ -->\n<title>Programmes - Association nucl\u00e9aire canadienne<\/title>\n<meta name=\"robots\" content=\"index, follow, max-snippet:-1, max-image-preview:large, max-video-preview:-1\" \/>\n<link rel=\"canonical\" href=\"https:\/\/cna.ca\/fr\/programmes\/\" \/>\n<meta property=\"og:locale\" content=\"fr_FR\" \/>\n<meta property=\"og:type\" content=\"article\" \/>\n<meta property=\"og:title\" content=\"Programmes - Association nucl\u00e9aire canadienne\" \/>\n<meta property=\"og:description\" content=\"L\u2019industrie nucl\u00e9aire se d\u00e9veloppe et change, tout en tirant parti des technologies \u00e9mergentes. Cette technologie passionnante r\u00e9pond \u00e0 une grande diversit\u00e9 des besoins de la soci\u00e9t\u00e9, du traitement du cancer \u00e0 l\u2019alimentation de nos foyers et de nos entreprises et aux missions spatiales. Pour faciliter ce changement, il existe plusieurs campagnes visant \u00e0 \u00e9duquer le public sur l\u2019\u00e9nergie et la technologie nucl\u00e9aires, et \u00e0 remodeler l\u2019industrie pour l\u2019avenir.\" \/>\n<meta property=\"og:url\" content=\"https:\/\/cna.ca\/fr\/programmes\/\" \/>\n<meta property=\"og:site_name\" content=\"Association nucl\u00e9aire canadienne\" \/>\n<meta property=\"article:publisher\" content=\"http:\/\/www.facebook.com\/canadanuclear\" \/>\n<meta property=\"article:modified_time\" content=\"2020-08-27T19:50:10+00:00\" \/>\n<meta property=\"og:image\" content=\"https:\/\/cna.ca\/wp-content\/uploads\/2020\/08\/ONA-Logo.png\" \/>\n<meta name=\"twitter:label1\" content=\"Est. reading time\" \/>\n\t<meta name=\"twitter:data1\" content=\"1 minute\" \/>\n<script type=\"application\/ld+json\" class=\"yoast-schema-graph\">{\"@context\":\"https:\\\/\\\/schema.org\",\"@graph\":[{\"@type\":\"WebPage\",\"@id\":\"https:\\\/\\\/cna.ca\\\/fr\\\/programmes\\\/\",\"url\":\"https:\\\/\\\/cna.ca\\\/fr\\\/programmes\\\/\",\"name\":\"Programmes - Association nucl\u00e9aire canadienne\",\"isPartOf\":{\"@id\":\"https:\\\/\\\/cna.ca\\\/fr\\\/#website\"},\"primaryImageOfPage\":{\"@id\":\"https:\\\/\\\/cna.ca\\\/fr\\\/programmes\\\/#primaryimage\"},\"image\":{\"@id\":\"https:\\\/\\\/cna.ca\\\/fr\\\/programmes\\\/#primaryimage\"},\"thumbnailUrl\":\"https:\\\/\\\/cna.ca\\\/wp-content\\\/uploads\\\/2020\\\/08\\\/ONA-Logo.png\",\"datePublished\":\"2020-02-20T22:31:25+00:00\",\"dateModified\":\"2020-08-27T19:50:10+00:00\",\"breadcrumb\":{\"@id\":\"https:\\\/\\\/cna.ca\\\/fr\\\/programmes\\\/#breadcrumb\"},\"inLanguage\":\"fr-FR\",\"potentialAction\":[{\"@type\":\"ReadAction\",\"target\":[\"https:\\\/\\\/cna.ca\\\/fr\\\/programmes\\\/\"]}]},{\"@type\":\"ImageObject\",\"inLanguage\":\"fr-FR\",\"@id\":\"https:\\\/\\\/cna.ca\\\/fr\\\/programmes\\\/#primaryimage\",\"url\":\"https:\\\/\\\/cna.ca\\\/wp-content\\\/uploads\\\/2020\\\/08\\\/ONA-Logo.png\",\"contentUrl\":\"https:\\\/\\\/cna.ca\\\/wp-content\\\/uploads\\\/2020\\\/08\\\/ONA-Logo.png\"},{\"@type\":\"BreadcrumbList\",\"@id\":\"https:\\\/\\\/cna.ca\\\/fr\\\/programmes\\\/#breadcrumb\",\"itemListElement\":[{\"@type\":\"ListItem\",\"position\":1,\"name\":\"Home\",\"item\":\"https:\\\/\\\/cna.ca\\\/fr\\\/\"},{\"@type\":\"ListItem\",\"position\":2,\"name\":\"Programmes\"}]},{\"@type\":\"WebSite\",\"@id\":\"https:\\\/\\\/cna.ca\\\/fr\\\/#website\",\"url\":\"https:\\\/\\\/cna.ca\\\/fr\\\/\",\"name\":\"Canadian Nuclear Association\",\"description\":\"The national voice of the Canadian nuclear industry since 1960\",\"publisher\":{\"@id\":\"https:\\\/\\\/cna.ca\\\/fr\\\/#organization\"},\"potentialAction\":[{\"@type\":\"SearchAction\",\"target\":{\"@type\":\"EntryPoint\",\"urlTemplate\":\"https:\\\/\\\/cna.ca\\\/fr\\\/?s={search_term_string}\"},\"query-input\":{\"@type\":\"PropertyValueSpecification\",\"valueRequired\":true,\"valueName\":\"search_term_string\"}}],\"inLanguage\":\"fr-FR\"},{\"@type\":\"Organization\",\"@id\":\"https:\\\/\\\/cna.ca\\\/fr\\\/#organization\",\"name\":\"Canadian Nuclear Association\",\"url\":\"https:\\\/\\\/cna.ca\\\/fr\\\/\",\"logo\":{\"@type\":\"ImageObject\",\"inLanguage\":\"fr-FR\",\"@id\":\"https:\\\/\\\/cna.ca\\\/fr\\\/#\\\/schema\\\/logo\\\/image\\\/\",\"url\":\"https:\\\/\\\/cna.ca\\\/wp-content\\\/uploads\\\/2023\\\/12\\\/cropped-cna-logo-only.png\",\"contentUrl\":\"https:\\\/\\\/cna.ca\\\/wp-content\\\/uploads\\\/2023\\\/12\\\/cropped-cna-logo-only.png\",\"width\":512,\"height\":512,\"caption\":\"Canadian Nuclear Association\"},\"image\":{\"@id\":\"https:\\\/\\\/cna.ca\\\/fr\\\/#\\\/schema\\\/logo\\\/image\\\/\"},\"sameAs\":[\"http:\\\/\\\/www.facebook.com\\\/canadanuclear\",\"https:\\\/\\\/x.com\\\/canadanuclear\",\"https:\\\/\\\/www.instagram.com\\\/canadanuclear\",\"https:\\\/\\\/www.youtube.com\\\/CanadaNuclear\",\"http:\\\/\\\/www.linkedin.com\\\/company\\\/canadian-nuclear-association\"]}]}<\/script>\n<!-- \/ Yoast SEO plugin. -->","yoast_head_json":{"title":"Programmes - Association nucl\u00e9aire canadienne","robots":{"index":"index","follow":"follow","max-snippet":"max-snippet:-1","max-image-preview":"max-image-preview:large","max-video-preview":"max-video-preview:-1"},"canonical":"https:\/\/cna.ca\/fr\/programmes\/","og_locale":"fr_FR","og_type":"article","og_title":"Programmes - Association nucl\u00e9aire canadienne","og_description":"L\u2019industrie nucl\u00e9aire se d\u00e9veloppe et change, tout en tirant parti des technologies \u00e9mergentes. Cette technologie passionnante r\u00e9pond \u00e0 une grande diversit\u00e9 des besoins de la soci\u00e9t\u00e9, du traitement du cancer \u00e0 l\u2019alimentation de nos foyers et de nos entreprises et aux missions spatiales. Pour faciliter ce changement, il existe plusieurs campagnes visant \u00e0 \u00e9duquer le public sur l\u2019\u00e9nergie et la technologie nucl\u00e9aires, et \u00e0 remodeler l\u2019industrie pour l\u2019avenir.","og_url":"https:\/\/cna.ca\/fr\/programmes\/","og_site_name":"Association nucl\u00e9aire canadienne","article_publisher":"http:\/\/www.facebook.com\/canadanuclear","article_modified_time":"2020-08-27T19:50:10+00:00","og_image":[{"url":"https:\/\/cna.ca\/wp-content\/uploads\/2020\/08\/ONA-Logo.png","type":"","width":"","height":""}],"twitter_misc":{"Est. reading time":"1 minute"},"schema":{"@context":"https:\/\/schema.org","@graph":[{"@type":"WebPage","@id":"https:\/\/cna.ca\/fr\/programmes\/","url":"https:\/\/cna.ca\/fr\/programmes\/","name":"Programmes - Association nucl\u00e9aire canadienne","isPartOf":{"@id":"https:\/\/cna.ca\/fr\/#website"},"primaryImageOfPage":{"@id":"https:\/\/cna.ca\/fr\/programmes\/#primaryimage"},"image":{"@id":"https:\/\/cna.ca\/fr\/programmes\/#primaryimage"},"thumbnailUrl":"https:\/\/cna.ca\/wp-content\/uploads\/2020\/08\/ONA-Logo.png","datePublished":"2020-02-20T22:31:25+00:00","dateModified":"2020-08-27T19:50:10+00:00","breadcrumb":{"@id":"https:\/\/cna.ca\/fr\/programmes\/#breadcrumb"},"inLanguage":"fr-FR","potentialAction":[{"@type":"ReadAction","target":["https:\/\/cna.ca\/fr\/programmes\/"]}]},{"@type":"ImageObject","inLanguage":"fr-FR","@id":"https:\/\/cna.ca\/fr\/programmes\/#primaryimage","url":"https:\/\/cna.ca\/wp-content\/uploads\/2020\/08\/ONA-Logo.png","contentUrl":"https:\/\/cna.ca\/wp-content\/uploads\/2020\/08\/ONA-Logo.png"},{"@type":"BreadcrumbList","@id":"https:\/\/cna.ca\/fr\/programmes\/#breadcrumb","itemListElement":[{"@type":"ListItem","position":1,"name":"Home","item":"https:\/\/cna.ca\/fr\/"},{"@type":"ListItem","position":2,"name":"Programmes"}]},{"@type":"WebSite","@id":"https:\/\/cna.ca\/fr\/#website","url":"https:\/\/cna.ca\/fr\/","name":"Canadian Nuclear Association","description":"The national voice of the Canadian nuclear industry since 1960","publisher":{"@id":"https:\/\/cna.ca\/fr\/#organization"},"potentialAction":[{"@type":"SearchAction","target":{"@type":"EntryPoint","urlTemplate":"https:\/\/cna.ca\/fr\/?s={search_term_string}"},"query-input":{"@type":"PropertyValueSpecification","valueRequired":true,"valueName":"search_term_string"}}],"inLanguage":"fr-FR"},{"@type":"Organization","@id":"https:\/\/cna.ca\/fr\/#organization","name":"Canadian Nuclear Association","url":"https:\/\/cna.ca\/fr\/","logo":{"@type":"ImageObject","inLanguage":"fr-FR","@id":"https:\/\/cna.ca\/fr\/#\/schema\/logo\/image\/","url":"https:\/\/cna.ca\/wp-content\/uploads\/2023\/12\/cropped-cna-logo-only.png","contentUrl":"https:\/\/cna.ca\/wp-content\/uploads\/2023\/12\/cropped-cna-logo-only.png","width":512,"height":512,"caption":"Canadian Nuclear Association"},"image":{"@id":"https:\/\/cna.ca\/fr\/#\/schema\/logo\/image\/"},"sameAs":["http:\/\/www.facebook.com\/canadanuclear","https:\/\/x.com\/canadanuclear","https:\/\/www.instagram.com\/canadanuclear","https:\/\/www.youtube.com\/CanadaNuclear","http:\/\/www.linkedin.com\/company\/canadian-nuclear-association"]}]}},"_links":{"self":[{"href":"https:\/\/cna.ca\/fr\/wp-json\/wp\/v2\/pages\/27387","targetHints":{"allow":["GET"]}}],"collection":[{"href":"https:\/\/cna.ca\/fr\/wp-json\/wp\/v2\/pages"}],"about":[{"href":"https:\/\/cna.ca\/fr\/wp-json\/wp\/v2\/types\/page"}],"author":[{"embeddable":true,"href":"https:\/\/cna.ca\/fr\/wp-json\/wp\/v2\/users\/1"}],"replies":[{"embeddable":true,"href":"https:\/\/cna.ca\/fr\/wp-json\/wp\/v2\/comments?post=27387"}],"version-history":[{"count":10,"href":"https:\/\/cna.ca\/fr\/wp-json\/wp\/v2\/pages\/27387\/revisions"}],"predecessor-version":[{"id":29012,"href":"https:\/\/cna.ca\/fr\/wp-json\/wp\/v2\/pages\/27387\/revisions\/29012"}],"wp:attachment":[{"href":"https:\/\/cna.ca\/fr\/wp-json\/wp\/v2\/media?parent=27387"}],"wp:term":[{"taxonomy":"topic","embeddable":true,"href":"https:\/\/cna.ca\/fr\/wp-json\/wp\/v2\/topic?post=27387"}],"curies":[{"name":"wp","href":"https:\/\/api.w.org\/{rel}","templated":true}]}}