{"id":27377,"date":"2020-06-17T10:24:35","date_gmt":"2020-06-17T14:24:35","guid":{"rendered":"http:\/\/cna.flywheelsites.com\/recherche-et-plaidoyer\/resources\/"},"modified":"2021-05-12T10:35:59","modified_gmt":"2021-05-12T14:35:59","slug":"ressources","status":"publish","type":"page","link":"https:\/\/cna.ca\/fr\/recherche-et-plaidoyer\/ressources\/","title":{"rendered":"Ressources"},"content":{"rendered":"\n<h2 class=\"wp-block-heading\">Plaidoyer et soumissions du gouvernement<\/h2>\n\n\n\n<p><a href=\"https:\/\/cna.ca\/wp-content\/uploads\/2020\/10\/CNA-Hydrogen-Letter.pdf\" class=\"rank-math-link\"><strong>Canadian Nuclear Association\u2019s response to the Hydrogen Strategy for Canada<\/strong><\/a><strong><br><\/strong>A\u00f4ut 2020 (PDF)<\/p>\n\n\n\n<p><strong><strong><a href=\"https:\/\/cna.ca\/wp-content\/uploads\/2020\/10\/Senate-Submission-CNA-April-18-2019.pdf\" class=\"rank-math-link\">Canadian Nuclear Association submission on Bill C-68 to the Senate Standing Committee on Fisheries and Oceans<\/a><\/strong><br><\/strong>Avril 2019 (PDF)<\/p>\n\n\n\n<p><strong><a href=\"https:\/\/cna.ca\/wp-content\/uploads\/2020\/10\/C-69-submission-feb-20-2019.pdf\" class=\"rank-math-link\"><strong><a href=\"https:\/\/cna.ca\/wp-content\/uploads\/2020\/10\/C-69-submission-feb-20-2019.pdf\" class=\"rank-math-link\">Canadian Nuclear Association submission on Bill C-69 to the Standing Senate Committee on Energy, the Environment and Natural Resources<\/a><\/strong><\/a><br><\/strong>F\u00e9vrier 2019 (PDF)<\/p>\n\n\n\n<p><strong><a href=\"https:\/\/cna.ca\/wp-content\/uploads\/2018\/08\/Nuclear-A-Part-of-Canadas-Energy-Transition-FINAL.pdf\" class=\"rank-math-link\"><\/a><strong><a href=\"https:\/\/cna.ca\/wp-content\/uploads\/2020\/10\/CNA-OBPS-Proposal-submission-002.pdf\" class=\"rank-math-link\">CNA Comments on the Proposed Rules with respect to the Federal Carbon Pricing System<\/a><\/strong><br><\/strong>F\u00e9vrier 2019 (PDF)<\/p>\n\n\n\n<p><strong><a href=\"https:\/\/cna.ca\/wp-content\/uploads\/2018\/08\/Nuclear-A-Part-of-Canadas-Energy-Transition-FINAL.pdf\" class=\"rank-math-link\">CNA Comments on Generation Energy Council Report<\/a><br><\/strong>A\u00f4ut 2018 (PDF)<\/p>\n\n\n\n<p><strong><strong><a href=\"https:\/\/cna.ca\/wp-content\/uploads\/2020\/10\/CNA-Submission-on-Bill-C-69-April-6-2018-REVISED-FINAL.pdf\">Canadian Nuclear Association submission on Bill C-69 to the House of Commons Standing Committee on Environmental and Sustainable Development<\/a><\/strong><br><\/strong>Avril 2018 (PDF)<\/p>\n\n\n\n<p><strong><a href=\"https:\/\/cna.ca\/wp-content\/uploads\/2018\/02\/CNA-185-Vision-2050-whitepaper-new-branding-WEB-D2.pdf\" class=\"rank-math-link\">Vision 2050 \u2013 Canada\u2019s Nuclear Advantage<\/a><\/strong><br>Octobre 2017 (PDF)<\/p>\n\n\n\n<p><strong><a href=\"https:\/\/cna.ca\/wp-content\/uploads\/2014\/05\/Generation-EnergyNuclear-in-Canada-to-2050.pdf\" class=\"rank-math-link\">Generation Energy: Nuclear in Canada to 2050<\/a><\/strong><br>A\u00f4ut 2017 (PDF)<\/p>\n\n\n\n<p><strong><a href=\"https:\/\/cna.ca\/wp-content\/uploads\/2014\/05\/2017-CNA-Finance-Brief.pdf\" class=\"rank-math-link\">2017 CNA Finance Brief<\/a><\/strong><br>A\u00f4ut 2017 (PDF)<\/p>\n\n\n\n<p><strong><a href=\"https:\/\/cna.ca\/wp-content\/uploads\/2014\/05\/CNA-Comments-on-Discussion-Paper-on-Environmental-and-Regulatory-Reviews.pdf\" class=\"rank-math-link\">CNA Comments on Discussion Paper on Environmental and Regulatory Reviews<\/a><\/strong><br>A\u00f4ut 2017 (PDF)<\/p>\n\n\n\n<p><a href=\"https:\/\/cna.ca\/news\/executive-summary-cna-submission-ministry-energy-regarding-ontarios-ltep-consultation\/\" class=\"rank-math-link\"><strong>Executive Summary of the CNA Submission to the Ministry of Energy Regarding Ontario\u2019s LTEP Consultation<\/strong><\/a><br>D\u00e9cembre 2016<\/p>\n\n\n\n<p><a class=\"rank-math-link\" href=\"https:\/\/cna.ca\/wp-content\/uploads\/2016\/12\/CNA-LTEP-Submission.pdf\"><strong>CNA Submission to the Ministry of Energy Regarding Ontario\u2019s LTEP Consultation<\/strong><\/a><br>D\u00e9cembre 2016 (PDF)<\/p>\n\n\n\n<p><strong><a href=\"https:\/\/cna.ca\/wp-content\/uploads\/2014\/05\/CEA-Presentation-FINAL.pdf\" class=\"rank-math-link\">Review of Canadian Environmental Assessment Act Process<\/a><\/strong><br>Novembre 2016 (PDF)<\/p>\n\n\n\n<p><strong><a href=\"https:\/\/cna.ca\/wp-content\/uploads\/2014\/05\/Fisheries-Act-Review-Standing-Committee-2016.pdf\" class=\"rank-math-link\">Fisheries Act Review<\/a><\/strong><br>Novembre 2016 (PDF)<\/p>\n\n\n\n<p><strong><a href=\"https:\/\/cna.ca\/wp-content\/uploads\/2014\/05\/Letter-to-Industry-Committee-2016-Manufacturing-FINAL.pdf\" class=\"rank-math-link\">Letter to the Industry Committee on Nuclear\u2019s Role in Canadian Manufacturing<\/a><\/strong><br>Octobre 2016 (PDF)<\/p>\n\n\n\n<p><strong><a href=\"https:\/\/cna.ca\/wp-content\/uploads\/2014\/05\/2016-19-Sustainable-Development-Strategy-Nuclear-Industry-Comments-FINAL-vs.2.pdf\" class=\"rank-math-link\">Nuclear Industry Comments on Canada&#8217;s Draft 2016-19 Sustainable Development Strategy<\/a><\/strong><br>Juin 2016 (PDF)<\/p>\n\n\n\n<p><strong><a href=\"https:\/\/cna.ca\/wp-content\/uploads\/2014\/05\/Nuclear-Industry-Further-Submission-to-Ontario-Ministry-of-Environment-2015-vs.2.pdf\" class=\"rank-math-link\">Nuclear Industry Further Views on Meeting Ontario&#8217;s GHG (greenhouse gas) Targets Through a Cap and Trade Program<\/a><\/strong><br>D\u00e9cembre 2015 (PDF)<\/p>\n\n\n\n<p><strong><a href=\"https:\/\/cna.ca\/wp-content\/uploads\/2014\/05\/Nuclear-Industry-Submission-to-Ontario-Ministry-of-Environment-2015-vs.2.pdf\" class=\"rank-math-link\">Nuclear Industry Views on Meeting Ontario&#8217;s GHG Targets&nbsp;<\/a><\/strong><br>Octobre 2015 (PDF)<\/p>\n\n\n\n<h2 class=\"wp-block-heading\">Recherche<\/h2>\n\n\n\n<p><strong><a href=\"https:\/\/cna.ca\/wp-content\/uploads\/2021\/05\/CNA-Report-Partners-FR.pdf\" class=\"rank-math-link\">Changements climatiques, consommation \u00e9nerg\u00e9tique et transition vers une \u00e9nergie propre<\/a> <\/strong><em>(command\u00e9 par ANC; Association canadienne de l\u2019\u00e9lectricit\u00e9; Association canadienne de l\u2019\u00e9nergie renouvelable; Hydro\u00e9lectricit\u00e9 Canada; Ressources humaines, industrie \u00e9lectrique du Canada)<\/em><br>Abacus Data<br>Mai 2021 (PDF)<\/p>\n\n\n\n<p><strong><a href=\"https:\/\/cna.ca\/wp-content\/uploads\/2021\/04\/SMR-GHG-Study-Slide-Deck-French.pdf\">Cons\u00e9quences de l\u2019utilisation des petits r\u00e9acteurs modulaires (PRM) dans l\u2019industrie lourde sur le plan des \u00e9missions et de l\u2019\u00e9conomie au Canada<\/a><strong> \u2013 <a href=\"https:\/\/cna.ca\/wp-content\/uploads\/2021\/04\/SMR-GHG-Study-Executive-Summary-CNA-FR.pdf\">R\u00e9sum\u00e9<\/a><\/strong><\/strong><br>EnviroEconomics et Navius Research<br>Mars 2021 (PDF)<\/p>\n\n\n\n<p><strong><a href=\"https:\/\/cna.ca\/wp-content\/uploads\/2021\/03\/Canadian-Nuclear-Association-Report-2021-January-1.pdf\">Tracking key indicators and support for investing in new technologies<\/a><br><\/strong>Abacus Data<br>F\u00e9vrier 2021 (PDF)<\/p>\n\n\n\n<p><strong><a href=\"https:\/\/cna.ca\/wp-content\/uploads\/2020\/02\/CNA-307-Sustainable-Development-Goals-SDG-v3-2.1-D5-WEB.pdf\" class=\"rank-math-link\">Nuclear for a better tomorrow: How nuclear science contributes directly and indirectly to the United Nations Sustainable Development Goals<\/a><br><\/strong>Janvier 2020 (PDF)<\/p>\n\n\n\n<p><a href=\"https:\/\/cna.ca\/wp-content\/uploads\/2019\/11\/MZ-Consulting-Benefits-of-Nuclear-Energy-for-Canadians.pdf\" class=\"rank-math-link\"><strong>Benefits of Nuclear Energy for Canadians<\/strong><\/a><br>MZ Consulting<br>Octobre 2019 (PDF)<\/p>\n\n\n\n<p><strong><a href=\"https:\/\/cna.ca\/wp-content\/uploads\/2018\/11\/SMRroadmap_EN_nov6_Web-1.pdf\" class=\"rank-math-link\">A Call to Action: A Canadian Roadmap for Small Modular Reactors<\/a><br><\/strong>Novembre 2018 (PDF)<\/p>\n\n\n\n<p><strong><a href=\"https:\/\/cna.ca\/wp-content\/uploads\/2018\/11\/BRIEF-SMR-Roadmap-Brochure-EN-2018-11-05.pdf\" class=\"rank-math-link\">A Call to Action: A Canadian Roadmap for Small Modular Reactors, Summary of Key Findings<\/a><br><\/strong>Novembre 2018 (PDF)<\/p>\n\n\n\n<p><strong><a href=\"https:\/\/cna.ca\/wp-content\/uploads\/2018\/06\/Public-Attitudes-Toward-Extending-the-Life-of-the-Pickering-Power-Plant.pdf\" class=\"rank-math-link\">Public Attitudes Toward Extending the Life of the Pickering Power Plant<\/a><\/strong><br>Juin 2018 (PDF)<\/p>\n\n\n\n<p><a href=\"https:\/\/cna.ca\/wp-content\/uploads\/2018\/05\/Survey-Public-Attitudes-Towards-Refurbishment.pdf\" class=\"rank-math-link\"><strong>Public Attitudes Towards Refurbishment<\/strong><\/a><br>Mai 2018 (PDF)<\/p>\n\n\n\n<p><strong><a href=\"https:\/\/cna.ca\/wp-content\/uploads\/2018\/06\/S.-E.-Aplin-Report-8-June-2018.pdf\" class=\"rank-math-link\">Modelling Nuclearization of Canada\u2019s Four \u201cFossil Provinces\u201d and the CO2 Emission Implications<\/a><\/strong><br>Juin 2018 (PDF)<\/p>\n\n\n\n<p><strong><a href=\"https:\/\/cna.ca\/wp-content\/uploads\/2018\/02\/nuclear-science-sustainable-development-en.pdf\" class=\"rank-math-link\">Nuclear Science &amp; Sustainable Development<br><\/a><\/strong>Novembre 2017 (PDF)<\/p>\n\n\n\n<p><strong><a href=\"https:\/\/cna.ca\/wp-content\/uploads\/2014\/05\/The-Role-of-the-Nuclear-Industry-FINAL.pdf\" class=\"rank-math-link\">The Role of the Nuclear Industry in the World<\/a><\/strong><br>Octobre 2016 (PDF)<\/p>\n\n\n\n<p><strong><a href=\"https:\/\/cna.ca\/wp-content\/uploads\/2014\/05\/Barrett-Presentation-Climate-Forum-Oct-2016-FINAL-EN2.pdf\" class=\"rank-math-link\">Canadian Climate Forum \u2013 Nuclear\u2019s Contribution to Sustainable Energy<\/a><\/strong><br>Octobre 2016 (PDF)<\/p>\n\n\n\n<p><strong><a href=\"https:\/\/cna.ca\/wp-content\/uploads\/2014\/08\/Nuclear-Power-For-Saskatchewan3.pdf\" class=\"rank-math-link\">Nuclear Power For Saskatchewan?<\/a><\/strong><br>Juin 2015 (PDF)<\/p>\n\n\n\n<p><strong><a href=\"https:\/\/cna.ca\/wp-content\/uploads\/2014\/05\/Hatch-CNA-Report-Summary-FINAL-English.pdf\" class=\"rank-math-link\">CNA Summary: Lifecycle Emissions of Nuclear, Wind and Natural Gas Power Generation<\/a><\/strong><br>Octobre 2014 (PDF)<\/p>\n\n\n\n<p><strong><a href=\"https:\/\/cna.ca\/wp-content\/uploads\/2014\/05\/Strategic-Value-of-the-NRU-May-2014-v-4.pdf\" class=\"rank-math-link\">Assessing the Business Case for the National Research Universal Reactor: The Strategic Context<\/a><\/strong><br>Mai 2014 (PDF)<\/p>\n\n\n\n<p><strong><a href=\"https:\/\/cna.ca\/wp-content\/uploads\/2014\/05\/Nuclear-Technology-A-Canadian-Strategy-for-Energy-Jobs-and-Innovation.pdf\" class=\"rank-math-link\">Nuclear: A Canadian Strategy for Energy, Jobs and Innovation<\/a><\/strong><br>Octobre 2012 (PDF)<\/p>\n\n\n\n<p><strong><a href=\"https:\/\/cna.ca\/wp-content\/uploads\/2014\/05\/Nuclear-Research-and-Development-in-Canada.pdf\" class=\"rank-math-link\">Nuclear Research and Development in Canada<\/a><\/strong><br>Avril 2011 (PDF)<\/p>\n\n\n\n<h2 class=\"wp-block-heading\">Recherche canadienne<\/h2>\n\n\n\n<p><strong><a href=\"https:\/\/www2.gnb.ca\/content\/dam\/gnb\/Departments\/en\/pdf\/rapport-faisabilite-prm-resume.pdf\" class=\"rank-math-link\">Faisabilit\u00e9 de la mise au point et du d\u00e9ploiement de petits r\u00e9acteurs modulaires (PRM) au Canada \u2013 R\u00e9sum\u00e9<\/a><br><\/strong>Ontario Power Generation, Bruce Power, \u00c9nergie NB et SaskPower<br>Mars 2021 (PDF)<\/p>\n\n\n\n<p><a href=\"https:\/\/cna.ca\/wp-content\/uploads\/2018\/06\/renewables-based-distributed-energy-resources-in-ontario.pdf\" class=\"rank-math-link\"><strong>Renewables-Based Distributed Energy Resources in Ontario<\/strong><\/a><br>Strategic Policy Economics<br>Juin 2018 (PDF)<\/p>\n\n\n\n<p><strong><a href=\"https:\/\/cna.ca\/wp-content\/uploads\/2014\/05\/MOE-Feasibility-Study_SMRs-June-2016.pdf\" class=\"rank-math-link\">Ontario Ministry of Energy \u2013 SMR Development Feasibility Study<\/a><\/strong><br>Hatch Ltd.<br>Juin 2016 (PDF)<\/p>\n\n\n\n<p><strong><a href=\"https:\/\/cna.ca\/wp-content\/uploads\/2014\/05\/expanding-ontario-and-quebec-tx-interties-final-report-june-16-2016.pdf\" class=\"rank-math-link\">Renewables and Ontario\/Quebec Transmission System Interties: An Implications Assessment<\/a><\/strong><br>Power Workers\u2019 Union<br>Juin 2016 (PDF)<\/p>\n\n\n\n<p><strong><a href=\"https:\/\/cna.ca\/wp-content\/uploads\/2014\/05\/Cap-and-Trade-Design-Options-3-1.pdf\" class=\"rank-math-link\">Cap and Trade Design Options<\/a><\/strong><br>Ontario Government<br>Novembre 2015 (PDF)<\/p>\n\n\n\n<p><strong><a href=\"https:\/\/cna.ca\/wp-content\/uploads\/2014\/05\/Hatch-CNA-Report-RevE.pdf\" class=\"rank-math-link\">Lifecycle Assessment Literature Review of Nuclear, Wind and Natural Gas Power Generation<\/a><\/strong><br>Hatch Ltd.<br>Octobre 2014 (PDF)<\/p>\n\n\n\n<p><strong><a href=\"https:\/\/cna.ca\/wp-content\/uploads\/2014\/05\/2012-Public-Opinion-Research-%E2%80%93-National-Nuclear-Attitude-Survey.pdf\" class=\"rank-math-link\">2012 Public Opinion Research \u2013 National Nuclear Attitude Survey<\/a><\/strong><br>Innovative Research Group, Inc.<br>Juin 2012 (PDF)<\/p>\n\n\n\n<p><strong><a href=\"https:\/\/cna.ca\/wp-content\/uploads\/2014\/05\/CNA-CME-2012-Study-Highlights.pdf\" class=\"rank-math-link\">Nuclear Technology: A Canadian Strategy for Energy, Jobs and Innovations<\/a><\/strong><br>Canadian Manufacturers &amp; Exporters and Canadian Nuclear Association<br>Novembre 2011 (PDF)<\/p>\n\n\n\n<h2 class=\"wp-block-heading\">Ressources canadienne<\/h2>\n\n\n\n<ul class=\"wp-block-list\"><li><a href=\"https:\/\/www.cns-snc.ca\/\" class=\"rank-math-link\">Canadian Nuclear Society<\/a><\/li><li><a href=\"http:\/\/www.canadianisotopes.ca\/\" class=\"rank-math-link\">Canadian Nuclear Isotope Council<\/a><\/li><li><a href=\"http:\/\/www.nuclearsafety.gc.ca\/eng\/\" class=\"rank-math-link\">Canadian Nuclear Safety Commission<\/a><\/li><li><a href=\"http:\/\/www.candu.org\/SitePages\/Home.aspx\" class=\"rank-math-link\">CANDU Owners Group<\/a><\/li><li><a href=\"https:\/\/naygn.org\/\" class=\"rank-math-link\">North American Young Generation Nuclear<\/a><\/li><li><a href=\"https:\/\/ocni.ca\/\" class=\"rank-math-link\">Organization of Canadian Nuclear Industries<\/a><\/li><li><a href=\"https:\/\/canada.womeninnuclear.org\/\" class=\"rank-math-link\">Women in Nuclear<\/a><\/li><\/ul>\n\n\n\n<h2 class=\"wp-block-heading\">Ressources internationales<\/h2>\n\n\n\n<ul class=\"wp-block-list\" id=\"block-9562f11d-2961-4d2d-b2a3-f66937082eb4\"><li><a href=\"https:\/\/www.iaea.org\/\">International Atomic Energy Agency<\/a><\/li><li><a href=\"https:\/\/www.niauk.org\/\" class=\"rank-math-link\">Nuclear Industry Association<\/a><\/li><li><a href=\"https:\/\/www.nei.org\/home\">Nuclear Energy Institute<\/a><\/li><li><a href=\"https:\/\/www.world-nuclear.org\/\">World Nuclear Association<\/a><\/li><\/ul>\n","protected":false},"excerpt":{"rendered":"<p>L&#8217;ANC collabore avec les gouvernements sur les politiques et fait la promotion de la valeur que la technologie nucl\u00e9aire apporte \u00e0 l&#8217;environnement, \u00e0 l&#8217;\u00e9conomie, aux soins de sant\u00e9 et \u00e0 la vie quotidienne des Canadiens.<\/p>\n","protected":false},"author":1,"featured_media":27114,"parent":27355,"menu_order":4,"comment_status":"closed","ping_status":"closed","template":"","meta":{"_acf_changed":false,"footnotes":""},"topic":[],"class_list":["post-27377","page","type-page","status-publish","has-post-thumbnail","hentry"],"acf":[],"yoast_head":"<!-- This site is optimized with the Yoast SEO plugin v27.4 - https:\/\/yoast.com\/product\/yoast-seo-wordpress\/ -->\n<title>Ressources - Association nucl\u00e9aire canadienne<\/title>\n<meta name=\"robots\" content=\"index, follow, max-snippet:-1, max-image-preview:large, max-video-preview:-1\" \/>\n<link rel=\"canonical\" href=\"https:\/\/cna.ca\/fr\/recherche-et-plaidoyer\/ressources\/\" \/>\n<meta property=\"og:locale\" content=\"fr_FR\" \/>\n<meta property=\"og:type\" content=\"article\" \/>\n<meta property=\"og:title\" content=\"Ressources - Association nucl\u00e9aire canadienne\" \/>\n<meta property=\"og:description\" content=\"L&#039;ANC collabore avec les gouvernements sur les politiques et fait la promotion de la valeur que la technologie nucl\u00e9aire apporte \u00e0 l&#039;environnement, \u00e0 l&#039;\u00e9conomie, aux soins de sant\u00e9 et \u00e0 la vie quotidienne des Canadiens.\" \/>\n<meta property=\"og:url\" content=\"https:\/\/cna.ca\/fr\/recherche-et-plaidoyer\/ressources\/\" \/>\n<meta property=\"og:site_name\" content=\"Association nucl\u00e9aire canadienne\" \/>\n<meta property=\"article:publisher\" content=\"http:\/\/www.facebook.com\/canadanuclear\" \/>\n<meta property=\"article:modified_time\" content=\"2021-05-12T14:35:59+00:00\" \/>\n<meta property=\"og:image\" content=\"https:\/\/cna.ca\/wp-content\/uploads\/2020\/08\/GettyImages-959741116.jpg\" \/>\n\t<meta property=\"og:image:width\" content=\"1\" \/>\n\t<meta property=\"og:image:height\" content=\"1\" \/>\n\t<meta property=\"og:image:type\" content=\"image\/jpeg\" \/>\n<meta name=\"twitter:label1\" content=\"Est. reading time\" \/>\n\t<meta name=\"twitter:data1\" content=\"3 minutes\" \/>\n<script type=\"application\/ld+json\" class=\"yoast-schema-graph\">{\"@context\":\"https:\\\/\\\/schema.org\",\"@graph\":[{\"@type\":\"WebPage\",\"@id\":\"https:\\\/\\\/cna.ca\\\/fr\\\/recherche-et-plaidoyer\\\/ressources\\\/\",\"url\":\"https:\\\/\\\/cna.ca\\\/fr\\\/recherche-et-plaidoyer\\\/ressources\\\/\",\"name\":\"Ressources - Association nucl\u00e9aire canadienne\",\"isPartOf\":{\"@id\":\"https:\\\/\\\/cna.ca\\\/fr\\\/#website\"},\"primaryImageOfPage\":{\"@id\":\"https:\\\/\\\/cna.ca\\\/fr\\\/recherche-et-plaidoyer\\\/ressources\\\/#primaryimage\"},\"image\":{\"@id\":\"https:\\\/\\\/cna.ca\\\/fr\\\/recherche-et-plaidoyer\\\/ressources\\\/#primaryimage\"},\"thumbnailUrl\":\"https:\\\/\\\/cna.ca\\\/wp-content\\\/uploads\\\/2020\\\/08\\\/GettyImages-959741116.jpg\",\"datePublished\":\"2020-06-17T14:24:35+00:00\",\"dateModified\":\"2021-05-12T14:35:59+00:00\",\"breadcrumb\":{\"@id\":\"https:\\\/\\\/cna.ca\\\/fr\\\/recherche-et-plaidoyer\\\/ressources\\\/#breadcrumb\"},\"inLanguage\":\"fr-FR\",\"potentialAction\":[{\"@type\":\"ReadAction\",\"target\":[\"https:\\\/\\\/cna.ca\\\/fr\\\/recherche-et-plaidoyer\\\/ressources\\\/\"]}]},{\"@type\":\"ImageObject\",\"inLanguage\":\"fr-FR\",\"@id\":\"https:\\\/\\\/cna.ca\\\/fr\\\/recherche-et-plaidoyer\\\/ressources\\\/#primaryimage\",\"url\":\"https:\\\/\\\/cna.ca\\\/wp-content\\\/uploads\\\/2020\\\/08\\\/GettyImages-959741116.jpg\",\"contentUrl\":\"https:\\\/\\\/cna.ca\\\/wp-content\\\/uploads\\\/2020\\\/08\\\/GettyImages-959741116.jpg\",\"caption\":\"Canadian government on Parliament Hill from across the Ottawa River in Ontario, Canada\"},{\"@type\":\"BreadcrumbList\",\"@id\":\"https:\\\/\\\/cna.ca\\\/fr\\\/recherche-et-plaidoyer\\\/ressources\\\/#breadcrumb\",\"itemListElement\":[{\"@type\":\"ListItem\",\"position\":1,\"name\":\"Home\",\"item\":\"https:\\\/\\\/cna.ca\\\/fr\\\/\"},{\"@type\":\"ListItem\",\"position\":2,\"name\":\"Recherche et&nbsp;plaidoyer\",\"item\":\"https:\\\/\\\/cna.ca\\\/fr\\\/recherche-et-plaidoyer\\\/\"},{\"@type\":\"ListItem\",\"position\":3,\"name\":\"Ressources\"}]},{\"@type\":\"WebSite\",\"@id\":\"https:\\\/\\\/cna.ca\\\/fr\\\/#website\",\"url\":\"https:\\\/\\\/cna.ca\\\/fr\\\/\",\"name\":\"Canadian Nuclear Association\",\"description\":\"The national voice of the Canadian nuclear industry since 1960\",\"publisher\":{\"@id\":\"https:\\\/\\\/cna.ca\\\/fr\\\/#organization\"},\"potentialAction\":[{\"@type\":\"SearchAction\",\"target\":{\"@type\":\"EntryPoint\",\"urlTemplate\":\"https:\\\/\\\/cna.ca\\\/fr\\\/?s={search_term_string}\"},\"query-input\":{\"@type\":\"PropertyValueSpecification\",\"valueRequired\":true,\"valueName\":\"search_term_string\"}}],\"inLanguage\":\"fr-FR\"},{\"@type\":\"Organization\",\"@id\":\"https:\\\/\\\/cna.ca\\\/fr\\\/#organization\",\"name\":\"Canadian Nuclear Association\",\"url\":\"https:\\\/\\\/cna.ca\\\/fr\\\/\",\"logo\":{\"@type\":\"ImageObject\",\"inLanguage\":\"fr-FR\",\"@id\":\"https:\\\/\\\/cna.ca\\\/fr\\\/#\\\/schema\\\/logo\\\/image\\\/\",\"url\":\"https:\\\/\\\/cna.ca\\\/wp-content\\\/uploads\\\/2023\\\/12\\\/cropped-cna-logo-only.png\",\"contentUrl\":\"https:\\\/\\\/cna.ca\\\/wp-content\\\/uploads\\\/2023\\\/12\\\/cropped-cna-logo-only.png\",\"width\":512,\"height\":512,\"caption\":\"Canadian Nuclear Association\"},\"image\":{\"@id\":\"https:\\\/\\\/cna.ca\\\/fr\\\/#\\\/schema\\\/logo\\\/image\\\/\"},\"sameAs\":[\"http:\\\/\\\/www.facebook.com\\\/canadanuclear\",\"https:\\\/\\\/x.com\\\/canadanuclear\",\"https:\\\/\\\/www.instagram.com\\\/canadanuclear\",\"https:\\\/\\\/www.youtube.com\\\/CanadaNuclear\",\"http:\\\/\\\/www.linkedin.com\\\/company\\\/canadian-nuclear-association\"]}]}<\/script>\n<!-- \/ Yoast SEO plugin. -->","yoast_head_json":{"title":"Ressources - Association nucl\u00e9aire canadienne","robots":{"index":"index","follow":"follow","max-snippet":"max-snippet:-1","max-image-preview":"max-image-preview:large","max-video-preview":"max-video-preview:-1"},"canonical":"https:\/\/cna.ca\/fr\/recherche-et-plaidoyer\/ressources\/","og_locale":"fr_FR","og_type":"article","og_title":"Ressources - Association nucl\u00e9aire canadienne","og_description":"L'ANC collabore avec les gouvernements sur les politiques et fait la promotion de la valeur que la technologie nucl\u00e9aire apporte \u00e0 l'environnement, \u00e0 l'\u00e9conomie, aux soins de sant\u00e9 et \u00e0 la vie quotidienne des Canadiens.","og_url":"https:\/\/cna.ca\/fr\/recherche-et-plaidoyer\/ressources\/","og_site_name":"Association nucl\u00e9aire canadienne","article_publisher":"http:\/\/www.facebook.com\/canadanuclear","article_modified_time":"2021-05-12T14:35:59+00:00","og_image":[{"url":"https:\/\/cna.ca\/wp-content\/uploads\/2020\/08\/GettyImages-959741116.jpg","width":1,"height":1,"type":"image\/jpeg"}],"twitter_misc":{"Est. reading time":"3 minutes"},"schema":{"@context":"https:\/\/schema.org","@graph":[{"@type":"WebPage","@id":"https:\/\/cna.ca\/fr\/recherche-et-plaidoyer\/ressources\/","url":"https:\/\/cna.ca\/fr\/recherche-et-plaidoyer\/ressources\/","name":"Ressources - Association nucl\u00e9aire canadienne","isPartOf":{"@id":"https:\/\/cna.ca\/fr\/#website"},"primaryImageOfPage":{"@id":"https:\/\/cna.ca\/fr\/recherche-et-plaidoyer\/ressources\/#primaryimage"},"image":{"@id":"https:\/\/cna.ca\/fr\/recherche-et-plaidoyer\/ressources\/#primaryimage"},"thumbnailUrl":"https:\/\/cna.ca\/wp-content\/uploads\/2020\/08\/GettyImages-959741116.jpg","datePublished":"2020-06-17T14:24:35+00:00","dateModified":"2021-05-12T14:35:59+00:00","breadcrumb":{"@id":"https:\/\/cna.ca\/fr\/recherche-et-plaidoyer\/ressources\/#breadcrumb"},"inLanguage":"fr-FR","potentialAction":[{"@type":"ReadAction","target":["https:\/\/cna.ca\/fr\/recherche-et-plaidoyer\/ressources\/"]}]},{"@type":"ImageObject","inLanguage":"fr-FR","@id":"https:\/\/cna.ca\/fr\/recherche-et-plaidoyer\/ressources\/#primaryimage","url":"https:\/\/cna.ca\/wp-content\/uploads\/2020\/08\/GettyImages-959741116.jpg","contentUrl":"https:\/\/cna.ca\/wp-content\/uploads\/2020\/08\/GettyImages-959741116.jpg","caption":"Canadian government on Parliament Hill from across the Ottawa River in Ontario, Canada"},{"@type":"BreadcrumbList","@id":"https:\/\/cna.ca\/fr\/recherche-et-plaidoyer\/ressources\/#breadcrumb","itemListElement":[{"@type":"ListItem","position":1,"name":"Home","item":"https:\/\/cna.ca\/fr\/"},{"@type":"ListItem","position":2,"name":"Recherche et&nbsp;plaidoyer","item":"https:\/\/cna.ca\/fr\/recherche-et-plaidoyer\/"},{"@type":"ListItem","position":3,"name":"Ressources"}]},{"@type":"WebSite","@id":"https:\/\/cna.ca\/fr\/#website","url":"https:\/\/cna.ca\/fr\/","name":"Canadian Nuclear Association","description":"The national voice of the Canadian nuclear industry since 1960","publisher":{"@id":"https:\/\/cna.ca\/fr\/#organization"},"potentialAction":[{"@type":"SearchAction","target":{"@type":"EntryPoint","urlTemplate":"https:\/\/cna.ca\/fr\/?s={search_term_string}"},"query-input":{"@type":"PropertyValueSpecification","valueRequired":true,"valueName":"search_term_string"}}],"inLanguage":"fr-FR"},{"@type":"Organization","@id":"https:\/\/cna.ca\/fr\/#organization","name":"Canadian Nuclear Association","url":"https:\/\/cna.ca\/fr\/","logo":{"@type":"ImageObject","inLanguage":"fr-FR","@id":"https:\/\/cna.ca\/fr\/#\/schema\/logo\/image\/","url":"https:\/\/cna.ca\/wp-content\/uploads\/2023\/12\/cropped-cna-logo-only.png","contentUrl":"https:\/\/cna.ca\/wp-content\/uploads\/2023\/12\/cropped-cna-logo-only.png","width":512,"height":512,"caption":"Canadian Nuclear Association"},"image":{"@id":"https:\/\/cna.ca\/fr\/#\/schema\/logo\/image\/"},"sameAs":["http:\/\/www.facebook.com\/canadanuclear","https:\/\/x.com\/canadanuclear","https:\/\/www.instagram.com\/canadanuclear","https:\/\/www.youtube.com\/CanadaNuclear","http:\/\/www.linkedin.com\/company\/canadian-nuclear-association"]}]}},"_links":{"self":[{"href":"https:\/\/cna.ca\/fr\/wp-json\/wp\/v2\/pages\/27377","targetHints":{"allow":["GET"]}}],"collection":[{"href":"https:\/\/cna.ca\/fr\/wp-json\/wp\/v2\/pages"}],"about":[{"href":"https:\/\/cna.ca\/fr\/wp-json\/wp\/v2\/types\/page"}],"author":[{"embeddable":true,"href":"https:\/\/cna.ca\/fr\/wp-json\/wp\/v2\/users\/1"}],"replies":[{"embeddable":true,"href":"https:\/\/cna.ca\/fr\/wp-json\/wp\/v2\/comments?post=27377"}],"version-history":[{"count":10,"href":"https:\/\/cna.ca\/fr\/wp-json\/wp\/v2\/pages\/27377\/revisions"}],"predecessor-version":[{"id":30795,"href":"https:\/\/cna.ca\/fr\/wp-json\/wp\/v2\/pages\/27377\/revisions\/30795"}],"up":[{"embeddable":true,"href":"https:\/\/cna.ca\/fr\/wp-json\/wp\/v2\/pages\/27355"}],"wp:featuredmedia":[{"embeddable":true,"href":"https:\/\/cna.ca\/fr\/wp-json\/wp\/v2\/media\/27114"}],"wp:attachment":[{"href":"https:\/\/cna.ca\/fr\/wp-json\/wp\/v2\/media?parent=27377"}],"wp:term":[{"taxonomy":"topic","embeddable":true,"href":"https:\/\/cna.ca\/fr\/wp-json\/wp\/v2\/topic?post=27377"}],"curies":[{"name":"wp","href":"https:\/\/api.w.org\/{rel}","templated":true}]}}