{"id":27273,"date":"2020-06-25T08:17:56","date_gmt":"2020-06-25T12:17:56","guid":{"rendered":"http:\/\/cna.flywheelsites.com\/autres-innovations\/infectious-diseases\/"},"modified":"2020-08-18T15:50:10","modified_gmt":"2020-08-18T19:50:10","slug":"maladies-infectieuses","status":"publish","type":"page","link":"https:\/\/cna.ca\/fr\/autres-innovations\/maladies-infectieuses\/","title":{"rendered":"Maladies&nbsp;infectieuses"},"content":{"rendered":"\n<p>La <strong>COVID-19<\/strong> est un virus tr\u00e8s contagieux ayant engendr\u00e9 une pand\u00e9mie mondiale. Elle s\u2019est propag\u00e9e \u00e0 l\u2019\u00e9chelle internationale en 2020, infectant des millions de personnes et tuant des centaines de milliers. L\u2019industrie nucl\u00e9aire canadienne a contribu\u00e9 \u00e0 la lutte contre ce probl\u00e8me plan\u00e9taire\u00a0:<\/p>\n\n\n\n<ul class=\"wp-block-list\"><li><a href=\"https:\/\/cna.ca\/news\/how-bruce-power-is-giving-back\/\">Bruce Power<\/a> a fait don d\u2019\u00e9quipements de protection individuelle (EPI) aux intervenants de premi\u00e8re ligne, et a exp\u00e9di\u00e9 du cobalt&nbsp;60 \u00e0 Nordion pour distribution aux \u00e9tablissements m\u00e9dicaux, car l\u2019isotope \u00e9tait n\u00e9cessaire de toute urgence pour la st\u00e9rilisation du mat\u00e9riel m\u00e9dical.<\/li><li>Les <a href=\"https:\/\/cna.ca\/news\/canadian-nuclear-laboratories-turns-to-innovation-to-help-canada-combat-covid-19\/\">Laboratoires Nucl\u00e9aires Canadiens<\/a> (LNC) ont adapt\u00e9 leurs imprimantes 3D pour fabriquer des \u00e9crans faciaux \u00e0 l\u2019intention des travailleurs de la sant\u00e9, et ils ont \u00e9galement con\u00e7u et construit plusieurs outils pour lutter contre le virus, notamment une salle d\u2019isolement \u00e0 pression n\u00e9gative peu co\u00fbteuse. Les LNC ont \u00e9galement fait don d\u2019EPI aux h\u00f4pitaux et aux \u00e9tablissements de sant\u00e9.<\/li><li><a href=\"https:\/\/cna.ca\/news\/how-opg-is-giving-back\/\">Ontario Power Generation<\/a> a fait don d\u2019EPI au minist\u00e8re de la Sant\u00e9 de l\u2019Ontario pour distribution, dont plus d\u2019un million de masques chirurgicaux, et a adapt\u00e9 ses imprimantes 3D pour fabriquer des \u00e9crans faciaux. En collaboration avec Feed Ontario, OPG a \u00e9galement fait don de 500&nbsp;000&nbsp;dollars pour lancer un programme de distribution de bo\u00eetes d\u2019aliments d\u2019urgence.<\/li><\/ul>\n\n\n\n<p>Ce ne sont l\u00e0 que quelques exemples de la contribution de l\u2019industrie nucl\u00e9aire, qui continue \u00e0 se poursuivre \u00e0 mesure que la lutte contre COVID-19 s\u2019intensifie. Mais il y a d&#8217;autres maladies infectieuses que le nucl\u00e9aire a aid\u00e9 \u00e0 combattre.<\/p>\n\n\n\n<p>Le <strong>paludisme<\/strong> tue plus de 400\u00a0000\u00a0personnes chaque ann\u00e9e, la plupart en Afrique, avec comme principales victimes les enfants de moins de cinq\u00a0ans. L\u2019une des principales cl\u00e9s visant \u00e0 stopper le paludisme est de cibler les moustiques porteurs de la maladie, mais la r\u00e9sistance aux insecticides traditionnels de ces moustiques ne cesse de cro\u00eetre. Une alternative innovante est la <a class=\"rank-math-link\" href=\"https:\/\/www.iaea.org\/fr\/themes\/technique-de-linsecte-sterile\">technique de l\u2019insecte st\u00e9rile<\/a>, qui consiste \u00e0 utiliser des rayons\u00a0X et des rayons gamma pour st\u00e9riliser les insectes m\u00e2les, de sorte qu\u2019ils ne peuventplus se reproduire.<\/p>\n\n\n\n<p>Le <strong>Zika<\/strong> est un virus qui se transmet par les moustiques du genre <em>Aedes<\/em> et qui peut causer des malformations cong\u00e9nitales d\u00e9vastatrices. Ce virus a attir\u00e9 l\u2019attention de la communaut\u00e9 internationale lorsqu\u2019il s\u2019est propag\u00e9 en dehors de sa zone \u00e9quatoriale habituelle en 2007. Comme pour le paludisme, la <a href=\"https:\/\/www.iaea.org\/fr\/themes\/la-maladie-a-virus-zika\">technique de l\u2019insecte st\u00e9rile<\/a> a \u00e9t\u00e9 employ\u00e9e pour emp\u00eacher les moustiques m\u00e2les de se reproduire.<\/p>\n\n\n\n<p>L\u2019<strong>Ebola<\/strong> est un virus qui se propage par contact direct de fluides corporels. Il se caract\u00e9rise par des sympt\u00f4mes graves et rapides qui tuent environ la moiti\u00e9 des patients infect\u00e9s. Une \u00e9pid\u00e9mie en 2014 a attir\u00e9 l\u2019attention de la communaut\u00e9 internationale et suscit\u00e9 une r\u00e9action de l\u2019industrie nucl\u00e9aire. \u00c9tant donn\u00e9 que les sympt\u00f4mes peuvent \u00eatre difficiles \u00e0 distinguer de ceux d\u2019une grippe normale et que le virus est tr\u00e8s contagieux, une d\u00e9tection rapide est essentielle pour enrayer sa propagation. Une des techniques de d\u00e9tection, appel\u00e9e <a class=\"rank-math-link\" href=\"https:\/\/www.iaea.org\/fr\/newscenter\/news\/des-veterinaires-africains-contribuent-a-prevenir-la-propagation-de-la-fievre-ebola-et-dautres-zoonoses#infobox\">r\u00e9action de polym\u00e9risation en cha\u00eene<\/a>, d\u00e9pend des radio-isotopes pour d\u00e9tecter les mol\u00e9cules fluorescentes qui s\u2019attachent \u00e0 l\u2019ADN associ\u00e9 au virus.<\/p>\n","protected":false},"excerpt":{"rendered":"<p>La technologie nucl\u00e9aire permet de sauver des vies par des moyens innovants pour combattre des maladies mortelles au Canada et dans le monde entier. Ainsi, l\u2019industrie nucl\u00e9aire a d\u00e9montr\u00e9 son vaste savoir-faire et sa capacit\u00e9 \u00e0 s\u2019adapter rapidement aux microbes qui se r\u00e9pandent rapidement.<\/p>\n","protected":false},"author":1,"featured_media":27497,"parent":27270,"menu_order":0,"comment_status":"closed","ping_status":"closed","template":"","meta":{"_acf_changed":false,"footnotes":""},"topic":[],"class_list":["post-27273","page","type-page","status-publish","has-post-thumbnail","hentry"],"acf":[],"yoast_head":"<!-- This site is optimized with the Yoast SEO plugin v27.4 - https:\/\/yoast.com\/product\/yoast-seo-wordpress\/ -->\n<title>Maladies infectieuses - Association nucl\u00e9aire canadienne<\/title>\n<meta name=\"robots\" content=\"index, follow, max-snippet:-1, max-image-preview:large, max-video-preview:-1\" \/>\n<link rel=\"canonical\" href=\"https:\/\/cna.ca\/fr\/autres-innovations\/maladies-infectieuses\/\" \/>\n<meta property=\"og:locale\" content=\"fr_FR\" \/>\n<meta property=\"og:type\" content=\"article\" \/>\n<meta property=\"og:title\" content=\"Maladies infectieuses - Association nucl\u00e9aire canadienne\" \/>\n<meta property=\"og:description\" content=\"La technologie nucl\u00e9aire permet de sauver des vies par des moyens innovants pour combattre des maladies mortelles au Canada et dans le monde entier. Ainsi, l\u2019industrie nucl\u00e9aire a d\u00e9montr\u00e9 son vaste savoir-faire et sa capacit\u00e9 \u00e0 s\u2019adapter rapidement aux microbes qui se r\u00e9pandent rapidement.\" \/>\n<meta property=\"og:url\" content=\"https:\/\/cna.ca\/fr\/autres-innovations\/maladies-infectieuses\/\" \/>\n<meta property=\"og:site_name\" content=\"Association nucl\u00e9aire canadienne\" \/>\n<meta property=\"article:publisher\" content=\"http:\/\/www.facebook.com\/canadanuclear\" \/>\n<meta property=\"article:modified_time\" content=\"2020-08-18T19:50:10+00:00\" \/>\n<meta property=\"og:image\" content=\"https:\/\/cna.ca\/wp-content\/uploads\/2020\/08\/COVID-19-banner-editorial808px-594px.jpg\" \/>\n\t<meta property=\"og:image:width\" content=\"808\" \/>\n\t<meta property=\"og:image:height\" content=\"594\" \/>\n\t<meta property=\"og:image:type\" content=\"image\/jpeg\" \/>\n<meta name=\"twitter:label1\" content=\"Est. reading time\" \/>\n\t<meta name=\"twitter:data1\" content=\"3 minutes\" \/>\n<script type=\"application\/ld+json\" class=\"yoast-schema-graph\">{\"@context\":\"https:\\\/\\\/schema.org\",\"@graph\":[{\"@type\":\"WebPage\",\"@id\":\"https:\\\/\\\/cna.ca\\\/fr\\\/autres-innovations\\\/maladies-infectieuses\\\/\",\"url\":\"https:\\\/\\\/cna.ca\\\/fr\\\/autres-innovations\\\/maladies-infectieuses\\\/\",\"name\":\"Maladies infectieuses - Association nucl\u00e9aire canadienne\",\"isPartOf\":{\"@id\":\"https:\\\/\\\/cna.ca\\\/fr\\\/#website\"},\"primaryImageOfPage\":{\"@id\":\"https:\\\/\\\/cna.ca\\\/fr\\\/autres-innovations\\\/maladies-infectieuses\\\/#primaryimage\"},\"image\":{\"@id\":\"https:\\\/\\\/cna.ca\\\/fr\\\/autres-innovations\\\/maladies-infectieuses\\\/#primaryimage\"},\"thumbnailUrl\":\"https:\\\/\\\/cna.ca\\\/wp-content\\\/uploads\\\/2020\\\/08\\\/COVID-19-banner-editorial808px-594px.jpg\",\"datePublished\":\"2020-06-25T12:17:56+00:00\",\"dateModified\":\"2020-08-18T19:50:10+00:00\",\"breadcrumb\":{\"@id\":\"https:\\\/\\\/cna.ca\\\/fr\\\/autres-innovations\\\/maladies-infectieuses\\\/#breadcrumb\"},\"inLanguage\":\"fr-FR\",\"potentialAction\":[{\"@type\":\"ReadAction\",\"target\":[\"https:\\\/\\\/cna.ca\\\/fr\\\/autres-innovations\\\/maladies-infectieuses\\\/\"]}]},{\"@type\":\"ImageObject\",\"inLanguage\":\"fr-FR\",\"@id\":\"https:\\\/\\\/cna.ca\\\/fr\\\/autres-innovations\\\/maladies-infectieuses\\\/#primaryimage\",\"url\":\"https:\\\/\\\/cna.ca\\\/wp-content\\\/uploads\\\/2020\\\/08\\\/COVID-19-banner-editorial808px-594px.jpg\",\"contentUrl\":\"https:\\\/\\\/cna.ca\\\/wp-content\\\/uploads\\\/2020\\\/08\\\/COVID-19-banner-editorial808px-594px.jpg\",\"width\":808,\"height\":594},{\"@type\":\"BreadcrumbList\",\"@id\":\"https:\\\/\\\/cna.ca\\\/fr\\\/autres-innovations\\\/maladies-infectieuses\\\/#breadcrumb\",\"itemListElement\":[{\"@type\":\"ListItem\",\"position\":1,\"name\":\"Home\",\"item\":\"https:\\\/\\\/cna.ca\\\/fr\\\/\"},{\"@type\":\"ListItem\",\"position\":2,\"name\":\"Autres&nbsp;innovations\",\"item\":\"https:\\\/\\\/cna.ca\\\/fr\\\/autres-innovations\\\/\"},{\"@type\":\"ListItem\",\"position\":3,\"name\":\"Maladies&nbsp;infectieuses\"}]},{\"@type\":\"WebSite\",\"@id\":\"https:\\\/\\\/cna.ca\\\/fr\\\/#website\",\"url\":\"https:\\\/\\\/cna.ca\\\/fr\\\/\",\"name\":\"Canadian Nuclear Association\",\"description\":\"The national voice of the Canadian nuclear industry since 1960\",\"publisher\":{\"@id\":\"https:\\\/\\\/cna.ca\\\/fr\\\/#organization\"},\"potentialAction\":[{\"@type\":\"SearchAction\",\"target\":{\"@type\":\"EntryPoint\",\"urlTemplate\":\"https:\\\/\\\/cna.ca\\\/fr\\\/?s={search_term_string}\"},\"query-input\":{\"@type\":\"PropertyValueSpecification\",\"valueRequired\":true,\"valueName\":\"search_term_string\"}}],\"inLanguage\":\"fr-FR\"},{\"@type\":\"Organization\",\"@id\":\"https:\\\/\\\/cna.ca\\\/fr\\\/#organization\",\"name\":\"Canadian Nuclear Association\",\"url\":\"https:\\\/\\\/cna.ca\\\/fr\\\/\",\"logo\":{\"@type\":\"ImageObject\",\"inLanguage\":\"fr-FR\",\"@id\":\"https:\\\/\\\/cna.ca\\\/fr\\\/#\\\/schema\\\/logo\\\/image\\\/\",\"url\":\"https:\\\/\\\/cna.ca\\\/wp-content\\\/uploads\\\/2023\\\/12\\\/cropped-cna-logo-only.png\",\"contentUrl\":\"https:\\\/\\\/cna.ca\\\/wp-content\\\/uploads\\\/2023\\\/12\\\/cropped-cna-logo-only.png\",\"width\":512,\"height\":512,\"caption\":\"Canadian Nuclear Association\"},\"image\":{\"@id\":\"https:\\\/\\\/cna.ca\\\/fr\\\/#\\\/schema\\\/logo\\\/image\\\/\"},\"sameAs\":[\"http:\\\/\\\/www.facebook.com\\\/canadanuclear\",\"https:\\\/\\\/x.com\\\/canadanuclear\",\"https:\\\/\\\/www.instagram.com\\\/canadanuclear\",\"https:\\\/\\\/www.youtube.com\\\/CanadaNuclear\",\"http:\\\/\\\/www.linkedin.com\\\/company\\\/canadian-nuclear-association\"]}]}<\/script>\n<!-- \/ Yoast SEO plugin. -->","yoast_head_json":{"title":"Maladies infectieuses - Association nucl\u00e9aire canadienne","robots":{"index":"index","follow":"follow","max-snippet":"max-snippet:-1","max-image-preview":"max-image-preview:large","max-video-preview":"max-video-preview:-1"},"canonical":"https:\/\/cna.ca\/fr\/autres-innovations\/maladies-infectieuses\/","og_locale":"fr_FR","og_type":"article","og_title":"Maladies infectieuses - Association nucl\u00e9aire canadienne","og_description":"La technologie nucl\u00e9aire permet de sauver des vies par des moyens innovants pour combattre des maladies mortelles au Canada et dans le monde entier. Ainsi, l\u2019industrie nucl\u00e9aire a d\u00e9montr\u00e9 son vaste savoir-faire et sa capacit\u00e9 \u00e0 s\u2019adapter rapidement aux microbes qui se r\u00e9pandent rapidement.","og_url":"https:\/\/cna.ca\/fr\/autres-innovations\/maladies-infectieuses\/","og_site_name":"Association nucl\u00e9aire canadienne","article_publisher":"http:\/\/www.facebook.com\/canadanuclear","article_modified_time":"2020-08-18T19:50:10+00:00","og_image":[{"width":808,"height":594,"url":"https:\/\/cna.ca\/wp-content\/uploads\/2020\/08\/COVID-19-banner-editorial808px-594px.jpg","type":"image\/jpeg"}],"twitter_misc":{"Est. reading time":"3 minutes"},"schema":{"@context":"https:\/\/schema.org","@graph":[{"@type":"WebPage","@id":"https:\/\/cna.ca\/fr\/autres-innovations\/maladies-infectieuses\/","url":"https:\/\/cna.ca\/fr\/autres-innovations\/maladies-infectieuses\/","name":"Maladies infectieuses - Association nucl\u00e9aire canadienne","isPartOf":{"@id":"https:\/\/cna.ca\/fr\/#website"},"primaryImageOfPage":{"@id":"https:\/\/cna.ca\/fr\/autres-innovations\/maladies-infectieuses\/#primaryimage"},"image":{"@id":"https:\/\/cna.ca\/fr\/autres-innovations\/maladies-infectieuses\/#primaryimage"},"thumbnailUrl":"https:\/\/cna.ca\/wp-content\/uploads\/2020\/08\/COVID-19-banner-editorial808px-594px.jpg","datePublished":"2020-06-25T12:17:56+00:00","dateModified":"2020-08-18T19:50:10+00:00","breadcrumb":{"@id":"https:\/\/cna.ca\/fr\/autres-innovations\/maladies-infectieuses\/#breadcrumb"},"inLanguage":"fr-FR","potentialAction":[{"@type":"ReadAction","target":["https:\/\/cna.ca\/fr\/autres-innovations\/maladies-infectieuses\/"]}]},{"@type":"ImageObject","inLanguage":"fr-FR","@id":"https:\/\/cna.ca\/fr\/autres-innovations\/maladies-infectieuses\/#primaryimage","url":"https:\/\/cna.ca\/wp-content\/uploads\/2020\/08\/COVID-19-banner-editorial808px-594px.jpg","contentUrl":"https:\/\/cna.ca\/wp-content\/uploads\/2020\/08\/COVID-19-banner-editorial808px-594px.jpg","width":808,"height":594},{"@type":"BreadcrumbList","@id":"https:\/\/cna.ca\/fr\/autres-innovations\/maladies-infectieuses\/#breadcrumb","itemListElement":[{"@type":"ListItem","position":1,"name":"Home","item":"https:\/\/cna.ca\/fr\/"},{"@type":"ListItem","position":2,"name":"Autres&nbsp;innovations","item":"https:\/\/cna.ca\/fr\/autres-innovations\/"},{"@type":"ListItem","position":3,"name":"Maladies&nbsp;infectieuses"}]},{"@type":"WebSite","@id":"https:\/\/cna.ca\/fr\/#website","url":"https:\/\/cna.ca\/fr\/","name":"Canadian Nuclear Association","description":"The national voice of the Canadian nuclear industry since 1960","publisher":{"@id":"https:\/\/cna.ca\/fr\/#organization"},"potentialAction":[{"@type":"SearchAction","target":{"@type":"EntryPoint","urlTemplate":"https:\/\/cna.ca\/fr\/?s={search_term_string}"},"query-input":{"@type":"PropertyValueSpecification","valueRequired":true,"valueName":"search_term_string"}}],"inLanguage":"fr-FR"},{"@type":"Organization","@id":"https:\/\/cna.ca\/fr\/#organization","name":"Canadian Nuclear Association","url":"https:\/\/cna.ca\/fr\/","logo":{"@type":"ImageObject","inLanguage":"fr-FR","@id":"https:\/\/cna.ca\/fr\/#\/schema\/logo\/image\/","url":"https:\/\/cna.ca\/wp-content\/uploads\/2023\/12\/cropped-cna-logo-only.png","contentUrl":"https:\/\/cna.ca\/wp-content\/uploads\/2023\/12\/cropped-cna-logo-only.png","width":512,"height":512,"caption":"Canadian Nuclear Association"},"image":{"@id":"https:\/\/cna.ca\/fr\/#\/schema\/logo\/image\/"},"sameAs":["http:\/\/www.facebook.com\/canadanuclear","https:\/\/x.com\/canadanuclear","https:\/\/www.instagram.com\/canadanuclear","https:\/\/www.youtube.com\/CanadaNuclear","http:\/\/www.linkedin.com\/company\/canadian-nuclear-association"]}]}},"_links":{"self":[{"href":"https:\/\/cna.ca\/fr\/wp-json\/wp\/v2\/pages\/27273","targetHints":{"allow":["GET"]}}],"collection":[{"href":"https:\/\/cna.ca\/fr\/wp-json\/wp\/v2\/pages"}],"about":[{"href":"https:\/\/cna.ca\/fr\/wp-json\/wp\/v2\/types\/page"}],"author":[{"embeddable":true,"href":"https:\/\/cna.ca\/fr\/wp-json\/wp\/v2\/users\/1"}],"replies":[{"embeddable":true,"href":"https:\/\/cna.ca\/fr\/wp-json\/wp\/v2\/comments?post=27273"}],"version-history":[{"count":3,"href":"https:\/\/cna.ca\/fr\/wp-json\/wp\/v2\/pages\/27273\/revisions"}],"predecessor-version":[{"id":27320,"href":"https:\/\/cna.ca\/fr\/wp-json\/wp\/v2\/pages\/27273\/revisions\/27320"}],"up":[{"embeddable":true,"href":"https:\/\/cna.ca\/fr\/wp-json\/wp\/v2\/pages\/27270"}],"wp:featuredmedia":[{"embeddable":true,"href":"https:\/\/cna.ca\/fr\/wp-json\/wp\/v2\/media\/27497"}],"wp:attachment":[{"href":"https:\/\/cna.ca\/fr\/wp-json\/wp\/v2\/media?parent=27273"}],"wp:term":[{"taxonomy":"topic","embeddable":true,"href":"https:\/\/cna.ca\/fr\/wp-json\/wp\/v2\/topic?post=27273"}],"curies":[{"name":"wp","href":"https:\/\/api.w.org\/{rel}","templated":true}]}}