{"id":27267,"date":"2014-04-30T14:15:55","date_gmt":"2014-04-30T18:15:58","guid":{"rendered":"http:\/\/cna.flywheelsites.com\/about-cna\/"},"modified":"2021-08-27T10:16:20","modified_gmt":"2021-08-27T14:16:20","slug":"a-propos-anc","status":"publish","type":"page","link":"https:\/\/cna.ca\/fr\/a-propos-anc\/","title":{"rendered":"\u00c0 propos&nbsp;l&#8217;ANC"},"content":{"rendered":"\n<p>Elle g\u00e9n\u00e8re des revenus de plus de 6&nbsp;milliards de dollars et cr\u00e9e plus de 76&nbsp;000&nbsp;emplois directs et indirects, tous bien r\u00e9mun\u00e9r\u00e9s. Le Canada est pr\u00eat \u00e0 consolider sa position \u00e0 la t\u00eate de l\u2019industrie nucl\u00e9aire mondiale gr\u00e2ce \u00e0 l\u2019introduction de technologies de la prochaine g\u00e9n\u00e9ration sous forme de petits r\u00e9acteurs modulaires.<\/p>\n\n\n\n<p>L\u2019Association nucl\u00e9aire canadienne (ANC) est la voix nationale de l\u2019industrie nucl\u00e9aire au Canada depuis 1960. De concert avec ses membres et toutes les communaut\u00e9s d\u2019int\u00e9r\u00eat, l\u2019ANC promeut l\u2019industrie \u00e0 l\u2019\u00e9chelle nationale et internationale, collabore avec les gouvernements sur les politiques la concernant et travaille \u00e0 faire davantage conna\u00eetre et comprendre la contribution de la technologie nucl\u00e9aire \u00e0 l\u2019environnement, \u00e0 l\u2019\u00e9conomie et au quotidien des Canadiens.<\/p>\n","protected":false},"excerpt":{"rendered":"<p>Chaque ann\u00e9e, au Canada, la technologie nucl\u00e9aire permet d\u2019\u00e9viter 80 millions de tonnes d\u2019\u00e9mission de CO2 en suppl\u00e9ant les combustibles fossiles, en plus de fournir 70 % de l\u2019approvisionnement en cobalt-60, soit des radio-isotopes utilis\u00e9s dans les traitements du cancer et la st\u00e9rilisation du mat\u00e9riel m\u00e9dical, entre autres. <\/p>\n","protected":false},"author":1,"featured_media":0,"parent":0,"menu_order":10,"comment_status":"closed","ping_status":"closed","template":"page-about-cna.php","meta":{"_acf_changed":false,"footnotes":""},"topic":[],"class_list":["post-27267","page","type-page","status-publish","hentry"],"acf":[],"yoast_head":"<!-- This site is optimized with the Yoast SEO plugin v27.3 - https:\/\/yoast.com\/product\/yoast-seo-wordpress\/ -->\n<title>\u00c0 propos l&#039;ANC - Association nucl\u00e9aire canadienne<\/title>\n<meta name=\"robots\" content=\"index, follow, max-snippet:-1, max-image-preview:large, max-video-preview:-1\" \/>\n<link rel=\"canonical\" href=\"https:\/\/cna.ca\/fr\/a-propos-anc\/\" \/>\n<meta property=\"og:locale\" content=\"fr_FR\" \/>\n<meta property=\"og:type\" content=\"article\" \/>\n<meta property=\"og:title\" content=\"\u00c0 propos l&#039;ANC - Association nucl\u00e9aire canadienne\" \/>\n<meta property=\"og:description\" content=\"Chaque ann\u00e9e, au Canada, la technologie nucl\u00e9aire permet d\u2019\u00e9viter 80 millions de tonnes d\u2019\u00e9mission de CO2 en suppl\u00e9ant les combustibles fossiles, en plus de fournir 70 % de l\u2019approvisionnement en cobalt-60, soit des radio-isotopes utilis\u00e9s dans les traitements du cancer et la st\u00e9rilisation du mat\u00e9riel m\u00e9dical, entre autres.\" \/>\n<meta property=\"og:url\" content=\"https:\/\/cna.ca\/fr\/a-propos-anc\/\" \/>\n<meta property=\"og:site_name\" content=\"Association nucl\u00e9aire canadienne\" \/>\n<meta property=\"article:publisher\" content=\"http:\/\/www.facebook.com\/canadanuclear\" \/>\n<meta property=\"article:modified_time\" content=\"2021-08-27T14:16:20+00:00\" \/>\n<meta name=\"twitter:label1\" content=\"Est. reading time\" \/>\n\t<meta name=\"twitter:data1\" content=\"1 minute\" \/>\n<script type=\"application\/ld+json\" class=\"yoast-schema-graph\">{\"@context\":\"https:\\\/\\\/schema.org\",\"@graph\":[{\"@type\":\"WebPage\",\"@id\":\"https:\\\/\\\/cna.ca\\\/fr\\\/a-propos-anc\\\/\",\"url\":\"https:\\\/\\\/cna.ca\\\/fr\\\/a-propos-anc\\\/\",\"name\":\"\u00c0 propos l'ANC - Association nucl\u00e9aire canadienne\",\"isPartOf\":{\"@id\":\"https:\\\/\\\/cna.ca\\\/fr\\\/#website\"},\"datePublished\":\"2014-04-30T18:15:58+00:00\",\"dateModified\":\"2021-08-27T14:16:20+00:00\",\"breadcrumb\":{\"@id\":\"https:\\\/\\\/cna.ca\\\/fr\\\/a-propos-anc\\\/#breadcrumb\"},\"inLanguage\":\"fr-FR\",\"potentialAction\":[{\"@type\":\"ReadAction\",\"target\":[\"https:\\\/\\\/cna.ca\\\/fr\\\/a-propos-anc\\\/\"]}]},{\"@type\":\"BreadcrumbList\",\"@id\":\"https:\\\/\\\/cna.ca\\\/fr\\\/a-propos-anc\\\/#breadcrumb\",\"itemListElement\":[{\"@type\":\"ListItem\",\"position\":1,\"name\":\"Home\",\"item\":\"https:\\\/\\\/cna.ca\\\/fr\\\/\"},{\"@type\":\"ListItem\",\"position\":2,\"name\":\"\u00c0 propos&nbsp;l&#8217;ANC\"}]},{\"@type\":\"WebSite\",\"@id\":\"https:\\\/\\\/cna.ca\\\/fr\\\/#website\",\"url\":\"https:\\\/\\\/cna.ca\\\/fr\\\/\",\"name\":\"Canadian Nuclear Association\",\"description\":\"The national voice of the Canadian nuclear industry since 1960\",\"publisher\":{\"@id\":\"https:\\\/\\\/cna.ca\\\/fr\\\/#organization\"},\"potentialAction\":[{\"@type\":\"SearchAction\",\"target\":{\"@type\":\"EntryPoint\",\"urlTemplate\":\"https:\\\/\\\/cna.ca\\\/fr\\\/?s={search_term_string}\"},\"query-input\":{\"@type\":\"PropertyValueSpecification\",\"valueRequired\":true,\"valueName\":\"search_term_string\"}}],\"inLanguage\":\"fr-FR\"},{\"@type\":\"Organization\",\"@id\":\"https:\\\/\\\/cna.ca\\\/fr\\\/#organization\",\"name\":\"Canadian Nuclear Association\",\"url\":\"https:\\\/\\\/cna.ca\\\/fr\\\/\",\"logo\":{\"@type\":\"ImageObject\",\"inLanguage\":\"fr-FR\",\"@id\":\"https:\\\/\\\/cna.ca\\\/fr\\\/#\\\/schema\\\/logo\\\/image\\\/\",\"url\":\"https:\\\/\\\/cna.ca\\\/wp-content\\\/uploads\\\/2023\\\/12\\\/cropped-cna-logo-only.png\",\"contentUrl\":\"https:\\\/\\\/cna.ca\\\/wp-content\\\/uploads\\\/2023\\\/12\\\/cropped-cna-logo-only.png\",\"width\":512,\"height\":512,\"caption\":\"Canadian Nuclear Association\"},\"image\":{\"@id\":\"https:\\\/\\\/cna.ca\\\/fr\\\/#\\\/schema\\\/logo\\\/image\\\/\"},\"sameAs\":[\"http:\\\/\\\/www.facebook.com\\\/canadanuclear\",\"https:\\\/\\\/x.com\\\/canadanuclear\",\"https:\\\/\\\/www.instagram.com\\\/canadanuclear\",\"https:\\\/\\\/www.youtube.com\\\/CanadaNuclear\",\"http:\\\/\\\/www.linkedin.com\\\/company\\\/canadian-nuclear-association\"]}]}<\/script>\n<!-- \/ Yoast SEO plugin. -->","yoast_head_json":{"title":"\u00c0 propos l'ANC - Association nucl\u00e9aire canadienne","robots":{"index":"index","follow":"follow","max-snippet":"max-snippet:-1","max-image-preview":"max-image-preview:large","max-video-preview":"max-video-preview:-1"},"canonical":"https:\/\/cna.ca\/fr\/a-propos-anc\/","og_locale":"fr_FR","og_type":"article","og_title":"\u00c0 propos l'ANC - Association nucl\u00e9aire canadienne","og_description":"Chaque ann\u00e9e, au Canada, la technologie nucl\u00e9aire permet d\u2019\u00e9viter 80 millions de tonnes d\u2019\u00e9mission de CO2 en suppl\u00e9ant les combustibles fossiles, en plus de fournir 70 % de l\u2019approvisionnement en cobalt-60, soit des radio-isotopes utilis\u00e9s dans les traitements du cancer et la st\u00e9rilisation du mat\u00e9riel m\u00e9dical, entre autres.","og_url":"https:\/\/cna.ca\/fr\/a-propos-anc\/","og_site_name":"Association nucl\u00e9aire canadienne","article_publisher":"http:\/\/www.facebook.com\/canadanuclear","article_modified_time":"2021-08-27T14:16:20+00:00","twitter_misc":{"Est. reading time":"1 minute"},"schema":{"@context":"https:\/\/schema.org","@graph":[{"@type":"WebPage","@id":"https:\/\/cna.ca\/fr\/a-propos-anc\/","url":"https:\/\/cna.ca\/fr\/a-propos-anc\/","name":"\u00c0 propos l'ANC - Association nucl\u00e9aire canadienne","isPartOf":{"@id":"https:\/\/cna.ca\/fr\/#website"},"datePublished":"2014-04-30T18:15:58+00:00","dateModified":"2021-08-27T14:16:20+00:00","breadcrumb":{"@id":"https:\/\/cna.ca\/fr\/a-propos-anc\/#breadcrumb"},"inLanguage":"fr-FR","potentialAction":[{"@type":"ReadAction","target":["https:\/\/cna.ca\/fr\/a-propos-anc\/"]}]},{"@type":"BreadcrumbList","@id":"https:\/\/cna.ca\/fr\/a-propos-anc\/#breadcrumb","itemListElement":[{"@type":"ListItem","position":1,"name":"Home","item":"https:\/\/cna.ca\/fr\/"},{"@type":"ListItem","position":2,"name":"\u00c0 propos&nbsp;l&#8217;ANC"}]},{"@type":"WebSite","@id":"https:\/\/cna.ca\/fr\/#website","url":"https:\/\/cna.ca\/fr\/","name":"Canadian Nuclear Association","description":"The national voice of the Canadian nuclear industry since 1960","publisher":{"@id":"https:\/\/cna.ca\/fr\/#organization"},"potentialAction":[{"@type":"SearchAction","target":{"@type":"EntryPoint","urlTemplate":"https:\/\/cna.ca\/fr\/?s={search_term_string}"},"query-input":{"@type":"PropertyValueSpecification","valueRequired":true,"valueName":"search_term_string"}}],"inLanguage":"fr-FR"},{"@type":"Organization","@id":"https:\/\/cna.ca\/fr\/#organization","name":"Canadian Nuclear Association","url":"https:\/\/cna.ca\/fr\/","logo":{"@type":"ImageObject","inLanguage":"fr-FR","@id":"https:\/\/cna.ca\/fr\/#\/schema\/logo\/image\/","url":"https:\/\/cna.ca\/wp-content\/uploads\/2023\/12\/cropped-cna-logo-only.png","contentUrl":"https:\/\/cna.ca\/wp-content\/uploads\/2023\/12\/cropped-cna-logo-only.png","width":512,"height":512,"caption":"Canadian Nuclear Association"},"image":{"@id":"https:\/\/cna.ca\/fr\/#\/schema\/logo\/image\/"},"sameAs":["http:\/\/www.facebook.com\/canadanuclear","https:\/\/x.com\/canadanuclear","https:\/\/www.instagram.com\/canadanuclear","https:\/\/www.youtube.com\/CanadaNuclear","http:\/\/www.linkedin.com\/company\/canadian-nuclear-association"]}]}},"_links":{"self":[{"href":"https:\/\/cna.ca\/fr\/wp-json\/wp\/v2\/pages\/27267","targetHints":{"allow":["GET"]}}],"collection":[{"href":"https:\/\/cna.ca\/fr\/wp-json\/wp\/v2\/pages"}],"about":[{"href":"https:\/\/cna.ca\/fr\/wp-json\/wp\/v2\/types\/page"}],"author":[{"embeddable":true,"href":"https:\/\/cna.ca\/fr\/wp-json\/wp\/v2\/users\/1"}],"replies":[{"embeddable":true,"href":"https:\/\/cna.ca\/fr\/wp-json\/wp\/v2\/comments?post=27267"}],"version-history":[{"count":6,"href":"https:\/\/cna.ca\/fr\/wp-json\/wp\/v2\/pages\/27267\/revisions"}],"predecessor-version":[{"id":29256,"href":"https:\/\/cna.ca\/fr\/wp-json\/wp\/v2\/pages\/27267\/revisions\/29256"}],"wp:attachment":[{"href":"https:\/\/cna.ca\/fr\/wp-json\/wp\/v2\/media?parent=27267"}],"wp:term":[{"taxonomy":"topic","embeddable":true,"href":"https:\/\/cna.ca\/fr\/wp-json\/wp\/v2\/topic?post=27267"}],"curies":[{"name":"wp","href":"https:\/\/api.w.org\/{rel}","templated":true}]}}