{"id":27247,"date":"2020-07-27T14:55:28","date_gmt":"2020-07-27T18:55:28","guid":{"rendered":"http:\/\/cna.flywheelsites.com\/medecine-nucleaire\/medical-isotopes\/"},"modified":"2020-08-19T05:37:49","modified_gmt":"2020-08-19T09:37:49","slug":"isotopes-medicaux","status":"publish","type":"page","link":"https:\/\/cna.ca\/fr\/medecine-nucleaire\/isotopes-medicaux\/","title":{"rendered":"Isotopes&nbsp;m\u00e9dicaux"},"content":{"rendered":"\n<p>Le Canada a toujours \u00e9t\u00e9 le chef de file mondial de la production de radio-isotopes \u00e0 des fins m\u00e9dicales. Les m\u00e9decins utilisent les isotopes m\u00e9dicaux canadiens dans les proc\u00e9dures de diagnostic, pour d\u00e9terminer ce dont souffrent les patients, et dans les proc\u00e9dures th\u00e9rapeutiques, pour traiter ces maladies.<\/p>\n\n\n\n<p>Le cobalt&nbsp;60 est l\u2019isotope le plus couramment utilis\u00e9 en <a href=\"https:\/\/cna.ca\/fr\/medecine-nucleaire\/radiotherapie\/\" class=\"rank-math-link\">radioth\u00e9rapie<\/a>. Les h\u00f4pitaux utilisent \u00e9galement le cobalt&nbsp;60 pour st\u00e9riliser le mat\u00e9riel m\u00e9dical, y compris les blouses, les gants, les masques, les seringues et les implants.<\/p>\n\n\n\n<p>L\u2019injection d\u2019isotopes augmente les niveaux de rayonnement dans le corps pendant une courte p\u00e9riode, mais elle permet \u00e9galement de sauver des vies \u00e0 travers le d\u00e9pistage, le diagnostic et la th\u00e9rapie. La mise au point de radio-isotopes canadiens a permis d\u2019accro\u00eetre le taux de gu\u00e9rison du cancer du col de l\u2019ut\u00e9rus de 25&nbsp;%&nbsp;\u00e0&nbsp;75&nbsp;%. Au Canada, environ 1,5&nbsp;millions d\u2019examens d\u2019imagerie diagnostique nucl\u00e9aire sont r\u00e9alis\u00e9s chaque ann\u00e9e. Les isotopes m\u00e9dicaux canadiens ont sauv\u00e9 des vies dans les proc\u00e9dures diagnostiques et th\u00e9rapeutiques partout dans le monde.<\/p>\n\n\n\n<h2 class=\"wp-block-heading\">Qu\u2019est-ce qu\u2019une demi-vie?<\/h2>\n\n\n\n<p>Chaque isotope a une demi-vie unique&nbsp;: le temps n\u00e9cessaire \u00e0 la moiti\u00e9 des atomes pour subir la d\u00e9croissance de la radioactivit\u00e9. Plus la demi-vie est courte, plus l\u2019isotope d\u00e9cro\u00eet rapidement et plus il est radioactif. Une demi-vie radioactive peut aller de quelques nanosecondes \u00e0 des centaines de milliers d\u2019ann\u00e9es.<\/p>\n\n\n\n<p>Parmi les isotopes couramment utilis\u00e9s en m\u00e9decine, l\u2019on peut citer le cobalt&nbsp;60, qui a une demi-vie de 5,27&nbsp;ans, et le techn\u00e9tium&nbsp;99, qui a une demi-vie de six&nbsp;heures.<\/p>\n\n\n\n<figure class=\"wp-block-image size-large is-resized\"><img loading=\"lazy\" decoding=\"async\" src=\"https:\/\/cna.ca\/wp-content\/uploads\/2018\/03\/Elimination-of-FDG-in-the-Body-FR.svg\" alt=\"\" class=\"wp-image-22218\" width=\"295\" height=\"150\"\/><\/figure>\n\n\n\n<p>Les <a href=\"https:\/\/cna.ca\/fr\/medecine-nucleaire\/imaginaire-nucleaire\/\" class=\"rank-math-link\">radiologues<\/a> choisissent les isotopes que le corps \u00e9vacue rapidement par excr\u00e9tion ou qui, naturellement, d\u00e9croissent rapidement en isotopes non radioactifs.<\/p>\n\n\n\n<h2 class=\"wp-block-heading\">La situation canadienne<\/h2>\n\n\n\n<p>Le programme canadien d\u2019isotopes nucl\u00e9aires a ouvert la voie \u00e0 une nouvelle \u00e8re pour les traitements contre le cancer, ainsi que pour la recherche et le d\u00e9veloppement dans le domaine des soins de sant\u00e9.<\/p>\n\n\n\n<p>Le r\u00e9acteur national de recherche universel a \u00e9t\u00e9 mis hors service en 2018 apr\u00e8s avoir fourni durant six d\u00e9cennies des isotopes m\u00e9dicaux \u00e0 la communaut\u00e9 mondiale des soins de sant\u00e9. Cette fermeture a marqu\u00e9 la fin d\u2019une \u00e8re pour la production d\u2019isotopes m\u00e9dicaux au Canada. Ce choix est survenu dans un contexte o\u00f9 de nouveaux progr\u00e8s rapides sont r\u00e9alis\u00e9s dans le domaine de la th\u00e9rapeutique cibl\u00e9e pour le traitement du cancer.<\/p>\n\n\n\n<p>Le paysage de la production d\u2019isotopes m\u00e9dicaux au Canada est diversifi\u00e9, en partie gr\u00e2ce \u00e0 la recherche de longue date et de classe mondiale sur les technologies des r\u00e9acteurs et des acc\u00e9l\u00e9rateurs.<\/p>\n\n\n\n<p>Le Canada est un chef de file dans la mise au point et la production d\u2019isotopes m\u00e9dicaux utilis\u00e9s dans le monde depuis plusieurs d\u00e9cennies. Le Canada d\u00e9pend \u00e0 la fois de la production nationale et de la cha\u00eene d\u2019approvisionnement mondiale pour fournir des isotopes m\u00e9dicaux \u00e0 nos h\u00f4pitaux.<\/p>\n\n\n\n<p>Les isotopes m\u00e9dicaux soutiennent environ 8&nbsp;500&nbsp;<a href=\"https:\/\/cna.ca\/fr\/les-avantages\/jobs-and-the-economy\/\" class=\"rank-math-link\">emplois<\/a> dans l\u2019industrie nucl\u00e9aire partout au Canada.<\/p>\n\n\n\n<h2 class=\"wp-block-heading\">Faits saillants sur les isotopes<\/h2>\n\n\n\n<ul class=\"wp-block-list\"><li>Dans le monde, plus de 40&nbsp;millions de proc\u00e9dures m\u00e9dicales sont r\u00e9alis\u00e9es chaque ann\u00e9e \u00e0 l\u2019aide d\u2019isotopes, dont environ 36&nbsp;millions pour la m\u00e9decine nucl\u00e9aire diagnostique et 4&nbsp;millions pour la radioth\u00e9rapie.<\/li><li>Le Canada compte 45&nbsp;produits radiopharmaceutiques et 23&nbsp;radio-isotopes homologu\u00e9s.<\/li><li>Dans les pays d\u00e9velopp\u00e9s (un quart de la population mondiale), environ une personne sur 50 subit une proc\u00e9dure de diagnostic de m\u00e9decine nucl\u00e9aire chaque ann\u00e9e. Au Canada, cela signifie environ 760&nbsp;000&nbsp;proc\u00e9dures de diagnostic et 76&nbsp;000&nbsp;proc\u00e9dures de radioth\u00e9rapie chaque ann\u00e9e.<\/li><li>Plus de 40&nbsp;% de tous les dispositifs m\u00e9dicaux jetables produits dans le monde sont st\u00e9rilis\u00e9s \u00e0 l\u2019aide du cobalt&nbsp;60.<\/li><li>Plus de 70&nbsp;% de l\u2019approvisionnement mondial en cobalt&nbsp;60 est produit dans des centrales nucl\u00e9aires canadiennes.<\/li><li>Le Canada raffine plus de 90&nbsp;% du cobalt&nbsp;60 pr\u00e9sent sur le march\u00e9 mondial.<\/li><li>Environ 60&nbsp;% du march\u00e9 mondial de l\u2019iode&nbsp;125 est produit par <a href=\"https:\/\/nuclear.mcmaster.ca\/\" class=\"rank-math-link\">le r\u00e9acteur nucl\u00e9aire de McMaster<\/a>.<\/li><\/ul>\n","protected":false},"excerpt":{"rendered":"<p>Les isotopes m\u00e9dicaux sont la pierre angulaire de la m\u00e9decine nucl\u00e9aire. Cette branche de la science m\u00e9dicale utilise des sources radioactives, des atomes et des mol\u00e9cules pour diagnostiquer, caract\u00e9riser et traiter les maladies.<\/p>\n","protected":false},"author":1,"featured_media":12576,"parent":27244,"menu_order":0,"comment_status":"closed","ping_status":"closed","template":"","meta":{"_acf_changed":false,"footnotes":""},"topic":[],"class_list":["post-27247","page","type-page","status-publish","has-post-thumbnail","hentry"],"acf":[],"yoast_head":"<!-- This site is optimized with the Yoast SEO plugin v27.3 - https:\/\/yoast.com\/product\/yoast-seo-wordpress\/ -->\n<title>Isotopes m\u00e9dicaux - Association nucl\u00e9aire canadienne<\/title>\n<meta name=\"robots\" content=\"index, follow, max-snippet:-1, max-image-preview:large, max-video-preview:-1\" \/>\n<link rel=\"canonical\" href=\"https:\/\/cna.ca\/fr\/medecine-nucleaire\/isotopes-medicaux\/\" \/>\n<meta property=\"og:locale\" content=\"fr_FR\" \/>\n<meta property=\"og:type\" content=\"article\" \/>\n<meta property=\"og:title\" content=\"Isotopes m\u00e9dicaux - Association nucl\u00e9aire canadienne\" \/>\n<meta property=\"og:description\" content=\"Les isotopes m\u00e9dicaux sont la pierre angulaire de la m\u00e9decine nucl\u00e9aire. Cette branche de la science m\u00e9dicale utilise des sources radioactives, des atomes et des mol\u00e9cules pour diagnostiquer, caract\u00e9riser et traiter les maladies.\" \/>\n<meta property=\"og:url\" content=\"https:\/\/cna.ca\/fr\/medecine-nucleaire\/isotopes-medicaux\/\" \/>\n<meta property=\"og:site_name\" content=\"Association nucl\u00e9aire canadienne\" \/>\n<meta property=\"article:publisher\" content=\"http:\/\/www.facebook.com\/canadanuclear\" \/>\n<meta property=\"article:modified_time\" content=\"2020-08-19T09:37:49+00:00\" \/>\n<meta property=\"og:image\" content=\"https:\/\/cna.ca\/wp-content\/uploads\/2015\/11\/pharmaceuticalslabRADIO-1024x683.jpg\" \/>\n\t<meta property=\"og:image:width\" content=\"1024\" \/>\n\t<meta property=\"og:image:height\" content=\"683\" \/>\n\t<meta property=\"og:image:type\" content=\"image\/jpeg\" \/>\n<meta name=\"twitter:label1\" content=\"Est. reading time\" \/>\n\t<meta name=\"twitter:data1\" content=\"4 minutes\" \/>\n<script type=\"application\/ld+json\" class=\"yoast-schema-graph\">{\"@context\":\"https:\\\/\\\/schema.org\",\"@graph\":[{\"@type\":\"WebPage\",\"@id\":\"https:\\\/\\\/cna.ca\\\/fr\\\/medecine-nucleaire\\\/isotopes-medicaux\\\/\",\"url\":\"https:\\\/\\\/cna.ca\\\/fr\\\/medecine-nucleaire\\\/isotopes-medicaux\\\/\",\"name\":\"Isotopes m\u00e9dicaux - Association nucl\u00e9aire canadienne\",\"isPartOf\":{\"@id\":\"https:\\\/\\\/cna.ca\\\/fr\\\/#website\"},\"primaryImageOfPage\":{\"@id\":\"https:\\\/\\\/cna.ca\\\/fr\\\/medecine-nucleaire\\\/isotopes-medicaux\\\/#primaryimage\"},\"image\":{\"@id\":\"https:\\\/\\\/cna.ca\\\/fr\\\/medecine-nucleaire\\\/isotopes-medicaux\\\/#primaryimage\"},\"thumbnailUrl\":\"https:\\\/\\\/cna.ca\\\/wp-content\\\/uploads\\\/2015\\\/11\\\/pharmaceuticalslabRADIO.jpg\",\"datePublished\":\"2020-07-27T18:55:28+00:00\",\"dateModified\":\"2020-08-19T09:37:49+00:00\",\"breadcrumb\":{\"@id\":\"https:\\\/\\\/cna.ca\\\/fr\\\/medecine-nucleaire\\\/isotopes-medicaux\\\/#breadcrumb\"},\"inLanguage\":\"fr-FR\",\"potentialAction\":[{\"@type\":\"ReadAction\",\"target\":[\"https:\\\/\\\/cna.ca\\\/fr\\\/medecine-nucleaire\\\/isotopes-medicaux\\\/\"]}]},{\"@type\":\"ImageObject\",\"inLanguage\":\"fr-FR\",\"@id\":\"https:\\\/\\\/cna.ca\\\/fr\\\/medecine-nucleaire\\\/isotopes-medicaux\\\/#primaryimage\",\"url\":\"https:\\\/\\\/cna.ca\\\/wp-content\\\/uploads\\\/2015\\\/11\\\/pharmaceuticalslabRADIO.jpg\",\"contentUrl\":\"https:\\\/\\\/cna.ca\\\/wp-content\\\/uploads\\\/2015\\\/11\\\/pharmaceuticalslabRADIO.jpg\",\"width\":5760,\"height\":3840},{\"@type\":\"BreadcrumbList\",\"@id\":\"https:\\\/\\\/cna.ca\\\/fr\\\/medecine-nucleaire\\\/isotopes-medicaux\\\/#breadcrumb\",\"itemListElement\":[{\"@type\":\"ListItem\",\"position\":1,\"name\":\"Home\",\"item\":\"https:\\\/\\\/cna.ca\\\/fr\\\/\"},{\"@type\":\"ListItem\",\"position\":2,\"name\":\"M\u00e9decine&nbsp;nucl\u00e9aire\",\"item\":\"https:\\\/\\\/cna.ca\\\/fr\\\/medecine-nucleaire\\\/\"},{\"@type\":\"ListItem\",\"position\":3,\"name\":\"Isotopes&nbsp;m\u00e9dicaux\"}]},{\"@type\":\"WebSite\",\"@id\":\"https:\\\/\\\/cna.ca\\\/fr\\\/#website\",\"url\":\"https:\\\/\\\/cna.ca\\\/fr\\\/\",\"name\":\"Canadian Nuclear Association\",\"description\":\"The national voice of the Canadian nuclear industry since 1960\",\"publisher\":{\"@id\":\"https:\\\/\\\/cna.ca\\\/fr\\\/#organization\"},\"potentialAction\":[{\"@type\":\"SearchAction\",\"target\":{\"@type\":\"EntryPoint\",\"urlTemplate\":\"https:\\\/\\\/cna.ca\\\/fr\\\/?s={search_term_string}\"},\"query-input\":{\"@type\":\"PropertyValueSpecification\",\"valueRequired\":true,\"valueName\":\"search_term_string\"}}],\"inLanguage\":\"fr-FR\"},{\"@type\":\"Organization\",\"@id\":\"https:\\\/\\\/cna.ca\\\/fr\\\/#organization\",\"name\":\"Canadian Nuclear Association\",\"url\":\"https:\\\/\\\/cna.ca\\\/fr\\\/\",\"logo\":{\"@type\":\"ImageObject\",\"inLanguage\":\"fr-FR\",\"@id\":\"https:\\\/\\\/cna.ca\\\/fr\\\/#\\\/schema\\\/logo\\\/image\\\/\",\"url\":\"https:\\\/\\\/cna.ca\\\/wp-content\\\/uploads\\\/2023\\\/12\\\/cropped-cna-logo-only.png\",\"contentUrl\":\"https:\\\/\\\/cna.ca\\\/wp-content\\\/uploads\\\/2023\\\/12\\\/cropped-cna-logo-only.png\",\"width\":512,\"height\":512,\"caption\":\"Canadian Nuclear Association\"},\"image\":{\"@id\":\"https:\\\/\\\/cna.ca\\\/fr\\\/#\\\/schema\\\/logo\\\/image\\\/\"},\"sameAs\":[\"http:\\\/\\\/www.facebook.com\\\/canadanuclear\",\"https:\\\/\\\/x.com\\\/canadanuclear\",\"https:\\\/\\\/www.instagram.com\\\/canadanuclear\",\"https:\\\/\\\/www.youtube.com\\\/CanadaNuclear\",\"http:\\\/\\\/www.linkedin.com\\\/company\\\/canadian-nuclear-association\"]}]}<\/script>\n<!-- \/ Yoast SEO plugin. -->","yoast_head_json":{"title":"Isotopes m\u00e9dicaux - Association nucl\u00e9aire canadienne","robots":{"index":"index","follow":"follow","max-snippet":"max-snippet:-1","max-image-preview":"max-image-preview:large","max-video-preview":"max-video-preview:-1"},"canonical":"https:\/\/cna.ca\/fr\/medecine-nucleaire\/isotopes-medicaux\/","og_locale":"fr_FR","og_type":"article","og_title":"Isotopes m\u00e9dicaux - Association nucl\u00e9aire canadienne","og_description":"Les isotopes m\u00e9dicaux sont la pierre angulaire de la m\u00e9decine nucl\u00e9aire. Cette branche de la science m\u00e9dicale utilise des sources radioactives, des atomes et des mol\u00e9cules pour diagnostiquer, caract\u00e9riser et traiter les maladies.","og_url":"https:\/\/cna.ca\/fr\/medecine-nucleaire\/isotopes-medicaux\/","og_site_name":"Association nucl\u00e9aire canadienne","article_publisher":"http:\/\/www.facebook.com\/canadanuclear","article_modified_time":"2020-08-19T09:37:49+00:00","og_image":[{"width":1024,"height":683,"url":"https:\/\/cna.ca\/wp-content\/uploads\/2015\/11\/pharmaceuticalslabRADIO-1024x683.jpg","type":"image\/jpeg"}],"twitter_misc":{"Est. reading time":"4 minutes"},"schema":{"@context":"https:\/\/schema.org","@graph":[{"@type":"WebPage","@id":"https:\/\/cna.ca\/fr\/medecine-nucleaire\/isotopes-medicaux\/","url":"https:\/\/cna.ca\/fr\/medecine-nucleaire\/isotopes-medicaux\/","name":"Isotopes m\u00e9dicaux - Association nucl\u00e9aire canadienne","isPartOf":{"@id":"https:\/\/cna.ca\/fr\/#website"},"primaryImageOfPage":{"@id":"https:\/\/cna.ca\/fr\/medecine-nucleaire\/isotopes-medicaux\/#primaryimage"},"image":{"@id":"https:\/\/cna.ca\/fr\/medecine-nucleaire\/isotopes-medicaux\/#primaryimage"},"thumbnailUrl":"https:\/\/cna.ca\/wp-content\/uploads\/2015\/11\/pharmaceuticalslabRADIO.jpg","datePublished":"2020-07-27T18:55:28+00:00","dateModified":"2020-08-19T09:37:49+00:00","breadcrumb":{"@id":"https:\/\/cna.ca\/fr\/medecine-nucleaire\/isotopes-medicaux\/#breadcrumb"},"inLanguage":"fr-FR","potentialAction":[{"@type":"ReadAction","target":["https:\/\/cna.ca\/fr\/medecine-nucleaire\/isotopes-medicaux\/"]}]},{"@type":"ImageObject","inLanguage":"fr-FR","@id":"https:\/\/cna.ca\/fr\/medecine-nucleaire\/isotopes-medicaux\/#primaryimage","url":"https:\/\/cna.ca\/wp-content\/uploads\/2015\/11\/pharmaceuticalslabRADIO.jpg","contentUrl":"https:\/\/cna.ca\/wp-content\/uploads\/2015\/11\/pharmaceuticalslabRADIO.jpg","width":5760,"height":3840},{"@type":"BreadcrumbList","@id":"https:\/\/cna.ca\/fr\/medecine-nucleaire\/isotopes-medicaux\/#breadcrumb","itemListElement":[{"@type":"ListItem","position":1,"name":"Home","item":"https:\/\/cna.ca\/fr\/"},{"@type":"ListItem","position":2,"name":"M\u00e9decine&nbsp;nucl\u00e9aire","item":"https:\/\/cna.ca\/fr\/medecine-nucleaire\/"},{"@type":"ListItem","position":3,"name":"Isotopes&nbsp;m\u00e9dicaux"}]},{"@type":"WebSite","@id":"https:\/\/cna.ca\/fr\/#website","url":"https:\/\/cna.ca\/fr\/","name":"Canadian Nuclear Association","description":"The national voice of the Canadian nuclear industry since 1960","publisher":{"@id":"https:\/\/cna.ca\/fr\/#organization"},"potentialAction":[{"@type":"SearchAction","target":{"@type":"EntryPoint","urlTemplate":"https:\/\/cna.ca\/fr\/?s={search_term_string}"},"query-input":{"@type":"PropertyValueSpecification","valueRequired":true,"valueName":"search_term_string"}}],"inLanguage":"fr-FR"},{"@type":"Organization","@id":"https:\/\/cna.ca\/fr\/#organization","name":"Canadian Nuclear Association","url":"https:\/\/cna.ca\/fr\/","logo":{"@type":"ImageObject","inLanguage":"fr-FR","@id":"https:\/\/cna.ca\/fr\/#\/schema\/logo\/image\/","url":"https:\/\/cna.ca\/wp-content\/uploads\/2023\/12\/cropped-cna-logo-only.png","contentUrl":"https:\/\/cna.ca\/wp-content\/uploads\/2023\/12\/cropped-cna-logo-only.png","width":512,"height":512,"caption":"Canadian Nuclear Association"},"image":{"@id":"https:\/\/cna.ca\/fr\/#\/schema\/logo\/image\/"},"sameAs":["http:\/\/www.facebook.com\/canadanuclear","https:\/\/x.com\/canadanuclear","https:\/\/www.instagram.com\/canadanuclear","https:\/\/www.youtube.com\/CanadaNuclear","http:\/\/www.linkedin.com\/company\/canadian-nuclear-association"]}]}},"_links":{"self":[{"href":"https:\/\/cna.ca\/fr\/wp-json\/wp\/v2\/pages\/27247","targetHints":{"allow":["GET"]}}],"collection":[{"href":"https:\/\/cna.ca\/fr\/wp-json\/wp\/v2\/pages"}],"about":[{"href":"https:\/\/cna.ca\/fr\/wp-json\/wp\/v2\/types\/page"}],"author":[{"embeddable":true,"href":"https:\/\/cna.ca\/fr\/wp-json\/wp\/v2\/users\/1"}],"replies":[{"embeddable":true,"href":"https:\/\/cna.ca\/fr\/wp-json\/wp\/v2\/comments?post=27247"}],"version-history":[{"count":10,"href":"https:\/\/cna.ca\/fr\/wp-json\/wp\/v2\/pages\/27247\/revisions"}],"predecessor-version":[{"id":27318,"href":"https:\/\/cna.ca\/fr\/wp-json\/wp\/v2\/pages\/27247\/revisions\/27318"}],"up":[{"embeddable":true,"href":"https:\/\/cna.ca\/fr\/wp-json\/wp\/v2\/pages\/27244"}],"wp:featuredmedia":[{"embeddable":true,"href":"https:\/\/cna.ca\/fr\/wp-json\/wp\/v2\/media\/12576"}],"wp:attachment":[{"href":"https:\/\/cna.ca\/fr\/wp-json\/wp\/v2\/media?parent=27247"}],"wp:term":[{"taxonomy":"topic","embeddable":true,"href":"https:\/\/cna.ca\/fr\/wp-json\/wp\/v2\/topic?post=27247"}],"curies":[{"name":"wp","href":"https:\/\/api.w.org\/{rel}","templated":true}]}}