{"id":27234,"date":"2020-02-21T15:17:07","date_gmt":"2020-02-21T20:17:07","guid":{"rendered":"http:\/\/cna.flywheelsites.com\/reacteurs-et-prm\/safety\/"},"modified":"2020-08-20T16:57:59","modified_gmt":"2020-08-20T20:57:59","slug":"surete","status":"publish","type":"page","link":"https:\/\/cna.ca\/fr\/reacteurs-et-prm\/surete\/","title":{"rendered":"S\u00fbret\u00e9"},"content":{"rendered":"\n<p>Jamais un accident nucl\u00e9aire mortel n\u2019est survenu au Canada. Tr\u00e8s peu d&#8217;autres industries ont un bilan aussi solide en mati\u00e8re de sant\u00e9 et de s\u00e9curit\u00e9, en particulier celles qui \u00e9mettent dans l&#8217;air des polluants dangereux qui causent des maladies respiratoires et cardiovasculaires. Le bilan du Canada en mati\u00e8re de s\u00fbret\u00e9 nucl\u00e9aire est in\u00e9gal\u00e9 par toute autre industrie dans le monde.<\/p>\n\n\n\n<h3 class=\"wp-block-heading\">S\u00fbret\u00e9 d\u2019exploitation<\/h3>\n\n\n\n<p>Les r\u00e9acteurs nucl\u00e9aires du Canada sont s\u00fbrs pour les travailleurs, le public et l\u2019environnement. La s\u00fbret\u00e9 est int\u00e9gr\u00e9e non seulement \u00e0 la conception des r\u00e9acteurs CANDU, mais aussi \u00e0 l\u2019ensemble du <a href=\"https:\/\/cna.ca\/fr\/reacteurs-et-prm\/combustible-nucleaire\/\" class=\"rank-math-link\">cycle du combustible nucl\u00e9aire<\/a> et \u00e0 la r\u00e9glementation rigoureuse du Canada en mati\u00e8re d\u2019\u00e9nergie nucl\u00e9aire.<\/p>\n\n\n\n<p>L\u2019approche de la s\u00fbret\u00e9 utilis\u00e9e dans les centrales nucl\u00e9aires CANDU \u2013&nbsp;qui comprend toutes les quatre centrales nucl\u00e9aires canadiennes&nbsp;\u2013 limite \u00e0 la fois la probabilit\u00e9 qu\u2019un accident se produise et \u2013 au cas o\u00f9 un tel accident invraisemblable se produirait \u2013 ses r\u00e9percussions potentielles. Cette approche est appel\u00e9e \u00ab&nbsp;d\u00e9fense en profondeur&nbsp;\u00bb et comporte plusieurs composantes&nbsp;:<\/p>\n\n\n\n<ul class=\"wp-block-list\"><li>Tous les fournisseurs de composants, tels que les fabricants de pompes, de vannes, de tuyaux et de syst\u00e8mes \u00e9lectriques, doivent satisfaire \u00e0 des crit\u00e8res rigoureux de qualification. Les composants de commande essentiels au fonctionnement de l\u2019usine sont dupliqu\u00e9s. Par cons\u00e9quent, si un composant pr\u00e9sente un dysfonctionnement, un autre prendra le relais et la s\u00fbret\u00e9 de la station ne sera pas compromise.<\/li><li>Les op\u00e9rateurs de la salle de contr\u00f4le de chaque centrale \u00e9lectrique sont s\u00e9lectionn\u00e9s avec soin et suivent une formation qui dure environ huit&nbsp;ans. Ils doivent \u00eatre autoris\u00e9s par la Commission canadienne de s\u00fbret\u00e9 nucl\u00e9aire (CCSN), qui organise les examens et v\u00e9rifie la qualification des candidats.<\/li><li>Chaque centrale nucl\u00e9aire canadienne est surveill\u00e9e en permanence \u00e0 travers des essais et l\u2019inspection de ses composants et de ses syst\u00e8mes de s\u00fbret\u00e9. La CCSN a des inspecteurs dans ces stations et peut \u00e0 tout moment retirer un permis d\u2019exploitation si les r\u00e8glements ou les conditions de permis ne sont pas respect\u00e9s.<\/li><\/ul>\n\n\n\n<p>D\u00e8s le d\u00e9part, les scientifiques et les ing\u00e9nieurs canadiens ont con\u00e7u des r\u00e9acteurs pour prot\u00e9ger le public, l\u2019environnement et les travailleurs des circonstances impr\u00e9vues. La collaboration internationale avec d\u2019autres ing\u00e9nieurs, scientifiques et organismes de r\u00e9glementation nucl\u00e9aires garantit le partage des meilleures pratiques pour que tout le monde se sente en s\u00e9curit\u00e9, sachant que l\u2019\u00e9nergie nucl\u00e9aire est s\u00fbre. Les experts internationaux abordent et examinent tous les aspects d\u2019une centrale nucl\u00e9aire, des dispositifs de s\u00fbret\u00e9 passive, qui am\u00e8nent les r\u00e9acteurs \u00e0 prendre automatiquement en charge les probl\u00e8mes, jusqu\u2019\u00e0 la structure des b\u00e2timents de confinement qui abritent les r\u00e9acteurs nucl\u00e9aires. Les meilleures pratiques sont employ\u00e9es dans diff\u00e9rents pays du monde. Le Canada contribue \u00e0 l\u2019exploitation s\u00fbre des r\u00e9acteurs nucl\u00e9aires dans tous les pays qui poss\u00e8dent des centrales nucl\u00e9aires, et il tire \u00e9galement des enseignements de ces pays.<\/p>\n\n\n\n<h3 class=\"wp-block-heading\">S\u00e9curit\u00e9 du site<\/h3>\n\n\n\n<figure class=\"wp-block-image size-large\"><img loading=\"lazy\" decoding=\"async\" width=\"1024\" height=\"489\" src=\"https:\/\/cna.ca\/wp-content\/uploads\/2014\/07\/Bruce-Powers-award-winning-nuclear-response-team-1024x489.jpg\" alt=\"image of Bruce Power's award winning response team\" class=\"wp-image-21715\" srcset=\"https:\/\/cna.ca\/wp-content\/uploads\/2014\/07\/Bruce-Powers-award-winning-nuclear-response-team-1024x489.jpg 1024w, https:\/\/cna.ca\/wp-content\/uploads\/2014\/07\/Bruce-Powers-award-winning-nuclear-response-team-300x143.jpg 300w\" sizes=\"auto, (max-width: 1024px) 100vw, 1024px\" \/><\/figure>\n\n\n\n<p>L\u2019industrie nucl\u00e9aire canadienne est un chef de file en mati\u00e8re de s\u00e9curit\u00e9 sans compromis.<\/p>\n\n\n\n<p>Tous les plans de s\u00e9curit\u00e9 des installations nucl\u00e9aires canadiennes sont examin\u00e9s et approuv\u00e9s par l\u2019organisme de surveillance nucl\u00e9aire du gouvernement f\u00e9d\u00e9ral, la CCSN.<\/p>\n\n\n\n<p>Apr\u00e8s les \u00e9v\u00e9nements du 11&nbsp;septembre&nbsp;2001, le Canada a particip\u00e9 \u00e0 l\u2019examen international de la s\u00e9curit\u00e9 des sites. Des organismes internationaux, dont la CCSN, ont renouvel\u00e9 leur attention sur la s\u00e9curit\u00e9 de l\u2019\u00e9nergie nucl\u00e9aire. La CCSN a \u00e9galement renforc\u00e9 les exigences en mati\u00e8re de s\u00e9curit\u00e9 dans les principales installations nucl\u00e9aires canadiennes, conform\u00e9ment aux recommandations de l\u2019Agence internationale de l\u2019\u00e9nergie atomique.<\/p>\n\n\n\n<p>L\u2019industrie nucl\u00e9aire du Canada a r\u00e9agi en durcissant consid\u00e9rablement tous les niveaux de d\u00e9fense \u2013&nbsp;y compris en mettant en place des \u00e9quipes d\u2019intervention arm\u00e9e et des v\u00e9hicules blind\u00e9s qui prot\u00e8gent les installations 24 heures sur 24.<\/p>\n\n\n\n<p>Les mesures de s\u00e9curit\u00e9 sont extr\u00eamement strictes dans les installations nucl\u00e9aires canadiennes parce qu\u2019elles repr\u00e9sentent un point de menace potentielle. Toutefois, l\u2019industrie nucl\u00e9aire canadienne adopte une vision holistique qui consiste \u00e0 emp\u00eacher les compromissions \u00e0 tout niveau de la cha\u00eene d\u2019approvisionnement nucl\u00e9aire, de l\u2019extraction mini\u00e8re \u00e0 l\u2019\u00e9limination du combustible us\u00e9. Bien que les mesures de s\u00e9curit\u00e9 aient \u00e9t\u00e9 \u00e9labor\u00e9es au fil du temps en r\u00e9ponse \u00e0 des menaces potentielles, aucune violation de la s\u00e9curit\u00e9 physique, du personnel ou de l\u2019information des installations nucl\u00e9aires canadiennes n\u2019a jamais eu lieu.<\/p>\n\n\n\n<p>L\u2019utilisation pacifique de l\u2019\u00e9nergie et de la technologie nucl\u00e9aires par le Canada s\u2019\u00e9tend \u00e0 ses relations internationales. Le Canada se conforme aux accords internationaux pour faire en sorte que les mati\u00e8res nucl\u00e9aires ne contribuent pas \u00e0 l\u2019expansion de programmes d\u2019armement. L\u2019industrie nucl\u00e9aire canadienne respecte \u00e0 la fois l\u2019esprit et la lettre de ces accords, reconnaissant la responsabilit\u00e9 que repr\u00e9sente le fait de travailler avec les ressources nucl\u00e9aires consid\u00e9rables du Canada.<\/p>\n\n\n\n<h3 class=\"wp-block-heading\">Cybers\u00e9curit\u00e9<\/h3>\n\n\n\n<p>Les cybermenaces augmentent en gravit\u00e9 et en fr\u00e9quence et affectent la plupart des industries. L&#8217;industrie nucl\u00e9aire a d\u00e9velopp\u00e9 des mesures de s\u00e9curit\u00e9 solides en collaboration avec de nombreuses organisations internationales afin d\u2019assurer le fonctionnement s\u00fbr et fiable de ses centrales \u00e9lectriques et la r\u00e9sistance aux cybermenaces.<\/p>\n\n\n\n<p>L\u2019industrie nucl\u00e9aire reconna\u00eet la menace potentielle de cyber-violations. Elle a mis au point des mesures de s\u00e9curit\u00e9 solides en collaboration avec de nombreuses organisations internationales.&nbsp;<\/p>\n\n\n\n<h3 class=\"wp-block-heading\">Pr\u00e9paration aux situations d\u2019urgence<\/h3>\n\n\n\n<p>En collaboration avec l\u2019organisme f\u00e9d\u00e9ral de r\u00e9glementation nucl\u00e9aire, la CCSN, les partenaires de l\u2019industrie maintiennent et mettent r\u00e9guli\u00e8rement \u00e0 jour les mesures de pr\u00e9paration aux situations d\u2019urgence afin de refl\u00e9ter les pratiques exemplaires de l\u2019industrie partout dans le monde en vue de prot\u00e9ger la sant\u00e9 et la s\u00e9curit\u00e9 des personnes, l\u2019environnement et l\u2019int\u00e9grit\u00e9 de l\u2019approvisionnement en \u00e9lectricit\u00e9 du Canada.<\/p>\n","protected":false},"excerpt":{"rendered":"<p>L\u2019industrie nucl\u00e9aire canadienne est l\u2019une des industries les plus \u00e9troitement surveill\u00e9es au monde. Les grandes installations nucl\u00e9aires sont l&#8217;infrastructure essentielle la plus prot\u00e9g\u00e9e au Canada. <\/p>\n","protected":false},"author":1,"featured_media":14831,"parent":27200,"menu_order":4,"comment_status":"closed","ping_status":"closed","template":"","meta":{"_acf_changed":false,"footnotes":""},"topic":[],"class_list":["post-27234","page","type-page","status-publish","has-post-thumbnail","hentry"],"acf":[],"yoast_head":"<!-- This site is optimized with the Yoast SEO plugin v27.4 - https:\/\/yoast.com\/product\/yoast-seo-wordpress\/ -->\n<title>S\u00fbret\u00e9 - Association nucl\u00e9aire canadienne<\/title>\n<meta name=\"robots\" content=\"index, follow, max-snippet:-1, max-image-preview:large, max-video-preview:-1\" \/>\n<link rel=\"canonical\" href=\"https:\/\/cna.ca\/fr\/reacteurs-et-prm\/surete\/\" \/>\n<meta property=\"og:locale\" content=\"fr_FR\" \/>\n<meta property=\"og:type\" content=\"article\" \/>\n<meta property=\"og:title\" content=\"S\u00fbret\u00e9 - Association nucl\u00e9aire canadienne\" \/>\n<meta property=\"og:description\" content=\"L\u2019industrie nucl\u00e9aire canadienne est l\u2019une des industries les plus \u00e9troitement surveill\u00e9es au monde. Les grandes installations nucl\u00e9aires sont l&#039;infrastructure essentielle la plus prot\u00e9g\u00e9e au Canada.\" \/>\n<meta property=\"og:url\" content=\"https:\/\/cna.ca\/fr\/reacteurs-et-prm\/surete\/\" \/>\n<meta property=\"og:site_name\" content=\"Association nucl\u00e9aire canadienne\" \/>\n<meta property=\"article:publisher\" content=\"http:\/\/www.facebook.com\/canadanuclear\" \/>\n<meta property=\"article:modified_time\" content=\"2020-08-20T20:57:59+00:00\" \/>\n<meta property=\"og:image\" content=\"https:\/\/cna.ca\/wp-content\/uploads\/2016\/10\/Bechtel-employees-in-hardhats-talking-1024x683.jpg\" \/>\n\t<meta property=\"og:image:width\" content=\"1024\" \/>\n\t<meta property=\"og:image:height\" content=\"683\" \/>\n\t<meta property=\"og:image:type\" content=\"image\/jpeg\" \/>\n<meta name=\"twitter:label1\" content=\"Est. reading time\" \/>\n\t<meta name=\"twitter:data1\" content=\"5 minutes\" \/>\n<script type=\"application\/ld+json\" class=\"yoast-schema-graph\">{\"@context\":\"https:\\\/\\\/schema.org\",\"@graph\":[{\"@type\":\"WebPage\",\"@id\":\"https:\\\/\\\/cna.ca\\\/fr\\\/reacteurs-et-prm\\\/surete\\\/\",\"url\":\"https:\\\/\\\/cna.ca\\\/fr\\\/reacteurs-et-prm\\\/surete\\\/\",\"name\":\"S\u00fbret\u00e9 - Association nucl\u00e9aire canadienne\",\"isPartOf\":{\"@id\":\"https:\\\/\\\/cna.ca\\\/fr\\\/#website\"},\"primaryImageOfPage\":{\"@id\":\"https:\\\/\\\/cna.ca\\\/fr\\\/reacteurs-et-prm\\\/surete\\\/#primaryimage\"},\"image\":{\"@id\":\"https:\\\/\\\/cna.ca\\\/fr\\\/reacteurs-et-prm\\\/surete\\\/#primaryimage\"},\"thumbnailUrl\":\"https:\\\/\\\/cna.ca\\\/wp-content\\\/uploads\\\/2016\\\/10\\\/Bechtel-employees-in-hardhats-talking.jpg\",\"datePublished\":\"2020-02-21T20:17:07+00:00\",\"dateModified\":\"2020-08-20T20:57:59+00:00\",\"breadcrumb\":{\"@id\":\"https:\\\/\\\/cna.ca\\\/fr\\\/reacteurs-et-prm\\\/surete\\\/#breadcrumb\"},\"inLanguage\":\"fr-FR\",\"potentialAction\":[{\"@type\":\"ReadAction\",\"target\":[\"https:\\\/\\\/cna.ca\\\/fr\\\/reacteurs-et-prm\\\/surete\\\/\"]}]},{\"@type\":\"ImageObject\",\"inLanguage\":\"fr-FR\",\"@id\":\"https:\\\/\\\/cna.ca\\\/fr\\\/reacteurs-et-prm\\\/surete\\\/#primaryimage\",\"url\":\"https:\\\/\\\/cna.ca\\\/wp-content\\\/uploads\\\/2016\\\/10\\\/Bechtel-employees-in-hardhats-talking.jpg\",\"contentUrl\":\"https:\\\/\\\/cna.ca\\\/wp-content\\\/uploads\\\/2016\\\/10\\\/Bechtel-employees-in-hardhats-talking.jpg\",\"width\":5760,\"height\":3840,\"caption\":\"Bechtel employees\"},{\"@type\":\"BreadcrumbList\",\"@id\":\"https:\\\/\\\/cna.ca\\\/fr\\\/reacteurs-et-prm\\\/surete\\\/#breadcrumb\",\"itemListElement\":[{\"@type\":\"ListItem\",\"position\":1,\"name\":\"Home\",\"item\":\"https:\\\/\\\/cna.ca\\\/fr\\\/\"},{\"@type\":\"ListItem\",\"position\":2,\"name\":\"R\u00e9acteurs et&nbsp;PRM\",\"item\":\"https:\\\/\\\/cna.ca\\\/fr\\\/reacteurs-et-prm\\\/\"},{\"@type\":\"ListItem\",\"position\":3,\"name\":\"S\u00fbret\u00e9\"}]},{\"@type\":\"WebSite\",\"@id\":\"https:\\\/\\\/cna.ca\\\/fr\\\/#website\",\"url\":\"https:\\\/\\\/cna.ca\\\/fr\\\/\",\"name\":\"Canadian Nuclear Association\",\"description\":\"The national voice of the Canadian nuclear industry since 1960\",\"publisher\":{\"@id\":\"https:\\\/\\\/cna.ca\\\/fr\\\/#organization\"},\"potentialAction\":[{\"@type\":\"SearchAction\",\"target\":{\"@type\":\"EntryPoint\",\"urlTemplate\":\"https:\\\/\\\/cna.ca\\\/fr\\\/?s={search_term_string}\"},\"query-input\":{\"@type\":\"PropertyValueSpecification\",\"valueRequired\":true,\"valueName\":\"search_term_string\"}}],\"inLanguage\":\"fr-FR\"},{\"@type\":\"Organization\",\"@id\":\"https:\\\/\\\/cna.ca\\\/fr\\\/#organization\",\"name\":\"Canadian Nuclear Association\",\"url\":\"https:\\\/\\\/cna.ca\\\/fr\\\/\",\"logo\":{\"@type\":\"ImageObject\",\"inLanguage\":\"fr-FR\",\"@id\":\"https:\\\/\\\/cna.ca\\\/fr\\\/#\\\/schema\\\/logo\\\/image\\\/\",\"url\":\"https:\\\/\\\/cna.ca\\\/wp-content\\\/uploads\\\/2023\\\/12\\\/cropped-cna-logo-only.png\",\"contentUrl\":\"https:\\\/\\\/cna.ca\\\/wp-content\\\/uploads\\\/2023\\\/12\\\/cropped-cna-logo-only.png\",\"width\":512,\"height\":512,\"caption\":\"Canadian Nuclear Association\"},\"image\":{\"@id\":\"https:\\\/\\\/cna.ca\\\/fr\\\/#\\\/schema\\\/logo\\\/image\\\/\"},\"sameAs\":[\"http:\\\/\\\/www.facebook.com\\\/canadanuclear\",\"https:\\\/\\\/x.com\\\/canadanuclear\",\"https:\\\/\\\/www.instagram.com\\\/canadanuclear\",\"https:\\\/\\\/www.youtube.com\\\/CanadaNuclear\",\"http:\\\/\\\/www.linkedin.com\\\/company\\\/canadian-nuclear-association\"]}]}<\/script>\n<!-- \/ Yoast SEO plugin. -->","yoast_head_json":{"title":"S\u00fbret\u00e9 - Association nucl\u00e9aire canadienne","robots":{"index":"index","follow":"follow","max-snippet":"max-snippet:-1","max-image-preview":"max-image-preview:large","max-video-preview":"max-video-preview:-1"},"canonical":"https:\/\/cna.ca\/fr\/reacteurs-et-prm\/surete\/","og_locale":"fr_FR","og_type":"article","og_title":"S\u00fbret\u00e9 - Association nucl\u00e9aire canadienne","og_description":"L\u2019industrie nucl\u00e9aire canadienne est l\u2019une des industries les plus \u00e9troitement surveill\u00e9es au monde. Les grandes installations nucl\u00e9aires sont l'infrastructure essentielle la plus prot\u00e9g\u00e9e au Canada.","og_url":"https:\/\/cna.ca\/fr\/reacteurs-et-prm\/surete\/","og_site_name":"Association nucl\u00e9aire canadienne","article_publisher":"http:\/\/www.facebook.com\/canadanuclear","article_modified_time":"2020-08-20T20:57:59+00:00","og_image":[{"width":1024,"height":683,"url":"https:\/\/cna.ca\/wp-content\/uploads\/2016\/10\/Bechtel-employees-in-hardhats-talking-1024x683.jpg","type":"image\/jpeg"}],"twitter_misc":{"Est. reading time":"5 minutes"},"schema":{"@context":"https:\/\/schema.org","@graph":[{"@type":"WebPage","@id":"https:\/\/cna.ca\/fr\/reacteurs-et-prm\/surete\/","url":"https:\/\/cna.ca\/fr\/reacteurs-et-prm\/surete\/","name":"S\u00fbret\u00e9 - Association nucl\u00e9aire canadienne","isPartOf":{"@id":"https:\/\/cna.ca\/fr\/#website"},"primaryImageOfPage":{"@id":"https:\/\/cna.ca\/fr\/reacteurs-et-prm\/surete\/#primaryimage"},"image":{"@id":"https:\/\/cna.ca\/fr\/reacteurs-et-prm\/surete\/#primaryimage"},"thumbnailUrl":"https:\/\/cna.ca\/wp-content\/uploads\/2016\/10\/Bechtel-employees-in-hardhats-talking.jpg","datePublished":"2020-02-21T20:17:07+00:00","dateModified":"2020-08-20T20:57:59+00:00","breadcrumb":{"@id":"https:\/\/cna.ca\/fr\/reacteurs-et-prm\/surete\/#breadcrumb"},"inLanguage":"fr-FR","potentialAction":[{"@type":"ReadAction","target":["https:\/\/cna.ca\/fr\/reacteurs-et-prm\/surete\/"]}]},{"@type":"ImageObject","inLanguage":"fr-FR","@id":"https:\/\/cna.ca\/fr\/reacteurs-et-prm\/surete\/#primaryimage","url":"https:\/\/cna.ca\/wp-content\/uploads\/2016\/10\/Bechtel-employees-in-hardhats-talking.jpg","contentUrl":"https:\/\/cna.ca\/wp-content\/uploads\/2016\/10\/Bechtel-employees-in-hardhats-talking.jpg","width":5760,"height":3840,"caption":"Bechtel employees"},{"@type":"BreadcrumbList","@id":"https:\/\/cna.ca\/fr\/reacteurs-et-prm\/surete\/#breadcrumb","itemListElement":[{"@type":"ListItem","position":1,"name":"Home","item":"https:\/\/cna.ca\/fr\/"},{"@type":"ListItem","position":2,"name":"R\u00e9acteurs et&nbsp;PRM","item":"https:\/\/cna.ca\/fr\/reacteurs-et-prm\/"},{"@type":"ListItem","position":3,"name":"S\u00fbret\u00e9"}]},{"@type":"WebSite","@id":"https:\/\/cna.ca\/fr\/#website","url":"https:\/\/cna.ca\/fr\/","name":"Canadian Nuclear Association","description":"The national voice of the Canadian nuclear industry since 1960","publisher":{"@id":"https:\/\/cna.ca\/fr\/#organization"},"potentialAction":[{"@type":"SearchAction","target":{"@type":"EntryPoint","urlTemplate":"https:\/\/cna.ca\/fr\/?s={search_term_string}"},"query-input":{"@type":"PropertyValueSpecification","valueRequired":true,"valueName":"search_term_string"}}],"inLanguage":"fr-FR"},{"@type":"Organization","@id":"https:\/\/cna.ca\/fr\/#organization","name":"Canadian Nuclear Association","url":"https:\/\/cna.ca\/fr\/","logo":{"@type":"ImageObject","inLanguage":"fr-FR","@id":"https:\/\/cna.ca\/fr\/#\/schema\/logo\/image\/","url":"https:\/\/cna.ca\/wp-content\/uploads\/2023\/12\/cropped-cna-logo-only.png","contentUrl":"https:\/\/cna.ca\/wp-content\/uploads\/2023\/12\/cropped-cna-logo-only.png","width":512,"height":512,"caption":"Canadian Nuclear Association"},"image":{"@id":"https:\/\/cna.ca\/fr\/#\/schema\/logo\/image\/"},"sameAs":["http:\/\/www.facebook.com\/canadanuclear","https:\/\/x.com\/canadanuclear","https:\/\/www.instagram.com\/canadanuclear","https:\/\/www.youtube.com\/CanadaNuclear","http:\/\/www.linkedin.com\/company\/canadian-nuclear-association"]}]}},"_links":{"self":[{"href":"https:\/\/cna.ca\/fr\/wp-json\/wp\/v2\/pages\/27234","targetHints":{"allow":["GET"]}}],"collection":[{"href":"https:\/\/cna.ca\/fr\/wp-json\/wp\/v2\/pages"}],"about":[{"href":"https:\/\/cna.ca\/fr\/wp-json\/wp\/v2\/types\/page"}],"author":[{"embeddable":true,"href":"https:\/\/cna.ca\/fr\/wp-json\/wp\/v2\/users\/1"}],"replies":[{"embeddable":true,"href":"https:\/\/cna.ca\/fr\/wp-json\/wp\/v2\/comments?post=27234"}],"version-history":[{"count":6,"href":"https:\/\/cna.ca\/fr\/wp-json\/wp\/v2\/pages\/27234\/revisions"}],"predecessor-version":[{"id":27450,"href":"https:\/\/cna.ca\/fr\/wp-json\/wp\/v2\/pages\/27234\/revisions\/27450"}],"up":[{"embeddable":true,"href":"https:\/\/cna.ca\/fr\/wp-json\/wp\/v2\/pages\/27200"}],"wp:featuredmedia":[{"embeddable":true,"href":"https:\/\/cna.ca\/fr\/wp-json\/wp\/v2\/media\/14831"}],"wp:attachment":[{"href":"https:\/\/cna.ca\/fr\/wp-json\/wp\/v2\/media?parent=27234"}],"wp:term":[{"taxonomy":"topic","embeddable":true,"href":"https:\/\/cna.ca\/fr\/wp-json\/wp\/v2\/topic?post=27234"}],"curies":[{"name":"wp","href":"https:\/\/api.w.org\/{rel}","templated":true}]}}