{"id":27230,"date":"2020-08-18T11:17:57","date_gmt":"2020-08-18T15:17:57","guid":{"rendered":"http:\/\/cna.flywheelsites.com\/reacteurs-et-prm\/nuclear-power-in-canada\/"},"modified":"2020-08-20T16:54:48","modified_gmt":"2020-08-20T20:54:48","slug":"l-energie-nucleaire-au-canada","status":"publish","type":"page","link":"https:\/\/cna.ca\/fr\/reacteurs-et-prm\/l-energie-nucleaire-au-canada\/","title":{"rendered":"L\u2019\u00e9nergie nucl\u00e9aire au&nbsp;Canada"},"content":{"rendered":"\n<p>Les Laboratoires nucl\u00e9aires canadiens de Chalk River, en Ontario, con\u00e7oivent, construisent et mettent \u00e0 l\u2019essai des r\u00e9acteurs nucl\u00e9aires depuis la Seconde Guerre mondiale. Depuis, le Canada utilise et raffine son parc nucl\u00e9aire et a d\u00e9velopp\u00e9 une industrie solide dot\u00e9e d\u2019un personnel hautement qualifi\u00e9. Les Laboratoires nucl\u00e9aires canadiens continuent de mener des recherches de classe mondial sur la fa\u00e7on dont notre science et notre technologie nucl\u00e9aires peuvent sauver et am\u00e9liorer les vies dans le monde entier.<\/p>\n\n\n\n<h3 class=\"wp-block-heading\">Le bouquet \u00e9nerg\u00e9tique actuel au Canada<\/h3>\n\n\n\n<p>Les 19&nbsp;r\u00e9acteurs nucl\u00e9aires du Canada fonctionnent en coop\u00e9ration avec des sources renouvelables telles que l\u2019hydro\u00e9lectricit\u00e9 pour produire plus des trois quarts du r\u00e9seau \u00e9lectrique canadien sans \u00e9missions de carbone.<\/p>\n\n\n\n<h3 class=\"wp-block-heading\">L\u2019\u00e9nergie nucl\u00e9aire est propre, fiable et abordable<\/h3>\n\n\n\n<p>L\u2019\u00e9nergie nucl\u00e9aire est vitale pour construire un avenir propre et \u00e0 faibles \u00e9missions de carbone. D\u2019\u00e9minents scientifiques et environnementalistes reconnaissent que l\u2019\u00e9nergie nucl\u00e9aire est l\u2019une des rares sources d\u2019\u00e9nergie fiables capables de r\u00e9duire les \u00e9missions de gaz \u00e0 effet de serre. L\u2019utilisation actuelle de l\u2019\u00e9nergie nucl\u00e9aire dans le monde permet d\u00e9j\u00e0 de r\u00e9duire les \u00e9missions d\u2019environ 2,5&nbsp;milliards de tonnes de dioxyde de carbone chaque ann\u00e9e en \u00e9vitant les combustibles fossiles. \u00c0 mesure que l\u2019\u00e9nergie nucl\u00e9aire am\u00e9liore son association avec d\u2019autres sources \u00e0 faibles \u00e9missions de carbone, elle continuera \u00e0 r\u00e9duire la quantit\u00e9 de dioxyde de carbone lib\u00e9r\u00e9e dans l\u2019atmosph\u00e8re.<\/p>\n\n\n\n<p>Les centrales nucl\u00e9aires sont les b\u00eates de somme du r\u00e9seau \u00e9lectrique. Puisqu\u2019elles fonctionnent en permanence, elles assurent une production d\u2019\u00e9lectricit\u00e9 continue et fiable, ce qui permet l\u2019expansion d\u2019autres formes de production d\u2019\u00e9lectricit\u00e9 qui fonctionnent de fa\u00e7on plus intermittente.<\/p>\n\n\n\n<p>Le co\u00fbt de l\u2019\u00e9nergie nucl\u00e9aire est comp\u00e9titif par rapport aux autres formes de production d\u2019\u00e9lectricit\u00e9 parce que le co\u00fbt du combustible est \u00e0 la fois faible et stable, et ne repr\u00e9sente qu\u2019une faible proportion du co\u00fbt total de l\u2019\u00e9nergie nucl\u00e9aire,<\/p>\n\n\n\n<h3 class=\"wp-block-heading\">L\u2019\u00e9nergie nucl\u00e9aire peut ouvrir la voie aux \u00e9nergies renouvelables<\/h3>\n\n\n\n<p>L\u2019\u00e9nergie nucl\u00e9aire, associ\u00e9e \u00e0 l\u2019\u00e9nergie \u00e9olienne et \u00e0 l\u2019\u00e9nergie solaire, nous permettra de cr\u00e9er des r\u00e9seaux \u00e9lectriques propres et sans carbone. Comme l\u2019\u00e9lectricit\u00e9 du r\u00e9seau doit \u00eatre utilis\u00e9e imm\u00e9diatement apr\u00e8s sa cr\u00e9ation, cette combinaison r\u00e9pond \u00e0 nos besoins en \u00e9lectricit\u00e9 lorsque le soleil ne brille pas et que le vent ne souffle pas.<\/p>\n\n\n\n<p>Les r\u00e9acteurs nucl\u00e9aires du Canada fournissent <a href=\"https:\/\/cna.ca\/fr\/les-avantages\/fiabilite-energetique\/?preview_id=27183&#038;preview_nonce=a92ed30879&#038;preview=true&#038;_thumbnail_id=13688\" class=\"rank-math-link\">de l\u2019\u00e9nergie de base<\/a>, ce qui assure une quantit\u00e9 constante d\u2019\u00e9lectricit\u00e9 au r\u00e9seau, laissant la possibilit\u00e9 aux \u00e9nergies renouvelables de r\u00e9pondre \u00e0 la demande changeante en \u00e9lectricit\u00e9.<\/p>\n\n\n\n<p>Les prochains mod\u00e8les de r\u00e9acteurs nucl\u00e9aires ont am\u00e9lior\u00e9 la capacit\u00e9 de \u00ab&nbsp;suivi de charge&nbsp;\u00bb c\u2019est-\u00e0-dire qu\u2019ils r\u00e9pondront \u00e0 la demande changeante en \u00e9lectricit\u00e9 tout au long de la journ\u00e9e. Cela permettrait d\u2019associer encore plus efficacement l\u2019\u00e9nergie nucl\u00e9aire aux \u00e9nergies renouvelables, rendant inutile le recours aux combustibles fossiles pour combler la diff\u00e9rence entre l\u2019approvisionnement et la demande en \u00e9lectricit\u00e9. Ces avanc\u00e9es prometteuses sont essentielles \u00e0 la lutte contre le changement climatique.<\/p>\n\n\n\n<h3 class=\"wp-block-heading\">Potentiel des PRM au Canada<\/h3>\n\n\n\n<p>Le Canada a toujours \u00e9t\u00e9 un chef de file en mati\u00e8re de science et de technologie nucl\u00e9aires et est bien plac\u00e9 pour conserver cette position au niveau mondial dans le d\u00e9veloppement et le d\u00e9ploiement de <a href=\"https:\/\/cna.ca\/fr\/reacteurs-et-prm\/petits-reacteurs-modulaires\/\" class=\"rank-math-link\">petits r\u00e9acteurs modulaires<\/a> (PRM). Avec plus de 60\u00a0ans d\u2019innovation scientifique et technologique, un organisme de r\u00e9glementation de classe mondiale et une cha\u00eene d\u2019approvisionnement nationale solide, l\u2019industrie nucl\u00e9aire canadienne est sur le point de conqu\u00e9rir une part consid\u00e9rable du march\u00e9 mondial \u00e9mergent, qui est estim\u00e9 \u00e0 150\u00a0milliards de dollars par an d\u2019ici 2040.<\/p>\n","protected":false},"excerpt":{"rendered":"<p>Les centrales nucl\u00e9aires alimentent les r\u00e9seaux canadiens depuis les ann\u00e9es 1960, mais le Canada participe \u00e0 la science et \u00e0 la technologie nucl\u00e9aires depuis le d\u00e9but. <\/p>\n","protected":false},"author":1,"featured_media":26633,"parent":27200,"menu_order":3,"comment_status":"closed","ping_status":"closed","template":"","meta":{"_acf_changed":false,"footnotes":""},"topic":[],"class_list":["post-27230","page","type-page","status-publish","has-post-thumbnail","hentry"],"acf":[],"yoast_head":"<!-- This site is optimized with the Yoast SEO plugin v27.4 - https:\/\/yoast.com\/product\/yoast-seo-wordpress\/ -->\n<title>L\u2019\u00e9nergie nucl\u00e9aire au Canada - Association nucl\u00e9aire canadienne<\/title>\n<meta name=\"robots\" content=\"index, follow, max-snippet:-1, max-image-preview:large, max-video-preview:-1\" \/>\n<link rel=\"canonical\" href=\"https:\/\/cna.ca\/fr\/reacteurs-et-prm\/l-energie-nucleaire-au-canada\/\" \/>\n<meta property=\"og:locale\" content=\"fr_FR\" \/>\n<meta property=\"og:type\" content=\"article\" \/>\n<meta property=\"og:title\" content=\"L\u2019\u00e9nergie nucl\u00e9aire au Canada - Association nucl\u00e9aire canadienne\" \/>\n<meta property=\"og:description\" content=\"Les centrales nucl\u00e9aires alimentent les r\u00e9seaux canadiens depuis les ann\u00e9es 1960, mais le Canada participe \u00e0 la science et \u00e0 la technologie nucl\u00e9aires depuis le d\u00e9but.\" \/>\n<meta property=\"og:url\" content=\"https:\/\/cna.ca\/fr\/reacteurs-et-prm\/l-energie-nucleaire-au-canada\/\" \/>\n<meta property=\"og:site_name\" content=\"Association nucl\u00e9aire canadienne\" \/>\n<meta property=\"article:publisher\" content=\"http:\/\/www.facebook.com\/canadanuclear\" \/>\n<meta property=\"article:modified_time\" content=\"2020-08-20T20:54:48+00:00\" \/>\n<meta property=\"og:image\" content=\"https:\/\/cna.ca\/wp-content\/uploads\/2020\/08\/Chalk-River-Labs.jpg\" \/>\n\t<meta property=\"og:image:width\" content=\"2307\" \/>\n\t<meta property=\"og:image:height\" content=\"773\" \/>\n\t<meta property=\"og:image:type\" content=\"image\/jpeg\" \/>\n<meta name=\"twitter:label1\" content=\"Est. reading time\" \/>\n\t<meta name=\"twitter:data1\" content=\"3 minutes\" \/>\n<script type=\"application\/ld+json\" class=\"yoast-schema-graph\">{\"@context\":\"https:\\\/\\\/schema.org\",\"@graph\":[{\"@type\":\"WebPage\",\"@id\":\"https:\\\/\\\/cna.ca\\\/fr\\\/reacteurs-et-prm\\\/l-energie-nucleaire-au-canada\\\/\",\"url\":\"https:\\\/\\\/cna.ca\\\/fr\\\/reacteurs-et-prm\\\/l-energie-nucleaire-au-canada\\\/\",\"name\":\"L\u2019\u00e9nergie nucl\u00e9aire au Canada - Association nucl\u00e9aire canadienne\",\"isPartOf\":{\"@id\":\"https:\\\/\\\/cna.ca\\\/fr\\\/#website\"},\"primaryImageOfPage\":{\"@id\":\"https:\\\/\\\/cna.ca\\\/fr\\\/reacteurs-et-prm\\\/l-energie-nucleaire-au-canada\\\/#primaryimage\"},\"image\":{\"@id\":\"https:\\\/\\\/cna.ca\\\/fr\\\/reacteurs-et-prm\\\/l-energie-nucleaire-au-canada\\\/#primaryimage\"},\"thumbnailUrl\":\"https:\\\/\\\/cna.ca\\\/wp-content\\\/uploads\\\/2020\\\/08\\\/Chalk-River-Labs.jpg\",\"datePublished\":\"2020-08-18T15:17:57+00:00\",\"dateModified\":\"2020-08-20T20:54:48+00:00\",\"breadcrumb\":{\"@id\":\"https:\\\/\\\/cna.ca\\\/fr\\\/reacteurs-et-prm\\\/l-energie-nucleaire-au-canada\\\/#breadcrumb\"},\"inLanguage\":\"fr-FR\",\"potentialAction\":[{\"@type\":\"ReadAction\",\"target\":[\"https:\\\/\\\/cna.ca\\\/fr\\\/reacteurs-et-prm\\\/l-energie-nucleaire-au-canada\\\/\"]}]},{\"@type\":\"ImageObject\",\"inLanguage\":\"fr-FR\",\"@id\":\"https:\\\/\\\/cna.ca\\\/fr\\\/reacteurs-et-prm\\\/l-energie-nucleaire-au-canada\\\/#primaryimage\",\"url\":\"https:\\\/\\\/cna.ca\\\/wp-content\\\/uploads\\\/2020\\\/08\\\/Chalk-River-Labs.jpg\",\"contentUrl\":\"https:\\\/\\\/cna.ca\\\/wp-content\\\/uploads\\\/2020\\\/08\\\/Chalk-River-Labs.jpg\",\"width\":2307,\"height\":773},{\"@type\":\"BreadcrumbList\",\"@id\":\"https:\\\/\\\/cna.ca\\\/fr\\\/reacteurs-et-prm\\\/l-energie-nucleaire-au-canada\\\/#breadcrumb\",\"itemListElement\":[{\"@type\":\"ListItem\",\"position\":1,\"name\":\"Home\",\"item\":\"https:\\\/\\\/cna.ca\\\/fr\\\/\"},{\"@type\":\"ListItem\",\"position\":2,\"name\":\"R\u00e9acteurs et&nbsp;PRM\",\"item\":\"https:\\\/\\\/cna.ca\\\/fr\\\/reacteurs-et-prm\\\/\"},{\"@type\":\"ListItem\",\"position\":3,\"name\":\"L\u2019\u00e9nergie nucl\u00e9aire au&nbsp;Canada\"}]},{\"@type\":\"WebSite\",\"@id\":\"https:\\\/\\\/cna.ca\\\/fr\\\/#website\",\"url\":\"https:\\\/\\\/cna.ca\\\/fr\\\/\",\"name\":\"Canadian Nuclear Association\",\"description\":\"The national voice of the Canadian nuclear industry since 1960\",\"publisher\":{\"@id\":\"https:\\\/\\\/cna.ca\\\/fr\\\/#organization\"},\"potentialAction\":[{\"@type\":\"SearchAction\",\"target\":{\"@type\":\"EntryPoint\",\"urlTemplate\":\"https:\\\/\\\/cna.ca\\\/fr\\\/?s={search_term_string}\"},\"query-input\":{\"@type\":\"PropertyValueSpecification\",\"valueRequired\":true,\"valueName\":\"search_term_string\"}}],\"inLanguage\":\"fr-FR\"},{\"@type\":\"Organization\",\"@id\":\"https:\\\/\\\/cna.ca\\\/fr\\\/#organization\",\"name\":\"Canadian Nuclear Association\",\"url\":\"https:\\\/\\\/cna.ca\\\/fr\\\/\",\"logo\":{\"@type\":\"ImageObject\",\"inLanguage\":\"fr-FR\",\"@id\":\"https:\\\/\\\/cna.ca\\\/fr\\\/#\\\/schema\\\/logo\\\/image\\\/\",\"url\":\"https:\\\/\\\/cna.ca\\\/wp-content\\\/uploads\\\/2023\\\/12\\\/cropped-cna-logo-only.png\",\"contentUrl\":\"https:\\\/\\\/cna.ca\\\/wp-content\\\/uploads\\\/2023\\\/12\\\/cropped-cna-logo-only.png\",\"width\":512,\"height\":512,\"caption\":\"Canadian Nuclear Association\"},\"image\":{\"@id\":\"https:\\\/\\\/cna.ca\\\/fr\\\/#\\\/schema\\\/logo\\\/image\\\/\"},\"sameAs\":[\"http:\\\/\\\/www.facebook.com\\\/canadanuclear\",\"https:\\\/\\\/x.com\\\/canadanuclear\",\"https:\\\/\\\/www.instagram.com\\\/canadanuclear\",\"https:\\\/\\\/www.youtube.com\\\/CanadaNuclear\",\"http:\\\/\\\/www.linkedin.com\\\/company\\\/canadian-nuclear-association\"]}]}<\/script>\n<!-- \/ Yoast SEO plugin. -->","yoast_head_json":{"title":"L\u2019\u00e9nergie nucl\u00e9aire au Canada - Association nucl\u00e9aire canadienne","robots":{"index":"index","follow":"follow","max-snippet":"max-snippet:-1","max-image-preview":"max-image-preview:large","max-video-preview":"max-video-preview:-1"},"canonical":"https:\/\/cna.ca\/fr\/reacteurs-et-prm\/l-energie-nucleaire-au-canada\/","og_locale":"fr_FR","og_type":"article","og_title":"L\u2019\u00e9nergie nucl\u00e9aire au Canada - Association nucl\u00e9aire canadienne","og_description":"Les centrales nucl\u00e9aires alimentent les r\u00e9seaux canadiens depuis les ann\u00e9es 1960, mais le Canada participe \u00e0 la science et \u00e0 la technologie nucl\u00e9aires depuis le d\u00e9but.","og_url":"https:\/\/cna.ca\/fr\/reacteurs-et-prm\/l-energie-nucleaire-au-canada\/","og_site_name":"Association nucl\u00e9aire canadienne","article_publisher":"http:\/\/www.facebook.com\/canadanuclear","article_modified_time":"2020-08-20T20:54:48+00:00","og_image":[{"width":2307,"height":773,"url":"https:\/\/cna.ca\/wp-content\/uploads\/2020\/08\/Chalk-River-Labs.jpg","type":"image\/jpeg"}],"twitter_misc":{"Est. reading time":"3 minutes"},"schema":{"@context":"https:\/\/schema.org","@graph":[{"@type":"WebPage","@id":"https:\/\/cna.ca\/fr\/reacteurs-et-prm\/l-energie-nucleaire-au-canada\/","url":"https:\/\/cna.ca\/fr\/reacteurs-et-prm\/l-energie-nucleaire-au-canada\/","name":"L\u2019\u00e9nergie nucl\u00e9aire au Canada - Association nucl\u00e9aire canadienne","isPartOf":{"@id":"https:\/\/cna.ca\/fr\/#website"},"primaryImageOfPage":{"@id":"https:\/\/cna.ca\/fr\/reacteurs-et-prm\/l-energie-nucleaire-au-canada\/#primaryimage"},"image":{"@id":"https:\/\/cna.ca\/fr\/reacteurs-et-prm\/l-energie-nucleaire-au-canada\/#primaryimage"},"thumbnailUrl":"https:\/\/cna.ca\/wp-content\/uploads\/2020\/08\/Chalk-River-Labs.jpg","datePublished":"2020-08-18T15:17:57+00:00","dateModified":"2020-08-20T20:54:48+00:00","breadcrumb":{"@id":"https:\/\/cna.ca\/fr\/reacteurs-et-prm\/l-energie-nucleaire-au-canada\/#breadcrumb"},"inLanguage":"fr-FR","potentialAction":[{"@type":"ReadAction","target":["https:\/\/cna.ca\/fr\/reacteurs-et-prm\/l-energie-nucleaire-au-canada\/"]}]},{"@type":"ImageObject","inLanguage":"fr-FR","@id":"https:\/\/cna.ca\/fr\/reacteurs-et-prm\/l-energie-nucleaire-au-canada\/#primaryimage","url":"https:\/\/cna.ca\/wp-content\/uploads\/2020\/08\/Chalk-River-Labs.jpg","contentUrl":"https:\/\/cna.ca\/wp-content\/uploads\/2020\/08\/Chalk-River-Labs.jpg","width":2307,"height":773},{"@type":"BreadcrumbList","@id":"https:\/\/cna.ca\/fr\/reacteurs-et-prm\/l-energie-nucleaire-au-canada\/#breadcrumb","itemListElement":[{"@type":"ListItem","position":1,"name":"Home","item":"https:\/\/cna.ca\/fr\/"},{"@type":"ListItem","position":2,"name":"R\u00e9acteurs et&nbsp;PRM","item":"https:\/\/cna.ca\/fr\/reacteurs-et-prm\/"},{"@type":"ListItem","position":3,"name":"L\u2019\u00e9nergie nucl\u00e9aire au&nbsp;Canada"}]},{"@type":"WebSite","@id":"https:\/\/cna.ca\/fr\/#website","url":"https:\/\/cna.ca\/fr\/","name":"Canadian Nuclear Association","description":"The national voice of the Canadian nuclear industry since 1960","publisher":{"@id":"https:\/\/cna.ca\/fr\/#organization"},"potentialAction":[{"@type":"SearchAction","target":{"@type":"EntryPoint","urlTemplate":"https:\/\/cna.ca\/fr\/?s={search_term_string}"},"query-input":{"@type":"PropertyValueSpecification","valueRequired":true,"valueName":"search_term_string"}}],"inLanguage":"fr-FR"},{"@type":"Organization","@id":"https:\/\/cna.ca\/fr\/#organization","name":"Canadian Nuclear Association","url":"https:\/\/cna.ca\/fr\/","logo":{"@type":"ImageObject","inLanguage":"fr-FR","@id":"https:\/\/cna.ca\/fr\/#\/schema\/logo\/image\/","url":"https:\/\/cna.ca\/wp-content\/uploads\/2023\/12\/cropped-cna-logo-only.png","contentUrl":"https:\/\/cna.ca\/wp-content\/uploads\/2023\/12\/cropped-cna-logo-only.png","width":512,"height":512,"caption":"Canadian Nuclear Association"},"image":{"@id":"https:\/\/cna.ca\/fr\/#\/schema\/logo\/image\/"},"sameAs":["http:\/\/www.facebook.com\/canadanuclear","https:\/\/x.com\/canadanuclear","https:\/\/www.instagram.com\/canadanuclear","https:\/\/www.youtube.com\/CanadaNuclear","http:\/\/www.linkedin.com\/company\/canadian-nuclear-association"]}]}},"_links":{"self":[{"href":"https:\/\/cna.ca\/fr\/wp-json\/wp\/v2\/pages\/27230","targetHints":{"allow":["GET"]}}],"collection":[{"href":"https:\/\/cna.ca\/fr\/wp-json\/wp\/v2\/pages"}],"about":[{"href":"https:\/\/cna.ca\/fr\/wp-json\/wp\/v2\/types\/page"}],"author":[{"embeddable":true,"href":"https:\/\/cna.ca\/fr\/wp-json\/wp\/v2\/users\/1"}],"replies":[{"embeddable":true,"href":"https:\/\/cna.ca\/fr\/wp-json\/wp\/v2\/comments?post=27230"}],"version-history":[{"count":6,"href":"https:\/\/cna.ca\/fr\/wp-json\/wp\/v2\/pages\/27230\/revisions"}],"predecessor-version":[{"id":27447,"href":"https:\/\/cna.ca\/fr\/wp-json\/wp\/v2\/pages\/27230\/revisions\/27447"}],"up":[{"embeddable":true,"href":"https:\/\/cna.ca\/fr\/wp-json\/wp\/v2\/pages\/27200"}],"wp:featuredmedia":[{"embeddable":true,"href":"https:\/\/cna.ca\/fr\/wp-json\/wp\/v2\/media\/26633"}],"wp:attachment":[{"href":"https:\/\/cna.ca\/fr\/wp-json\/wp\/v2\/media?parent=27230"}],"wp:term":[{"taxonomy":"topic","embeddable":true,"href":"https:\/\/cna.ca\/fr\/wp-json\/wp\/v2\/topic?post=27230"}],"curies":[{"name":"wp","href":"https:\/\/api.w.org\/{rel}","templated":true}]}}