{"id":27222,"date":"2020-06-25T08:43:51","date_gmt":"2020-06-25T12:43:51","guid":{"rendered":"http:\/\/cna.flywheelsites.com\/reacteurs-et-prm\/small-modular-reactors-smrs\/"},"modified":"2020-08-21T13:11:31","modified_gmt":"2020-08-21T17:11:31","slug":"petits-reacteurs-modulaires","status":"publish","type":"page","link":"https:\/\/cna.ca\/fr\/reacteurs-et-prm\/petits-reacteurs-modulaires\/","title":{"rendered":"Petits r\u00e9acteurs&nbsp;modulaires"},"content":{"rendered":"\n<p>\u00c9tant donn\u00e9 que les PRM sont modulaires, il est possible d\u2019en construire un grand nombre ensemble. Ces r\u00e9acteurs innovants sont con\u00e7us pour \u00eatre construits de mani\u00e8re \u00e9conomique dans des conditions proches de celles d\u2019une usine, plut\u00f4t que sur place. Ce nouveau proc\u00e9d\u00e9 de fabrication des r\u00e9acteurs nucl\u00e9aires acc\u00e9l\u00e9rera leur d\u00e9ploiement pour r\u00e9pondre aux besoins urgents en sources d\u2019\u00e9lectricit\u00e9 \u00e0 faibles \u00e9missions de carbone.<\/p>\n\n\n\n<p>Le Canada collabore dans le cadre de la recherche mondiale sur les nouveaux mat\u00e9riaux et mod\u00e8les qui rendront les PRM pratiques en vue d\u2019un large \u00e9ventail de nouvelles utilisations au cours des prochaines d\u00e9cennies.<\/p>\n\n\n\n<h2 class=\"wp-block-heading\">Technologie PRM<\/h2>\n\n\n\n<p>Les PRM de nouvelle g\u00e9n\u00e9ration peuvent fournir de l\u2019\u00e9lectricit\u00e9 \u00e0 des r\u00e9seaux \u00e9lectriques plus petits, tels que ceux des collectivit\u00e9s \u00e9loign\u00e9es du Nord. Ces petits r\u00e9acteurs peuvent \u00e9galement fournir de la chaleur aux industries mini\u00e8res et \u00e0 d\u2019autres industries de ressources naturelles. Les PRM peuvent \u00e9galement \u00eatre ajout\u00e9s \u00e0 de plus grands r\u00e9seaux \u00e0 mesure que la demande en \u00e9lectricit\u00e9 augmente.<\/p>\n\n\n\n<p>L\u2019Agence internationale de l\u2019\u00e9nergie atomique (AIEA) estime que pr\u00e8s de 100&nbsp;PRM pourraient \u00eatre en service dans le monde d\u2019ici 2030.<\/p>\n\n\n\n<p>Certains mod\u00e8les de PRM sont \u00e0 des stades avanc\u00e9s de d\u00e9veloppement. Plusieurs sont con\u00e7us pour \u00eatre enti\u00e8rement souterrains, ce qui r\u00e9duit l\u2019utilisation des terres et les besoins en personnel, tout en am\u00e9liorant la s\u00e9curit\u00e9. Certains de ces mod\u00e8les permettront \u00e0 un r\u00e9acteur nucl\u00e9aire de fonctionner pendant des ann\u00e9es avant qu\u2019il ne soit n\u00e9cessaire de les recharger. Parmi les innovations, on trouve des mod\u00e8les qui peuvent mieux se combiner avec l\u2019\u00e9nergie \u00e9olienne et l\u2019\u00e9nergie solaire pour fournir une \u00e9lectricit\u00e9 fiable, bon march\u00e9 et propre dans le syst\u00e8me \u00e9nerg\u00e9tique du futur proche.<\/p>\n\n\n\n<h2 class=\"wp-block-heading\">Potentiel des PRM au Canada<\/h2>\n\n\n\n<p>Les PRM sont id\u00e9als pour de nombreuses petites collectivit\u00e9s \u00e9loign\u00e9es du Canada qu\u2019il n\u2019est pas facile de brancher aux r\u00e9seaux \u00e9lectriques. Les industries de ressources naturelles du pays, telles que l\u2019exploitation mini\u00e8re et p\u00e9troli\u00e8re, ont besoin de la chaleur et de l\u2019\u00e9lectricit\u00e9 que les PRM pourront fournir sans avoir \u00e0 construire les r\u00e9acteurs sur place.<\/p>\n\n\n\n<p>Le d\u00e9ploiement des PRM au Canada r\u00e9duirait consid\u00e9rablement les \u00e9missions de gaz \u00e0 effet de serre parce qu\u2019ils remplacent la production de combustibles fossiles. Le r\u00e9seau \u00e9lectrique de l\u2019Ontario a d\u00e9j\u00e0 d\u00e9montr\u00e9 que l\u2019\u00e9nergie nucl\u00e9aire peut fonctionner correctement avec l\u2019hydro\u00e9lectricit\u00e9. Le d\u00e9veloppement de technologies de PRM fera du nucl\u00e9aire un partenaire encore plus solide pour l\u2019\u00e9nergie solaire et l\u2019\u00e9nergie \u00e9olienne.<\/p>\n\n\n\n<p>Divers mod\u00e8les de PRM sont en cours de d\u00e9veloppement au Canada, qui poss\u00e8de les mat\u00e9riaux et les comp\u00e9tences n\u00e9cessaires pour devenir un chef de file mondial. \u00catre \u00e0 l\u2019avant-garde de la r\u00e9volution des PRM pourrait procurer d\u2019importants avantages \u00e9conomiques au Canada.<\/p>\n\n\n\n<p>Ressources naturelles Canada a reconnu le potentiel pour le d\u00e9veloppement des PRM et a \u00e9tabli une <a class=\"rank-math-link\" href=\"https:\/\/feuillederouteprm.ca\/\">feuille de route des PRM<\/a> pour faire participer les intervenants au sujet de l\u2019avenir des petits r\u00e9acteurs modulaires au Canada. Un plan d\u2019action sur les PRM, fond\u00e9 sur les recommandations de la feuille de route, devrait \u00eatre lanc\u00e9 \u00e0 l\u2019automne 2020.<\/p>\n\n\n\n<h2 class=\"wp-block-heading\">Possibilit\u00e9s internationales<\/h2>\n\n\n\n<p>Une estimation prudente du potentiel d\u2019<a href=\"https:\/\/cna.ca\/fr\/les-avantages\/exportations\/\" class=\"rank-math-link\">exportation<\/a> mondial des PRM est de 150\u00a0milliards de dollars par ann\u00e9e entre 2030 et 2040. Il s\u2019agit notamment des applications pour la production d\u2019\u00e9lectricit\u00e9, pour les sites miniers \u00e9loign\u00e9s, pour les nations insulaires et pour les collectivit\u00e9s hors r\u00e9seau.<\/p>\n\n\n\n<p>Le march\u00e9 mondial pourrait \u00eatre beaucoup plus important si les pays adoptaient les PRM dans le cadre de leur lutte contre le changement climatique en r\u00e9duisant ou en \u00e9liminant l\u2019utilisation des combustibles fossiles dans la production d\u2019\u00e9lectricit\u00e9.<\/p>\n","protected":false},"excerpt":{"rendered":"<p>Les petits r\u00e9acteurs modulaires (PRM) produisent entre 10 et 300 MWe et sont donc beaucoup plus petits que les r\u00e9acteurs CANDU phares du Canada, qui sont dot\u00e9s d\u2019une puissance moyenne d\u2019environ 700 MWe. <\/p>\n","protected":false},"author":1,"featured_media":0,"parent":27200,"menu_order":1,"comment_status":"closed","ping_status":"closed","template":"","meta":{"_acf_changed":false,"footnotes":""},"topic":[],"class_list":["post-27222","page","type-page","status-publish","hentry"],"acf":[],"yoast_head":"<!-- This site is optimized with the Yoast SEO plugin v27.4 - https:\/\/yoast.com\/product\/yoast-seo-wordpress\/ -->\n<title>Petits r\u00e9acteurs modulaires - Association nucl\u00e9aire canadienne<\/title>\n<meta name=\"robots\" content=\"index, follow, max-snippet:-1, max-image-preview:large, max-video-preview:-1\" \/>\n<link rel=\"canonical\" href=\"https:\/\/cna.ca\/fr\/reacteurs-et-prm\/petits-reacteurs-modulaires\/\" \/>\n<meta property=\"og:locale\" content=\"fr_FR\" \/>\n<meta property=\"og:type\" content=\"article\" \/>\n<meta property=\"og:title\" content=\"Petits r\u00e9acteurs modulaires - Association nucl\u00e9aire canadienne\" \/>\n<meta property=\"og:description\" content=\"Les petits r\u00e9acteurs modulaires (PRM) produisent entre 10 et 300 MWe et sont donc beaucoup plus petits que les r\u00e9acteurs CANDU phares du Canada, qui sont dot\u00e9s d\u2019une puissance moyenne d\u2019environ 700 MWe.\" \/>\n<meta property=\"og:url\" content=\"https:\/\/cna.ca\/fr\/reacteurs-et-prm\/petits-reacteurs-modulaires\/\" \/>\n<meta property=\"og:site_name\" content=\"Association nucl\u00e9aire canadienne\" \/>\n<meta property=\"article:publisher\" content=\"http:\/\/www.facebook.com\/canadanuclear\" \/>\n<meta property=\"article:modified_time\" content=\"2020-08-21T17:11:31+00:00\" \/>\n<meta name=\"twitter:label1\" content=\"Est. reading time\" \/>\n\t<meta name=\"twitter:data1\" content=\"3 minutes\" \/>\n<script type=\"application\/ld+json\" class=\"yoast-schema-graph\">{\"@context\":\"https:\\\/\\\/schema.org\",\"@graph\":[{\"@type\":\"WebPage\",\"@id\":\"https:\\\/\\\/cna.ca\\\/fr\\\/reacteurs-et-prm\\\/petits-reacteurs-modulaires\\\/\",\"url\":\"https:\\\/\\\/cna.ca\\\/fr\\\/reacteurs-et-prm\\\/petits-reacteurs-modulaires\\\/\",\"name\":\"Petits r\u00e9acteurs modulaires - Association nucl\u00e9aire canadienne\",\"isPartOf\":{\"@id\":\"https:\\\/\\\/cna.ca\\\/fr\\\/#website\"},\"datePublished\":\"2020-06-25T12:43:51+00:00\",\"dateModified\":\"2020-08-21T17:11:31+00:00\",\"breadcrumb\":{\"@id\":\"https:\\\/\\\/cna.ca\\\/fr\\\/reacteurs-et-prm\\\/petits-reacteurs-modulaires\\\/#breadcrumb\"},\"inLanguage\":\"fr-FR\",\"potentialAction\":[{\"@type\":\"ReadAction\",\"target\":[\"https:\\\/\\\/cna.ca\\\/fr\\\/reacteurs-et-prm\\\/petits-reacteurs-modulaires\\\/\"]}]},{\"@type\":\"BreadcrumbList\",\"@id\":\"https:\\\/\\\/cna.ca\\\/fr\\\/reacteurs-et-prm\\\/petits-reacteurs-modulaires\\\/#breadcrumb\",\"itemListElement\":[{\"@type\":\"ListItem\",\"position\":1,\"name\":\"Home\",\"item\":\"https:\\\/\\\/cna.ca\\\/fr\\\/\"},{\"@type\":\"ListItem\",\"position\":2,\"name\":\"R\u00e9acteurs et&nbsp;PRM\",\"item\":\"https:\\\/\\\/cna.ca\\\/fr\\\/reacteurs-et-prm\\\/\"},{\"@type\":\"ListItem\",\"position\":3,\"name\":\"Petits r\u00e9acteurs&nbsp;modulaires\"}]},{\"@type\":\"WebSite\",\"@id\":\"https:\\\/\\\/cna.ca\\\/fr\\\/#website\",\"url\":\"https:\\\/\\\/cna.ca\\\/fr\\\/\",\"name\":\"Canadian Nuclear Association\",\"description\":\"The national voice of the Canadian nuclear industry since 1960\",\"publisher\":{\"@id\":\"https:\\\/\\\/cna.ca\\\/fr\\\/#organization\"},\"potentialAction\":[{\"@type\":\"SearchAction\",\"target\":{\"@type\":\"EntryPoint\",\"urlTemplate\":\"https:\\\/\\\/cna.ca\\\/fr\\\/?s={search_term_string}\"},\"query-input\":{\"@type\":\"PropertyValueSpecification\",\"valueRequired\":true,\"valueName\":\"search_term_string\"}}],\"inLanguage\":\"fr-FR\"},{\"@type\":\"Organization\",\"@id\":\"https:\\\/\\\/cna.ca\\\/fr\\\/#organization\",\"name\":\"Canadian Nuclear Association\",\"url\":\"https:\\\/\\\/cna.ca\\\/fr\\\/\",\"logo\":{\"@type\":\"ImageObject\",\"inLanguage\":\"fr-FR\",\"@id\":\"https:\\\/\\\/cna.ca\\\/fr\\\/#\\\/schema\\\/logo\\\/image\\\/\",\"url\":\"https:\\\/\\\/cna.ca\\\/wp-content\\\/uploads\\\/2023\\\/12\\\/cropped-cna-logo-only.png\",\"contentUrl\":\"https:\\\/\\\/cna.ca\\\/wp-content\\\/uploads\\\/2023\\\/12\\\/cropped-cna-logo-only.png\",\"width\":512,\"height\":512,\"caption\":\"Canadian Nuclear Association\"},\"image\":{\"@id\":\"https:\\\/\\\/cna.ca\\\/fr\\\/#\\\/schema\\\/logo\\\/image\\\/\"},\"sameAs\":[\"http:\\\/\\\/www.facebook.com\\\/canadanuclear\",\"https:\\\/\\\/x.com\\\/canadanuclear\",\"https:\\\/\\\/www.instagram.com\\\/canadanuclear\",\"https:\\\/\\\/www.youtube.com\\\/CanadaNuclear\",\"http:\\\/\\\/www.linkedin.com\\\/company\\\/canadian-nuclear-association\"]}]}<\/script>\n<!-- \/ Yoast SEO plugin. -->","yoast_head_json":{"title":"Petits r\u00e9acteurs modulaires - Association nucl\u00e9aire canadienne","robots":{"index":"index","follow":"follow","max-snippet":"max-snippet:-1","max-image-preview":"max-image-preview:large","max-video-preview":"max-video-preview:-1"},"canonical":"https:\/\/cna.ca\/fr\/reacteurs-et-prm\/petits-reacteurs-modulaires\/","og_locale":"fr_FR","og_type":"article","og_title":"Petits r\u00e9acteurs modulaires - Association nucl\u00e9aire canadienne","og_description":"Les petits r\u00e9acteurs modulaires (PRM) produisent entre 10 et 300 MWe et sont donc beaucoup plus petits que les r\u00e9acteurs CANDU phares du Canada, qui sont dot\u00e9s d\u2019une puissance moyenne d\u2019environ 700 MWe.","og_url":"https:\/\/cna.ca\/fr\/reacteurs-et-prm\/petits-reacteurs-modulaires\/","og_site_name":"Association nucl\u00e9aire canadienne","article_publisher":"http:\/\/www.facebook.com\/canadanuclear","article_modified_time":"2020-08-21T17:11:31+00:00","twitter_misc":{"Est. reading time":"3 minutes"},"schema":{"@context":"https:\/\/schema.org","@graph":[{"@type":"WebPage","@id":"https:\/\/cna.ca\/fr\/reacteurs-et-prm\/petits-reacteurs-modulaires\/","url":"https:\/\/cna.ca\/fr\/reacteurs-et-prm\/petits-reacteurs-modulaires\/","name":"Petits r\u00e9acteurs modulaires - Association nucl\u00e9aire canadienne","isPartOf":{"@id":"https:\/\/cna.ca\/fr\/#website"},"datePublished":"2020-06-25T12:43:51+00:00","dateModified":"2020-08-21T17:11:31+00:00","breadcrumb":{"@id":"https:\/\/cna.ca\/fr\/reacteurs-et-prm\/petits-reacteurs-modulaires\/#breadcrumb"},"inLanguage":"fr-FR","potentialAction":[{"@type":"ReadAction","target":["https:\/\/cna.ca\/fr\/reacteurs-et-prm\/petits-reacteurs-modulaires\/"]}]},{"@type":"BreadcrumbList","@id":"https:\/\/cna.ca\/fr\/reacteurs-et-prm\/petits-reacteurs-modulaires\/#breadcrumb","itemListElement":[{"@type":"ListItem","position":1,"name":"Home","item":"https:\/\/cna.ca\/fr\/"},{"@type":"ListItem","position":2,"name":"R\u00e9acteurs et&nbsp;PRM","item":"https:\/\/cna.ca\/fr\/reacteurs-et-prm\/"},{"@type":"ListItem","position":3,"name":"Petits r\u00e9acteurs&nbsp;modulaires"}]},{"@type":"WebSite","@id":"https:\/\/cna.ca\/fr\/#website","url":"https:\/\/cna.ca\/fr\/","name":"Canadian Nuclear Association","description":"The national voice of the Canadian nuclear industry since 1960","publisher":{"@id":"https:\/\/cna.ca\/fr\/#organization"},"potentialAction":[{"@type":"SearchAction","target":{"@type":"EntryPoint","urlTemplate":"https:\/\/cna.ca\/fr\/?s={search_term_string}"},"query-input":{"@type":"PropertyValueSpecification","valueRequired":true,"valueName":"search_term_string"}}],"inLanguage":"fr-FR"},{"@type":"Organization","@id":"https:\/\/cna.ca\/fr\/#organization","name":"Canadian Nuclear Association","url":"https:\/\/cna.ca\/fr\/","logo":{"@type":"ImageObject","inLanguage":"fr-FR","@id":"https:\/\/cna.ca\/fr\/#\/schema\/logo\/image\/","url":"https:\/\/cna.ca\/wp-content\/uploads\/2023\/12\/cropped-cna-logo-only.png","contentUrl":"https:\/\/cna.ca\/wp-content\/uploads\/2023\/12\/cropped-cna-logo-only.png","width":512,"height":512,"caption":"Canadian Nuclear Association"},"image":{"@id":"https:\/\/cna.ca\/fr\/#\/schema\/logo\/image\/"},"sameAs":["http:\/\/www.facebook.com\/canadanuclear","https:\/\/x.com\/canadanuclear","https:\/\/www.instagram.com\/canadanuclear","https:\/\/www.youtube.com\/CanadaNuclear","http:\/\/www.linkedin.com\/company\/canadian-nuclear-association"]}]}},"_links":{"self":[{"href":"https:\/\/cna.ca\/fr\/wp-json\/wp\/v2\/pages\/27222","targetHints":{"allow":["GET"]}}],"collection":[{"href":"https:\/\/cna.ca\/fr\/wp-json\/wp\/v2\/pages"}],"about":[{"href":"https:\/\/cna.ca\/fr\/wp-json\/wp\/v2\/types\/page"}],"author":[{"embeddable":true,"href":"https:\/\/cna.ca\/fr\/wp-json\/wp\/v2\/users\/1"}],"replies":[{"embeddable":true,"href":"https:\/\/cna.ca\/fr\/wp-json\/wp\/v2\/comments?post=27222"}],"version-history":[{"count":5,"href":"https:\/\/cna.ca\/fr\/wp-json\/wp\/v2\/pages\/27222\/revisions"}],"predecessor-version":[{"id":27564,"href":"https:\/\/cna.ca\/fr\/wp-json\/wp\/v2\/pages\/27222\/revisions\/27564"}],"up":[{"embeddable":true,"href":"https:\/\/cna.ca\/fr\/wp-json\/wp\/v2\/pages\/27200"}],"wp:attachment":[{"href":"https:\/\/cna.ca\/fr\/wp-json\/wp\/v2\/media?parent=27222"}],"wp:term":[{"taxonomy":"topic","embeddable":true,"href":"https:\/\/cna.ca\/fr\/wp-json\/wp\/v2\/topic?post=27222"}],"curies":[{"name":"wp","href":"https:\/\/api.w.org\/{rel}","templated":true}]}}