{"id":27203,"date":"2020-08-18T10:37:42","date_gmt":"2020-08-18T14:37:42","guid":{"rendered":"http:\/\/cna.flywheelsites.com\/reacteurs-et-prm\/how-a-nuclear-reactor-works\/"},"modified":"2021-05-26T11:04:16","modified_gmt":"2021-05-26T15:04:16","slug":"fonctionnement-d-un-reacteur-nucleaire","status":"publish","type":"page","link":"https:\/\/cna.ca\/fr\/reacteurs-et-prm\/fonctionnement-d-un-reacteur-nucleaire\/","title":{"rendered":"Fonctionnement d\u2019un r\u00e9acteur&nbsp;nucl\u00e9aire"},"content":{"rendered":"\n<figure class=\"wp-block-image size-large\"><img loading=\"lazy\" decoding=\"async\" width=\"340\" height=\"258\" src=\"https:\/\/cna.ca\/wp-content\/uploads\/2021\/05\/Fission-FR-340px-d2-FR.svg\" alt=\"\" class=\"wp-image-30863\" \/><\/figure>\n\n\n\n<h3 class=\"wp-block-heading\">Production d\u2019\u00e9lectricit\u00e9 dans un r\u00e9acteur nucl\u00e9aire<\/h3>\n\n\n\n<p>Les r\u00e9acteurs nucl\u00e9aires sont des machines sophistiqu\u00e9es con\u00e7ues pour r\u00e9pondre \u00e0 des normes d\u2019ing\u00e9nierie strictes. Voici un aper\u00e7u de leur mode de production d\u2019\u00e9lectricit\u00e9.<\/p>\n\n\n\n<ol class=\"wp-block-list\" type=\"1\"><li>L\u2019uranium est extrait et transform\u00e9 en grappe de combustible. Les op\u00e9rateurs chargent ces grappes de combustible dans un <strong>r\u00e9acteur<\/strong> nucl\u00e9aire.<\/li><li>Les neutrons lents provoquent la fission des noyaux d\u2019uranium, d\u00e9clenchant une r\u00e9action nucl\u00e9aire en cha\u00eene. Cette r\u00e9action se poursuit gr\u00e2ce \u00e0 une ing\u00e9nierie bien con\u00e7ue et peut \u00eatre arr\u00eat\u00e9e \u00e0 tout moment par les personnes travaillant \u00e0 la centrale.<\/li><li>Les neutrons lib\u00e9r\u00e9s par la fission du noyau d\u2019uranium se d\u00e9placent tr\u00e8s rapidement, \u00e0 une vitesse proche de celle de la lumi\u00e8re. Les neutrons lents sont plus efficaces pour fissionner les atomes d\u2019uranium. Le r\u00e9acteur nucl\u00e9aire poss\u00e8de un mat\u00e9riau sp\u00e9cial appel\u00e9 <strong>mod\u00e9rateur<\/strong> qui ralentit les neutrons. Bien que de nombreux mat\u00e9riaux puissent servir de mod\u00e9rateur, les r\u00e9acteurs canadiens utilisent de l\u2019eau lourde sp\u00e9ciale, \u00e0 savoir de l\u2019eau dont l\u2019hydrog\u00e8ne normal est remplac\u00e9 par une forme plus lourde d\u2019hydrog\u00e8ne appel\u00e9e deut\u00e9rium. Les professionnels du nucl\u00e9aire qui travaillent sur le site du r\u00e9acteur contr\u00f4lent les r\u00e9actions en ins\u00e9rant <strong>les barres de contr\u00f4le<\/strong> dans le c\u0153ur du r\u00e9acteur ou en les en retirant. Ces barres sont faites de mat\u00e9riaux qui absorbent les neutrons pour ralentir ou arr\u00eater la fission selon les besoins.<\/li><li>Pour transformer la chaleur ainsi produite en travail utile (puis en \u00e9lectricit\u00e9), un <strong>fluide caloporteur <\/strong>(de l\u2019eau lourde au Canada) circule dans le c\u0153ur du r\u00e9acteur pour le refroidir.<\/li><li>Cette r\u00e9action transforme l\u2019eau en vapeur haute pression. La pression pousse la vapeur pour faire tourner <strong>les turbines<\/strong>.<\/li><li>L\u2019\u00e9nergie des turbines en mouvement devient de l\u2019\u00e9lectricit\u00e9 en d\u00e9pla\u00e7ant des aimants dans le g\u00e9n\u00e9rateur \u00e9lectrique.<\/li><\/ol>\n\n\n\n<h3 class=\"wp-block-heading\">Technologie CANDU<\/h3>\n\n\n\n<figure class=\"wp-block-image size-large\"><img decoding=\"async\" src=\"https:\/\/cna.ca\/wp-content\/uploads\/2018\/03\/CANDU-Reactor-Schematic-FR.svg\" alt=\"\" class=\"wp-image-22204\" \/><\/figure>\n\n\n\n<p>Les r\u00e9acteurs nucl\u00e9aires canadiens sont des r\u00e9acteurs CANDU \u2013 des r\u00e9acteurs \u00e0 eau lourde mis au point par des scientifiques et des ing\u00e9nieurs canadiens. L\u2019acronyme CANDU signifie Canadian deut\u00e9rium uranium, parce que le r\u00e9acteur utilise de l\u2019oxyde de deut\u00e9rium (eau lourde) comme mod\u00e9rateur et caloporteur, et de l\u2019uranium naturel (non enrichi) comme combustible.<\/p>\n\n\n\n<p>L\u2019ing\u00e9nierie canadienne innovante permet de recharger les r\u00e9acteurs CANDU en combustible pendant qu\u2019ils tournent \u00e0 plein r\u00e9gime! La plupart des r\u00e9acteurs nucl\u00e9aires doivent \u00eatre arr\u00eat\u00e9s pendant le rechargement.<\/p>\n\n\n\n<p>En raison de la r\u00e9putation d\u2019excellence du Canada en technologie nucl\u00e9aire, d\u2019autres pays ont construit ces r\u00e9acteurs de conception canadienne. Pr\u00e8s de la moiti\u00e9 des r\u00e9acteurs CANDU ont \u00e9t\u00e9 construits en Argentine, en Chine, en Inde, au Pakistan, en Roumanie et en Cor\u00e9e du Sud. On compte 34&nbsp;r\u00e9acteurs CANDU dans le monde, dont 30 sont op\u00e9rationnels.<\/p>\n\n\n\n<h3 class=\"wp-block-heading\">R\u00e9acteurs CANDU au Canada<\/h3>\n\n\n\n<p>Il y a 19&nbsp;r\u00e9acteurs CANDU op\u00e9rationnels dans quatre centrales nucl\u00e9aires au Canada.&nbsp;<\/p>\n\n\n\n<p>La <strong>centrale nucl\u00e9aire de Bruce<\/strong> est compos\u00e9e de huit r\u00e9acteurs produisant 6288&nbsp;MWe, ce qui en fait la plus grande centrale nucl\u00e9aire en service au monde. Elle est situ\u00e9e sur la rive du lac Huron, \u00e0 190&nbsp;km du centre-ville de Toronto, en Ontario, et a fourni de l\u2019\u00e9lectricit\u00e9 au r\u00e9seau pour la premi\u00e8re fois en 1976. Elle est exploit\u00e9e par Bruce Power, mais appartient \u00e0 Ontario Power Generation (OPG).<\/p>\n\n\n\n<p>La <strong>centrale nucl\u00e9aire de Darlington<\/strong> est la deuxi\u00e8me plus grande centrale nucl\u00e9aire du Canada en termes de production totale d\u2019\u00e9nergie. Ses r\u00e9acteurs CANDU sont d\u00e9tenus et exploit\u00e9s par OPG. Capable de produire jusqu\u2019\u00e0 31&nbsp;millions de MWh par an, la centrale de Darlington alimente jusqu\u2019\u00e0 2,5&nbsp;millions de foyers. Les quatre unit\u00e9s de Darlington font actuellement l\u2019objet d\u2019une remise \u00e0 neuf \u00e0 mi-vie, afin qu\u2019elles puissent produire de l\u2019\u00e9lectricit\u00e9 propre et fiable pour les d\u00e9cennies \u00e0 venir.&nbsp;<\/p>\n\n\n\n<p>La <strong>centrale nucl\u00e9aire de Pickering<\/strong> est la plus petite centrale nucl\u00e9aire commerciale de l\u2019Ontario. Ses quatre r\u00e9acteurs CANDU sont d\u00e9tenus et exploit\u00e9s par OPG. Malgr\u00e9 sa taille plus petite, la centrale de Pickering alimente jusqu\u2019\u00e0 2,5&nbsp;millions de m\u00e9nages.<\/p>\n\n\n\n<p>La centrale nucl\u00e9aire de <strong>Point Lepreau<\/strong> est \u00e9quip\u00e9e du premier r\u00e9acteur CANDU&nbsp;6 \u00e0 obtenir un permis d\u2019exploitation, \u00e0 atteindre la criticit\u00e9 et \u00e0 entrer en exploitation commerciale. Elle est d\u00e9tenue et exploit\u00e9e par \u00c9nergie Nouveau-Brunswick.&nbsp; Ce r\u00e9acteur nucl\u00e9aire fournit pr\u00e8s du tiers de l\u2019\u00e9lectricit\u00e9 de toute la province!<\/p>\n\n\n\n<h3 class=\"wp-block-heading\">R\u00e9acteurs CANDU dans le monde<\/h3>\n\n\n\n<p>Le Canada a <a href=\"https:\/\/cna.ca\/fr\/les-avantages\/exportations\/\" class=\"rank-math-link\">export\u00e9<\/a> des r\u00e9acteurs CANDU en Argentine, en Chine, en Inde, au Pakistan, en Roumanie et en Cor\u00e9e du Sud. Il y a 30&nbsp;r\u00e9acteurs CANDU en service dans le monde. De plus, l\u2019Inde a con\u00e7u et construit 16&nbsp;r\u00e9acteurs bas\u00e9s sur le mod\u00e8le CANDU.<\/p>\n\n\n\n<figure class=\"wp-block-image size-large\"><img loading=\"lazy\" decoding=\"async\" width=\"1024\" height=\"414\" src=\"https:\/\/cna.ca\/wp-content\/uploads\/2020\/08\/CANDU-glbally-1024x414.jpg\" alt=\"\" class=\"wp-image-26708\" srcset=\"https:\/\/cna.ca\/wp-content\/uploads\/2020\/08\/CANDU-glbally-1024x414.jpg 1024w, https:\/\/cna.ca\/wp-content\/uploads\/2020\/08\/CANDU-glbally-500x202.jpg 500w, https:\/\/cna.ca\/wp-content\/uploads\/2020\/08\/CANDU-glbally-768x311.jpg 768w, https:\/\/cna.ca\/wp-content\/uploads\/2020\/08\/CANDU-glbally.jpg 1253w\" sizes=\"auto, (max-width: 1024px) 100vw, 1024px\" \/><\/figure>\n","protected":false},"excerpt":{"rendered":"<p>Nuclear reactors produce heat by splitting atoms. That heat converts water into steam. That steam turns a turbine that spins a magnet which makes electricity flow to the grid.<\/p>\n","protected":false},"author":1,"featured_media":26635,"parent":27200,"menu_order":0,"comment_status":"closed","ping_status":"closed","template":"","meta":{"_acf_changed":false,"footnotes":""},"topic":[],"class_list":["post-27203","page","type-page","status-publish","has-post-thumbnail","hentry"],"acf":[],"yoast_head":"<!-- This site is optimized with the Yoast SEO plugin v27.3 - https:\/\/yoast.com\/product\/yoast-seo-wordpress\/ -->\n<title>Fonctionnement d\u2019un r\u00e9acteur nucl\u00e9aire - Association nucl\u00e9aire canadienne<\/title>\n<meta name=\"robots\" content=\"index, follow, max-snippet:-1, max-image-preview:large, max-video-preview:-1\" \/>\n<link rel=\"canonical\" href=\"https:\/\/cna.ca\/fr\/reacteurs-et-prm\/fonctionnement-d-un-reacteur-nucleaire\/\" \/>\n<meta property=\"og:locale\" content=\"fr_FR\" \/>\n<meta property=\"og:type\" content=\"article\" \/>\n<meta property=\"og:title\" content=\"Fonctionnement d\u2019un r\u00e9acteur nucl\u00e9aire - Association nucl\u00e9aire canadienne\" \/>\n<meta property=\"og:description\" content=\"Nuclear reactors produce heat by splitting atoms. That heat converts water into steam. That steam turns a turbine that spins a magnet which makes electricity flow to the grid.\" \/>\n<meta property=\"og:url\" content=\"https:\/\/cna.ca\/fr\/reacteurs-et-prm\/fonctionnement-d-un-reacteur-nucleaire\/\" \/>\n<meta property=\"og:site_name\" content=\"Association nucl\u00e9aire canadienne\" \/>\n<meta property=\"article:publisher\" content=\"http:\/\/www.facebook.com\/canadanuclear\" \/>\n<meta property=\"article:modified_time\" content=\"2021-05-26T15:04:16+00:00\" \/>\n<meta property=\"og:image\" content=\"https:\/\/cna.ca\/wp-content\/uploads\/2020\/08\/DSC7482.jpg\" \/>\n\t<meta property=\"og:image:width\" content=\"1021\" \/>\n\t<meta property=\"og:image:height\" content=\"680\" \/>\n\t<meta property=\"og:image:type\" content=\"image\/jpeg\" \/>\n<meta name=\"twitter:label1\" content=\"Est. reading time\" \/>\n\t<meta name=\"twitter:data1\" content=\"4 minutes\" \/>\n<script type=\"application\/ld+json\" class=\"yoast-schema-graph\">{\"@context\":\"https:\\\/\\\/schema.org\",\"@graph\":[{\"@type\":\"WebPage\",\"@id\":\"https:\\\/\\\/cna.ca\\\/fr\\\/reacteurs-et-prm\\\/fonctionnement-d-un-reacteur-nucleaire\\\/\",\"url\":\"https:\\\/\\\/cna.ca\\\/fr\\\/reacteurs-et-prm\\\/fonctionnement-d-un-reacteur-nucleaire\\\/\",\"name\":\"Fonctionnement d\u2019un r\u00e9acteur nucl\u00e9aire - Association nucl\u00e9aire canadienne\",\"isPartOf\":{\"@id\":\"https:\\\/\\\/cna.ca\\\/fr\\\/#website\"},\"primaryImageOfPage\":{\"@id\":\"https:\\\/\\\/cna.ca\\\/fr\\\/reacteurs-et-prm\\\/fonctionnement-d-un-reacteur-nucleaire\\\/#primaryimage\"},\"image\":{\"@id\":\"https:\\\/\\\/cna.ca\\\/fr\\\/reacteurs-et-prm\\\/fonctionnement-d-un-reacteur-nucleaire\\\/#primaryimage\"},\"thumbnailUrl\":\"https:\\\/\\\/cna.ca\\\/wp-content\\\/uploads\\\/2020\\\/08\\\/DSC7482.jpg\",\"datePublished\":\"2020-08-18T14:37:42+00:00\",\"dateModified\":\"2021-05-26T15:04:16+00:00\",\"breadcrumb\":{\"@id\":\"https:\\\/\\\/cna.ca\\\/fr\\\/reacteurs-et-prm\\\/fonctionnement-d-un-reacteur-nucleaire\\\/#breadcrumb\"},\"inLanguage\":\"fr-FR\",\"potentialAction\":[{\"@type\":\"ReadAction\",\"target\":[\"https:\\\/\\\/cna.ca\\\/fr\\\/reacteurs-et-prm\\\/fonctionnement-d-un-reacteur-nucleaire\\\/\"]}]},{\"@type\":\"ImageObject\",\"inLanguage\":\"fr-FR\",\"@id\":\"https:\\\/\\\/cna.ca\\\/fr\\\/reacteurs-et-prm\\\/fonctionnement-d-un-reacteur-nucleaire\\\/#primaryimage\",\"url\":\"https:\\\/\\\/cna.ca\\\/wp-content\\\/uploads\\\/2020\\\/08\\\/DSC7482.jpg\",\"contentUrl\":\"https:\\\/\\\/cna.ca\\\/wp-content\\\/uploads\\\/2020\\\/08\\\/DSC7482.jpg\",\"width\":1021,\"height\":680},{\"@type\":\"BreadcrumbList\",\"@id\":\"https:\\\/\\\/cna.ca\\\/fr\\\/reacteurs-et-prm\\\/fonctionnement-d-un-reacteur-nucleaire\\\/#breadcrumb\",\"itemListElement\":[{\"@type\":\"ListItem\",\"position\":1,\"name\":\"Home\",\"item\":\"https:\\\/\\\/cna.ca\\\/fr\\\/\"},{\"@type\":\"ListItem\",\"position\":2,\"name\":\"R\u00e9acteurs et&nbsp;PRM\",\"item\":\"https:\\\/\\\/cna.ca\\\/fr\\\/reacteurs-et-prm\\\/\"},{\"@type\":\"ListItem\",\"position\":3,\"name\":\"Fonctionnement d\u2019un r\u00e9acteur&nbsp;nucl\u00e9aire\"}]},{\"@type\":\"WebSite\",\"@id\":\"https:\\\/\\\/cna.ca\\\/fr\\\/#website\",\"url\":\"https:\\\/\\\/cna.ca\\\/fr\\\/\",\"name\":\"Canadian Nuclear Association\",\"description\":\"The national voice of the Canadian nuclear industry since 1960\",\"publisher\":{\"@id\":\"https:\\\/\\\/cna.ca\\\/fr\\\/#organization\"},\"potentialAction\":[{\"@type\":\"SearchAction\",\"target\":{\"@type\":\"EntryPoint\",\"urlTemplate\":\"https:\\\/\\\/cna.ca\\\/fr\\\/?s={search_term_string}\"},\"query-input\":{\"@type\":\"PropertyValueSpecification\",\"valueRequired\":true,\"valueName\":\"search_term_string\"}}],\"inLanguage\":\"fr-FR\"},{\"@type\":\"Organization\",\"@id\":\"https:\\\/\\\/cna.ca\\\/fr\\\/#organization\",\"name\":\"Canadian Nuclear Association\",\"url\":\"https:\\\/\\\/cna.ca\\\/fr\\\/\",\"logo\":{\"@type\":\"ImageObject\",\"inLanguage\":\"fr-FR\",\"@id\":\"https:\\\/\\\/cna.ca\\\/fr\\\/#\\\/schema\\\/logo\\\/image\\\/\",\"url\":\"https:\\\/\\\/cna.ca\\\/wp-content\\\/uploads\\\/2023\\\/12\\\/cropped-cna-logo-only.png\",\"contentUrl\":\"https:\\\/\\\/cna.ca\\\/wp-content\\\/uploads\\\/2023\\\/12\\\/cropped-cna-logo-only.png\",\"width\":512,\"height\":512,\"caption\":\"Canadian Nuclear Association\"},\"image\":{\"@id\":\"https:\\\/\\\/cna.ca\\\/fr\\\/#\\\/schema\\\/logo\\\/image\\\/\"},\"sameAs\":[\"http:\\\/\\\/www.facebook.com\\\/canadanuclear\",\"https:\\\/\\\/x.com\\\/canadanuclear\",\"https:\\\/\\\/www.instagram.com\\\/canadanuclear\",\"https:\\\/\\\/www.youtube.com\\\/CanadaNuclear\",\"http:\\\/\\\/www.linkedin.com\\\/company\\\/canadian-nuclear-association\"]}]}<\/script>\n<!-- \/ Yoast SEO plugin. -->","yoast_head_json":{"title":"Fonctionnement d\u2019un r\u00e9acteur nucl\u00e9aire - Association nucl\u00e9aire canadienne","robots":{"index":"index","follow":"follow","max-snippet":"max-snippet:-1","max-image-preview":"max-image-preview:large","max-video-preview":"max-video-preview:-1"},"canonical":"https:\/\/cna.ca\/fr\/reacteurs-et-prm\/fonctionnement-d-un-reacteur-nucleaire\/","og_locale":"fr_FR","og_type":"article","og_title":"Fonctionnement d\u2019un r\u00e9acteur nucl\u00e9aire - Association nucl\u00e9aire canadienne","og_description":"Nuclear reactors produce heat by splitting atoms. That heat converts water into steam. That steam turns a turbine that spins a magnet which makes electricity flow to the grid.","og_url":"https:\/\/cna.ca\/fr\/reacteurs-et-prm\/fonctionnement-d-un-reacteur-nucleaire\/","og_site_name":"Association nucl\u00e9aire canadienne","article_publisher":"http:\/\/www.facebook.com\/canadanuclear","article_modified_time":"2021-05-26T15:04:16+00:00","og_image":[{"width":1021,"height":680,"url":"https:\/\/cna.ca\/wp-content\/uploads\/2020\/08\/DSC7482.jpg","type":"image\/jpeg"}],"twitter_misc":{"Est. reading time":"4 minutes"},"schema":{"@context":"https:\/\/schema.org","@graph":[{"@type":"WebPage","@id":"https:\/\/cna.ca\/fr\/reacteurs-et-prm\/fonctionnement-d-un-reacteur-nucleaire\/","url":"https:\/\/cna.ca\/fr\/reacteurs-et-prm\/fonctionnement-d-un-reacteur-nucleaire\/","name":"Fonctionnement d\u2019un r\u00e9acteur nucl\u00e9aire - Association nucl\u00e9aire canadienne","isPartOf":{"@id":"https:\/\/cna.ca\/fr\/#website"},"primaryImageOfPage":{"@id":"https:\/\/cna.ca\/fr\/reacteurs-et-prm\/fonctionnement-d-un-reacteur-nucleaire\/#primaryimage"},"image":{"@id":"https:\/\/cna.ca\/fr\/reacteurs-et-prm\/fonctionnement-d-un-reacteur-nucleaire\/#primaryimage"},"thumbnailUrl":"https:\/\/cna.ca\/wp-content\/uploads\/2020\/08\/DSC7482.jpg","datePublished":"2020-08-18T14:37:42+00:00","dateModified":"2021-05-26T15:04:16+00:00","breadcrumb":{"@id":"https:\/\/cna.ca\/fr\/reacteurs-et-prm\/fonctionnement-d-un-reacteur-nucleaire\/#breadcrumb"},"inLanguage":"fr-FR","potentialAction":[{"@type":"ReadAction","target":["https:\/\/cna.ca\/fr\/reacteurs-et-prm\/fonctionnement-d-un-reacteur-nucleaire\/"]}]},{"@type":"ImageObject","inLanguage":"fr-FR","@id":"https:\/\/cna.ca\/fr\/reacteurs-et-prm\/fonctionnement-d-un-reacteur-nucleaire\/#primaryimage","url":"https:\/\/cna.ca\/wp-content\/uploads\/2020\/08\/DSC7482.jpg","contentUrl":"https:\/\/cna.ca\/wp-content\/uploads\/2020\/08\/DSC7482.jpg","width":1021,"height":680},{"@type":"BreadcrumbList","@id":"https:\/\/cna.ca\/fr\/reacteurs-et-prm\/fonctionnement-d-un-reacteur-nucleaire\/#breadcrumb","itemListElement":[{"@type":"ListItem","position":1,"name":"Home","item":"https:\/\/cna.ca\/fr\/"},{"@type":"ListItem","position":2,"name":"R\u00e9acteurs et&nbsp;PRM","item":"https:\/\/cna.ca\/fr\/reacteurs-et-prm\/"},{"@type":"ListItem","position":3,"name":"Fonctionnement d\u2019un r\u00e9acteur&nbsp;nucl\u00e9aire"}]},{"@type":"WebSite","@id":"https:\/\/cna.ca\/fr\/#website","url":"https:\/\/cna.ca\/fr\/","name":"Canadian Nuclear Association","description":"The national voice of the Canadian nuclear industry since 1960","publisher":{"@id":"https:\/\/cna.ca\/fr\/#organization"},"potentialAction":[{"@type":"SearchAction","target":{"@type":"EntryPoint","urlTemplate":"https:\/\/cna.ca\/fr\/?s={search_term_string}"},"query-input":{"@type":"PropertyValueSpecification","valueRequired":true,"valueName":"search_term_string"}}],"inLanguage":"fr-FR"},{"@type":"Organization","@id":"https:\/\/cna.ca\/fr\/#organization","name":"Canadian Nuclear Association","url":"https:\/\/cna.ca\/fr\/","logo":{"@type":"ImageObject","inLanguage":"fr-FR","@id":"https:\/\/cna.ca\/fr\/#\/schema\/logo\/image\/","url":"https:\/\/cna.ca\/wp-content\/uploads\/2023\/12\/cropped-cna-logo-only.png","contentUrl":"https:\/\/cna.ca\/wp-content\/uploads\/2023\/12\/cropped-cna-logo-only.png","width":512,"height":512,"caption":"Canadian Nuclear Association"},"image":{"@id":"https:\/\/cna.ca\/fr\/#\/schema\/logo\/image\/"},"sameAs":["http:\/\/www.facebook.com\/canadanuclear","https:\/\/x.com\/canadanuclear","https:\/\/www.instagram.com\/canadanuclear","https:\/\/www.youtube.com\/CanadaNuclear","http:\/\/www.linkedin.com\/company\/canadian-nuclear-association"]}]}},"_links":{"self":[{"href":"https:\/\/cna.ca\/fr\/wp-json\/wp\/v2\/pages\/27203","targetHints":{"allow":["GET"]}}],"collection":[{"href":"https:\/\/cna.ca\/fr\/wp-json\/wp\/v2\/pages"}],"about":[{"href":"https:\/\/cna.ca\/fr\/wp-json\/wp\/v2\/types\/page"}],"author":[{"embeddable":true,"href":"https:\/\/cna.ca\/fr\/wp-json\/wp\/v2\/users\/1"}],"replies":[{"embeddable":true,"href":"https:\/\/cna.ca\/fr\/wp-json\/wp\/v2\/comments?post=27203"}],"version-history":[{"count":9,"href":"https:\/\/cna.ca\/fr\/wp-json\/wp\/v2\/pages\/27203\/revisions"}],"predecessor-version":[{"id":30866,"href":"https:\/\/cna.ca\/fr\/wp-json\/wp\/v2\/pages\/27203\/revisions\/30866"}],"up":[{"embeddable":true,"href":"https:\/\/cna.ca\/fr\/wp-json\/wp\/v2\/pages\/27200"}],"wp:featuredmedia":[{"embeddable":true,"href":"https:\/\/cna.ca\/fr\/wp-json\/wp\/v2\/media\/26635"}],"wp:attachment":[{"href":"https:\/\/cna.ca\/fr\/wp-json\/wp\/v2\/media?parent=27203"}],"wp:term":[{"taxonomy":"topic","embeddable":true,"href":"https:\/\/cna.ca\/fr\/wp-json\/wp\/v2\/topic?post=27203"}],"curies":[{"name":"wp","href":"https:\/\/api.w.org\/{rel}","templated":true}]}}