{"id":27194,"date":"2020-03-02T16:19:57","date_gmt":"2020-03-02T21:19:57","guid":{"rendered":"http:\/\/cna.flywheelsites.com\/advantages\/export\/"},"modified":"2020-08-24T16:42:50","modified_gmt":"2020-08-24T20:42:50","slug":"exportations","status":"publish","type":"page","link":"https:\/\/cna.ca\/fr\/les-avantages\/exportations\/","title":{"rendered":"Exportations"},"content":{"rendered":"\n<h2 class=\"wp-block-heading\">Uranium<\/h2>\n\n\n\n<p>Deuxi\u00e8me exportateur d\u2019uranium au monde, le Canada occupe le troisi\u00e8me rang mondial pour les r\u00e9serves d\u2019uranium. Environ 15&nbsp;% de l\u2019uranium extrait au Canada alimente les r\u00e9acteurs CANDU. Le reste est export\u00e9 \u2013&nbsp;pour une valeur d\u2019environ 1&nbsp;milliard de dollars par an&nbsp;\u2013 essentiellement vers les \u00c9tats-Unis, l\u2019Europe et l\u2019Asie.<\/p>\n\n\n\n<p>Ces activit\u00e9s pr\u00e9sentent des <a href=\"https:\/\/cna.ca\/fr\/les-avantages\/jobs-and-the-economy\/\" class=\"rank-math-link\">avantages consid\u00e9rables en mati\u00e8re d\u2019emploi<\/a>, car le secteur canadien de l\u2019extraction de l\u2019uranium a d\u00e9pens\u00e9 environ 377&nbsp;millions de dollars en salaires, en traitements et en avantages sociaux pour ses employ\u00e9s en 2012.<\/p>\n\n\n\n<p>En tant que nation \u00e9prise de paix, le Canada veille \u00e0 ce que toutes ses exportations d\u2019uranium soient utilis\u00e9es \u00e0 des fins pacifiques. Le Canada respecte le Trait\u00e9 de non-prolif\u00e9ration de 1970 et applique des contr\u00f4les rigoureux \u00e0 l\u2019exportation.<\/p>\n\n\n\n<h2 class=\"wp-block-heading\">Isotopes m\u00e9dicaux<\/h2>\n\n\n\n<p>Le Canada est le principal exportateur <a href=\"https:\/\/cna.ca\/fr\/medecine-nucleaire\/isotopes-medicaux\/\" class=\"rank-math-link\">d\u2019isotopes m\u00e9dicaux<\/a>, utilis\u00e9s pour diagnostiquer et traiter le cancer et d\u2019autres maladies. Parmi ces dispositifs m\u00e9dicaux figurent les 75&nbsp;% de l\u2019approvisionnement mondial en cobalt-60 utilis\u00e9 pour st\u00e9riliser 45&nbsp;% des fournitures m\u00e9dicales \u00e0 usage unique.<\/p>\n\n\n\n<p>Les Laboratoires de Chalk River m\u00e8nent des recherches sur la prochaine g\u00e9n\u00e9ration d\u2019isotopes m\u00e9dicaux. En 2018, le premier ministre canadien a annonc\u00e9 la cr\u00e9ation d\u2019un nouvel Institut des isotopes m\u00e9dicaux avanc\u00e9s dans les installations de <a href=\"https:\/\/fiveyearplan.triumf.ca\/teams-tools\/iami-institute-for-advanced-medical-isotopes\/\" class=\"rank-math-link\">TRIUMF sur le campus de l\u2019Universit\u00e9 de Colombie-Britannique<\/a>.<\/p>\n\n\n\n<figure class=\"wp-block-image size-large\"><img loading=\"lazy\" decoding=\"async\" width=\"1024\" height=\"414\" src=\"https:\/\/cna.ca\/wp-content\/uploads\/2020\/08\/CANDU-glbally-1024x414.jpg\" alt=\"Table showing the number of CANDU reactors around the world. Argentina 1, Canada 19, \" class=\"wp-image-26709\" srcset=\"https:\/\/cna.ca\/wp-content\/uploads\/2020\/08\/CANDU-glbally-1024x414.jpg 1024w, https:\/\/cna.ca\/wp-content\/uploads\/2020\/08\/CANDU-glbally-500x202.jpg 500w, https:\/\/cna.ca\/wp-content\/uploads\/2020\/08\/CANDU-glbally-768x311.jpg 768w, https:\/\/cna.ca\/wp-content\/uploads\/2020\/08\/CANDU-glbally.jpg 1253w\" sizes=\"auto, (max-width: 1024px) 100vw, 1024px\" \/><\/figure>\n\n\n\n<h2 class=\"wp-block-heading\">CANDU<\/h2>\n\n\n\n<p>Les r\u00e9acteurs CANDU de conception canadienne sont particuli\u00e8rement s\u00fbrs. \u00c9tant donn\u00e9 qu\u2019ils utilisent de l\u2019uranium naturel (non enrichi), le co\u00fbt du combustible est plus faible que celui du combustible utilis\u00e9 dans les r\u00e9acteurs \u00e0 eau l\u00e9g\u00e8re aux \u00c9tats-Unis. Les r\u00e9acteurs CANDU fonctionnent pendant le rechargement en combustible (l\u00e0 aussi \u00e0 la diff\u00e9rence des r\u00e9acteurs am\u00e9ricains). D\u2019autres pays ont reconnu ces avantages et ont achet\u00e9 des r\u00e9acteurs CANDU, dont 12 sont en service en Cor\u00e9e du Sud, en Roumanie, en Chine, en Inde et en Argentine.<\/p>\n\n\n\n<p>La coop\u00e9ration entre les soci\u00e9t\u00e9s propri\u00e9taires de CANDU et les organismes gouvernementaux favorise l\u2019innovation, le partage de l\u2019expertise et la promotion de la technologie CANDU.<\/p>\n\n\n\n<hr class=\"wp-block-separator\"\/>\n\n\n\n<p><\/p>\n","protected":false},"excerpt":{"rendered":"<p>Fort de ses abondantes ressources nucl\u00e9aires, le Canada est un important exportateur. Cela renforce l\u2019\u00e9conomie canadienne, g\u00e9n\u00e8re des recettes fiscales et am\u00e9liore le prestige international du Canada. Le Canada assure cette mission tout en fournissant une technologie nucl\u00e9aire qui permet de sauver des vies et de lutter contre le changement climatique.<\/p>\n","protected":false},"author":1,"featured_media":15048,"parent":27166,"menu_order":5,"comment_status":"closed","ping_status":"closed","template":"","meta":{"_acf_changed":false,"footnotes":""},"topic":[],"class_list":["post-27194","page","type-page","status-publish","has-post-thumbnail","hentry"],"acf":[],"yoast_head":"<!-- This site is optimized with the Yoast SEO plugin v27.4 - https:\/\/yoast.com\/product\/yoast-seo-wordpress\/ -->\n<title>Exportations - Association nucl\u00e9aire canadienne<\/title>\n<meta name=\"robots\" content=\"index, follow, max-snippet:-1, max-image-preview:large, max-video-preview:-1\" \/>\n<link rel=\"canonical\" href=\"https:\/\/cna.ca\/fr\/les-avantages\/exportations\/\" \/>\n<meta property=\"og:locale\" content=\"fr_FR\" \/>\n<meta property=\"og:type\" content=\"article\" \/>\n<meta property=\"og:title\" content=\"Exportations - Association nucl\u00e9aire canadienne\" \/>\n<meta property=\"og:description\" content=\"Fort de ses abondantes ressources nucl\u00e9aires, le Canada est un important exportateur. Cela renforce l\u2019\u00e9conomie canadienne, g\u00e9n\u00e8re des recettes fiscales et am\u00e9liore le prestige international du Canada. Le Canada assure cette mission tout en fournissant une technologie nucl\u00e9aire qui permet de sauver des vies et de lutter contre le changement climatique.\" \/>\n<meta property=\"og:url\" content=\"https:\/\/cna.ca\/fr\/les-avantages\/exportations\/\" \/>\n<meta property=\"og:site_name\" content=\"Association nucl\u00e9aire canadienne\" \/>\n<meta property=\"article:publisher\" content=\"http:\/\/www.facebook.com\/canadanuclear\" \/>\n<meta property=\"article:modified_time\" content=\"2020-08-24T20:42:50+00:00\" \/>\n<meta property=\"og:image\" content=\"https:\/\/cna.ca\/wp-content\/uploads\/2016\/07\/GLOBE.jpg\" \/>\n\t<meta property=\"og:image:width\" content=\"3000\" \/>\n\t<meta property=\"og:image:height\" content=\"2461\" \/>\n\t<meta property=\"og:image:type\" content=\"image\/jpeg\" \/>\n<meta name=\"twitter:label1\" content=\"Est. reading time\" \/>\n\t<meta name=\"twitter:data1\" content=\"2 minutes\" \/>\n<script type=\"application\/ld+json\" class=\"yoast-schema-graph\">{\"@context\":\"https:\\\/\\\/schema.org\",\"@graph\":[{\"@type\":\"WebPage\",\"@id\":\"https:\\\/\\\/cna.ca\\\/fr\\\/les-avantages\\\/exportations\\\/\",\"url\":\"https:\\\/\\\/cna.ca\\\/fr\\\/les-avantages\\\/exportations\\\/\",\"name\":\"Exportations - Association nucl\u00e9aire canadienne\",\"isPartOf\":{\"@id\":\"https:\\\/\\\/cna.ca\\\/fr\\\/#website\"},\"primaryImageOfPage\":{\"@id\":\"https:\\\/\\\/cna.ca\\\/fr\\\/les-avantages\\\/exportations\\\/#primaryimage\"},\"image\":{\"@id\":\"https:\\\/\\\/cna.ca\\\/fr\\\/les-avantages\\\/exportations\\\/#primaryimage\"},\"thumbnailUrl\":\"https:\\\/\\\/cna.ca\\\/wp-content\\\/uploads\\\/2016\\\/07\\\/GLOBE.jpg\",\"datePublished\":\"2020-03-02T21:19:57+00:00\",\"dateModified\":\"2020-08-24T20:42:50+00:00\",\"breadcrumb\":{\"@id\":\"https:\\\/\\\/cna.ca\\\/fr\\\/les-avantages\\\/exportations\\\/#breadcrumb\"},\"inLanguage\":\"fr-FR\",\"potentialAction\":[{\"@type\":\"ReadAction\",\"target\":[\"https:\\\/\\\/cna.ca\\\/fr\\\/les-avantages\\\/exportations\\\/\"]}]},{\"@type\":\"ImageObject\",\"inLanguage\":\"fr-FR\",\"@id\":\"https:\\\/\\\/cna.ca\\\/fr\\\/les-avantages\\\/exportations\\\/#primaryimage\",\"url\":\"https:\\\/\\\/cna.ca\\\/wp-content\\\/uploads\\\/2016\\\/07\\\/GLOBE.jpg\",\"contentUrl\":\"https:\\\/\\\/cna.ca\\\/wp-content\\\/uploads\\\/2016\\\/07\\\/GLOBE.jpg\",\"width\":3000,\"height\":2461},{\"@type\":\"BreadcrumbList\",\"@id\":\"https:\\\/\\\/cna.ca\\\/fr\\\/les-avantages\\\/exportations\\\/#breadcrumb\",\"itemListElement\":[{\"@type\":\"ListItem\",\"position\":1,\"name\":\"Home\",\"item\":\"https:\\\/\\\/cna.ca\\\/fr\\\/\"},{\"@type\":\"ListItem\",\"position\":2,\"name\":\"Les avantages du&nbsp;nucl\u00e9aire\",\"item\":\"https:\\\/\\\/cna.ca\\\/fr\\\/les-avantages\\\/\"},{\"@type\":\"ListItem\",\"position\":3,\"name\":\"Exportations\"}]},{\"@type\":\"WebSite\",\"@id\":\"https:\\\/\\\/cna.ca\\\/fr\\\/#website\",\"url\":\"https:\\\/\\\/cna.ca\\\/fr\\\/\",\"name\":\"Canadian Nuclear Association\",\"description\":\"The national voice of the Canadian nuclear industry since 1960\",\"publisher\":{\"@id\":\"https:\\\/\\\/cna.ca\\\/fr\\\/#organization\"},\"potentialAction\":[{\"@type\":\"SearchAction\",\"target\":{\"@type\":\"EntryPoint\",\"urlTemplate\":\"https:\\\/\\\/cna.ca\\\/fr\\\/?s={search_term_string}\"},\"query-input\":{\"@type\":\"PropertyValueSpecification\",\"valueRequired\":true,\"valueName\":\"search_term_string\"}}],\"inLanguage\":\"fr-FR\"},{\"@type\":\"Organization\",\"@id\":\"https:\\\/\\\/cna.ca\\\/fr\\\/#organization\",\"name\":\"Canadian Nuclear Association\",\"url\":\"https:\\\/\\\/cna.ca\\\/fr\\\/\",\"logo\":{\"@type\":\"ImageObject\",\"inLanguage\":\"fr-FR\",\"@id\":\"https:\\\/\\\/cna.ca\\\/fr\\\/#\\\/schema\\\/logo\\\/image\\\/\",\"url\":\"https:\\\/\\\/cna.ca\\\/wp-content\\\/uploads\\\/2023\\\/12\\\/cropped-cna-logo-only.png\",\"contentUrl\":\"https:\\\/\\\/cna.ca\\\/wp-content\\\/uploads\\\/2023\\\/12\\\/cropped-cna-logo-only.png\",\"width\":512,\"height\":512,\"caption\":\"Canadian Nuclear Association\"},\"image\":{\"@id\":\"https:\\\/\\\/cna.ca\\\/fr\\\/#\\\/schema\\\/logo\\\/image\\\/\"},\"sameAs\":[\"http:\\\/\\\/www.facebook.com\\\/canadanuclear\",\"https:\\\/\\\/x.com\\\/canadanuclear\",\"https:\\\/\\\/www.instagram.com\\\/canadanuclear\",\"https:\\\/\\\/www.youtube.com\\\/CanadaNuclear\",\"http:\\\/\\\/www.linkedin.com\\\/company\\\/canadian-nuclear-association\"]}]}<\/script>\n<!-- \/ Yoast SEO plugin. -->","yoast_head_json":{"title":"Exportations - Association nucl\u00e9aire canadienne","robots":{"index":"index","follow":"follow","max-snippet":"max-snippet:-1","max-image-preview":"max-image-preview:large","max-video-preview":"max-video-preview:-1"},"canonical":"https:\/\/cna.ca\/fr\/les-avantages\/exportations\/","og_locale":"fr_FR","og_type":"article","og_title":"Exportations - Association nucl\u00e9aire canadienne","og_description":"Fort de ses abondantes ressources nucl\u00e9aires, le Canada est un important exportateur. Cela renforce l\u2019\u00e9conomie canadienne, g\u00e9n\u00e8re des recettes fiscales et am\u00e9liore le prestige international du Canada. Le Canada assure cette mission tout en fournissant une technologie nucl\u00e9aire qui permet de sauver des vies et de lutter contre le changement climatique.","og_url":"https:\/\/cna.ca\/fr\/les-avantages\/exportations\/","og_site_name":"Association nucl\u00e9aire canadienne","article_publisher":"http:\/\/www.facebook.com\/canadanuclear","article_modified_time":"2020-08-24T20:42:50+00:00","og_image":[{"width":3000,"height":2461,"url":"https:\/\/cna.ca\/wp-content\/uploads\/2016\/07\/GLOBE.jpg","type":"image\/jpeg"}],"twitter_misc":{"Est. reading time":"2 minutes"},"schema":{"@context":"https:\/\/schema.org","@graph":[{"@type":"WebPage","@id":"https:\/\/cna.ca\/fr\/les-avantages\/exportations\/","url":"https:\/\/cna.ca\/fr\/les-avantages\/exportations\/","name":"Exportations - Association nucl\u00e9aire canadienne","isPartOf":{"@id":"https:\/\/cna.ca\/fr\/#website"},"primaryImageOfPage":{"@id":"https:\/\/cna.ca\/fr\/les-avantages\/exportations\/#primaryimage"},"image":{"@id":"https:\/\/cna.ca\/fr\/les-avantages\/exportations\/#primaryimage"},"thumbnailUrl":"https:\/\/cna.ca\/wp-content\/uploads\/2016\/07\/GLOBE.jpg","datePublished":"2020-03-02T21:19:57+00:00","dateModified":"2020-08-24T20:42:50+00:00","breadcrumb":{"@id":"https:\/\/cna.ca\/fr\/les-avantages\/exportations\/#breadcrumb"},"inLanguage":"fr-FR","potentialAction":[{"@type":"ReadAction","target":["https:\/\/cna.ca\/fr\/les-avantages\/exportations\/"]}]},{"@type":"ImageObject","inLanguage":"fr-FR","@id":"https:\/\/cna.ca\/fr\/les-avantages\/exportations\/#primaryimage","url":"https:\/\/cna.ca\/wp-content\/uploads\/2016\/07\/GLOBE.jpg","contentUrl":"https:\/\/cna.ca\/wp-content\/uploads\/2016\/07\/GLOBE.jpg","width":3000,"height":2461},{"@type":"BreadcrumbList","@id":"https:\/\/cna.ca\/fr\/les-avantages\/exportations\/#breadcrumb","itemListElement":[{"@type":"ListItem","position":1,"name":"Home","item":"https:\/\/cna.ca\/fr\/"},{"@type":"ListItem","position":2,"name":"Les avantages du&nbsp;nucl\u00e9aire","item":"https:\/\/cna.ca\/fr\/les-avantages\/"},{"@type":"ListItem","position":3,"name":"Exportations"}]},{"@type":"WebSite","@id":"https:\/\/cna.ca\/fr\/#website","url":"https:\/\/cna.ca\/fr\/","name":"Canadian Nuclear Association","description":"The national voice of the Canadian nuclear industry since 1960","publisher":{"@id":"https:\/\/cna.ca\/fr\/#organization"},"potentialAction":[{"@type":"SearchAction","target":{"@type":"EntryPoint","urlTemplate":"https:\/\/cna.ca\/fr\/?s={search_term_string}"},"query-input":{"@type":"PropertyValueSpecification","valueRequired":true,"valueName":"search_term_string"}}],"inLanguage":"fr-FR"},{"@type":"Organization","@id":"https:\/\/cna.ca\/fr\/#organization","name":"Canadian Nuclear Association","url":"https:\/\/cna.ca\/fr\/","logo":{"@type":"ImageObject","inLanguage":"fr-FR","@id":"https:\/\/cna.ca\/fr\/#\/schema\/logo\/image\/","url":"https:\/\/cna.ca\/wp-content\/uploads\/2023\/12\/cropped-cna-logo-only.png","contentUrl":"https:\/\/cna.ca\/wp-content\/uploads\/2023\/12\/cropped-cna-logo-only.png","width":512,"height":512,"caption":"Canadian Nuclear Association"},"image":{"@id":"https:\/\/cna.ca\/fr\/#\/schema\/logo\/image\/"},"sameAs":["http:\/\/www.facebook.com\/canadanuclear","https:\/\/x.com\/canadanuclear","https:\/\/www.instagram.com\/canadanuclear","https:\/\/www.youtube.com\/CanadaNuclear","http:\/\/www.linkedin.com\/company\/canadian-nuclear-association"]}]}},"_links":{"self":[{"href":"https:\/\/cna.ca\/fr\/wp-json\/wp\/v2\/pages\/27194","targetHints":{"allow":["GET"]}}],"collection":[{"href":"https:\/\/cna.ca\/fr\/wp-json\/wp\/v2\/pages"}],"about":[{"href":"https:\/\/cna.ca\/fr\/wp-json\/wp\/v2\/types\/page"}],"author":[{"embeddable":true,"href":"https:\/\/cna.ca\/fr\/wp-json\/wp\/v2\/users\/1"}],"replies":[{"embeddable":true,"href":"https:\/\/cna.ca\/fr\/wp-json\/wp\/v2\/comments?post=27194"}],"version-history":[{"count":8,"href":"https:\/\/cna.ca\/fr\/wp-json\/wp\/v2\/pages\/27194\/revisions"}],"predecessor-version":[{"id":28316,"href":"https:\/\/cna.ca\/fr\/wp-json\/wp\/v2\/pages\/27194\/revisions\/28316"}],"up":[{"embeddable":true,"href":"https:\/\/cna.ca\/fr\/wp-json\/wp\/v2\/pages\/27166"}],"wp:featuredmedia":[{"embeddable":true,"href":"https:\/\/cna.ca\/fr\/wp-json\/wp\/v2\/media\/15048"}],"wp:attachment":[{"href":"https:\/\/cna.ca\/fr\/wp-json\/wp\/v2\/media?parent=27194"}],"wp:term":[{"taxonomy":"topic","embeddable":true,"href":"https:\/\/cna.ca\/fr\/wp-json\/wp\/v2\/topic?post=27194"}],"curies":[{"name":"wp","href":"https:\/\/api.w.org\/{rel}","templated":true}]}}