{"id":27188,"date":"2020-03-02T16:12:47","date_gmt":"2020-03-02T21:12:47","guid":{"rendered":"http:\/\/cna.flywheelsites.com\/advantages\/jobs-and-the-economy\/"},"modified":"2024-10-30T17:03:30","modified_gmt":"2024-10-30T21:03:30","slug":"jobs-and-the-economy","status":"publish","type":"page","link":"https:\/\/cna.ca\/fr\/les-avantages\/jobs-and-the-economy\/","title":{"rendered":"Emplois et&nbsp;\u00e9conomie"},"content":{"rendered":"\n<h2 class=\"wp-block-heading\">Emplois au Canada<\/h2>\n\n\n\n<p>L\u2019industrie nucl\u00e9aire canadienne joue un r\u00f4le important dans la fili\u00e8re \u00e9nerg\u00e9tique du pays, assurant \u00e0 des millions de personnes une alimentation en \u00e9lectricit\u00e9 propre et fiable. Au\u2011del\u00e0 de son incidence positive sur l\u2019environnement, le secteur contribue de mani\u00e8re non n\u00e9gligeable \u00e0 l\u2019\u00e9conomie canadienne par le biais du produit int\u00e9rieur brut (PIB), des recettes publiques et de la cr\u00e9ation d\u2019emplois.<\/p>\n\n\n\n<p>L\u2019industrie a connu une croissance impressionnante, inscrivant une contribution annuelle au PIB de plus de 22&nbsp;milliards&nbsp;$, ce qui repr\u00e9sente une augmentation de 30&nbsp;% par rapport aux cinq derni\u00e8res ann\u00e9es. Cette tendance \u00e0 la hausse annonce un avenir prometteur pour l\u2019industrie et l\u2019\u00e9conomie canadienne.<\/p>\n\n\n\n<p>En 2024, l\u2019industrie canadienne de l\u2019\u00e9nergie nucl\u00e9aire emploie environ <strong>89\u2009000\u00a0personnes<\/strong>, ce qui constitue une augmentation de <strong>17\u00a0% depuis cinq ans<\/strong>.<\/p>\n\n\n\n<p>L\u2019industrie s\u2019attache \u00e0 cr\u00e9er une main-d\u2019\u0153uvre diversifi\u00e9e et inclusive et s\u2019engage \u00e0 recruter des personnes de diff\u00e9rents groupes d\u2019\u00e2ge et de genres. Cela permet non seulement d\u2019\u00e9toffer le spectre des comp\u00e9tences et exp\u00e9riences au sein de la fili\u00e8re, mais aussi de promouvoir des valeurs d\u2019inclusivit\u00e9 et un sentiment de valorisation pour l\u2019ensemble du personnel.<\/p>\n\n\n\n<figure class=\"wp-block-image size-large\"><img loading=\"lazy\" decoding=\"async\" width=\"1024\" height=\"576\" src=\"https:\/\/cna.ca\/wp-content\/uploads\/2024\/10\/CNA-420-nuclear-energy-workforce-infographic-v1.1.6-d1.4.7-twitter-FR-01-1024x576.png\" alt=\"\" class=\"wp-image-36970\" srcset=\"https:\/\/cna.ca\/wp-content\/uploads\/2024\/10\/CNA-420-nuclear-energy-workforce-infographic-v1.1.6-d1.4.7-twitter-FR-01-1024x576.png 1024w, https:\/\/cna.ca\/wp-content\/uploads\/2024\/10\/CNA-420-nuclear-energy-workforce-infographic-v1.1.6-d1.4.7-twitter-FR-01-500x281.png 500w, https:\/\/cna.ca\/wp-content\/uploads\/2024\/10\/CNA-420-nuclear-energy-workforce-infographic-v1.1.6-d1.4.7-twitter-FR-01-768x432.png 768w, https:\/\/cna.ca\/wp-content\/uploads\/2024\/10\/CNA-420-nuclear-energy-workforce-infographic-v1.1.6-d1.4.7-twitter-FR-01-1536x864.png 1536w, https:\/\/cna.ca\/wp-content\/uploads\/2024\/10\/CNA-420-nuclear-energy-workforce-infographic-v1.1.6-d1.4.7-twitter-FR-01-2048x1152.png 2048w\" sizes=\"auto, (max-width: 1024px) 100vw, 1024px\" \/><\/figure>\n\n\n\n<h2 class=\"wp-block-heading\">Diversit\u00e9 des emplois dans le secteur de l\u2019\u00e9nergie nucl\u00e9aire<\/h2>\n\n\n\n<p>Les quatre centrales nucl\u00e9aires en service au Canada, \u00e0 savoir en Ontario et au Nouveau-Brunswick, emploient un \u00e9ventail vari\u00e9 de personnes, notamment des op\u00e9rateurs de salle de contr\u00f4le, des ing\u00e9nieurs et des techniciens. Cependant, la cha\u00eene d\u2019approvisionnement de l\u2019industrie couvre tout le pays. Les op\u00e9rations d\u2019extraction mini\u00e8re, principalement en Saskatchewan, n\u00e9cessitent non seulement des mineurs, mais aussi des m\u00e9tallurgistes, des analystes et de nombreux autres m\u00e9tiers et professions. La concentration et le raffinage en Ontario requi\u00e8rent des op\u00e9rations de pr\u00e9cision, tout comme les fabricants de pi\u00e8ces pour les r\u00e9acteurs nucl\u00e9aires, situ\u00e9s partout au Canada.<\/p>\n\n\n\n<p>L\u2019industrie nucl\u00e9aire offre des emplois de tr\u00e8s haute qualit\u00e9 aux Canadiens, environ 89 % d\u2019entre eux \u00e9tant class\u00e9s dans la cat\u00e9gorie des comp\u00e9tences \u00e9lev\u00e9es. Les gouvernements provinciaux et f\u00e9d\u00e9ral emploient une foule d\u2019inspecteurs et de sp\u00e9cialistes de la sant\u00e9 et de la s\u00fbret\u00e9. Ces travailleurs veillent \u00e0 ce que, durant toutes les phases de l\u2019exploitation, de l\u2019extraction mini\u00e8re \u00e0 l\u2019entreposage du combustible us\u00e9, la s\u00e9curit\u00e9 de notre pays et de notre population soit pr\u00e9serv\u00e9e.<\/p>\n\n\n\n<figure class=\"wp-block-image size-large is-resized\"><img loading=\"lazy\" decoding=\"async\" width=\"1024\" height=\"576\" src=\"https:\/\/cna.ca\/wp-content\/uploads\/2024\/10\/CNA-420-nuclear-energy-workforce-infographic-v1.1.6-d1.4.7-twitter-FR-03-1024x576.png\" alt=\"\" class=\"wp-image-36973\" style=\"width:840px;height:auto\" srcset=\"https:\/\/cna.ca\/wp-content\/uploads\/2024\/10\/CNA-420-nuclear-energy-workforce-infographic-v1.1.6-d1.4.7-twitter-FR-03-1024x576.png 1024w, https:\/\/cna.ca\/wp-content\/uploads\/2024\/10\/CNA-420-nuclear-energy-workforce-infographic-v1.1.6-d1.4.7-twitter-FR-03-500x281.png 500w, https:\/\/cna.ca\/wp-content\/uploads\/2024\/10\/CNA-420-nuclear-energy-workforce-infographic-v1.1.6-d1.4.7-twitter-FR-03-768x432.png 768w, https:\/\/cna.ca\/wp-content\/uploads\/2024\/10\/CNA-420-nuclear-energy-workforce-infographic-v1.1.6-d1.4.7-twitter-FR-03-1536x864.png 1536w, https:\/\/cna.ca\/wp-content\/uploads\/2024\/10\/CNA-420-nuclear-energy-workforce-infographic-v1.1.6-d1.4.7-twitter-FR-03-2048x1152.png 2048w\" sizes=\"auto, (max-width: 1024px) 100vw, 1024px\" \/><\/figure>\n\n\n\n<p>Dans le m\u00eame temps, une importante cohorte de travailleurs du nucl\u00e9aire approchent de la retraite, ce qui offre d\u2019excellentes perspectives aux jeunes individus qualifi\u00e9s en qu\u00eate de carri\u00e8res dynamiques.<\/p>\n\n\n\n<figure class=\"wp-block-image size-large\"><img loading=\"lazy\" decoding=\"async\" width=\"1024\" height=\"576\" src=\"https:\/\/cna.ca\/wp-content\/uploads\/2024\/10\/CNA-420-nuclear-energy-workforce-infographic-v1.1.6-d1.4.7-twitter-FR-02-1024x576.png\" alt=\"\" class=\"wp-image-36975\" srcset=\"https:\/\/cna.ca\/wp-content\/uploads\/2024\/10\/CNA-420-nuclear-energy-workforce-infographic-v1.1.6-d1.4.7-twitter-FR-02-1024x576.png 1024w, https:\/\/cna.ca\/wp-content\/uploads\/2024\/10\/CNA-420-nuclear-energy-workforce-infographic-v1.1.6-d1.4.7-twitter-FR-02-500x281.png 500w, https:\/\/cna.ca\/wp-content\/uploads\/2024\/10\/CNA-420-nuclear-energy-workforce-infographic-v1.1.6-d1.4.7-twitter-FR-02-768x432.png 768w, https:\/\/cna.ca\/wp-content\/uploads\/2024\/10\/CNA-420-nuclear-energy-workforce-infographic-v1.1.6-d1.4.7-twitter-FR-02-1536x864.png 1536w, https:\/\/cna.ca\/wp-content\/uploads\/2024\/10\/CNA-420-nuclear-energy-workforce-infographic-v1.1.6-d1.4.7-twitter-FR-02-2048x1152.png 2048w\" sizes=\"auto, (max-width: 1024px) 100vw, 1024px\" \/><\/figure>\n\n\n\n<blockquote class=\"wp-block-quote is-layout-flow wp-block-quote-is-layout-flow\">\n<p>\u00ab Construire une main-d\u2019\u0153uvre diversifi\u00e9e et motiv\u00e9e n\u00e9cessite du leadership, de l\u2019engagement, du temps et des efforts. Cela en vaut vraiment la peine, car le personnel est l\u2019atout le plus important de toute organisation nucl\u00e9aire. \u00bb \u2013 Margaret Doane, Directrice g\u00e9n\u00e9rale adjointe de l\u2019AIEA et Chef du D\u00e9partement de la gestion.<\/p>\n<\/blockquote>\n\n\n\n<p>L\u2019industrie nucl\u00e9aire canadienne comprend l\u2019importance de favoriser une main-d\u2019\u0153uvre \u00e9gale, diversifi\u00e9e et inclusive pour soutenir le d\u00e9veloppement nucl\u00e9aire. Elle souligne la n\u00e9cessit\u00e9 pour la main-d\u2019\u0153uvre nucl\u00e9aire de refl\u00e9ter les communaut\u00e9s avec lesquelles elle interagit et qu\u2019elle sert. Cette focalisation sur la diversit\u00e9 garantit que chaque individu se sente valoris\u00e9 et joue un r\u00f4le essentiel dans le succ\u00e8s de l\u2019industrie.<\/p>\n\n\n\n<figure class=\"wp-block-image size-large\"><img loading=\"lazy\" decoding=\"async\" width=\"1024\" height=\"576\" src=\"https:\/\/cna.ca\/wp-content\/uploads\/2024\/10\/CNA-420-nuclear-energy-workforce-infographic-v1.1.6-d1.4.7-twitter-FR-04-1024x576.png\" alt=\"\" class=\"wp-image-36977\" srcset=\"https:\/\/cna.ca\/wp-content\/uploads\/2024\/10\/CNA-420-nuclear-energy-workforce-infographic-v1.1.6-d1.4.7-twitter-FR-04-1024x576.png 1024w, https:\/\/cna.ca\/wp-content\/uploads\/2024\/10\/CNA-420-nuclear-energy-workforce-infographic-v1.1.6-d1.4.7-twitter-FR-04-500x281.png 500w, https:\/\/cna.ca\/wp-content\/uploads\/2024\/10\/CNA-420-nuclear-energy-workforce-infographic-v1.1.6-d1.4.7-twitter-FR-04-768x432.png 768w, https:\/\/cna.ca\/wp-content\/uploads\/2024\/10\/CNA-420-nuclear-energy-workforce-infographic-v1.1.6-d1.4.7-twitter-FR-04-1536x864.png 1536w, https:\/\/cna.ca\/wp-content\/uploads\/2024\/10\/CNA-420-nuclear-energy-workforce-infographic-v1.1.6-d1.4.7-twitter-FR-04-2048x1152.png 2048w\" sizes=\"auto, (max-width: 1024px) 100vw, 1024px\" \/><\/figure>\n\n\n\n<h2 class=\"wp-block-heading\">Projections de croissance<\/h2>\n\n\n\n<p>Fournir 15&nbsp;% de l\u2019\u00e9lectricit\u00e9 du Canada permet d\u2019assurer la stabilit\u00e9 de l\u2019emploi dans un domaine fascinant. Cependant, l\u2019industrie nucl\u00e9aire ne se contente pas de maintenir les lumi\u00e8res allum\u00e9es&nbsp;; elle fait aussi des projections pour un avenir prometteur.<\/p>\n\n\n\n<p>Les pr\u00e9occupations croissantes concernant le changement climatique rendent l\u2019\u00e9nergie nucl\u00e9aire \u00e0 z\u00e9ro \u00e9mission plus int\u00e9ressante que jamais, tant pour le Canada que pour les pays vers lesquels nous exportons. De plus, une nouvelle g\u00e9n\u00e9ration de <a href=\"https:\/\/cna.ca\/fr\/reacteurs-et-prm\/petits-reacteurs-modulaires\/\" class=\"rank-math-link\">petits r\u00e9acteurs modulaires<\/a> est imminente et pourrait donner lieu \u00e0 une vague de nouvelles applications pour les nombreuses collectivit\u00e9s \u00e9loign\u00e9es du Canada et les projets industriels hors r\u00e9seau.<\/p>\n\n\n\n<p><\/p>\n","protected":false},"excerpt":{"rendered":"<p>L\u2019industrie nucl\u00e9aire du Canada est un moteur \u00e9conomique, offrant des emplois de qualit\u00e9 \u00e0 des personnes qualifi\u00e9es et des revenus aux gouvernements f\u00e9d\u00e9ral et provinciaux. L\u2019industrie pr\u00e9sente \u00e9galement un excellent potentiel de croissance. L\u2019industrie nucl\u00e9aire canadienne affiche des revenus d\u2019environ 6,6 milliards de dollars et contribue \u00e0 hauteur de 1,5 milliard de dollars aux imp\u00f4ts f\u00e9d\u00e9raux et provinciaux.<\/p>\n","protected":false},"author":1,"featured_media":12190,"parent":27166,"menu_order":4,"comment_status":"closed","ping_status":"closed","template":"","meta":{"_acf_changed":false,"footnotes":""},"topic":[],"class_list":["post-27188","page","type-page","status-publish","has-post-thumbnail","hentry"],"acf":[],"yoast_head":"<!-- This site is optimized with the Yoast SEO plugin v27.3 - https:\/\/yoast.com\/product\/yoast-seo-wordpress\/ -->\n<title>Emplois et \u00e9conomie - Association nucl\u00e9aire canadienne<\/title>\n<meta name=\"robots\" content=\"index, follow, max-snippet:-1, max-image-preview:large, max-video-preview:-1\" \/>\n<link rel=\"canonical\" href=\"https:\/\/cna.ca\/fr\/les-avantages\/jobs-and-the-economy\/\" \/>\n<meta property=\"og:locale\" content=\"fr_FR\" \/>\n<meta property=\"og:type\" content=\"article\" \/>\n<meta property=\"og:title\" content=\"Emplois et \u00e9conomie - Association nucl\u00e9aire canadienne\" \/>\n<meta property=\"og:description\" content=\"L\u2019industrie nucl\u00e9aire du Canada est un moteur \u00e9conomique, offrant des emplois de qualit\u00e9 \u00e0 des personnes qualifi\u00e9es et des revenus aux gouvernements f\u00e9d\u00e9ral et provinciaux. L\u2019industrie pr\u00e9sente \u00e9galement un excellent potentiel de croissance. L\u2019industrie nucl\u00e9aire canadienne affiche des revenus d\u2019environ 6,6 milliards de dollars et contribue \u00e0 hauteur de 1,5 milliard de dollars aux imp\u00f4ts f\u00e9d\u00e9raux et provinciaux.\" \/>\n<meta property=\"og:url\" content=\"https:\/\/cna.ca\/fr\/les-avantages\/jobs-and-the-economy\/\" \/>\n<meta property=\"og:site_name\" content=\"Association nucl\u00e9aire canadienne\" \/>\n<meta property=\"article:publisher\" content=\"http:\/\/www.facebook.com\/canadanuclear\" \/>\n<meta property=\"article:modified_time\" content=\"2024-10-30T21:03:30+00:00\" \/>\n<meta property=\"og:image\" content=\"https:\/\/cna.ca\/wp-content\/uploads\/2015\/09\/workers-learning-home-e1702332527509.jpg\" \/>\n\t<meta property=\"og:image:width\" content=\"808\" \/>\n\t<meta property=\"og:image:height\" content=\"594\" \/>\n\t<meta property=\"og:image:type\" content=\"image\/jpeg\" \/>\n<meta name=\"twitter:label1\" content=\"Est. reading time\" \/>\n\t<meta name=\"twitter:data1\" content=\"4 minutes\" \/>\n<script type=\"application\/ld+json\" class=\"yoast-schema-graph\">{\"@context\":\"https:\\\/\\\/schema.org\",\"@graph\":[{\"@type\":\"WebPage\",\"@id\":\"https:\\\/\\\/cna.ca\\\/fr\\\/les-avantages\\\/jobs-and-the-economy\\\/\",\"url\":\"https:\\\/\\\/cna.ca\\\/fr\\\/les-avantages\\\/jobs-and-the-economy\\\/\",\"name\":\"Emplois et \u00e9conomie - Association nucl\u00e9aire canadienne\",\"isPartOf\":{\"@id\":\"https:\\\/\\\/cna.ca\\\/fr\\\/#website\"},\"primaryImageOfPage\":{\"@id\":\"https:\\\/\\\/cna.ca\\\/fr\\\/les-avantages\\\/jobs-and-the-economy\\\/#primaryimage\"},\"image\":{\"@id\":\"https:\\\/\\\/cna.ca\\\/fr\\\/les-avantages\\\/jobs-and-the-economy\\\/#primaryimage\"},\"thumbnailUrl\":\"https:\\\/\\\/cna.ca\\\/wp-content\\\/uploads\\\/2015\\\/09\\\/workers-learning-home-e1702332527509.jpg\",\"datePublished\":\"2020-03-02T21:12:47+00:00\",\"dateModified\":\"2024-10-30T21:03:30+00:00\",\"breadcrumb\":{\"@id\":\"https:\\\/\\\/cna.ca\\\/fr\\\/les-avantages\\\/jobs-and-the-economy\\\/#breadcrumb\"},\"inLanguage\":\"fr-FR\",\"potentialAction\":[{\"@type\":\"ReadAction\",\"target\":[\"https:\\\/\\\/cna.ca\\\/fr\\\/les-avantages\\\/jobs-and-the-economy\\\/\"]}]},{\"@type\":\"ImageObject\",\"inLanguage\":\"fr-FR\",\"@id\":\"https:\\\/\\\/cna.ca\\\/fr\\\/les-avantages\\\/jobs-and-the-economy\\\/#primaryimage\",\"url\":\"https:\\\/\\\/cna.ca\\\/wp-content\\\/uploads\\\/2015\\\/09\\\/workers-learning-home-e1702332527509.jpg\",\"contentUrl\":\"https:\\\/\\\/cna.ca\\\/wp-content\\\/uploads\\\/2015\\\/09\\\/workers-learning-home-e1702332527509.jpg\",\"width\":808,\"height\":594,\"caption\":\"Nuclear workers\"},{\"@type\":\"BreadcrumbList\",\"@id\":\"https:\\\/\\\/cna.ca\\\/fr\\\/les-avantages\\\/jobs-and-the-economy\\\/#breadcrumb\",\"itemListElement\":[{\"@type\":\"ListItem\",\"position\":1,\"name\":\"Home\",\"item\":\"https:\\\/\\\/cna.ca\\\/fr\\\/\"},{\"@type\":\"ListItem\",\"position\":2,\"name\":\"Les avantages du&nbsp;nucl\u00e9aire\",\"item\":\"https:\\\/\\\/cna.ca\\\/fr\\\/les-avantages\\\/\"},{\"@type\":\"ListItem\",\"position\":3,\"name\":\"Emplois et&nbsp;\u00e9conomie\"}]},{\"@type\":\"WebSite\",\"@id\":\"https:\\\/\\\/cna.ca\\\/fr\\\/#website\",\"url\":\"https:\\\/\\\/cna.ca\\\/fr\\\/\",\"name\":\"Canadian Nuclear Association\",\"description\":\"The national voice of the Canadian nuclear industry since 1960\",\"publisher\":{\"@id\":\"https:\\\/\\\/cna.ca\\\/fr\\\/#organization\"},\"potentialAction\":[{\"@type\":\"SearchAction\",\"target\":{\"@type\":\"EntryPoint\",\"urlTemplate\":\"https:\\\/\\\/cna.ca\\\/fr\\\/?s={search_term_string}\"},\"query-input\":{\"@type\":\"PropertyValueSpecification\",\"valueRequired\":true,\"valueName\":\"search_term_string\"}}],\"inLanguage\":\"fr-FR\"},{\"@type\":\"Organization\",\"@id\":\"https:\\\/\\\/cna.ca\\\/fr\\\/#organization\",\"name\":\"Canadian Nuclear Association\",\"url\":\"https:\\\/\\\/cna.ca\\\/fr\\\/\",\"logo\":{\"@type\":\"ImageObject\",\"inLanguage\":\"fr-FR\",\"@id\":\"https:\\\/\\\/cna.ca\\\/fr\\\/#\\\/schema\\\/logo\\\/image\\\/\",\"url\":\"https:\\\/\\\/cna.ca\\\/wp-content\\\/uploads\\\/2023\\\/12\\\/cropped-cna-logo-only.png\",\"contentUrl\":\"https:\\\/\\\/cna.ca\\\/wp-content\\\/uploads\\\/2023\\\/12\\\/cropped-cna-logo-only.png\",\"width\":512,\"height\":512,\"caption\":\"Canadian Nuclear Association\"},\"image\":{\"@id\":\"https:\\\/\\\/cna.ca\\\/fr\\\/#\\\/schema\\\/logo\\\/image\\\/\"},\"sameAs\":[\"http:\\\/\\\/www.facebook.com\\\/canadanuclear\",\"https:\\\/\\\/x.com\\\/canadanuclear\",\"https:\\\/\\\/www.instagram.com\\\/canadanuclear\",\"https:\\\/\\\/www.youtube.com\\\/CanadaNuclear\",\"http:\\\/\\\/www.linkedin.com\\\/company\\\/canadian-nuclear-association\"]}]}<\/script>\n<!-- \/ Yoast SEO plugin. -->","yoast_head_json":{"title":"Emplois et \u00e9conomie - Association nucl\u00e9aire canadienne","robots":{"index":"index","follow":"follow","max-snippet":"max-snippet:-1","max-image-preview":"max-image-preview:large","max-video-preview":"max-video-preview:-1"},"canonical":"https:\/\/cna.ca\/fr\/les-avantages\/jobs-and-the-economy\/","og_locale":"fr_FR","og_type":"article","og_title":"Emplois et \u00e9conomie - Association nucl\u00e9aire canadienne","og_description":"L\u2019industrie nucl\u00e9aire du Canada est un moteur \u00e9conomique, offrant des emplois de qualit\u00e9 \u00e0 des personnes qualifi\u00e9es et des revenus aux gouvernements f\u00e9d\u00e9ral et provinciaux. L\u2019industrie pr\u00e9sente \u00e9galement un excellent potentiel de croissance. L\u2019industrie nucl\u00e9aire canadienne affiche des revenus d\u2019environ 6,6 milliards de dollars et contribue \u00e0 hauteur de 1,5 milliard de dollars aux imp\u00f4ts f\u00e9d\u00e9raux et provinciaux.","og_url":"https:\/\/cna.ca\/fr\/les-avantages\/jobs-and-the-economy\/","og_site_name":"Association nucl\u00e9aire canadienne","article_publisher":"http:\/\/www.facebook.com\/canadanuclear","article_modified_time":"2024-10-30T21:03:30+00:00","og_image":[{"width":808,"height":594,"url":"https:\/\/cna.ca\/wp-content\/uploads\/2015\/09\/workers-learning-home-e1702332527509.jpg","type":"image\/jpeg"}],"twitter_misc":{"Est. reading time":"4 minutes"},"schema":{"@context":"https:\/\/schema.org","@graph":[{"@type":"WebPage","@id":"https:\/\/cna.ca\/fr\/les-avantages\/jobs-and-the-economy\/","url":"https:\/\/cna.ca\/fr\/les-avantages\/jobs-and-the-economy\/","name":"Emplois et \u00e9conomie - Association nucl\u00e9aire canadienne","isPartOf":{"@id":"https:\/\/cna.ca\/fr\/#website"},"primaryImageOfPage":{"@id":"https:\/\/cna.ca\/fr\/les-avantages\/jobs-and-the-economy\/#primaryimage"},"image":{"@id":"https:\/\/cna.ca\/fr\/les-avantages\/jobs-and-the-economy\/#primaryimage"},"thumbnailUrl":"https:\/\/cna.ca\/wp-content\/uploads\/2015\/09\/workers-learning-home-e1702332527509.jpg","datePublished":"2020-03-02T21:12:47+00:00","dateModified":"2024-10-30T21:03:30+00:00","breadcrumb":{"@id":"https:\/\/cna.ca\/fr\/les-avantages\/jobs-and-the-economy\/#breadcrumb"},"inLanguage":"fr-FR","potentialAction":[{"@type":"ReadAction","target":["https:\/\/cna.ca\/fr\/les-avantages\/jobs-and-the-economy\/"]}]},{"@type":"ImageObject","inLanguage":"fr-FR","@id":"https:\/\/cna.ca\/fr\/les-avantages\/jobs-and-the-economy\/#primaryimage","url":"https:\/\/cna.ca\/wp-content\/uploads\/2015\/09\/workers-learning-home-e1702332527509.jpg","contentUrl":"https:\/\/cna.ca\/wp-content\/uploads\/2015\/09\/workers-learning-home-e1702332527509.jpg","width":808,"height":594,"caption":"Nuclear workers"},{"@type":"BreadcrumbList","@id":"https:\/\/cna.ca\/fr\/les-avantages\/jobs-and-the-economy\/#breadcrumb","itemListElement":[{"@type":"ListItem","position":1,"name":"Home","item":"https:\/\/cna.ca\/fr\/"},{"@type":"ListItem","position":2,"name":"Les avantages du&nbsp;nucl\u00e9aire","item":"https:\/\/cna.ca\/fr\/les-avantages\/"},{"@type":"ListItem","position":3,"name":"Emplois et&nbsp;\u00e9conomie"}]},{"@type":"WebSite","@id":"https:\/\/cna.ca\/fr\/#website","url":"https:\/\/cna.ca\/fr\/","name":"Canadian Nuclear Association","description":"The national voice of the Canadian nuclear industry since 1960","publisher":{"@id":"https:\/\/cna.ca\/fr\/#organization"},"potentialAction":[{"@type":"SearchAction","target":{"@type":"EntryPoint","urlTemplate":"https:\/\/cna.ca\/fr\/?s={search_term_string}"},"query-input":{"@type":"PropertyValueSpecification","valueRequired":true,"valueName":"search_term_string"}}],"inLanguage":"fr-FR"},{"@type":"Organization","@id":"https:\/\/cna.ca\/fr\/#organization","name":"Canadian Nuclear Association","url":"https:\/\/cna.ca\/fr\/","logo":{"@type":"ImageObject","inLanguage":"fr-FR","@id":"https:\/\/cna.ca\/fr\/#\/schema\/logo\/image\/","url":"https:\/\/cna.ca\/wp-content\/uploads\/2023\/12\/cropped-cna-logo-only.png","contentUrl":"https:\/\/cna.ca\/wp-content\/uploads\/2023\/12\/cropped-cna-logo-only.png","width":512,"height":512,"caption":"Canadian Nuclear Association"},"image":{"@id":"https:\/\/cna.ca\/fr\/#\/schema\/logo\/image\/"},"sameAs":["http:\/\/www.facebook.com\/canadanuclear","https:\/\/x.com\/canadanuclear","https:\/\/www.instagram.com\/canadanuclear","https:\/\/www.youtube.com\/CanadaNuclear","http:\/\/www.linkedin.com\/company\/canadian-nuclear-association"]}]}},"_links":{"self":[{"href":"https:\/\/cna.ca\/fr\/wp-json\/wp\/v2\/pages\/27188","targetHints":{"allow":["GET"]}}],"collection":[{"href":"https:\/\/cna.ca\/fr\/wp-json\/wp\/v2\/pages"}],"about":[{"href":"https:\/\/cna.ca\/fr\/wp-json\/wp\/v2\/types\/page"}],"author":[{"embeddable":true,"href":"https:\/\/cna.ca\/fr\/wp-json\/wp\/v2\/users\/1"}],"replies":[{"embeddable":true,"href":"https:\/\/cna.ca\/fr\/wp-json\/wp\/v2\/comments?post=27188"}],"version-history":[{"count":8,"href":"https:\/\/cna.ca\/fr\/wp-json\/wp\/v2\/pages\/27188\/revisions"}],"predecessor-version":[{"id":36981,"href":"https:\/\/cna.ca\/fr\/wp-json\/wp\/v2\/pages\/27188\/revisions\/36981"}],"up":[{"embeddable":true,"href":"https:\/\/cna.ca\/fr\/wp-json\/wp\/v2\/pages\/27166"}],"wp:featuredmedia":[{"embeddable":true,"href":"https:\/\/cna.ca\/fr\/wp-json\/wp\/v2\/media\/12190"}],"wp:attachment":[{"href":"https:\/\/cna.ca\/fr\/wp-json\/wp\/v2\/media?parent=27188"}],"wp:term":[{"taxonomy":"topic","embeddable":true,"href":"https:\/\/cna.ca\/fr\/wp-json\/wp\/v2\/topic?post=27188"}],"curies":[{"name":"wp","href":"https:\/\/api.w.org\/{rel}","templated":true}]}}