{"id":27180,"date":"2020-08-17T16:27:51","date_gmt":"2020-08-17T20:27:51","guid":{"rendered":"http:\/\/cna.flywheelsites.com\/advantages\/air-quality\/"},"modified":"2020-08-21T13:00:34","modified_gmt":"2020-08-21T17:00:34","slug":"qualite-de-l-air","status":"publish","type":"page","link":"https:\/\/cna.ca\/fr\/les-avantages\/qualite-de-l-air\/","title":{"rendered":"Qualit\u00e9 de&nbsp;l\u2019air"},"content":{"rendered":"\n<h2 class=\"wp-block-heading\">Effets du smog et de la pluie acide<\/h2>\n\n\n\n<p>Il est pratiquement impossible d\u2019utiliser des combustibles fossiles (p\u00e9trole, gaz et charbon) sans rejeter des polluants dans l\u2019air. Parmi les polluants rejet\u00e9s par l\u2019utilisation de combustibles fossiles, figurent&nbsp;:<\/p>\n\n\n\n<ul class=\"wp-block-list\"><li>L\u2019oxyde d\u2019azote, qui contribue \u00e0 l\u2019ozone troposph\u00e9rique. Il est d\u2019ailleurs l\u2019une des principales causes du smog, qui a un effet d\u00e9vastateur sur la sant\u00e9 publique.<\/li><li>Le dioxyde de soufre, qui contribue aux pluies acides, qui d\u00e9truisent les for\u00eats et l\u2019habitat du poisson, ainsi qu\u2019\u00e0 l\u2019acidification des oc\u00e9ans. Le dioxyde de soufre affecte \u00e9galement la sant\u00e9 humaine, car il aggrave les sympt\u00f4mes de l\u2019asthme et peut former des particules \u2013&nbsp;de petites gouttes solides ou liquides dans l\u2019air susceptibles d\u2019endommager les poumons.<\/li><li>Le mercure, qui est dangereux, m\u00eame en petites quantit\u00e9s.<\/li><\/ul>\n\n\n\n<h2 class=\"wp-block-heading\">\u00c9nergie nucl\u00e9aire propre<\/h2>\n\n\n\n<p>En revanche, l\u2019\u00e9nergie nucl\u00e9aire n\u2019\u00e9met pas de polluants nuisibles \u00e0 la sant\u00e9 humaine et \u00e0 l\u2019environnement. Cela s\u2019explique par le fait que la fission, \u00e0 savoir la r\u00e9action qui cr\u00e9e l\u2019\u00e9nergie nucl\u00e9aire, produit une quantit\u00e9 extr\u00eamement faible de d\u00e9chets solides qui sont confin\u00e9s et \u00e9limin\u00e9s de fa\u00e7on responsable. Au Canada, les r\u00e9acteurs sont confin\u00e9s pendant toute leur dur\u00e9e de vie.<\/p>\n\n\n\n<p>L\u2019\u00e9nergie nucl\u00e9aire peut \u00eatre associ\u00e9e \u00e0 d\u2019autres technologies propres, telles que l\u2019hydro\u00e9lectricit\u00e9, l\u2019\u00e9nergie solaire et l\u2019\u00e9nergie \u00e9olienne, afin de fournir une \u00e9nergie fiable, propre et abordable aux populations, tout en pr\u00e9servant la stabilit\u00e9 du climat.<\/p>\n\n\n\n<div class=\"wp-block-group\"><div class=\"wp-block-group__inner-container is-layout-flow wp-block-group-is-layout-flow\">\n<h2 class=\"has-black-color has-text-color wp-block-heading\" style=\"font-size:38px\">Qualit\u00e9 de l\u2019air de Toronto<\/h2>\n\n\n\n<p>En 2004, le Bureau de sant\u00e9 de Toronto a estim\u00e9 que chaque ann\u00e9e, <a href=\"https:\/\/www.torontoenvironment.org\/smog_facts\">1700&nbsp;r\u00e9sidents mouraient pr\u00e9matur\u00e9ment<\/a> et que 6000 autres \u00e9taient hospitalis\u00e9s \u00e0 cause de la pollution de l\u2019air. <a href=\"https:\/\/content.oma.org\/wp-content\/uploads\/e2005healthandeconomicdamageestimates.pdf\">Selon l\u2019Association m\u00e9dicale de l\u2019Ontario<\/a>, la pollution atmosph\u00e9rique co\u00fbtait au moins 150&nbsp;millions&nbsp;de&nbsp;dollars au syst\u00e8me de sant\u00e9 et les dommages \u00e9conomiques s\u2019\u00e9levaient \u00e0 2,4&nbsp;milliards&nbsp;de&nbsp;dollars.<\/p>\n\n\n\n<p>En 2003, l\u2019Ontario a commenc\u00e9 \u00e0 \u00e9liminer progressivement les centrales au charbon gr\u00e2ce \u00e0 l\u2019\u00e9nergie nucl\u00e9aire, achevant la transition en 2014. Au cours de cette p\u00e9riode, la qualit\u00e9 de l\u2019air s\u2019est am\u00e9lior\u00e9e significativement, r\u00e9duisant les maladies respiratoires et les d\u00e9c\u00e8s. \u00c0 Toronto, les d\u00e9c\u00e8s pr\u00e9matur\u00e9s attribuables \u00e0 la pollution atmosph\u00e9rique ont baiss\u00e9 de 1700 \u00e0 1300 entre 2004 et 2014, tandis que les hospitalisations ont chut\u00e9 de 6000 \u00e0 3550.<\/p>\n<\/div><\/div>\n","protected":false},"excerpt":{"rendered":"<p>L\u2019\u00e9nergie nucl\u00e9aire fournit de l\u2019\u00e9lectricit\u00e9 qui alimente de mani\u00e8re fiable les collectivit\u00e9s et les industries, sans \u00e9mettre de pollution. L\u2019\u00e9lectricit\u00e9 est aussi propre que sa source. Le nucl\u00e9aire rend l\u2019\u00e9lectricit\u00e9 propre.<\/p>\n","protected":false},"author":1,"featured_media":21669,"parent":27166,"menu_order":2,"comment_status":"closed","ping_status":"closed","template":"","meta":{"_acf_changed":false,"footnotes":""},"topic":[],"class_list":["post-27180","page","type-page","status-publish","has-post-thumbnail","hentry"],"acf":[],"yoast_head":"<!-- This site is optimized with the Yoast SEO plugin v27.4 - https:\/\/yoast.com\/product\/yoast-seo-wordpress\/ -->\n<title>Qualit\u00e9 de l\u2019air - Association nucl\u00e9aire canadienne<\/title>\n<meta name=\"robots\" content=\"index, follow, max-snippet:-1, max-image-preview:large, max-video-preview:-1\" \/>\n<link rel=\"canonical\" href=\"https:\/\/cna.ca\/fr\/les-avantages\/qualite-de-l-air\/\" \/>\n<meta property=\"og:locale\" content=\"fr_FR\" \/>\n<meta property=\"og:type\" content=\"article\" \/>\n<meta property=\"og:title\" content=\"Qualit\u00e9 de l\u2019air - Association nucl\u00e9aire canadienne\" \/>\n<meta property=\"og:description\" content=\"L\u2019\u00e9nergie nucl\u00e9aire fournit de l\u2019\u00e9lectricit\u00e9 qui alimente de mani\u00e8re fiable les collectivit\u00e9s et les industries, sans \u00e9mettre de pollution. L\u2019\u00e9lectricit\u00e9 est aussi propre que sa source. Le nucl\u00e9aire rend l\u2019\u00e9lectricit\u00e9 propre.\" \/>\n<meta property=\"og:url\" content=\"https:\/\/cna.ca\/fr\/les-avantages\/qualite-de-l-air\/\" \/>\n<meta property=\"og:site_name\" content=\"Association nucl\u00e9aire canadienne\" \/>\n<meta property=\"article:publisher\" content=\"http:\/\/www.facebook.com\/canadanuclear\" \/>\n<meta property=\"article:modified_time\" content=\"2020-08-21T17:00:34+00:00\" \/>\n<meta property=\"og:image\" content=\"https:\/\/cna.ca\/wp-content\/uploads\/2014\/06\/Air-pollution-in-China.jpg\" \/>\n\t<meta property=\"og:image:width\" content=\"799\" \/>\n\t<meta property=\"og:image:height\" content=\"517\" \/>\n\t<meta property=\"og:image:type\" content=\"image\/jpeg\" \/>\n<meta name=\"twitter:label1\" content=\"Est. reading time\" \/>\n\t<meta name=\"twitter:data1\" content=\"2 minutes\" \/>\n<script type=\"application\/ld+json\" class=\"yoast-schema-graph\">{\"@context\":\"https:\\\/\\\/schema.org\",\"@graph\":[{\"@type\":\"WebPage\",\"@id\":\"https:\\\/\\\/cna.ca\\\/fr\\\/les-avantages\\\/qualite-de-l-air\\\/\",\"url\":\"https:\\\/\\\/cna.ca\\\/fr\\\/les-avantages\\\/qualite-de-l-air\\\/\",\"name\":\"Qualit\u00e9 de l\u2019air - Association nucl\u00e9aire canadienne\",\"isPartOf\":{\"@id\":\"https:\\\/\\\/cna.ca\\\/fr\\\/#website\"},\"primaryImageOfPage\":{\"@id\":\"https:\\\/\\\/cna.ca\\\/fr\\\/les-avantages\\\/qualite-de-l-air\\\/#primaryimage\"},\"image\":{\"@id\":\"https:\\\/\\\/cna.ca\\\/fr\\\/les-avantages\\\/qualite-de-l-air\\\/#primaryimage\"},\"thumbnailUrl\":\"https:\\\/\\\/cna.ca\\\/wp-content\\\/uploads\\\/2014\\\/06\\\/Air-pollution-in-China.jpg\",\"datePublished\":\"2020-08-17T20:27:51+00:00\",\"dateModified\":\"2020-08-21T17:00:34+00:00\",\"breadcrumb\":{\"@id\":\"https:\\\/\\\/cna.ca\\\/fr\\\/les-avantages\\\/qualite-de-l-air\\\/#breadcrumb\"},\"inLanguage\":\"fr-FR\",\"potentialAction\":[{\"@type\":\"ReadAction\",\"target\":[\"https:\\\/\\\/cna.ca\\\/fr\\\/les-avantages\\\/qualite-de-l-air\\\/\"]}]},{\"@type\":\"ImageObject\",\"inLanguage\":\"fr-FR\",\"@id\":\"https:\\\/\\\/cna.ca\\\/fr\\\/les-avantages\\\/qualite-de-l-air\\\/#primaryimage\",\"url\":\"https:\\\/\\\/cna.ca\\\/wp-content\\\/uploads\\\/2014\\\/06\\\/Air-pollution-in-China.jpg\",\"contentUrl\":\"https:\\\/\\\/cna.ca\\\/wp-content\\\/uploads\\\/2014\\\/06\\\/Air-pollution-in-China.jpg\",\"width\":799,\"height\":517,\"caption\":\"Man wearing a mask due to air pollution in the coal-mining town of Linfen, China.\"},{\"@type\":\"BreadcrumbList\",\"@id\":\"https:\\\/\\\/cna.ca\\\/fr\\\/les-avantages\\\/qualite-de-l-air\\\/#breadcrumb\",\"itemListElement\":[{\"@type\":\"ListItem\",\"position\":1,\"name\":\"Home\",\"item\":\"https:\\\/\\\/cna.ca\\\/fr\\\/\"},{\"@type\":\"ListItem\",\"position\":2,\"name\":\"Les avantages du&nbsp;nucl\u00e9aire\",\"item\":\"https:\\\/\\\/cna.ca\\\/fr\\\/les-avantages\\\/\"},{\"@type\":\"ListItem\",\"position\":3,\"name\":\"Qualit\u00e9 de&nbsp;l\u2019air\"}]},{\"@type\":\"WebSite\",\"@id\":\"https:\\\/\\\/cna.ca\\\/fr\\\/#website\",\"url\":\"https:\\\/\\\/cna.ca\\\/fr\\\/\",\"name\":\"Canadian Nuclear Association\",\"description\":\"The national voice of the Canadian nuclear industry since 1960\",\"publisher\":{\"@id\":\"https:\\\/\\\/cna.ca\\\/fr\\\/#organization\"},\"potentialAction\":[{\"@type\":\"SearchAction\",\"target\":{\"@type\":\"EntryPoint\",\"urlTemplate\":\"https:\\\/\\\/cna.ca\\\/fr\\\/?s={search_term_string}\"},\"query-input\":{\"@type\":\"PropertyValueSpecification\",\"valueRequired\":true,\"valueName\":\"search_term_string\"}}],\"inLanguage\":\"fr-FR\"},{\"@type\":\"Organization\",\"@id\":\"https:\\\/\\\/cna.ca\\\/fr\\\/#organization\",\"name\":\"Canadian Nuclear Association\",\"url\":\"https:\\\/\\\/cna.ca\\\/fr\\\/\",\"logo\":{\"@type\":\"ImageObject\",\"inLanguage\":\"fr-FR\",\"@id\":\"https:\\\/\\\/cna.ca\\\/fr\\\/#\\\/schema\\\/logo\\\/image\\\/\",\"url\":\"https:\\\/\\\/cna.ca\\\/wp-content\\\/uploads\\\/2023\\\/12\\\/cropped-cna-logo-only.png\",\"contentUrl\":\"https:\\\/\\\/cna.ca\\\/wp-content\\\/uploads\\\/2023\\\/12\\\/cropped-cna-logo-only.png\",\"width\":512,\"height\":512,\"caption\":\"Canadian Nuclear Association\"},\"image\":{\"@id\":\"https:\\\/\\\/cna.ca\\\/fr\\\/#\\\/schema\\\/logo\\\/image\\\/\"},\"sameAs\":[\"http:\\\/\\\/www.facebook.com\\\/canadanuclear\",\"https:\\\/\\\/x.com\\\/canadanuclear\",\"https:\\\/\\\/www.instagram.com\\\/canadanuclear\",\"https:\\\/\\\/www.youtube.com\\\/CanadaNuclear\",\"http:\\\/\\\/www.linkedin.com\\\/company\\\/canadian-nuclear-association\"]}]}<\/script>\n<!-- \/ Yoast SEO plugin. -->","yoast_head_json":{"title":"Qualit\u00e9 de l\u2019air - Association nucl\u00e9aire canadienne","robots":{"index":"index","follow":"follow","max-snippet":"max-snippet:-1","max-image-preview":"max-image-preview:large","max-video-preview":"max-video-preview:-1"},"canonical":"https:\/\/cna.ca\/fr\/les-avantages\/qualite-de-l-air\/","og_locale":"fr_FR","og_type":"article","og_title":"Qualit\u00e9 de l\u2019air - Association nucl\u00e9aire canadienne","og_description":"L\u2019\u00e9nergie nucl\u00e9aire fournit de l\u2019\u00e9lectricit\u00e9 qui alimente de mani\u00e8re fiable les collectivit\u00e9s et les industries, sans \u00e9mettre de pollution. L\u2019\u00e9lectricit\u00e9 est aussi propre que sa source. Le nucl\u00e9aire rend l\u2019\u00e9lectricit\u00e9 propre.","og_url":"https:\/\/cna.ca\/fr\/les-avantages\/qualite-de-l-air\/","og_site_name":"Association nucl\u00e9aire canadienne","article_publisher":"http:\/\/www.facebook.com\/canadanuclear","article_modified_time":"2020-08-21T17:00:34+00:00","og_image":[{"width":799,"height":517,"url":"https:\/\/cna.ca\/wp-content\/uploads\/2014\/06\/Air-pollution-in-China.jpg","type":"image\/jpeg"}],"twitter_misc":{"Est. reading time":"2 minutes"},"schema":{"@context":"https:\/\/schema.org","@graph":[{"@type":"WebPage","@id":"https:\/\/cna.ca\/fr\/les-avantages\/qualite-de-l-air\/","url":"https:\/\/cna.ca\/fr\/les-avantages\/qualite-de-l-air\/","name":"Qualit\u00e9 de l\u2019air - Association nucl\u00e9aire canadienne","isPartOf":{"@id":"https:\/\/cna.ca\/fr\/#website"},"primaryImageOfPage":{"@id":"https:\/\/cna.ca\/fr\/les-avantages\/qualite-de-l-air\/#primaryimage"},"image":{"@id":"https:\/\/cna.ca\/fr\/les-avantages\/qualite-de-l-air\/#primaryimage"},"thumbnailUrl":"https:\/\/cna.ca\/wp-content\/uploads\/2014\/06\/Air-pollution-in-China.jpg","datePublished":"2020-08-17T20:27:51+00:00","dateModified":"2020-08-21T17:00:34+00:00","breadcrumb":{"@id":"https:\/\/cna.ca\/fr\/les-avantages\/qualite-de-l-air\/#breadcrumb"},"inLanguage":"fr-FR","potentialAction":[{"@type":"ReadAction","target":["https:\/\/cna.ca\/fr\/les-avantages\/qualite-de-l-air\/"]}]},{"@type":"ImageObject","inLanguage":"fr-FR","@id":"https:\/\/cna.ca\/fr\/les-avantages\/qualite-de-l-air\/#primaryimage","url":"https:\/\/cna.ca\/wp-content\/uploads\/2014\/06\/Air-pollution-in-China.jpg","contentUrl":"https:\/\/cna.ca\/wp-content\/uploads\/2014\/06\/Air-pollution-in-China.jpg","width":799,"height":517,"caption":"Man wearing a mask due to air pollution in the coal-mining town of Linfen, China."},{"@type":"BreadcrumbList","@id":"https:\/\/cna.ca\/fr\/les-avantages\/qualite-de-l-air\/#breadcrumb","itemListElement":[{"@type":"ListItem","position":1,"name":"Home","item":"https:\/\/cna.ca\/fr\/"},{"@type":"ListItem","position":2,"name":"Les avantages du&nbsp;nucl\u00e9aire","item":"https:\/\/cna.ca\/fr\/les-avantages\/"},{"@type":"ListItem","position":3,"name":"Qualit\u00e9 de&nbsp;l\u2019air"}]},{"@type":"WebSite","@id":"https:\/\/cna.ca\/fr\/#website","url":"https:\/\/cna.ca\/fr\/","name":"Canadian Nuclear Association","description":"The national voice of the Canadian nuclear industry since 1960","publisher":{"@id":"https:\/\/cna.ca\/fr\/#organization"},"potentialAction":[{"@type":"SearchAction","target":{"@type":"EntryPoint","urlTemplate":"https:\/\/cna.ca\/fr\/?s={search_term_string}"},"query-input":{"@type":"PropertyValueSpecification","valueRequired":true,"valueName":"search_term_string"}}],"inLanguage":"fr-FR"},{"@type":"Organization","@id":"https:\/\/cna.ca\/fr\/#organization","name":"Canadian Nuclear Association","url":"https:\/\/cna.ca\/fr\/","logo":{"@type":"ImageObject","inLanguage":"fr-FR","@id":"https:\/\/cna.ca\/fr\/#\/schema\/logo\/image\/","url":"https:\/\/cna.ca\/wp-content\/uploads\/2023\/12\/cropped-cna-logo-only.png","contentUrl":"https:\/\/cna.ca\/wp-content\/uploads\/2023\/12\/cropped-cna-logo-only.png","width":512,"height":512,"caption":"Canadian Nuclear Association"},"image":{"@id":"https:\/\/cna.ca\/fr\/#\/schema\/logo\/image\/"},"sameAs":["http:\/\/www.facebook.com\/canadanuclear","https:\/\/x.com\/canadanuclear","https:\/\/www.instagram.com\/canadanuclear","https:\/\/www.youtube.com\/CanadaNuclear","http:\/\/www.linkedin.com\/company\/canadian-nuclear-association"]}]}},"_links":{"self":[{"href":"https:\/\/cna.ca\/fr\/wp-json\/wp\/v2\/pages\/27180","targetHints":{"allow":["GET"]}}],"collection":[{"href":"https:\/\/cna.ca\/fr\/wp-json\/wp\/v2\/pages"}],"about":[{"href":"https:\/\/cna.ca\/fr\/wp-json\/wp\/v2\/types\/page"}],"author":[{"embeddable":true,"href":"https:\/\/cna.ca\/fr\/wp-json\/wp\/v2\/users\/1"}],"replies":[{"embeddable":true,"href":"https:\/\/cna.ca\/fr\/wp-json\/wp\/v2\/comments?post=27180"}],"version-history":[{"count":5,"href":"https:\/\/cna.ca\/fr\/wp-json\/wp\/v2\/pages\/27180\/revisions"}],"predecessor-version":[{"id":27551,"href":"https:\/\/cna.ca\/fr\/wp-json\/wp\/v2\/pages\/27180\/revisions\/27551"}],"up":[{"embeddable":true,"href":"https:\/\/cna.ca\/fr\/wp-json\/wp\/v2\/pages\/27166"}],"wp:featuredmedia":[{"embeddable":true,"href":"https:\/\/cna.ca\/fr\/wp-json\/wp\/v2\/media\/21669"}],"wp:attachment":[{"href":"https:\/\/cna.ca\/fr\/wp-json\/wp\/v2\/media?parent=27180"}],"wp:term":[{"taxonomy":"topic","embeddable":true,"href":"https:\/\/cna.ca\/fr\/wp-json\/wp\/v2\/topic?post=27180"}],"curies":[{"name":"wp","href":"https:\/\/api.w.org\/{rel}","templated":true}]}}